{"id":5402,"date":"2024-01-15T14:15:59","date_gmt":"2024-01-15T13:15:59","guid":{"rendered":"https:\/\/www.helloskola.cz\/zakladni-skola\/?page_id=5402"},"modified":"2024-01-16T09:47:55","modified_gmt":"2024-01-16T08:47:55","slug":"pokrocile-metody-ve-vzdelavani-na-zakladni-skole-hello","status":"publish","type":"page","link":"https:\/\/www.helloskola.cz\/zakladni-skola\/zivot-skoly-a-trid\/projekty\/pokrocile-metody-ve-vzdelavani-na-zakladni-skole-hello\/","title":{"rendered":"Pokro\u010dil\u00e9 metody ve vzd\u011bl\u00e1v\u00e1n\u00ed na z\u00e1kladn\u00ed \u0161kole Hello"},"content":{"rendered":"\n<figure class=\"wp-block-image size-large\"><img fetchpriority=\"high\" decoding=\"async\" width=\"1024\" height=\"124\" src=\"https:\/\/www.helloskola.cz\/zakladni-skola\/wp-content\/uploads\/sites\/6\/2024\/01\/Logolink-1024x124.jpg\" alt=\"\" class=\"wp-image-5403\" srcset=\"https:\/\/www.helloskola.cz\/zakladni-skola\/wp-content\/uploads\/sites\/6\/2024\/01\/Logolink-1024x124.jpg 1024w, https:\/\/www.helloskola.cz\/zakladni-skola\/wp-content\/uploads\/sites\/6\/2024\/01\/Logolink-300x36.jpg 300w, https:\/\/www.helloskola.cz\/zakladni-skola\/wp-content\/uploads\/sites\/6\/2024\/01\/Logolink-768x93.jpg 768w, https:\/\/www.helloskola.cz\/zakladni-skola\/wp-content\/uploads\/sites\/6\/2024\/01\/Logolink-1536x185.jpg 1536w, https:\/\/www.helloskola.cz\/zakladni-skola\/wp-content\/uploads\/sites\/6\/2024\/01\/Logolink-2048x247.jpg 2048w\" sizes=\"(max-width: 1024px) 100vw, 1024px\" \/><\/figure>\n\n\n\n<p><strong>Registra\u010dn\u00ed \u010d\u00edslo projektu:&nbsp;CZ.06.04.01\/00\/22_037\/0003049<\/strong><\/p>\n\n\n\n<p>D\u00edky finan\u010dn\u00ed podpo\u0159e Evropsk\u00e9 unie, konkr\u00e9tn\u011b podpo\u0159e z\u00a0Integrovan\u00e9ho region\u00e1ln\u00edho opera\u010dn\u00edho programu, op\u011bt obohat\u00edme v\u00fduku na na\u0161\u00ed z\u00e1kladn\u00ed \u0161kole. Projekt Pokro\u010dil\u00e9 metody ve vzd\u011bl\u00e1v\u00e1n\u00ed je zam\u011b\u0159en na zkvalitn\u011bn\u00ed infrastruktury pro p\u0159\u00edrodov\u011bdn\u00e9 a digit\u00e1ln\u00ed p\u0159edm\u011bty. Krom\u011b virtu\u00e1ln\u00ed reality budou m\u00edt \u017e\u00e1ci mo\u017enost pracovat s\u00a03D scanery a kamerou pro nat\u00e1\u010den\u00ed 360 stup\u0148ov\u00fdch vide\u00ed. Vymodelovan\u00e9 nebo nascanovan\u00e9 v\u00fdtvory si \u017e\u00e1ci budou moci vytisknout na 3D tisk\u00e1rn\u011b nebo zobrazit ve virtu\u00e1ln\u00ed realit\u011b.<\/p>\n\n\n\n<div class=\"wp-block-columns is-layout-flex wp-container-core-columns-is-layout-28f84493 wp-block-columns-is-layout-flex\">\n<div class=\"wp-block-column is-layout-flow wp-block-column-is-layout-flow\"><\/div>\n\n\n\n<div class=\"wp-block-column is-layout-flow wp-block-column-is-layout-flow\"><\/div>\n\n\n\n<div class=\"wp-block-column is-layout-flow wp-block-column-is-layout-flow\"><\/div>\n<\/div>\n","protected":false},"excerpt":{"rendered":"<p>Registra\u010dn\u00ed \u010d\u00edslo projektu:&nbsp;CZ.06.04.01\/00\/22_037\/0003049 D\u00edky finan\u010dn\u00ed podpo\u0159e Evropsk\u00e9 unie, konkr\u00e9tn\u011b podpo\u0159e z\u00a0Integrovan\u00e9ho region\u00e1ln\u00edho opera\u010dn\u00edho programu, op\u011bt obohat\u00edme v\u00fduku na na\u0161\u00ed z\u00e1kladn\u00ed \u0161kole. Projekt Pokro\u010dil\u00e9 metody ve vzd\u011bl\u00e1v\u00e1n\u00ed je zam\u011b\u0159en na zkvalitn\u011bn\u00ed infrastruktury pro p\u0159\u00edrodov\u011bdn\u00e9 a digit\u00e1ln\u00ed p\u0159edm\u011bty. Krom\u011b virtu\u00e1ln\u00ed reality budou m\u00edt \u017e\u00e1ci mo\u017enost pracovat s\u00a03D scanery a kamerou pro nat\u00e1\u010den\u00ed 360 stup\u0148ov\u00fdch vide\u00ed. Vymodelovan\u00e9 nebo [&hellip;]<\/p>\n","protected":false},"author":6,"featured_media":2575,"parent":1924,"menu_order":0,"comment_status":"closed","ping_status":"closed","template":"","meta":{"footnotes":""},"class_list":["post-5402","page","type-page","status-publish","has-post-thumbnail","hentry"],"yoast_head":"<!-- This site is optimized with the Yoast SEO plugin v24.8.1 - https:\/\/yoast.com\/wordpress\/plugins\/seo\/ -->\n<title>Pokro\u010dil\u00e9 metody ve vzd\u011bl\u00e1v\u00e1n\u00ed na z\u00e1kladn\u00ed \u0161kole Hello | Z\u00e1kladn\u00ed \u0161kola HELLO<\/title>\n<meta name=\"robots\" content=\"index, follow, max-snippet:-1, max-image-preview:large, max-video-preview:-1\" \/>\n<link rel=\"canonical\" href=\"https:\/\/www.helloskola.cz\/zakladni-skola\/zivot-skoly-a-trid\/projekty\/pokrocile-metody-ve-vzdelavani-na-zakladni-skole-hello\/\" \/>\n<meta property=\"og:locale\" content=\"cs_CZ\" \/>\n<meta property=\"og:type\" content=\"article\" \/>\n<meta property=\"og:title\" content=\"Pokro\u010dil\u00e9 metody ve vzd\u011bl\u00e1v\u00e1n\u00ed na z\u00e1kladn\u00ed \u0161kole Hello | Z\u00e1kladn\u00ed \u0161kola HELLO\" \/>\n<meta property=\"og:description\" content=\"Registra\u010dn\u00ed \u010d\u00edslo projektu:&nbsp;CZ.06.04.01\/00\/22_037\/0003049 D\u00edky finan\u010dn\u00ed podpo\u0159e Evropsk\u00e9 unie, konkr\u00e9tn\u011b podpo\u0159e z\u00a0Integrovan\u00e9ho region\u00e1ln\u00edho opera\u010dn\u00edho programu, op\u011bt obohat\u00edme v\u00fduku na na\u0161\u00ed z\u00e1kladn\u00ed \u0161kole. Projekt Pokro\u010dil\u00e9 metody ve vzd\u011bl\u00e1v\u00e1n\u00ed je zam\u011b\u0159en na zkvalitn\u011bn\u00ed infrastruktury pro p\u0159\u00edrodov\u011bdn\u00e9 a digit\u00e1ln\u00ed p\u0159edm\u011bty. Krom\u011b virtu\u00e1ln\u00ed reality budou m\u00edt \u017e\u00e1ci mo\u017enost pracovat s\u00a03D scanery a kamerou pro nat\u00e1\u010den\u00ed 360 stup\u0148ov\u00fdch vide\u00ed. Vymodelovan\u00e9 nebo [&hellip;]\" \/>\n<meta property=\"og:url\" content=\"https:\/\/www.helloskola.cz\/zakladni-skola\/zivot-skoly-a-trid\/projekty\/pokrocile-metody-ve-vzdelavani-na-zakladni-skole-hello\/\" \/>\n<meta property=\"og:site_name\" content=\"Z\u00e1kladn\u00ed \u0161kola HELLO\" \/>\n<meta property=\"article:modified_time\" content=\"2024-01-16T08:47:55+00:00\" \/>\n<meta property=\"og:image\" content=\"https:\/\/www.helloskola.cz\/zakladni-skola\/wp-content\/uploads\/sites\/6\/2024\/01\/Logolink-1024x124.jpg\" \/>\n<meta name=\"twitter:card\" content=\"summary_large_image\" \/>\n<meta name=\"twitter:label1\" content=\"Odhadovan\u00e1 doba \u010dten\u00ed\" \/>\n\t<meta name=\"twitter:data1\" content=\"1 minuta\" \/>\n<script type=\"application\/ld+json\" class=\"yoast-schema-graph\">{\"@context\":\"https:\/\/schema.org\",\"@graph\":[{\"@type\":\"WebPage\",\"@id\":\"https:\/\/www.helloskola.cz\/zakladni-skola\/zivot-skoly-a-trid\/projekty\/pokrocile-metody-ve-vzdelavani-na-zakladni-skole-hello\/\",\"url\":\"https:\/\/www.helloskola.cz\/zakladni-skola\/zivot-skoly-a-trid\/projekty\/pokrocile-metody-ve-vzdelavani-na-zakladni-skole-hello\/\",\"name\":\"Pokro\u010dil\u00e9 metody ve vzd\u011bl\u00e1v\u00e1n\u00ed na z\u00e1kladn\u00ed \u0161kole Hello | Z\u00e1kladn\u00ed \u0161kola HELLO\",\"isPartOf\":{\"@id\":\"https:\/\/www.helloskola.cz\/zakladni-skola\/#website\"},\"primaryImageOfPage\":{\"@id\":\"https:\/\/www.helloskola.cz\/zakladni-skola\/zivot-skoly-a-trid\/projekty\/pokrocile-metody-ve-vzdelavani-na-zakladni-skole-hello\/#primaryimage\"},\"image\":{\"@id\":\"https:\/\/www.helloskola.cz\/zakladni-skola\/zivot-skoly-a-trid\/projekty\/pokrocile-metody-ve-vzdelavani-na-zakladni-skole-hello\/#primaryimage\"},\"thumbnailUrl\":\"https:\/\/www.helloskola.cz\/zakladni-skola\/wp-content\/uploads\/sites\/6\/2022\/05\/zakladka-fallback.png\",\"datePublished\":\"2024-01-15T13:15:59+00:00\",\"dateModified\":\"2024-01-16T08:47:55+00:00\",\"breadcrumb\":{\"@id\":\"https:\/\/www.helloskola.cz\/zakladni-skola\/zivot-skoly-a-trid\/projekty\/pokrocile-metody-ve-vzdelavani-na-zakladni-skole-hello\/#breadcrumb\"},\"inLanguage\":\"cs\",\"potentialAction\":[{\"@type\":\"ReadAction\",\"target\":[\"https:\/\/www.helloskola.cz\/zakladni-skola\/zivot-skoly-a-trid\/projekty\/pokrocile-metody-ve-vzdelavani-na-zakladni-skole-hello\/\"]}]},{\"@type\":\"ImageObject\",\"inLanguage\":\"cs\",\"@id\":\"https:\/\/www.helloskola.cz\/zakladni-skola\/zivot-skoly-a-trid\/projekty\/pokrocile-metody-ve-vzdelavani-na-zakladni-skole-hello\/#primaryimage\",\"url\":\"https:\/\/www.helloskola.cz\/zakladni-skola\/wp-content\/uploads\/sites\/6\/2022\/05\/zakladka-fallback.png\",\"contentUrl\":\"https:\/\/www.helloskola.cz\/zakladni-skola\/wp-content\/uploads\/sites\/6\/2022\/05\/zakladka-fallback.png\",\"width\":933,\"height\":700},{\"@type\":\"BreadcrumbList\",\"@id\":\"https:\/\/www.helloskola.cz\/zakladni-skola\/zivot-skoly-a-trid\/projekty\/pokrocile-metody-ve-vzdelavani-na-zakladni-skole-hello\/#breadcrumb\",\"itemListElement\":[{\"@type\":\"ListItem\",\"position\":1,\"name\":\"\u00davod\",\"item\":\"https:\/\/www.helloskola.cz\/zakladni-skola\/\"},{\"@type\":\"ListItem\",\"position\":2,\"name\":\"\u017divot \u0161koly\",\"item\":\"https:\/\/www.helloskola.cz\/zakladni-skola\/zivot-skoly-a-trid\/\"},{\"@type\":\"ListItem\",\"position\":3,\"name\":\"Projekty\",\"item\":\"https:\/\/www.helloskola.cz\/zakladni-skola\/zivot-skoly-a-trid\/projekty\/\"},{\"@type\":\"ListItem\",\"position\":4,\"name\":\"Pokro\u010dil\u00e9 metody ve vzd\u011bl\u00e1v\u00e1n\u00ed na z\u00e1kladn\u00ed \u0161kole Hello\"}]},{\"@type\":\"WebSite\",\"@id\":\"https:\/\/www.helloskola.cz\/zakladni-skola\/#website\",\"url\":\"https:\/\/www.helloskola.cz\/zakladni-skola\/\",\"name\":\"Z\u00e1kladn\u00ed \u0161kola HELLO\",\"description\":\"\u010desko-anglick\u00e1 z\u00e1kladn\u00ed \u0161kola, Ostrava Poruba\",\"publisher\":{\"@id\":\"https:\/\/www.helloskola.cz\/zakladni-skola\/#organization\"},\"potentialAction\":[{\"@type\":\"SearchAction\",\"target\":{\"@type\":\"EntryPoint\",\"urlTemplate\":\"https:\/\/www.helloskola.cz\/zakladni-skola\/?s={search_term_string}\"},\"query-input\":{\"@type\":\"PropertyValueSpecification\",\"valueRequired\":true,\"valueName\":\"search_term_string\"}}],\"inLanguage\":\"cs\"},{\"@type\":\"Organization\",\"@id\":\"https:\/\/www.helloskola.cz\/zakladni-skola\/#organization\",\"name\":\"Z\u00e1kladn\u00ed \u0161kola Hello\",\"url\":\"https:\/\/www.helloskola.cz\/zakladni-skola\/\",\"logo\":{\"@type\":\"ImageObject\",\"inLanguage\":\"cs\",\"@id\":\"https:\/\/www.helloskola.cz\/zakladni-skola\/#\/schema\/logo\/image\/\",\"url\":\"https:\/\/www.helloskola.cz\/zakladni-skola\/wp-content\/uploads\/sites\/6\/2022\/02\/hello_gy_zakladka_logo.svg\",\"contentUrl\":\"https:\/\/www.helloskola.cz\/zakladni-skola\/wp-content\/uploads\/sites\/6\/2022\/02\/hello_gy_zakladka_logo.svg\",\"width\":100,\"height\":100,\"caption\":\"Z\u00e1kladn\u00ed \u0161kola Hello\"},\"image\":{\"@id\":\"https:\/\/www.helloskola.cz\/zakladni-skola\/#\/schema\/logo\/image\/\"}}]}<\/script>\n<!-- \/ Yoast SEO plugin. -->","yoast_head_json":{"title":"Pokro\u010dil\u00e9 metody ve vzd\u011bl\u00e1v\u00e1n\u00ed na z\u00e1kladn\u00ed \u0161kole Hello | Z\u00e1kladn\u00ed \u0161kola HELLO","robots":{"index":"index","follow":"follow","max-snippet":"max-snippet:-1","max-image-preview":"max-image-preview:large","max-video-preview":"max-video-preview:-1"},"canonical":"https:\/\/www.helloskola.cz\/zakladni-skola\/zivot-skoly-a-trid\/projekty\/pokrocile-metody-ve-vzdelavani-na-zakladni-skole-hello\/","og_locale":"cs_CZ","og_type":"article","og_title":"Pokro\u010dil\u00e9 metody ve vzd\u011bl\u00e1v\u00e1n\u00ed na z\u00e1kladn\u00ed \u0161kole Hello | Z\u00e1kladn\u00ed \u0161kola HELLO","og_description":"Registra\u010dn\u00ed \u010d\u00edslo projektu:&nbsp;CZ.06.04.01\/00\/22_037\/0003049 D\u00edky finan\u010dn\u00ed podpo\u0159e Evropsk\u00e9 unie, konkr\u00e9tn\u011b podpo\u0159e z\u00a0Integrovan\u00e9ho region\u00e1ln\u00edho opera\u010dn\u00edho programu, op\u011bt obohat\u00edme v\u00fduku na na\u0161\u00ed z\u00e1kladn\u00ed \u0161kole. Projekt Pokro\u010dil\u00e9 metody ve vzd\u011bl\u00e1v\u00e1n\u00ed je zam\u011b\u0159en na zkvalitn\u011bn\u00ed infrastruktury pro p\u0159\u00edrodov\u011bdn\u00e9 a digit\u00e1ln\u00ed p\u0159edm\u011bty. Krom\u011b virtu\u00e1ln\u00ed reality budou m\u00edt \u017e\u00e1ci mo\u017enost pracovat s\u00a03D scanery a kamerou pro nat\u00e1\u010den\u00ed 360 stup\u0148ov\u00fdch vide\u00ed. Vymodelovan\u00e9 nebo [&hellip;]","og_url":"https:\/\/www.helloskola.cz\/zakladni-skola\/zivot-skoly-a-trid\/projekty\/pokrocile-metody-ve-vzdelavani-na-zakladni-skole-hello\/","og_site_name":"Z\u00e1kladn\u00ed \u0161kola HELLO","article_modified_time":"2024-01-16T08:47:55+00:00","og_image":[{"url":"https:\/\/www.helloskola.cz\/zakladni-skola\/wp-content\/uploads\/sites\/6\/2024\/01\/Logolink-1024x124.jpg","type":"","width":"","height":""}],"twitter_card":"summary_large_image","twitter_misc":{"Odhadovan\u00e1 doba \u010dten\u00ed":"1 minuta"},"schema":{"@context":"https:\/\/schema.org","@graph":[{"@type":"WebPage","@id":"https:\/\/www.helloskola.cz\/zakladni-skola\/zivot-skoly-a-trid\/projekty\/pokrocile-metody-ve-vzdelavani-na-zakladni-skole-hello\/","url":"https:\/\/www.helloskola.cz\/zakladni-skola\/zivot-skoly-a-trid\/projekty\/pokrocile-metody-ve-vzdelavani-na-zakladni-skole-hello\/","name":"Pokro\u010dil\u00e9 metody ve vzd\u011bl\u00e1v\u00e1n\u00ed na z\u00e1kladn\u00ed \u0161kole Hello | Z\u00e1kladn\u00ed \u0161kola HELLO","isPartOf":{"@id":"https:\/\/www.helloskola.cz\/zakladni-skola\/#website"},"primaryImageOfPage":{"@id":"https:\/\/www.helloskola.cz\/zakladni-skola\/zivot-skoly-a-trid\/projekty\/pokrocile-metody-ve-vzdelavani-na-zakladni-skole-hello\/#primaryimage"},"image":{"@id":"https:\/\/www.helloskola.cz\/zakladni-skola\/zivot-skoly-a-trid\/projekty\/pokrocile-metody-ve-vzdelavani-na-zakladni-skole-hello\/#primaryimage"},"thumbnailUrl":"https:\/\/www.helloskola.cz\/zakladni-skola\/wp-content\/uploads\/sites\/6\/2022\/05\/zakladka-fallback.png","datePublished":"2024-01-15T13:15:59+00:00","dateModified":"2024-01-16T08:47:55+00:00","breadcrumb":{"@id":"https:\/\/www.helloskola.cz\/zakladni-skola\/zivot-skoly-a-trid\/projekty\/pokrocile-metody-ve-vzdelavani-na-zakladni-skole-hello\/#breadcrumb"},"inLanguage":"cs","potentialAction":[{"@type":"ReadAction","target":["https:\/\/www.helloskola.cz\/zakladni-skola\/zivot-skoly-a-trid\/projekty\/pokrocile-metody-ve-vzdelavani-na-zakladni-skole-hello\/"]}]},{"@type":"ImageObject","inLanguage":"cs","@id":"https:\/\/www.helloskola.cz\/zakladni-skola\/zivot-skoly-a-trid\/projekty\/pokrocile-metody-ve-vzdelavani-na-zakladni-skole-hello\/#primaryimage","url":"https:\/\/www.helloskola.cz\/zakladni-skola\/wp-content\/uploads\/sites\/6\/2022\/05\/zakladka-fallback.png","contentUrl":"https:\/\/www.helloskola.cz\/zakladni-skola\/wp-content\/uploads\/sites\/6\/2022\/05\/zakladka-fallback.png","width":933,"height":700},{"@type":"BreadcrumbList","@id":"https:\/\/www.helloskola.cz\/zakladni-skola\/zivot-skoly-a-trid\/projekty\/pokrocile-metody-ve-vzdelavani-na-zakladni-skole-hello\/#breadcrumb","itemListElement":[{"@type":"ListItem","position":1,"name":"\u00davod","item":"https:\/\/www.helloskola.cz\/zakladni-skola\/"},{"@type":"ListItem","position":2,"name":"\u017divot \u0161koly","item":"https:\/\/www.helloskola.cz\/zakladni-skola\/zivot-skoly-a-trid\/"},{"@type":"ListItem","position":3,"name":"Projekty","item":"https:\/\/www.helloskola.cz\/zakladni-skola\/zivot-skoly-a-trid\/projekty\/"},{"@type":"ListItem","position":4,"name":"Pokro\u010dil\u00e9 metody ve vzd\u011bl\u00e1v\u00e1n\u00ed na z\u00e1kladn\u00ed \u0161kole Hello"}]},{"@type":"WebSite","@id":"https:\/\/www.helloskola.cz\/zakladni-skola\/#website","url":"https:\/\/www.helloskola.cz\/zakladni-skola\/","name":"Z\u00e1kladn\u00ed \u0161kola HELLO","description":"\u010desko-anglick\u00e1 z\u00e1kladn\u00ed \u0161kola, Ostrava Poruba","publisher":{"@id":"https:\/\/www.helloskola.cz\/zakladni-skola\/#organization"},"potentialAction":[{"@type":"SearchAction","target":{"@type":"EntryPoint","urlTemplate":"https:\/\/www.helloskola.cz\/zakladni-skola\/?s={search_term_string}"},"query-input":{"@type":"PropertyValueSpecification","valueRequired":true,"valueName":"search_term_string"}}],"inLanguage":"cs"},{"@type":"Organization","@id":"https:\/\/www.helloskola.cz\/zakladni-skola\/#organization","name":"Z\u00e1kladn\u00ed \u0161kola Hello","url":"https:\/\/www.helloskola.cz\/zakladni-skola\/","logo":{"@type":"ImageObject","inLanguage":"cs","@id":"https:\/\/www.helloskola.cz\/zakladni-skola\/#\/schema\/logo\/image\/","url":"https:\/\/www.helloskola.cz\/zakladni-skola\/wp-content\/uploads\/sites\/6\/2022\/02\/hello_gy_zakladka_logo.svg","contentUrl":"https:\/\/www.helloskola.cz\/zakladni-skola\/wp-content\/uploads\/sites\/6\/2022\/02\/hello_gy_zakladka_logo.svg","width":100,"height":100,"caption":"Z\u00e1kladn\u00ed \u0161kola Hello"},"image":{"@id":"https:\/\/www.helloskola.cz\/zakladni-skola\/#\/schema\/logo\/image\/"}}]}},"_links":{"self":[{"href":"https:\/\/www.helloskola.cz\/zakladni-skola\/wp-json\/wp\/v2\/pages\/5402","targetHints":{"allow":["GET"]}}],"collection":[{"href":"https:\/\/www.helloskola.cz\/zakladni-skola\/wp-json\/wp\/v2\/pages"}],"about":[{"href":"https:\/\/www.helloskola.cz\/zakladni-skola\/wp-json\/wp\/v2\/types\/page"}],"author":[{"embeddable":true,"href":"https:\/\/www.helloskola.cz\/zakladni-skola\/wp-json\/wp\/v2\/users\/6"}],"replies":[{"embeddable":true,"href":"https:\/\/www.helloskola.cz\/zakladni-skola\/wp-json\/wp\/v2\/comments?post=5402"}],"version-history":[{"count":2,"href":"https:\/\/www.helloskola.cz\/zakladni-skola\/wp-json\/wp\/v2\/pages\/5402\/revisions"}],"predecessor-version":[{"id":5409,"href":"https:\/\/www.helloskola.cz\/zakladni-skola\/wp-json\/wp\/v2\/pages\/5402\/revisions\/5409"}],"up":[{"embeddable":true,"href":"https:\/\/www.helloskola.cz\/zakladni-skola\/wp-json\/wp\/v2\/pages\/1924"}],"wp:featuredmedia":[{"embeddable":true,"href":"https:\/\/www.helloskola.cz\/zakladni-skola\/wp-json\/wp\/v2\/media\/2575"}],"wp:attachment":[{"href":"https:\/\/www.helloskola.cz\/zakladni-skola\/wp-json\/wp\/v2\/media?parent=5402"}],"curies":[{"name":"wp","href":"https:\/\/api.w.org\/{rel}","templated":true}]}}