{"id":2107,"date":"2022-04-02T18:57:36","date_gmt":"2022-04-02T16:57:36","guid":{"rendered":"https:\/\/www.helloskola.cz\/zakladni-skola\/?page_id=2107"},"modified":"2025-10-31T08:40:52","modified_gmt":"2025-10-31T07:40:52","slug":"druzina-a-krouzky","status":"publish","type":"page","link":"https:\/\/www.helloskola.cz\/zakladni-skola\/druzina-a-krouzky\/","title":{"rendered":"Dru\u017eina, krou\u017eky a \u0160K"},"content":{"rendered":"\n<h3 class=\"wp-block-heading\"><mark style=\"background-color:rgba(0, 0, 0, 0)\" class=\"has-inline-color has-central-palette-2-color\">Provoz \u0161koln\u00ed dru\u017einy<\/mark><\/h3>\n\n\n\n<ul class=\"wp-block-list\">\n<li>r\u00e1no od 7:00 do 8:45 hod.<\/li>\n\n\n\n<li>odpoledne od 12:40 do 17:00 hod.<br>&nbsp;<\/li>\n<\/ul>\n\n\n\n<p>\u0160koln\u00ed dru\u017eina slou\u017e\u00ed p\u0159edev\u0161\u00edm k\u00a0odpo\u010dinku, d\u00e1le k\u00a0rozvoji z\u00e1jm\u016f \u017e\u00e1k\u016f v\u00a0dob\u011b po vyu\u010dov\u00e1n\u00ed, k\u00a0efektivn\u00edmu vyu\u017eit\u00ed voln\u00e9ho \u010dasu. \u0160koln\u00ed dru\u017einu nav\u0161t\u011bvuj\u00ed \u017e\u00e1ci 1. &#8211; 5. ro\u010dn\u00edku z\u00e1kladn\u00ed \u0161koly. Jej\u00ed \u010dinnost vych\u00e1z\u00ed z\u00a0pedagogiky voln\u00e9ho \u010dasu. C\u00edlem je snaha o\u00a0vytvo\u0159en\u00ed m\u00edsta pro odpo\u010dinek \u017e\u00e1k\u016f po vyu\u010dov\u00e1n\u00ed a\u00a0z\u00e1rove\u0148 p\u0159isp\u011bn\u00ed k\u00a0c\u00edlen\u00e9mu ovliv\u0148ov\u00e1n\u00ed jejich voln\u00e9ho \u010dasu<\/p>\n\n\n\n<p>\u0160koln\u00ed dru\u017einu nav\u0161t\u011bvuj\u00ed \u017e\u00e1ci z\u00e1kladn\u00ed \u0161koly p\u0159ed vyu\u010dov\u00e1n\u00edm a&nbsp;po skon\u010den\u00ed vyu\u010dov\u00e1n\u00ed. Dru\u017eina v&nbsp;na\u0161\u00ed \u0161kole je v&nbsp;provozu denn\u011b od 7:00 do 8:45 a&nbsp;od 12:35 do 17:00 hodin.<\/p>\n\n\n\n<p>\u0160koln\u00ed dru\u017eina je sou\u010d\u00e1st\u00ed z\u00e1kladn\u00ed \u0161koly a&nbsp;nach\u00e1z\u00ed se v&nbsp;budov\u011b \u0161koly. Tvo\u0159\u00ed j\u00ed t\u0159i odd\u011blen\u00ed. Maxim\u00e1ln\u00ed kapacita jednoho odd\u011blen\u00ed je 30 \u017e\u00e1k\u016f. \u0160koln\u00ed dru\u017eina poskytuje svou \u010dinnost ka\u017edodenn\u011b a&nbsp;to v&nbsp;z\u00e1vislosti na rozvrhu hodin z\u00e1kladn\u00ed \u0161koly.<\/p>\n\n\n\n<p>Denn\u00ed rozvrh \u0160D<br>12:35 &#8211; 14:30 hygienick\u00e1 p\u0159\u00edprava na ob\u011bd, odpo\u010dinkov\u00e1 \u010dinnost<br>14:30 &#8211; 16:00 pobyt venku nebo individu\u00e1ln\u00ed \u010dinnost, z\u00e1jmov\u00e1 \u010dinnost<br>16:00 &#8211; 16:30 p\u0159\u00edprava do vyu\u010dov\u00e1n\u00ed<br>16:30 &#8211; 17:00 z\u00e1jmov\u00e1 \u010dinnost, postupn\u00fd odchod d\u011bt\u00ed<\/p>\n\n\n\n<p><\/p>\n\n\n\n<h3 class=\"wp-block-heading\"><mark style=\"background-color:rgba(0, 0, 0, 0)\" class=\"has-inline-color has-central-palette-2-color\">Z\u00e1jmov\u00e9 krou\u017eky<\/mark><\/h3>\n\n\n\n<p><strong>Krou\u017eky<\/strong>&nbsp;budou prob\u00edhat od pond\u011bl\u00ed do p\u00e1tku. \u010cinnost krou\u017ek\u016f bude zah\u00e1jena v&nbsp;\u0159\u00edjnu. <\/p>\n\n\n\n<p><\/p>\n\n\n\n<h3 class=\"wp-block-heading\"><mark style=\"background-color:rgba(0, 0, 0, 0)\" class=\"has-inline-color has-central-palette-2-color\">\u0160koln\u00ed dru\u017eina<\/mark><\/h3>\n\n\n\n<p>Hlavn\u00edm \u00fakolem je v\u00fdchova harmonicky rozvinut\u00e9ho \u010dlov\u011bka pomoc\u00ed slo\u017eek v\u00fdchovy a&nbsp;pod\u00edlen\u00ed se na vytv\u00e1\u0159en\u00ed a&nbsp;respektov\u00e1n\u00ed spole\u010dn\u00fdch pravidel sou\u017eit\u00ed. V&nbsp;<strong>1. odd\u011blen\u00ed&nbsp;<\/strong>se zejm\u00e9na jedn\u00e1 o&nbsp;sezn\u00e1men\u00ed prv\u0148\u00e1\u010dk\u016f s&nbsp;prost\u0159ed\u00edm \u0161koln\u00ed dru\u017einy a&nbsp;zvyklostem spole\u010dn\u00e9 pr\u00e1ce. Pou\u010den\u00ed o&nbsp;z\u00e1sad\u00e1ch slu\u0161n\u00e9ho chov\u00e1n\u00ed je nezbytnou sou\u010d\u00e1st\u00ed, d\u016fle\u017eit\u00e9 je vytv\u00e1\u0159en\u00ed estetick\u00e9ho prost\u0159ed\u00ed a&nbsp;udr\u017eov\u00e1n\u00ed \u010distoty a&nbsp;po\u0159\u00e1dku ve t\u0159\u00edd\u011b, na chodb\u00e1ch, v&nbsp;j\u00eddeln\u011b. U&nbsp;star\u0161\u00edch d\u011bt\u00ed pom\u00e1h\u00e1me rozv\u00edjet r\u016fzn\u00fdmi metodami intelektov\u00e9 schopnosti, zvy\u0161ov\u00e1n\u00ed soci\u00e1ln\u00edch kompetenc\u00ed sou\u010dasn\u011b zvy\u0161uje sebev\u011bdom\u00ed a&nbsp;zodpov\u011bdnost. Vychovatelky pl\u00e1nuj\u00ed \u010dinnosti tak\u00e9 dle individu\u00e1ln\u00edch pot\u0159eb \u017e\u00e1k\u016f, p\u0159izp\u016fsobuj\u00ed je moment\u00e1ln\u00edm pot\u0159eb\u00e1m d\u011bt\u00ed, respektuj\u00ed aktu\u00e1ln\u00ed situaci v&nbsp;dru\u017ein\u011b a&nbsp;p\u0159ihl\u00ed\u017eej\u00ed k&nbsp;ro\u010dn\u00edmu obdob\u00ed. Vychovatelky rovn\u011b\u017e \u00fazce spolupracuj\u00ed s&nbsp;t\u0159\u00eddn\u00edmi u\u010diteli, rodi\u010di a&nbsp;veden\u00edm \u0161koly.<\/p>\n\n\n\n<p>Re\u017eim dne zahrnuje&nbsp;<strong>odpo\u010dinkovou \u010d\u00e1st&nbsp;<\/strong>&#8211; odstra\u0148ov\u00e1n\u00ed \u00fanavy \u017e\u00e1k\u016f z&nbsp;vyu\u010dov\u00e1n\u00ed, vytv\u00e1\u0159en\u00ed celkov\u00e9 du\u0161evn\u00ed pohody. V&nbsp;<strong>z\u00e1jmov\u00fdch \u010dinnostech<\/strong>&nbsp;se d\u011bti vy\u017eij\u00ed sportovn\u011b,&nbsp;<strong>estetick\u00e1 str\u00e1nka<\/strong>&nbsp;obsahuje v\u00fdtvarnou tvorbu, rozvoj hudebn\u00ed gramotnosti, v&nbsp;<strong>p\u0159\u00edrodov\u011bdn\u00e9 sekci<\/strong>&nbsp;se klade d\u016fraz na ochranu \u017eivotn\u00edho prost\u0159ed\u00ed, pozorov\u00e1n\u00ed p\u0159\u00edrody a&nbsp;jejich prom\u011bn.&nbsp;<strong>Rekrea\u010dn\u00ed \u010dinnost&nbsp;<\/strong>zahrnuje vydatn\u00e9 pohybov\u00e9 aktivity na \u010derstv\u00e9m vzduchu dle fyzick\u00e9 zdatnosti d\u011bt\u00ed a&nbsp;s&nbsp;p\u0159ihl\u00e9dnut\u00edm k&nbsp;aktu\u00e1ln\u00edmu zdravotn\u00edmu stavu.<\/p>\n\n\n\n<p><em>Bylo \u00fa\u017easn\u00e9 sledovat p\u0159irozenou kreativitu prv\u0148\u00e1\u010dk\u016f, od nesm\u011bl\u00fdch pokus\u016f o&nbsp;pohybov\u00e9 ztv\u00e1rn\u011bn\u00ed prvn\u00edch tane\u010dn\u00edch kr\u016f\u010dk\u016f a\u017e po improvizovan\u00e1 vystoupen\u00ed na dan\u00e9 hudebn\u00ed t\u00e9ma. P\u0159ekvapila mne jejich schopnost propojen\u00ed v\u00fdtvarn\u00e9 pr\u00e1ce s&nbsp;ver\u0161ovan\u00fdm slovem. Radostn\u00e9 pro\u017e\u00edv\u00e1n\u00ed z&nbsp;vlastn\u00ed tvorby hereck\u00fdch etud se stalo inspirac\u00ed i&nbsp;pro d\u00edvky z&nbsp;\u0159ad spolu\u017e\u00e1k\u016f. Iniciativn\u011b se zapojovali do dal\u0161\u00edch projekt\u016f. P\u0159irozen\u00e1 zv\u00eddavost d\u011bt\u00ed je hnac\u00edm motorem i&nbsp;pro vychovatele. Je nutno b\u00fdt st\u00e1le v&nbsp;obraze, neustrnout. I&nbsp;ve sv\u00e9 dal\u0161\u00ed v\u00fdchovn\u00e9 pr\u00e1ci s&nbsp;d\u011btmi chci kl\u00e1st d\u016fraz na citov\u00e9 obohacen\u00ed v&nbsp;jednotliv\u00fdch slo\u017ek\u00e1ch. Zvy\u0161ovat d\u011btem sebev\u011bdom\u00ed, posilovat jejich pocit bezpe\u010d\u00ed a&nbsp;l\u00e1skypln\u00fdm prost\u0159ed\u00edm dod\u00e1vat d\u011btem s\u00edlu k&nbsp;p\u0159ekon\u00e1v\u00e1n\u00ed jejich smutk\u016f, p\u0159\u00edpadn\u00fdch nezdar\u016f a&nbsp;tak p\u0159isp\u00edvat k&nbsp;\u00fasp\u011b\u0161n\u00e9mu pln\u011bn\u00ed ka\u017edodenn\u00edch \u00fakol\u016f. (Ji\u0159ina Vrobelov\u00e1 \u2013 vychovatelka)<\/em><\/p>\n\n\n\n<p><strong><mark style=\"background-color:rgba(0, 0, 0, 0)\" class=\"has-inline-color has-central-palette-1-color\">Vyzved\u00e1v\u00e1n\u00ed d\u011bt\u00ed ze \u0161koln\u00ed dru\u017einy<\/mark><\/strong>&nbsp;je mo\u017en\u00e9 kdykoliv, z&nbsp;krou\u017eku a\u017e po jeho ukon\u010den\u00ed. Rodi\u010de si vyzved\u00e1vaj\u00ed d\u011bti ze \u0161koln\u00ed dru\u017einy nebo z&nbsp;krou\u017eku osobn\u011b, bez doprovodu mohou j\u00edt dom\u016f jen ty d\u011bti, u&nbsp;kter\u00fdch m\u00e1 \u0161kola p\u00edsemn\u00fd souhlas rodi\u010d\u016f.<\/p>\n\n\n\n<p><\/p>\n\n\n\n<h3 class=\"wp-block-heading\"><mark style=\"background-color:rgba(0, 0, 0, 0)\" class=\"has-inline-color has-central-palette-2-color\">\u0160koln\u00ed klub<\/mark><\/h3>\n\n\n\n<p>\u010cinnost \u0160K navazuje na v\u00fdchovn\u011b &#8211; vzd\u011bl\u00e1vac\u00ed \u010dinnost \u0161koly. \u010cinnost \u0161koln\u00edho klubu je realizov\u00e1na podle rozvrhu hodin jednotliv\u00fdch krou\u017ek\u016f. V r\u00e1mci \u0161koln\u00edho klubu si \u017e\u00e1ci mohou vyb\u00edrat ze z\u00e1jmov\u00fdch \u00fatvar\u016f.<\/p>\n\n\n\n<p>\u017d\u00e1ci se v\u011bnuj\u00ed nab\u00edzen\u00fdm \u010dinnostem, kter\u00e9 vykon\u00e1vaj\u00ed dobrovoln\u011b, dle jejich pot\u0159eb a z\u00e1jm\u016f.<br>Sna\u017e\u00edme se o v\u00fdchovu k odpov\u011bdnosti, k sebepozn\u00e1n\u00ed, vedeme \u017e\u00e1ky ke spolupr\u00e1ci ve skupin\u011b a posilujeme komunika\u010dn\u00ed dovednosti.<br>Kapacita \u0160K je 30 d\u011bt\u00ed.<\/p>\n\n\n\n<p><\/p>\n\n\n\n<p><\/p>\n","protected":false},"excerpt":{"rendered":"<p>Provoz \u0161koln\u00ed dru\u017einy \u0160koln\u00ed dru\u017eina slou\u017e\u00ed p\u0159edev\u0161\u00edm k\u00a0odpo\u010dinku, d\u00e1le k\u00a0rozvoji z\u00e1jm\u016f \u017e\u00e1k\u016f v\u00a0dob\u011b po vyu\u010dov\u00e1n\u00ed, k\u00a0efektivn\u00edmu vyu\u017eit\u00ed voln\u00e9ho \u010dasu. \u0160koln\u00ed dru\u017einu nav\u0161t\u011bvuj\u00ed \u017e\u00e1ci 1. &#8211; 5. ro\u010dn\u00edku z\u00e1kladn\u00ed \u0161koly. Jej\u00ed \u010dinnost vych\u00e1z\u00ed z\u00a0pedagogiky voln\u00e9ho \u010dasu. C\u00edlem je snaha o\u00a0vytvo\u0159en\u00ed m\u00edsta pro odpo\u010dinek \u017e\u00e1k\u016f po vyu\u010dov\u00e1n\u00ed a\u00a0z\u00e1rove\u0148 p\u0159isp\u011bn\u00ed k\u00a0c\u00edlen\u00e9mu ovliv\u0148ov\u00e1n\u00ed jejich voln\u00e9ho \u010dasu \u0160koln\u00ed dru\u017einu nav\u0161t\u011bvuj\u00ed [&hellip;]<\/p>\n","protected":false},"author":1,"featured_media":2575,"parent":0,"menu_order":0,"comment_status":"closed","ping_status":"closed","template":"","meta":{"footnotes":""},"class_list":["post-2107","page","type-page","status-publish","has-post-thumbnail","hentry"],"yoast_head":"<!-- This site is optimized with the Yoast SEO plugin v24.8.1 - https:\/\/yoast.com\/wordpress\/plugins\/seo\/ -->\n<title>Dru\u017eina, krou\u017eky a \u0160K | Z\u00e1kladn\u00ed \u0161kola HELLO<\/title>\n<meta name=\"robots\" content=\"index, follow, max-snippet:-1, max-image-preview:large, max-video-preview:-1\" \/>\n<link rel=\"canonical\" href=\"https:\/\/www.helloskola.cz\/zakladni-skola\/druzina-a-krouzky\/\" \/>\n<meta property=\"og:locale\" content=\"cs_CZ\" \/>\n<meta property=\"og:type\" content=\"article\" \/>\n<meta property=\"og:title\" content=\"Dru\u017eina, krou\u017eky a \u0160K | Z\u00e1kladn\u00ed \u0161kola HELLO\" \/>\n<meta property=\"og:description\" content=\"Provoz \u0161koln\u00ed dru\u017einy \u0160koln\u00ed dru\u017eina slou\u017e\u00ed p\u0159edev\u0161\u00edm k\u00a0odpo\u010dinku, d\u00e1le k\u00a0rozvoji z\u00e1jm\u016f \u017e\u00e1k\u016f v\u00a0dob\u011b po vyu\u010dov\u00e1n\u00ed, k\u00a0efektivn\u00edmu vyu\u017eit\u00ed voln\u00e9ho \u010dasu. \u0160koln\u00ed dru\u017einu nav\u0161t\u011bvuj\u00ed \u017e\u00e1ci 1. &#8211; 5. ro\u010dn\u00edku z\u00e1kladn\u00ed \u0161koly. Jej\u00ed \u010dinnost vych\u00e1z\u00ed z\u00a0pedagogiky voln\u00e9ho \u010dasu. C\u00edlem je snaha o\u00a0vytvo\u0159en\u00ed m\u00edsta pro odpo\u010dinek \u017e\u00e1k\u016f po vyu\u010dov\u00e1n\u00ed a\u00a0z\u00e1rove\u0148 p\u0159isp\u011bn\u00ed k\u00a0c\u00edlen\u00e9mu ovliv\u0148ov\u00e1n\u00ed jejich voln\u00e9ho \u010dasu \u0160koln\u00ed dru\u017einu nav\u0161t\u011bvuj\u00ed [&hellip;]\" \/>\n<meta property=\"og:url\" content=\"https:\/\/www.helloskola.cz\/zakladni-skola\/druzina-a-krouzky\/\" \/>\n<meta property=\"og:site_name\" content=\"Z\u00e1kladn\u00ed \u0161kola HELLO\" \/>\n<meta property=\"article:modified_time\" content=\"2025-10-31T07:40:52+00:00\" \/>\n<meta name=\"twitter:card\" content=\"summary_large_image\" \/>\n<meta name=\"twitter:label1\" content=\"Odhadovan\u00e1 doba \u010dten\u00ed\" \/>\n\t<meta name=\"twitter:data1\" content=\"4 minuty\" \/>\n<script type=\"application\/ld+json\" class=\"yoast-schema-graph\">{\"@context\":\"https:\/\/schema.org\",\"@graph\":[{\"@type\":\"WebPage\",\"@id\":\"https:\/\/www.helloskola.cz\/zakladni-skola\/druzina-a-krouzky\/\",\"url\":\"https:\/\/www.helloskola.cz\/zakladni-skola\/druzina-a-krouzky\/\",\"name\":\"Dru\u017eina, krou\u017eky a \u0160K | Z\u00e1kladn\u00ed \u0161kola HELLO\",\"isPartOf\":{\"@id\":\"https:\/\/www.helloskola.cz\/zakladni-skola\/#website\"},\"primaryImageOfPage\":{\"@id\":\"https:\/\/www.helloskola.cz\/zakladni-skola\/druzina-a-krouzky\/#primaryimage\"},\"image\":{\"@id\":\"https:\/\/www.helloskola.cz\/zakladni-skola\/druzina-a-krouzky\/#primaryimage\"},\"thumbnailUrl\":\"https:\/\/www.helloskola.cz\/zakladni-skola\/wp-content\/uploads\/sites\/6\/2022\/05\/zakladka-fallback.png\",\"datePublished\":\"2022-04-02T16:57:36+00:00\",\"dateModified\":\"2025-10-31T07:40:52+00:00\",\"breadcrumb\":{\"@id\":\"https:\/\/www.helloskola.cz\/zakladni-skola\/druzina-a-krouzky\/#breadcrumb\"},\"inLanguage\":\"cs\",\"potentialAction\":[{\"@type\":\"ReadAction\",\"target\":[\"https:\/\/www.helloskola.cz\/zakladni-skola\/druzina-a-krouzky\/\"]}]},{\"@type\":\"ImageObject\",\"inLanguage\":\"cs\",\"@id\":\"https:\/\/www.helloskola.cz\/zakladni-skola\/druzina-a-krouzky\/#primaryimage\",\"url\":\"https:\/\/www.helloskola.cz\/zakladni-skola\/wp-content\/uploads\/sites\/6\/2022\/05\/zakladka-fallback.png\",\"contentUrl\":\"https:\/\/www.helloskola.cz\/zakladni-skola\/wp-content\/uploads\/sites\/6\/2022\/05\/zakladka-fallback.png\",\"width\":933,\"height\":700},{\"@type\":\"BreadcrumbList\",\"@id\":\"https:\/\/www.helloskola.cz\/zakladni-skola\/druzina-a-krouzky\/#breadcrumb\",\"itemListElement\":[{\"@type\":\"ListItem\",\"position\":1,\"name\":\"\u00davod\",\"item\":\"https:\/\/www.helloskola.cz\/zakladni-skola\/\"},{\"@type\":\"ListItem\",\"position\":2,\"name\":\"Dru\u017eina, krou\u017eky a \u0160K\"}]},{\"@type\":\"WebSite\",\"@id\":\"https:\/\/www.helloskola.cz\/zakladni-skola\/#website\",\"url\":\"https:\/\/www.helloskola.cz\/zakladni-skola\/\",\"name\":\"Z\u00e1kladn\u00ed \u0161kola HELLO\",\"description\":\"\u010desko-anglick\u00e1 z\u00e1kladn\u00ed \u0161kola, Ostrava Poruba\",\"publisher\":{\"@id\":\"https:\/\/www.helloskola.cz\/zakladni-skola\/#organization\"},\"potentialAction\":[{\"@type\":\"SearchAction\",\"target\":{\"@type\":\"EntryPoint\",\"urlTemplate\":\"https:\/\/www.helloskola.cz\/zakladni-skola\/?s={search_term_string}\"},\"query-input\":{\"@type\":\"PropertyValueSpecification\",\"valueRequired\":true,\"valueName\":\"search_term_string\"}}],\"inLanguage\":\"cs\"},{\"@type\":\"Organization\",\"@id\":\"https:\/\/www.helloskola.cz\/zakladni-skola\/#organization\",\"name\":\"Z\u00e1kladn\u00ed \u0161kola Hello\",\"url\":\"https:\/\/www.helloskola.cz\/zakladni-skola\/\",\"logo\":{\"@type\":\"ImageObject\",\"inLanguage\":\"cs\",\"@id\":\"https:\/\/www.helloskola.cz\/zakladni-skola\/#\/schema\/logo\/image\/\",\"url\":\"https:\/\/www.helloskola.cz\/zakladni-skola\/wp-content\/uploads\/sites\/6\/2022\/02\/hello_gy_zakladka_logo.svg\",\"contentUrl\":\"https:\/\/www.helloskola.cz\/zakladni-skola\/wp-content\/uploads\/sites\/6\/2022\/02\/hello_gy_zakladka_logo.svg\",\"width\":100,\"height\":100,\"caption\":\"Z\u00e1kladn\u00ed \u0161kola Hello\"},\"image\":{\"@id\":\"https:\/\/www.helloskola.cz\/zakladni-skola\/#\/schema\/logo\/image\/\"}}]}<\/script>\n<!-- \/ Yoast SEO plugin. -->","yoast_head_json":{"title":"Dru\u017eina, krou\u017eky a \u0160K | Z\u00e1kladn\u00ed \u0161kola HELLO","robots":{"index":"index","follow":"follow","max-snippet":"max-snippet:-1","max-image-preview":"max-image-preview:large","max-video-preview":"max-video-preview:-1"},"canonical":"https:\/\/www.helloskola.cz\/zakladni-skola\/druzina-a-krouzky\/","og_locale":"cs_CZ","og_type":"article","og_title":"Dru\u017eina, krou\u017eky a \u0160K | Z\u00e1kladn\u00ed \u0161kola HELLO","og_description":"Provoz \u0161koln\u00ed dru\u017einy \u0160koln\u00ed dru\u017eina slou\u017e\u00ed p\u0159edev\u0161\u00edm k\u00a0odpo\u010dinku, d\u00e1le k\u00a0rozvoji z\u00e1jm\u016f \u017e\u00e1k\u016f v\u00a0dob\u011b po vyu\u010dov\u00e1n\u00ed, k\u00a0efektivn\u00edmu vyu\u017eit\u00ed voln\u00e9ho \u010dasu. \u0160koln\u00ed dru\u017einu nav\u0161t\u011bvuj\u00ed \u017e\u00e1ci 1. &#8211; 5. ro\u010dn\u00edku z\u00e1kladn\u00ed \u0161koly. Jej\u00ed \u010dinnost vych\u00e1z\u00ed z\u00a0pedagogiky voln\u00e9ho \u010dasu. C\u00edlem je snaha o\u00a0vytvo\u0159en\u00ed m\u00edsta pro odpo\u010dinek \u017e\u00e1k\u016f po vyu\u010dov\u00e1n\u00ed a\u00a0z\u00e1rove\u0148 p\u0159isp\u011bn\u00ed k\u00a0c\u00edlen\u00e9mu ovliv\u0148ov\u00e1n\u00ed jejich voln\u00e9ho \u010dasu \u0160koln\u00ed dru\u017einu nav\u0161t\u011bvuj\u00ed [&hellip;]","og_url":"https:\/\/www.helloskola.cz\/zakladni-skola\/druzina-a-krouzky\/","og_site_name":"Z\u00e1kladn\u00ed \u0161kola HELLO","article_modified_time":"2025-10-31T07:40:52+00:00","twitter_card":"summary_large_image","twitter_misc":{"Odhadovan\u00e1 doba \u010dten\u00ed":"4 minuty"},"schema":{"@context":"https:\/\/schema.org","@graph":[{"@type":"WebPage","@id":"https:\/\/www.helloskola.cz\/zakladni-skola\/druzina-a-krouzky\/","url":"https:\/\/www.helloskola.cz\/zakladni-skola\/druzina-a-krouzky\/","name":"Dru\u017eina, krou\u017eky a \u0160K | Z\u00e1kladn\u00ed \u0161kola HELLO","isPartOf":{"@id":"https:\/\/www.helloskola.cz\/zakladni-skola\/#website"},"primaryImageOfPage":{"@id":"https:\/\/www.helloskola.cz\/zakladni-skola\/druzina-a-krouzky\/#primaryimage"},"image":{"@id":"https:\/\/www.helloskola.cz\/zakladni-skola\/druzina-a-krouzky\/#primaryimage"},"thumbnailUrl":"https:\/\/www.helloskola.cz\/zakladni-skola\/wp-content\/uploads\/sites\/6\/2022\/05\/zakladka-fallback.png","datePublished":"2022-04-02T16:57:36+00:00","dateModified":"2025-10-31T07:40:52+00:00","breadcrumb":{"@id":"https:\/\/www.helloskola.cz\/zakladni-skola\/druzina-a-krouzky\/#breadcrumb"},"inLanguage":"cs","potentialAction":[{"@type":"ReadAction","target":["https:\/\/www.helloskola.cz\/zakladni-skola\/druzina-a-krouzky\/"]}]},{"@type":"ImageObject","inLanguage":"cs","@id":"https:\/\/www.helloskola.cz\/zakladni-skola\/druzina-a-krouzky\/#primaryimage","url":"https:\/\/www.helloskola.cz\/zakladni-skola\/wp-content\/uploads\/sites\/6\/2022\/05\/zakladka-fallback.png","contentUrl":"https:\/\/www.helloskola.cz\/zakladni-skola\/wp-content\/uploads\/sites\/6\/2022\/05\/zakladka-fallback.png","width":933,"height":700},{"@type":"BreadcrumbList","@id":"https:\/\/www.helloskola.cz\/zakladni-skola\/druzina-a-krouzky\/#breadcrumb","itemListElement":[{"@type":"ListItem","position":1,"name":"\u00davod","item":"https:\/\/www.helloskola.cz\/zakladni-skola\/"},{"@type":"ListItem","position":2,"name":"Dru\u017eina, krou\u017eky a \u0160K"}]},{"@type":"WebSite","@id":"https:\/\/www.helloskola.cz\/zakladni-skola\/#website","url":"https:\/\/www.helloskola.cz\/zakladni-skola\/","name":"Z\u00e1kladn\u00ed \u0161kola HELLO","description":"\u010desko-anglick\u00e1 z\u00e1kladn\u00ed \u0161kola, Ostrava Poruba","publisher":{"@id":"https:\/\/www.helloskola.cz\/zakladni-skola\/#organization"},"potentialAction":[{"@type":"SearchAction","target":{"@type":"EntryPoint","urlTemplate":"https:\/\/www.helloskola.cz\/zakladni-skola\/?s={search_term_string}"},"query-input":{"@type":"PropertyValueSpecification","valueRequired":true,"valueName":"search_term_string"}}],"inLanguage":"cs"},{"@type":"Organization","@id":"https:\/\/www.helloskola.cz\/zakladni-skola\/#organization","name":"Z\u00e1kladn\u00ed \u0161kola Hello","url":"https:\/\/www.helloskola.cz\/zakladni-skola\/","logo":{"@type":"ImageObject","inLanguage":"cs","@id":"https:\/\/www.helloskola.cz\/zakladni-skola\/#\/schema\/logo\/image\/","url":"https:\/\/www.helloskola.cz\/zakladni-skola\/wp-content\/uploads\/sites\/6\/2022\/02\/hello_gy_zakladka_logo.svg","contentUrl":"https:\/\/www.helloskola.cz\/zakladni-skola\/wp-content\/uploads\/sites\/6\/2022\/02\/hello_gy_zakladka_logo.svg","width":100,"height":100,"caption":"Z\u00e1kladn\u00ed \u0161kola Hello"},"image":{"@id":"https:\/\/www.helloskola.cz\/zakladni-skola\/#\/schema\/logo\/image\/"}}]}},"_links":{"self":[{"href":"https:\/\/www.helloskola.cz\/zakladni-skola\/wp-json\/wp\/v2\/pages\/2107","targetHints":{"allow":["GET"]}}],"collection":[{"href":"https:\/\/www.helloskola.cz\/zakladni-skola\/wp-json\/wp\/v2\/pages"}],"about":[{"href":"https:\/\/www.helloskola.cz\/zakladni-skola\/wp-json\/wp\/v2\/types\/page"}],"author":[{"embeddable":true,"href":"https:\/\/www.helloskola.cz\/zakladni-skola\/wp-json\/wp\/v2\/users\/1"}],"replies":[{"embeddable":true,"href":"https:\/\/www.helloskola.cz\/zakladni-skola\/wp-json\/wp\/v2\/comments?post=2107"}],"version-history":[{"count":20,"href":"https:\/\/www.helloskola.cz\/zakladni-skola\/wp-json\/wp\/v2\/pages\/2107\/revisions"}],"predecessor-version":[{"id":7139,"href":"https:\/\/www.helloskola.cz\/zakladni-skola\/wp-json\/wp\/v2\/pages\/2107\/revisions\/7139"}],"wp:featuredmedia":[{"embeddable":true,"href":"https:\/\/www.helloskola.cz\/zakladni-skola\/wp-json\/wp\/v2\/media\/2575"}],"wp:attachment":[{"href":"https:\/\/www.helloskola.cz\/zakladni-skola\/wp-json\/wp\/v2\/media?parent=2107"}],"curies":[{"name":"wp","href":"https:\/\/api.w.org\/{rel}","templated":true}]}}