{"id":2096,"date":"2022-04-02T16:32:22","date_gmt":"2022-04-02T14:32:22","guid":{"rendered":"https:\/\/www.helloskola.cz\/zakladni-skola\/?page_id=2096"},"modified":"2025-10-15T12:13:04","modified_gmt":"2025-10-15T10:13:04","slug":"5-trida","status":"publish","type":"page","link":"https:\/\/www.helloskola.cz\/zakladni-skola\/nase-tridy\/5-trida\/","title":{"rendered":"5. t\u0159\u00edda"},"content":{"rendered":"\n<h2 class=\"wp-block-heading\">5. t\u0159\u00edda &#8211; Petra Pup\u00edkov\u00e1<\/h2>\n\n\n\n<div class=\"wp-block-columns is-layout-flex wp-container-core-columns-is-layout-28f84493 wp-block-columns-is-layout-flex\">\n<div class=\"wp-block-column is-layout-flow wp-block-column-is-layout-flow\" style=\"flex-basis:66.66%\">\n<p id=\"block-d17d04eb-9de0-46a0-98a6-bb73a3592939\">Na\u0161e t\u0159\u00edda je vesel\u00e1 a sportovn\u00ed. Nejv\u00edc n\u00e1s bav\u00ed t\u011blocvik. P\u0159i n\u011bm si u\u017e\u00edv\u00e1me pohyb, hrajeme r\u016fzn\u00e9 hry a n\u011bkdy je to i po\u0159\u00e1dn\u00e1 legrace. Um\u00edme se vy\u0159\u00e1dit, ale tak\u00e9 spolupracovat. D\u016fle\u017eit\u00e9 je pro n\u00e1s tak\u00e9 kamar\u00e1dstv\u00ed. Ve t\u0159\u00edd\u011b si navz\u00e1jem pom\u00e1h\u00e1me a podporujeme se. &nbsp;D\u00edky tomu jsme siln\u00ed a dok\u00e1\u017eeme v\u00edc.<\/p>\n\n\n\n<figure class=\"wp-block-image size-large\"><img fetchpriority=\"high\" decoding=\"async\" width=\"1024\" height=\"577\" src=\"https:\/\/www.helloskola.cz\/zakladni-skola\/wp-content\/uploads\/sites\/6\/2025\/10\/20251015_0941430-1024x577.jpg\" alt=\"\" class=\"wp-image-7081\" srcset=\"https:\/\/www.helloskola.cz\/zakladni-skola\/wp-content\/uploads\/sites\/6\/2025\/10\/20251015_0941430-1024x577.jpg 1024w, https:\/\/www.helloskola.cz\/zakladni-skola\/wp-content\/uploads\/sites\/6\/2025\/10\/20251015_0941430-300x169.jpg 300w, https:\/\/www.helloskola.cz\/zakladni-skola\/wp-content\/uploads\/sites\/6\/2025\/10\/20251015_0941430-768x432.jpg 768w, https:\/\/www.helloskola.cz\/zakladni-skola\/wp-content\/uploads\/sites\/6\/2025\/10\/20251015_0941430-1536x865.jpg 1536w, https:\/\/www.helloskola.cz\/zakladni-skola\/wp-content\/uploads\/sites\/6\/2025\/10\/20251015_0941430-2048x1153.jpg 2048w\" sizes=\"(max-width: 1024px) 100vw, 1024px\" \/><\/figure>\n\n\n\n<p><\/p>\n\n\n\n<p><strong><a href=\"https:\/\/www.rajce.idnes.cz\/helloskola\/album\/5-trida-ve-sk-r-2025-26\/1689267233\" target=\"_blank\" rel=\"noreferrer noopener\">Fotogalerie na\u0161\u00ed t\u0159\u00eddy<\/a><\/strong><\/p>\n\n\n\n<ul id=\"block-d2440271-dfad-4bc9-9073-994cd6d61dcf\" class=\"wp-block-list\">\n<li>Videa z&nbsp;na\u0161ich akc\u00ed m\u016f\u017eete sledovat na&nbsp;<a href=\"https:\/\/www.youtube.com\/user\/Helloskola\/videos\" target=\"_blank\" rel=\"noreferrer noopener\">YouTube kan\u00e1lu&nbsp;<\/a>.<\/li>\n\n\n\n<li><a href=\"https:\/\/helloskola.rajce.net\/\" target=\"_blank\" rel=\"noreferrer noopener\">Fotografie na\u0161\u00ed \u0161koly<\/a><\/li>\n<\/ul>\n<\/div>\n\n\n\n<div class=\"wp-block-column is-layout-flow wp-block-column-is-layout-flow\" style=\"flex-basis:33.33%\">\n<figure class=\"wp-block-image size-large\"><img decoding=\"async\" width=\"683\" height=\"1024\" src=\"https:\/\/www.helloskola.cz\/zakladni-skola\/wp-content\/uploads\/sites\/6\/2022\/04\/Petra-Koselova-683x1024.jpg\" alt=\"\" class=\"wp-image-2488\" srcset=\"https:\/\/www.helloskola.cz\/zakladni-skola\/wp-content\/uploads\/sites\/6\/2022\/04\/Petra-Koselova-683x1024.jpg 683w, https:\/\/www.helloskola.cz\/zakladni-skola\/wp-content\/uploads\/sites\/6\/2022\/04\/Petra-Koselova-200x300.jpg 200w, https:\/\/www.helloskola.cz\/zakladni-skola\/wp-content\/uploads\/sites\/6\/2022\/04\/Petra-Koselova-768x1152.jpg 768w, https:\/\/www.helloskola.cz\/zakladni-skola\/wp-content\/uploads\/sites\/6\/2022\/04\/Petra-Koselova-1024x1536.jpg 1024w, https:\/\/www.helloskola.cz\/zakladni-skola\/wp-content\/uploads\/sites\/6\/2022\/04\/Petra-Koselova-1365x2048.jpg 1365w, https:\/\/www.helloskola.cz\/zakladni-skola\/wp-content\/uploads\/sites\/6\/2022\/04\/Petra-Koselova-scaled.jpg 1707w\" sizes=\"(max-width: 683px) 100vw, 683px\" \/><\/figure>\n<\/div>\n<\/div>\n\n\n\n<div class=\"wp-block-group is-layout-flow wp-block-group-is-layout-flow\"><\/div>\n\n\n\n\n\n\n\n\n\n\n\n\n\n\n\n\n\n\n\n<p><\/p>\n","protected":false},"excerpt":{"rendered":"<p>5. t\u0159\u00edda &#8211; Petra Pup\u00edkov\u00e1 Na\u0161e t\u0159\u00edda je vesel\u00e1 a sportovn\u00ed. Nejv\u00edc n\u00e1s bav\u00ed t\u011blocvik. P\u0159i n\u011bm si u\u017e\u00edv\u00e1me pohyb, hrajeme r\u016fzn\u00e9 hry a n\u011bkdy je to i po\u0159\u00e1dn\u00e1 legrace. Um\u00edme se vy\u0159\u00e1dit, ale tak\u00e9 spolupracovat. D\u016fle\u017eit\u00e9 je pro n\u00e1s tak\u00e9 kamar\u00e1dstv\u00ed. Ve t\u0159\u00edd\u011b si navz\u00e1jem pom\u00e1h\u00e1me a podporujeme se. &nbsp;D\u00edky tomu jsme siln\u00ed a [&hellip;]<\/p>\n","protected":false},"author":1,"featured_media":2575,"parent":2072,"menu_order":0,"comment_status":"closed","ping_status":"closed","template":"","meta":{"footnotes":""},"class_list":["post-2096","page","type-page","status-publish","has-post-thumbnail","hentry"],"yoast_head":"<!-- This site is optimized with the Yoast SEO plugin v24.8.1 - https:\/\/yoast.com\/wordpress\/plugins\/seo\/ -->\n<title>5. t\u0159\u00edda | Z\u00e1kladn\u00ed \u0161kola HELLO<\/title>\n<meta name=\"robots\" content=\"index, follow, max-snippet:-1, max-image-preview:large, max-video-preview:-1\" \/>\n<link rel=\"canonical\" href=\"https:\/\/www.helloskola.cz\/zakladni-skola\/nase-tridy\/5-trida\/\" \/>\n<meta property=\"og:locale\" content=\"cs_CZ\" \/>\n<meta property=\"og:type\" content=\"article\" \/>\n<meta property=\"og:title\" content=\"5. t\u0159\u00edda | Z\u00e1kladn\u00ed \u0161kola HELLO\" \/>\n<meta property=\"og:description\" content=\"5. t\u0159\u00edda &#8211; Petra Pup\u00edkov\u00e1 Na\u0161e t\u0159\u00edda je vesel\u00e1 a sportovn\u00ed. Nejv\u00edc n\u00e1s bav\u00ed t\u011blocvik. P\u0159i n\u011bm si u\u017e\u00edv\u00e1me pohyb, hrajeme r\u016fzn\u00e9 hry a n\u011bkdy je to i po\u0159\u00e1dn\u00e1 legrace. Um\u00edme se vy\u0159\u00e1dit, ale tak\u00e9 spolupracovat. D\u016fle\u017eit\u00e9 je pro n\u00e1s tak\u00e9 kamar\u00e1dstv\u00ed. Ve t\u0159\u00edd\u011b si navz\u00e1jem pom\u00e1h\u00e1me a podporujeme se. &nbsp;D\u00edky tomu jsme siln\u00ed a [&hellip;]\" \/>\n<meta property=\"og:url\" content=\"https:\/\/www.helloskola.cz\/zakladni-skola\/nase-tridy\/5-trida\/\" \/>\n<meta property=\"og:site_name\" content=\"Z\u00e1kladn\u00ed \u0161kola HELLO\" \/>\n<meta property=\"article:modified_time\" content=\"2025-10-15T10:13:04+00:00\" \/>\n<meta property=\"og:image\" content=\"https:\/\/www.helloskola.cz\/zakladni-skola\/wp-content\/uploads\/sites\/6\/2025\/10\/20251015_0941430-scaled.jpg\" \/>\n\t<meta property=\"og:image:width\" content=\"2560\" \/>\n\t<meta property=\"og:image:height\" content=\"1441\" \/>\n\t<meta property=\"og:image:type\" content=\"image\/jpeg\" \/>\n<meta name=\"twitter:card\" content=\"summary_large_image\" \/>\n<meta name=\"twitter:label1\" content=\"Odhadovan\u00e1 doba \u010dten\u00ed\" \/>\n\t<meta name=\"twitter:data1\" content=\"1 minuta\" \/>\n<script type=\"application\/ld+json\" class=\"yoast-schema-graph\">{\"@context\":\"https:\/\/schema.org\",\"@graph\":[{\"@type\":\"WebPage\",\"@id\":\"https:\/\/www.helloskola.cz\/zakladni-skola\/nase-tridy\/5-trida\/\",\"url\":\"https:\/\/www.helloskola.cz\/zakladni-skola\/nase-tridy\/5-trida\/\",\"name\":\"5. t\u0159\u00edda | Z\u00e1kladn\u00ed \u0161kola HELLO\",\"isPartOf\":{\"@id\":\"https:\/\/www.helloskola.cz\/zakladni-skola\/#website\"},\"primaryImageOfPage\":{\"@id\":\"https:\/\/www.helloskola.cz\/zakladni-skola\/nase-tridy\/5-trida\/#primaryimage\"},\"image\":{\"@id\":\"https:\/\/www.helloskola.cz\/zakladni-skola\/nase-tridy\/5-trida\/#primaryimage\"},\"thumbnailUrl\":\"https:\/\/www.helloskola.cz\/zakladni-skola\/wp-content\/uploads\/sites\/6\/2022\/05\/zakladka-fallback.png\",\"datePublished\":\"2022-04-02T14:32:22+00:00\",\"dateModified\":\"2025-10-15T10:13:04+00:00\",\"breadcrumb\":{\"@id\":\"https:\/\/www.helloskola.cz\/zakladni-skola\/nase-tridy\/5-trida\/#breadcrumb\"},\"inLanguage\":\"cs\",\"potentialAction\":[{\"@type\":\"ReadAction\",\"target\":[\"https:\/\/www.helloskola.cz\/zakladni-skola\/nase-tridy\/5-trida\/\"]}]},{\"@type\":\"ImageObject\",\"inLanguage\":\"cs\",\"@id\":\"https:\/\/www.helloskola.cz\/zakladni-skola\/nase-tridy\/5-trida\/#primaryimage\",\"url\":\"https:\/\/www.helloskola.cz\/zakladni-skola\/wp-content\/uploads\/sites\/6\/2022\/05\/zakladka-fallback.png\",\"contentUrl\":\"https:\/\/www.helloskola.cz\/zakladni-skola\/wp-content\/uploads\/sites\/6\/2022\/05\/zakladka-fallback.png\",\"width\":933,\"height\":700},{\"@type\":\"BreadcrumbList\",\"@id\":\"https:\/\/www.helloskola.cz\/zakladni-skola\/nase-tridy\/5-trida\/#breadcrumb\",\"itemListElement\":[{\"@type\":\"ListItem\",\"position\":1,\"name\":\"\u00davod\",\"item\":\"https:\/\/www.helloskola.cz\/zakladni-skola\/\"},{\"@type\":\"ListItem\",\"position\":2,\"name\":\"Na\u0161e t\u0159\u00eddy\",\"item\":\"https:\/\/www.helloskola.cz\/zakladni-skola\/nase-tridy\/\"},{\"@type\":\"ListItem\",\"position\":3,\"name\":\"5. t\u0159\u00edda\"}]},{\"@type\":\"WebSite\",\"@id\":\"https:\/\/www.helloskola.cz\/zakladni-skola\/#website\",\"url\":\"https:\/\/www.helloskola.cz\/zakladni-skola\/\",\"name\":\"Z\u00e1kladn\u00ed \u0161kola HELLO\",\"description\":\"\u010desko-anglick\u00e1 z\u00e1kladn\u00ed \u0161kola, Ostrava Poruba\",\"publisher\":{\"@id\":\"https:\/\/www.helloskola.cz\/zakladni-skola\/#organization\"},\"potentialAction\":[{\"@type\":\"SearchAction\",\"target\":{\"@type\":\"EntryPoint\",\"urlTemplate\":\"https:\/\/www.helloskola.cz\/zakladni-skola\/?s={search_term_string}\"},\"query-input\":{\"@type\":\"PropertyValueSpecification\",\"valueRequired\":true,\"valueName\":\"search_term_string\"}}],\"inLanguage\":\"cs\"},{\"@type\":\"Organization\",\"@id\":\"https:\/\/www.helloskola.cz\/zakladni-skola\/#organization\",\"name\":\"Z\u00e1kladn\u00ed \u0161kola Hello\",\"url\":\"https:\/\/www.helloskola.cz\/zakladni-skola\/\",\"logo\":{\"@type\":\"ImageObject\",\"inLanguage\":\"cs\",\"@id\":\"https:\/\/www.helloskola.cz\/zakladni-skola\/#\/schema\/logo\/image\/\",\"url\":\"https:\/\/www.helloskola.cz\/zakladni-skola\/wp-content\/uploads\/sites\/6\/2022\/02\/hello_gy_zakladka_logo.svg\",\"contentUrl\":\"https:\/\/www.helloskola.cz\/zakladni-skola\/wp-content\/uploads\/sites\/6\/2022\/02\/hello_gy_zakladka_logo.svg\",\"width\":100,\"height\":100,\"caption\":\"Z\u00e1kladn\u00ed \u0161kola Hello\"},\"image\":{\"@id\":\"https:\/\/www.helloskola.cz\/zakladni-skola\/#\/schema\/logo\/image\/\"}}]}<\/script>\n<!-- \/ Yoast SEO plugin. -->","yoast_head_json":{"title":"5. t\u0159\u00edda | Z\u00e1kladn\u00ed \u0161kola HELLO","robots":{"index":"index","follow":"follow","max-snippet":"max-snippet:-1","max-image-preview":"max-image-preview:large","max-video-preview":"max-video-preview:-1"},"canonical":"https:\/\/www.helloskola.cz\/zakladni-skola\/nase-tridy\/5-trida\/","og_locale":"cs_CZ","og_type":"article","og_title":"5. t\u0159\u00edda | Z\u00e1kladn\u00ed \u0161kola HELLO","og_description":"5. t\u0159\u00edda &#8211; Petra Pup\u00edkov\u00e1 Na\u0161e t\u0159\u00edda je vesel\u00e1 a sportovn\u00ed. Nejv\u00edc n\u00e1s bav\u00ed t\u011blocvik. P\u0159i n\u011bm si u\u017e\u00edv\u00e1me pohyb, hrajeme r\u016fzn\u00e9 hry a n\u011bkdy je to i po\u0159\u00e1dn\u00e1 legrace. Um\u00edme se vy\u0159\u00e1dit, ale tak\u00e9 spolupracovat. D\u016fle\u017eit\u00e9 je pro n\u00e1s tak\u00e9 kamar\u00e1dstv\u00ed. Ve t\u0159\u00edd\u011b si navz\u00e1jem pom\u00e1h\u00e1me a podporujeme se. &nbsp;D\u00edky tomu jsme siln\u00ed a [&hellip;]","og_url":"https:\/\/www.helloskola.cz\/zakladni-skola\/nase-tridy\/5-trida\/","og_site_name":"Z\u00e1kladn\u00ed \u0161kola HELLO","article_modified_time":"2025-10-15T10:13:04+00:00","og_image":[{"width":2560,"height":1441,"url":"https:\/\/www.helloskola.cz\/zakladni-skola\/wp-content\/uploads\/sites\/6\/2025\/10\/20251015_0941430-scaled.jpg","type":"image\/jpeg"}],"twitter_card":"summary_large_image","twitter_misc":{"Odhadovan\u00e1 doba \u010dten\u00ed":"1 minuta"},"schema":{"@context":"https:\/\/schema.org","@graph":[{"@type":"WebPage","@id":"https:\/\/www.helloskola.cz\/zakladni-skola\/nase-tridy\/5-trida\/","url":"https:\/\/www.helloskola.cz\/zakladni-skola\/nase-tridy\/5-trida\/","name":"5. t\u0159\u00edda | Z\u00e1kladn\u00ed \u0161kola HELLO","isPartOf":{"@id":"https:\/\/www.helloskola.cz\/zakladni-skola\/#website"},"primaryImageOfPage":{"@id":"https:\/\/www.helloskola.cz\/zakladni-skola\/nase-tridy\/5-trida\/#primaryimage"},"image":{"@id":"https:\/\/www.helloskola.cz\/zakladni-skola\/nase-tridy\/5-trida\/#primaryimage"},"thumbnailUrl":"https:\/\/www.helloskola.cz\/zakladni-skola\/wp-content\/uploads\/sites\/6\/2022\/05\/zakladka-fallback.png","datePublished":"2022-04-02T14:32:22+00:00","dateModified":"2025-10-15T10:13:04+00:00","breadcrumb":{"@id":"https:\/\/www.helloskola.cz\/zakladni-skola\/nase-tridy\/5-trida\/#breadcrumb"},"inLanguage":"cs","potentialAction":[{"@type":"ReadAction","target":["https:\/\/www.helloskola.cz\/zakladni-skola\/nase-tridy\/5-trida\/"]}]},{"@type":"ImageObject","inLanguage":"cs","@id":"https:\/\/www.helloskola.cz\/zakladni-skola\/nase-tridy\/5-trida\/#primaryimage","url":"https:\/\/www.helloskola.cz\/zakladni-skola\/wp-content\/uploads\/sites\/6\/2022\/05\/zakladka-fallback.png","contentUrl":"https:\/\/www.helloskola.cz\/zakladni-skola\/wp-content\/uploads\/sites\/6\/2022\/05\/zakladka-fallback.png","width":933,"height":700},{"@type":"BreadcrumbList","@id":"https:\/\/www.helloskola.cz\/zakladni-skola\/nase-tridy\/5-trida\/#breadcrumb","itemListElement":[{"@type":"ListItem","position":1,"name":"\u00davod","item":"https:\/\/www.helloskola.cz\/zakladni-skola\/"},{"@type":"ListItem","position":2,"name":"Na\u0161e t\u0159\u00eddy","item":"https:\/\/www.helloskola.cz\/zakladni-skola\/nase-tridy\/"},{"@type":"ListItem","position":3,"name":"5. t\u0159\u00edda"}]},{"@type":"WebSite","@id":"https:\/\/www.helloskola.cz\/zakladni-skola\/#website","url":"https:\/\/www.helloskola.cz\/zakladni-skola\/","name":"Z\u00e1kladn\u00ed \u0161kola HELLO","description":"\u010desko-anglick\u00e1 z\u00e1kladn\u00ed \u0161kola, Ostrava Poruba","publisher":{"@id":"https:\/\/www.helloskola.cz\/zakladni-skola\/#organization"},"potentialAction":[{"@type":"SearchAction","target":{"@type":"EntryPoint","urlTemplate":"https:\/\/www.helloskola.cz\/zakladni-skola\/?s={search_term_string}"},"query-input":{"@type":"PropertyValueSpecification","valueRequired":true,"valueName":"search_term_string"}}],"inLanguage":"cs"},{"@type":"Organization","@id":"https:\/\/www.helloskola.cz\/zakladni-skola\/#organization","name":"Z\u00e1kladn\u00ed \u0161kola Hello","url":"https:\/\/www.helloskola.cz\/zakladni-skola\/","logo":{"@type":"ImageObject","inLanguage":"cs","@id":"https:\/\/www.helloskola.cz\/zakladni-skola\/#\/schema\/logo\/image\/","url":"https:\/\/www.helloskola.cz\/zakladni-skola\/wp-content\/uploads\/sites\/6\/2022\/02\/hello_gy_zakladka_logo.svg","contentUrl":"https:\/\/www.helloskola.cz\/zakladni-skola\/wp-content\/uploads\/sites\/6\/2022\/02\/hello_gy_zakladka_logo.svg","width":100,"height":100,"caption":"Z\u00e1kladn\u00ed \u0161kola Hello"},"image":{"@id":"https:\/\/www.helloskola.cz\/zakladni-skola\/#\/schema\/logo\/image\/"}}]}},"_links":{"self":[{"href":"https:\/\/www.helloskola.cz\/zakladni-skola\/wp-json\/wp\/v2\/pages\/2096","targetHints":{"allow":["GET"]}}],"collection":[{"href":"https:\/\/www.helloskola.cz\/zakladni-skola\/wp-json\/wp\/v2\/pages"}],"about":[{"href":"https:\/\/www.helloskola.cz\/zakladni-skola\/wp-json\/wp\/v2\/types\/page"}],"author":[{"embeddable":true,"href":"https:\/\/www.helloskola.cz\/zakladni-skola\/wp-json\/wp\/v2\/users\/1"}],"replies":[{"embeddable":true,"href":"https:\/\/www.helloskola.cz\/zakladni-skola\/wp-json\/wp\/v2\/comments?post=2096"}],"version-history":[{"count":36,"href":"https:\/\/www.helloskola.cz\/zakladni-skola\/wp-json\/wp\/v2\/pages\/2096\/revisions"}],"predecessor-version":[{"id":7082,"href":"https:\/\/www.helloskola.cz\/zakladni-skola\/wp-json\/wp\/v2\/pages\/2096\/revisions\/7082"}],"up":[{"embeddable":true,"href":"https:\/\/www.helloskola.cz\/zakladni-skola\/wp-json\/wp\/v2\/pages\/2072"}],"wp:featuredmedia":[{"embeddable":true,"href":"https:\/\/www.helloskola.cz\/zakladni-skola\/wp-json\/wp\/v2\/media\/2575"}],"wp:attachment":[{"href":"https:\/\/www.helloskola.cz\/zakladni-skola\/wp-json\/wp\/v2\/media?parent=2096"}],"curies":[{"name":"wp","href":"https:\/\/api.w.org\/{rel}","templated":true}]}}