{"id":2094,"date":"2022-04-02T16:23:55","date_gmt":"2022-04-02T14:23:55","guid":{"rendered":"https:\/\/www.helloskola.cz\/zakladni-skola\/?page_id=2094"},"modified":"2025-09-13T15:36:28","modified_gmt":"2025-09-13T13:36:28","slug":"4-trida","status":"publish","type":"page","link":"https:\/\/www.helloskola.cz\/zakladni-skola\/nase-tridy\/4-trida\/","title":{"rendered":"4. t\u0159\u00edda"},"content":{"rendered":"\n<h2 class=\"wp-block-heading\">4. t\u0159\u00edda &#8211; Mgr. Dagmar G\u00e9rykov\u00e1<\/h2>\n\n\n\n<p>Nov\u00fd \u0161koln\u00ed rok, nov\u00e1 dobrodru\u017estv\u00ed! Jsme \u010dtvr\u0165\u00e1ci pln\u00ed energie, sportovci na led\u011b i h\u0159i\u0161ti, mal\u00ed\u0159i s fantazi\u00ed plnou barev i knihomolov\u00e9, kte\u0159\u00ed se r\u00e1di ztrat\u00ed mezi str\u00e1nkami p\u0159\u00edb\u011bh\u016f. V\u0161echno tohle dohromady tvo\u0159\u00ed na\u0161i pestrou t\u0159\u00eddu. Ticho u n\u00e1s moc dlouho nevydr\u017e\u00ed, m\u00e1me toti\u017e spoustu n\u00e1pad\u016f a radosti, o kter\u00e9 se chceme pod\u011blit.&nbsp;T\u011b\u0161\u00edme se na v\u0161echny mal\u00e9 i velk\u00e9 okam\u017eiky, kter\u00e9 n\u00e1s v tomto roce spoj\u00ed<strong>.<\/strong><\/p>\n\n\n\n<p><\/p>\n\n\n\n<div class=\"wp-block-columns is-layout-flex wp-container-core-columns-is-layout-28f84493 wp-block-columns-is-layout-flex\">\n<div class=\"wp-block-column is-layout-flow wp-block-column-is-layout-flow\" style=\"flex-basis:66.66%\">\n<figure class=\"wp-block-image size-large\"><img fetchpriority=\"high\" decoding=\"async\" width=\"1024\" height=\"768\" src=\"https:\/\/www.helloskola.cz\/zakladni-skola\/wp-content\/uploads\/sites\/6\/2025\/09\/IMG_20250902_105818-1024x768.jpg\" alt=\"\" class=\"wp-image-6927\" srcset=\"https:\/\/www.helloskola.cz\/zakladni-skola\/wp-content\/uploads\/sites\/6\/2025\/09\/IMG_20250902_105818-1024x768.jpg 1024w, https:\/\/www.helloskola.cz\/zakladni-skola\/wp-content\/uploads\/sites\/6\/2025\/09\/IMG_20250902_105818-300x225.jpg 300w, https:\/\/www.helloskola.cz\/zakladni-skola\/wp-content\/uploads\/sites\/6\/2025\/09\/IMG_20250902_105818-768x576.jpg 768w, https:\/\/www.helloskola.cz\/zakladni-skola\/wp-content\/uploads\/sites\/6\/2025\/09\/IMG_20250902_105818-1536x1152.jpg 1536w, https:\/\/www.helloskola.cz\/zakladni-skola\/wp-content\/uploads\/sites\/6\/2025\/09\/IMG_20250902_105818-2048x1536.jpg 2048w\" sizes=\"(max-width: 1024px) 100vw, 1024px\" \/><\/figure>\n\n\n\n<p><a href=\"https:\/\/www.rajce.idnes.cz\/helloskola\/album\/4-trida-ve-sk-r-2025-26\/1689267714\"><strong>Fotogalerie na\u0161\u00ed t\u0159\u00edd<\/strong>y<\/a><\/p>\n<\/div>\n\n\n\n<div class=\"wp-block-column is-layout-flow wp-block-column-is-layout-flow\" style=\"flex-basis:33.33%\">\n<figure class=\"wp-block-image size-large\"><img decoding=\"async\" width=\"682\" height=\"1024\" src=\"https:\/\/www.helloskola.cz\/zakladni-skola\/wp-content\/uploads\/sites\/6\/2022\/04\/1-40-682x1024.jpg\" alt=\"\" class=\"wp-image-2472\" srcset=\"https:\/\/www.helloskola.cz\/zakladni-skola\/wp-content\/uploads\/sites\/6\/2022\/04\/1-40-682x1024.jpg 682w, https:\/\/www.helloskola.cz\/zakladni-skola\/wp-content\/uploads\/sites\/6\/2022\/04\/1-40-200x300.jpg 200w, https:\/\/www.helloskola.cz\/zakladni-skola\/wp-content\/uploads\/sites\/6\/2022\/04\/1-40-768x1152.jpg 768w, https:\/\/www.helloskola.cz\/zakladni-skola\/wp-content\/uploads\/sites\/6\/2022\/04\/1-40-1024x1536.jpg 1024w, https:\/\/www.helloskola.cz\/zakladni-skola\/wp-content\/uploads\/sites\/6\/2022\/04\/1-40.jpg 1241w\" sizes=\"(max-width: 682px) 100vw, 682px\" \/><\/figure>\n<\/div>\n<\/div>\n\n\n\n<div class=\"wp-block-columns is-layout-flex wp-container-core-columns-is-layout-28f84493 wp-block-columns-is-layout-flex\">\n<div class=\"wp-block-column is-layout-flow wp-block-column-is-layout-flow\">\n<p>Mgr. Dagmar G\u00e9rykov\u00e1 &#8211; t\u0159\u00eddn\u00ed u\u010ditelka, \u010cJ, AJ, VL, P\u0158, VV, P\u010c, OR<\/p>\n\n\n\n<p>Petra Pup\u00edkov\u00e1 &#8211; M, IT<\/p>\n\n\n\n<p>Mgr. Michaela Kusiakov\u00e1 &#8211; TV<\/p>\n\n\n\n<p>Mgr. Veronika B\u00e1rtov\u00e1 &#8211; HV<\/p>\n\n\n\n<p>Jie Vere\u0161ov\u00e1 &#8211; konverzace&nbsp; K-YLE<\/p>\n<\/div>\n\n\n\n<div class=\"wp-block-column is-layout-flow wp-block-column-is-layout-flow\">\n<figure class=\"wp-block-image size-large is-resized\"><img decoding=\"async\" width=\"768\" height=\"1024\" src=\"https:\/\/www.helloskola.cz\/zakladni-skola\/wp-content\/uploads\/sites\/6\/2025\/09\/IMG_20250902_122637-768x1024.jpg\" alt=\"\" class=\"wp-image-6929\" style=\"width:222px;height:auto\" srcset=\"https:\/\/www.helloskola.cz\/zakladni-skola\/wp-content\/uploads\/sites\/6\/2025\/09\/IMG_20250902_122637-768x1024.jpg 768w, https:\/\/www.helloskola.cz\/zakladni-skola\/wp-content\/uploads\/sites\/6\/2025\/09\/IMG_20250902_122637-225x300.jpg 225w, https:\/\/www.helloskola.cz\/zakladni-skola\/wp-content\/uploads\/sites\/6\/2025\/09\/IMG_20250902_122637-1152x1536.jpg 1152w, https:\/\/www.helloskola.cz\/zakladni-skola\/wp-content\/uploads\/sites\/6\/2025\/09\/IMG_20250902_122637-1536x2048.jpg 1536w, https:\/\/www.helloskola.cz\/zakladni-skola\/wp-content\/uploads\/sites\/6\/2025\/09\/IMG_20250902_122637-scaled.jpg 1920w\" sizes=\"(max-width: 768px) 100vw, 768px\" \/><\/figure>\n<\/div>\n<\/div>\n\n\n\n<div class=\"wp-block-columns is-layout-flex wp-container-core-columns-is-layout-28f84493 wp-block-columns-is-layout-flex\">\n<div class=\"wp-block-column is-layout-flow wp-block-column-is-layout-flow\"><\/div>\n\n\n\n<div class=\"wp-block-column is-layout-flow wp-block-column-is-layout-flow\"><\/div>\n<\/div>\n\n\n\n<p><\/p>\n\n\n\n<p><\/p>\n\n\n\n<p>V\u00edce informac\u00ed o&nbsp;na\u0161\u00ed z\u00e1bavn\u00e9 matematice najdete na&nbsp;<a href=\"http:\/\/www.h-mat.cz\/\" target=\"_blank\" rel=\"noreferrer noopener\">Matematika prof. Hejn\u00e9ho<\/a><\/p>\n\n\n\n\n\n\n\n\n\n\n\n\n\n\n\n\n\n\n\n\n\n\n\n<p><\/p>\n\n\n\n<ul class=\"wp-block-list\">\n<li><a href=\"https:\/\/www.helloskola.cz\/zakladni-skola\/wp-content\/uploads\/sites\/6\/2022\/04\/Doporuc\u030cena\u0301-c\u030cetba-3.-roc\u030cni\u0301k-_-HELLO.pdf\" target=\"_blank\" rel=\"noreferrer noopener\">Doporu\u010den\u00e1 \u010detba 4. ro\u010dn\u00edk<\/a><\/li>\n<\/ul>\n\n\n\n<p><\/p>\n","protected":false},"excerpt":{"rendered":"<p>4. t\u0159\u00edda &#8211; Mgr. Dagmar G\u00e9rykov\u00e1 Nov\u00fd \u0161koln\u00ed rok, nov\u00e1 dobrodru\u017estv\u00ed! Jsme \u010dtvr\u0165\u00e1ci pln\u00ed energie, sportovci na led\u011b i h\u0159i\u0161ti, mal\u00ed\u0159i s fantazi\u00ed plnou barev i knihomolov\u00e9, kte\u0159\u00ed se r\u00e1di ztrat\u00ed mezi str\u00e1nkami p\u0159\u00edb\u011bh\u016f. V\u0161echno tohle dohromady tvo\u0159\u00ed na\u0161i pestrou t\u0159\u00eddu. Ticho u n\u00e1s moc dlouho nevydr\u017e\u00ed, m\u00e1me toti\u017e spoustu n\u00e1pad\u016f a radosti, o kter\u00e9 [&hellip;]<\/p>\n","protected":false},"author":1,"featured_media":2575,"parent":2072,"menu_order":0,"comment_status":"closed","ping_status":"closed","template":"","meta":{"footnotes":""},"class_list":["post-2094","page","type-page","status-publish","has-post-thumbnail","hentry"],"yoast_head":"<!-- This site is optimized with the Yoast SEO plugin v24.8.1 - https:\/\/yoast.com\/wordpress\/plugins\/seo\/ -->\n<title>4. t\u0159\u00edda | Z\u00e1kladn\u00ed \u0161kola HELLO<\/title>\n<meta name=\"robots\" content=\"index, follow, max-snippet:-1, max-image-preview:large, max-video-preview:-1\" \/>\n<link rel=\"canonical\" href=\"https:\/\/www.helloskola.cz\/zakladni-skola\/nase-tridy\/4-trida\/\" \/>\n<meta property=\"og:locale\" content=\"cs_CZ\" \/>\n<meta property=\"og:type\" content=\"article\" \/>\n<meta property=\"og:title\" content=\"4. t\u0159\u00edda | Z\u00e1kladn\u00ed \u0161kola HELLO\" \/>\n<meta property=\"og:description\" content=\"4. t\u0159\u00edda &#8211; Mgr. Dagmar G\u00e9rykov\u00e1 Nov\u00fd \u0161koln\u00ed rok, nov\u00e1 dobrodru\u017estv\u00ed! Jsme \u010dtvr\u0165\u00e1ci pln\u00ed energie, sportovci na led\u011b i h\u0159i\u0161ti, mal\u00ed\u0159i s fantazi\u00ed plnou barev i knihomolov\u00e9, kte\u0159\u00ed se r\u00e1di ztrat\u00ed mezi str\u00e1nkami p\u0159\u00edb\u011bh\u016f. V\u0161echno tohle dohromady tvo\u0159\u00ed na\u0161i pestrou t\u0159\u00eddu. Ticho u n\u00e1s moc dlouho nevydr\u017e\u00ed, m\u00e1me toti\u017e spoustu n\u00e1pad\u016f a radosti, o kter\u00e9 [&hellip;]\" \/>\n<meta property=\"og:url\" content=\"https:\/\/www.helloskola.cz\/zakladni-skola\/nase-tridy\/4-trida\/\" \/>\n<meta property=\"og:site_name\" content=\"Z\u00e1kladn\u00ed \u0161kola HELLO\" \/>\n<meta property=\"article:modified_time\" content=\"2025-09-13T13:36:28+00:00\" \/>\n<meta property=\"og:image\" content=\"https:\/\/www.helloskola.cz\/zakladni-skola\/wp-content\/uploads\/sites\/6\/2025\/09\/IMG_20250902_105818-scaled.jpg\" \/>\n\t<meta property=\"og:image:width\" content=\"2560\" \/>\n\t<meta property=\"og:image:height\" content=\"1920\" \/>\n\t<meta property=\"og:image:type\" content=\"image\/jpeg\" \/>\n<meta name=\"twitter:card\" content=\"summary_large_image\" \/>\n<meta name=\"twitter:label1\" content=\"Odhadovan\u00e1 doba \u010dten\u00ed\" \/>\n\t<meta name=\"twitter:data1\" content=\"2 minuty\" \/>\n<script type=\"application\/ld+json\" class=\"yoast-schema-graph\">{\"@context\":\"https:\/\/schema.org\",\"@graph\":[{\"@type\":\"WebPage\",\"@id\":\"https:\/\/www.helloskola.cz\/zakladni-skola\/nase-tridy\/4-trida\/\",\"url\":\"https:\/\/www.helloskola.cz\/zakladni-skola\/nase-tridy\/4-trida\/\",\"name\":\"4. t\u0159\u00edda | Z\u00e1kladn\u00ed \u0161kola HELLO\",\"isPartOf\":{\"@id\":\"https:\/\/www.helloskola.cz\/zakladni-skola\/#website\"},\"primaryImageOfPage\":{\"@id\":\"https:\/\/www.helloskola.cz\/zakladni-skola\/nase-tridy\/4-trida\/#primaryimage\"},\"image\":{\"@id\":\"https:\/\/www.helloskola.cz\/zakladni-skola\/nase-tridy\/4-trida\/#primaryimage\"},\"thumbnailUrl\":\"https:\/\/www.helloskola.cz\/zakladni-skola\/wp-content\/uploads\/sites\/6\/2022\/05\/zakladka-fallback.png\",\"datePublished\":\"2022-04-02T14:23:55+00:00\",\"dateModified\":\"2025-09-13T13:36:28+00:00\",\"breadcrumb\":{\"@id\":\"https:\/\/www.helloskola.cz\/zakladni-skola\/nase-tridy\/4-trida\/#breadcrumb\"},\"inLanguage\":\"cs\",\"potentialAction\":[{\"@type\":\"ReadAction\",\"target\":[\"https:\/\/www.helloskola.cz\/zakladni-skola\/nase-tridy\/4-trida\/\"]}]},{\"@type\":\"ImageObject\",\"inLanguage\":\"cs\",\"@id\":\"https:\/\/www.helloskola.cz\/zakladni-skola\/nase-tridy\/4-trida\/#primaryimage\",\"url\":\"https:\/\/www.helloskola.cz\/zakladni-skola\/wp-content\/uploads\/sites\/6\/2022\/05\/zakladka-fallback.png\",\"contentUrl\":\"https:\/\/www.helloskola.cz\/zakladni-skola\/wp-content\/uploads\/sites\/6\/2022\/05\/zakladka-fallback.png\",\"width\":933,\"height\":700},{\"@type\":\"BreadcrumbList\",\"@id\":\"https:\/\/www.helloskola.cz\/zakladni-skola\/nase-tridy\/4-trida\/#breadcrumb\",\"itemListElement\":[{\"@type\":\"ListItem\",\"position\":1,\"name\":\"\u00davod\",\"item\":\"https:\/\/www.helloskola.cz\/zakladni-skola\/\"},{\"@type\":\"ListItem\",\"position\":2,\"name\":\"Na\u0161e t\u0159\u00eddy\",\"item\":\"https:\/\/www.helloskola.cz\/zakladni-skola\/nase-tridy\/\"},{\"@type\":\"ListItem\",\"position\":3,\"name\":\"4. t\u0159\u00edda\"}]},{\"@type\":\"WebSite\",\"@id\":\"https:\/\/www.helloskola.cz\/zakladni-skola\/#website\",\"url\":\"https:\/\/www.helloskola.cz\/zakladni-skola\/\",\"name\":\"Z\u00e1kladn\u00ed \u0161kola HELLO\",\"description\":\"\u010desko-anglick\u00e1 z\u00e1kladn\u00ed \u0161kola, Ostrava Poruba\",\"publisher\":{\"@id\":\"https:\/\/www.helloskola.cz\/zakladni-skola\/#organization\"},\"potentialAction\":[{\"@type\":\"SearchAction\",\"target\":{\"@type\":\"EntryPoint\",\"urlTemplate\":\"https:\/\/www.helloskola.cz\/zakladni-skola\/?s={search_term_string}\"},\"query-input\":{\"@type\":\"PropertyValueSpecification\",\"valueRequired\":true,\"valueName\":\"search_term_string\"}}],\"inLanguage\":\"cs\"},{\"@type\":\"Organization\",\"@id\":\"https:\/\/www.helloskola.cz\/zakladni-skola\/#organization\",\"name\":\"Z\u00e1kladn\u00ed \u0161kola Hello\",\"url\":\"https:\/\/www.helloskola.cz\/zakladni-skola\/\",\"logo\":{\"@type\":\"ImageObject\",\"inLanguage\":\"cs\",\"@id\":\"https:\/\/www.helloskola.cz\/zakladni-skola\/#\/schema\/logo\/image\/\",\"url\":\"https:\/\/www.helloskola.cz\/zakladni-skola\/wp-content\/uploads\/sites\/6\/2022\/02\/hello_gy_zakladka_logo.svg\",\"contentUrl\":\"https:\/\/www.helloskola.cz\/zakladni-skola\/wp-content\/uploads\/sites\/6\/2022\/02\/hello_gy_zakladka_logo.svg\",\"width\":100,\"height\":100,\"caption\":\"Z\u00e1kladn\u00ed \u0161kola Hello\"},\"image\":{\"@id\":\"https:\/\/www.helloskola.cz\/zakladni-skola\/#\/schema\/logo\/image\/\"}}]}<\/script>\n<!-- \/ Yoast SEO plugin. -->","yoast_head_json":{"title":"4. t\u0159\u00edda | Z\u00e1kladn\u00ed \u0161kola HELLO","robots":{"index":"index","follow":"follow","max-snippet":"max-snippet:-1","max-image-preview":"max-image-preview:large","max-video-preview":"max-video-preview:-1"},"canonical":"https:\/\/www.helloskola.cz\/zakladni-skola\/nase-tridy\/4-trida\/","og_locale":"cs_CZ","og_type":"article","og_title":"4. t\u0159\u00edda | Z\u00e1kladn\u00ed \u0161kola HELLO","og_description":"4. t\u0159\u00edda &#8211; Mgr. Dagmar G\u00e9rykov\u00e1 Nov\u00fd \u0161koln\u00ed rok, nov\u00e1 dobrodru\u017estv\u00ed! Jsme \u010dtvr\u0165\u00e1ci pln\u00ed energie, sportovci na led\u011b i h\u0159i\u0161ti, mal\u00ed\u0159i s fantazi\u00ed plnou barev i knihomolov\u00e9, kte\u0159\u00ed se r\u00e1di ztrat\u00ed mezi str\u00e1nkami p\u0159\u00edb\u011bh\u016f. V\u0161echno tohle dohromady tvo\u0159\u00ed na\u0161i pestrou t\u0159\u00eddu. Ticho u n\u00e1s moc dlouho nevydr\u017e\u00ed, m\u00e1me toti\u017e spoustu n\u00e1pad\u016f a radosti, o kter\u00e9 [&hellip;]","og_url":"https:\/\/www.helloskola.cz\/zakladni-skola\/nase-tridy\/4-trida\/","og_site_name":"Z\u00e1kladn\u00ed \u0161kola HELLO","article_modified_time":"2025-09-13T13:36:28+00:00","og_image":[{"width":2560,"height":1920,"url":"https:\/\/www.helloskola.cz\/zakladni-skola\/wp-content\/uploads\/sites\/6\/2025\/09\/IMG_20250902_105818-scaled.jpg","type":"image\/jpeg"}],"twitter_card":"summary_large_image","twitter_misc":{"Odhadovan\u00e1 doba \u010dten\u00ed":"2 minuty"},"schema":{"@context":"https:\/\/schema.org","@graph":[{"@type":"WebPage","@id":"https:\/\/www.helloskola.cz\/zakladni-skola\/nase-tridy\/4-trida\/","url":"https:\/\/www.helloskola.cz\/zakladni-skola\/nase-tridy\/4-trida\/","name":"4. t\u0159\u00edda | Z\u00e1kladn\u00ed \u0161kola HELLO","isPartOf":{"@id":"https:\/\/www.helloskola.cz\/zakladni-skola\/#website"},"primaryImageOfPage":{"@id":"https:\/\/www.helloskola.cz\/zakladni-skola\/nase-tridy\/4-trida\/#primaryimage"},"image":{"@id":"https:\/\/www.helloskola.cz\/zakladni-skola\/nase-tridy\/4-trida\/#primaryimage"},"thumbnailUrl":"https:\/\/www.helloskola.cz\/zakladni-skola\/wp-content\/uploads\/sites\/6\/2022\/05\/zakladka-fallback.png","datePublished":"2022-04-02T14:23:55+00:00","dateModified":"2025-09-13T13:36:28+00:00","breadcrumb":{"@id":"https:\/\/www.helloskola.cz\/zakladni-skola\/nase-tridy\/4-trida\/#breadcrumb"},"inLanguage":"cs","potentialAction":[{"@type":"ReadAction","target":["https:\/\/www.helloskola.cz\/zakladni-skola\/nase-tridy\/4-trida\/"]}]},{"@type":"ImageObject","inLanguage":"cs","@id":"https:\/\/www.helloskola.cz\/zakladni-skola\/nase-tridy\/4-trida\/#primaryimage","url":"https:\/\/www.helloskola.cz\/zakladni-skola\/wp-content\/uploads\/sites\/6\/2022\/05\/zakladka-fallback.png","contentUrl":"https:\/\/www.helloskola.cz\/zakladni-skola\/wp-content\/uploads\/sites\/6\/2022\/05\/zakladka-fallback.png","width":933,"height":700},{"@type":"BreadcrumbList","@id":"https:\/\/www.helloskola.cz\/zakladni-skola\/nase-tridy\/4-trida\/#breadcrumb","itemListElement":[{"@type":"ListItem","position":1,"name":"\u00davod","item":"https:\/\/www.helloskola.cz\/zakladni-skola\/"},{"@type":"ListItem","position":2,"name":"Na\u0161e t\u0159\u00eddy","item":"https:\/\/www.helloskola.cz\/zakladni-skola\/nase-tridy\/"},{"@type":"ListItem","position":3,"name":"4. t\u0159\u00edda"}]},{"@type":"WebSite","@id":"https:\/\/www.helloskola.cz\/zakladni-skola\/#website","url":"https:\/\/www.helloskola.cz\/zakladni-skola\/","name":"Z\u00e1kladn\u00ed \u0161kola HELLO","description":"\u010desko-anglick\u00e1 z\u00e1kladn\u00ed \u0161kola, Ostrava Poruba","publisher":{"@id":"https:\/\/www.helloskola.cz\/zakladni-skola\/#organization"},"potentialAction":[{"@type":"SearchAction","target":{"@type":"EntryPoint","urlTemplate":"https:\/\/www.helloskola.cz\/zakladni-skola\/?s={search_term_string}"},"query-input":{"@type":"PropertyValueSpecification","valueRequired":true,"valueName":"search_term_string"}}],"inLanguage":"cs"},{"@type":"Organization","@id":"https:\/\/www.helloskola.cz\/zakladni-skola\/#organization","name":"Z\u00e1kladn\u00ed \u0161kola Hello","url":"https:\/\/www.helloskola.cz\/zakladni-skola\/","logo":{"@type":"ImageObject","inLanguage":"cs","@id":"https:\/\/www.helloskola.cz\/zakladni-skola\/#\/schema\/logo\/image\/","url":"https:\/\/www.helloskola.cz\/zakladni-skola\/wp-content\/uploads\/sites\/6\/2022\/02\/hello_gy_zakladka_logo.svg","contentUrl":"https:\/\/www.helloskola.cz\/zakladni-skola\/wp-content\/uploads\/sites\/6\/2022\/02\/hello_gy_zakladka_logo.svg","width":100,"height":100,"caption":"Z\u00e1kladn\u00ed \u0161kola Hello"},"image":{"@id":"https:\/\/www.helloskola.cz\/zakladni-skola\/#\/schema\/logo\/image\/"}}]}},"_links":{"self":[{"href":"https:\/\/www.helloskola.cz\/zakladni-skola\/wp-json\/wp\/v2\/pages\/2094","targetHints":{"allow":["GET"]}}],"collection":[{"href":"https:\/\/www.helloskola.cz\/zakladni-skola\/wp-json\/wp\/v2\/pages"}],"about":[{"href":"https:\/\/www.helloskola.cz\/zakladni-skola\/wp-json\/wp\/v2\/types\/page"}],"author":[{"embeddable":true,"href":"https:\/\/www.helloskola.cz\/zakladni-skola\/wp-json\/wp\/v2\/users\/1"}],"replies":[{"embeddable":true,"href":"https:\/\/www.helloskola.cz\/zakladni-skola\/wp-json\/wp\/v2\/comments?post=2094"}],"version-history":[{"count":42,"href":"https:\/\/www.helloskola.cz\/zakladni-skola\/wp-json\/wp\/v2\/pages\/2094\/revisions"}],"predecessor-version":[{"id":6946,"href":"https:\/\/www.helloskola.cz\/zakladni-skola\/wp-json\/wp\/v2\/pages\/2094\/revisions\/6946"}],"up":[{"embeddable":true,"href":"https:\/\/www.helloskola.cz\/zakladni-skola\/wp-json\/wp\/v2\/pages\/2072"}],"wp:featuredmedia":[{"embeddable":true,"href":"https:\/\/www.helloskola.cz\/zakladni-skola\/wp-json\/wp\/v2\/media\/2575"}],"wp:attachment":[{"href":"https:\/\/www.helloskola.cz\/zakladni-skola\/wp-json\/wp\/v2\/media?parent=2094"}],"curies":[{"name":"wp","href":"https:\/\/api.w.org\/{rel}","templated":true}]}}