{"id":2065,"date":"2022-04-02T13:15:19","date_gmt":"2022-04-02T11:15:19","guid":{"rendered":"https:\/\/www.helloskola.cz\/zakladni-skola\/?page_id=2065"},"modified":"2022-04-02T13:15:20","modified_gmt":"2022-04-02T11:15:20","slug":"nadace-cez","status":"publish","type":"page","link":"https:\/\/www.helloskola.cz\/zakladni-skola\/zivot-skoly-a-trid\/projekty\/ucelova-neinvesticni-dotace-z-fondu-pro-deti-ohrozene-znecistenim-ovzdusi\/nadace-cez\/","title":{"rendered":"Nadace \u010cEZ"},"content":{"rendered":"\n<figure class=\"wp-block-image size-full is-resized\"><img fetchpriority=\"high\" decoding=\"async\" src=\"https:\/\/www.helloskola.cz\/zakladni-skola\/wp-content\/uploads\/sites\/6\/2022\/03\/NadaceCEZ_400x300_RGB_svetlePozadi_transparentni.png\" alt=\"\" class=\"wp-image-1929\" width=\"272\" height=\"204\" srcset=\"https:\/\/www.helloskola.cz\/zakladni-skola\/wp-content\/uploads\/sites\/6\/2022\/03\/NadaceCEZ_400x300_RGB_svetlePozadi_transparentni.png 400w, https:\/\/www.helloskola.cz\/zakladni-skola\/wp-content\/uploads\/sites\/6\/2022\/03\/NadaceCEZ_400x300_RGB_svetlePozadi_transparentni-300x225.png 300w\" sizes=\"(max-width: 272px) 100vw, 272px\" \/><\/figure>\n\n\n\n<p>Vzd\u011bl\u00e1vac\u00ed \u00fastav Hello, kter\u00fd je neziskovou organizac\u00ed funguj\u00edc\u00ed v&nbsp;r\u00e1mci z\u00e1kladn\u00ed \u0161koly Hello, z\u00edskal dotaci na realizaci projektu&nbsp;<strong>Dopln\u011bn\u00ed hern\u00edch prvk\u016f na \u0161koln\u00ed zahrad\u011b<\/strong>.<\/p>\n\n\n\n<p>D\u00edky nadaci&nbsp;<strong>\u010cEZ<\/strong>, kter\u00e1 je poskytovatelem nada\u010dn\u00edho p\u0159\u00edsp\u011bvku, se poda\u0159ilo z\u00edskat finan\u010dn\u00ed prost\u0159edky na vybudov\u00e1n\u00ed hern\u00edho z\u00e1zem\u00ed pro d\u011bti. \u00dasp\u011b\u0161nou realizaci projektu podpo\u0159ili tak\u00e9 d\u011bti, rodi\u010de, zam\u011bstnanci \u0161koly i&nbsp;\u0161irok\u00e1 ve\u0159ejnost, a&nbsp;to d\u00edky aplikaci&nbsp;<strong>Pom\u00e1hej pohybem<\/strong>, prost\u0159ednictv\u00edm kter\u00e9 prob\u00edhal sb\u011br bod\u016f za sportovn\u00ed aktivity, kter\u00e9 byly n\u00e1sledn\u011b prom\u011bn\u011bny na finan\u010dn\u00ed p\u0159\u00edsp\u011bvek.<\/p>\n\n\n\n<p>V\u0161em, kte\u0159\u00ed se do projektu zapojili, d\u011bkujeme.<br>Dal\u0161\u00ed informace o&nbsp;nadaci \u010cEZ a&nbsp;projektech, kter\u00e9 podporuje najdete na&nbsp;<a href=\"http:\/\/www.nadacecez.cz\/\" target=\"_blank\" rel=\"noreferrer noopener\">www.nadacecez.cz<\/a><\/p>\n","protected":false},"excerpt":{"rendered":"<p>Vzd\u011bl\u00e1vac\u00ed \u00fastav Hello, kter\u00fd je neziskovou organizac\u00ed funguj\u00edc\u00ed v&nbsp;r\u00e1mci z\u00e1kladn\u00ed \u0161koly Hello, z\u00edskal dotaci na realizaci projektu&nbsp;Dopln\u011bn\u00ed hern\u00edch prvk\u016f na \u0161koln\u00ed zahrad\u011b. D\u00edky nadaci&nbsp;\u010cEZ, kter\u00e1 je poskytovatelem nada\u010dn\u00edho p\u0159\u00edsp\u011bvku, se poda\u0159ilo z\u00edskat finan\u010dn\u00ed prost\u0159edky na vybudov\u00e1n\u00ed hern\u00edho z\u00e1zem\u00ed pro d\u011bti. \u00dasp\u011b\u0161nou realizaci projektu podpo\u0159ili tak\u00e9 d\u011bti, rodi\u010de, zam\u011bstnanci \u0161koly i&nbsp;\u0161irok\u00e1 ve\u0159ejnost, a&nbsp;to d\u00edky aplikaci&nbsp;Pom\u00e1hej pohybem, [&hellip;]<\/p>\n","protected":false},"author":1,"featured_media":2575,"parent":2063,"menu_order":0,"comment_status":"closed","ping_status":"closed","template":"","meta":{"footnotes":""},"class_list":["post-2065","page","type-page","status-publish","has-post-thumbnail","hentry"],"yoast_head":"<!-- This site is optimized with the Yoast SEO plugin v24.8.1 - https:\/\/yoast.com\/wordpress\/plugins\/seo\/ -->\n<title>Nadace \u010cEZ | Z\u00e1kladn\u00ed \u0161kola HELLO<\/title>\n<meta name=\"robots\" content=\"index, follow, max-snippet:-1, max-image-preview:large, max-video-preview:-1\" \/>\n<link rel=\"canonical\" href=\"https:\/\/www.helloskola.cz\/zakladni-skola\/zivot-skoly-a-trid\/projekty\/ucelova-neinvesticni-dotace-z-fondu-pro-deti-ohrozene-znecistenim-ovzdusi\/nadace-cez\/\" \/>\n<meta property=\"og:locale\" content=\"cs_CZ\" \/>\n<meta property=\"og:type\" content=\"article\" \/>\n<meta property=\"og:title\" content=\"Nadace \u010cEZ | Z\u00e1kladn\u00ed \u0161kola HELLO\" \/>\n<meta property=\"og:description\" content=\"Vzd\u011bl\u00e1vac\u00ed \u00fastav Hello, kter\u00fd je neziskovou organizac\u00ed funguj\u00edc\u00ed v&nbsp;r\u00e1mci z\u00e1kladn\u00ed \u0161koly Hello, z\u00edskal dotaci na realizaci projektu&nbsp;Dopln\u011bn\u00ed hern\u00edch prvk\u016f na \u0161koln\u00ed zahrad\u011b. D\u00edky nadaci&nbsp;\u010cEZ, kter\u00e1 je poskytovatelem nada\u010dn\u00edho p\u0159\u00edsp\u011bvku, se poda\u0159ilo z\u00edskat finan\u010dn\u00ed prost\u0159edky na vybudov\u00e1n\u00ed hern\u00edho z\u00e1zem\u00ed pro d\u011bti. \u00dasp\u011b\u0161nou realizaci projektu podpo\u0159ili tak\u00e9 d\u011bti, rodi\u010de, zam\u011bstnanci \u0161koly i&nbsp;\u0161irok\u00e1 ve\u0159ejnost, a&nbsp;to d\u00edky aplikaci&nbsp;Pom\u00e1hej pohybem, [&hellip;]\" \/>\n<meta property=\"og:url\" content=\"https:\/\/www.helloskola.cz\/zakladni-skola\/zivot-skoly-a-trid\/projekty\/ucelova-neinvesticni-dotace-z-fondu-pro-deti-ohrozene-znecistenim-ovzdusi\/nadace-cez\/\" \/>\n<meta property=\"og:site_name\" content=\"Z\u00e1kladn\u00ed \u0161kola HELLO\" \/>\n<meta property=\"article:modified_time\" content=\"2022-04-02T11:15:20+00:00\" \/>\n<meta property=\"og:image\" content=\"https:\/\/www.helloskola.cz\/zakladni-skola\/wp-content\/uploads\/sites\/6\/2022\/03\/NadaceCEZ_400x300_RGB_svetlePozadi_transparentni.png\" \/>\n<meta name=\"twitter:card\" content=\"summary_large_image\" \/>\n<meta name=\"twitter:label1\" content=\"Odhadovan\u00e1 doba \u010dten\u00ed\" \/>\n\t<meta name=\"twitter:data1\" content=\"1 minuta\" \/>\n<script type=\"application\/ld+json\" class=\"yoast-schema-graph\">{\"@context\":\"https:\/\/schema.org\",\"@graph\":[{\"@type\":\"WebPage\",\"@id\":\"https:\/\/www.helloskola.cz\/zakladni-skola\/zivot-skoly-a-trid\/projekty\/ucelova-neinvesticni-dotace-z-fondu-pro-deti-ohrozene-znecistenim-ovzdusi\/nadace-cez\/\",\"url\":\"https:\/\/www.helloskola.cz\/zakladni-skola\/zivot-skoly-a-trid\/projekty\/ucelova-neinvesticni-dotace-z-fondu-pro-deti-ohrozene-znecistenim-ovzdusi\/nadace-cez\/\",\"name\":\"Nadace \u010cEZ | Z\u00e1kladn\u00ed \u0161kola HELLO\",\"isPartOf\":{\"@id\":\"https:\/\/www.helloskola.cz\/zakladni-skola\/#website\"},\"primaryImageOfPage\":{\"@id\":\"https:\/\/www.helloskola.cz\/zakladni-skola\/zivot-skoly-a-trid\/projekty\/ucelova-neinvesticni-dotace-z-fondu-pro-deti-ohrozene-znecistenim-ovzdusi\/nadace-cez\/#primaryimage\"},\"image\":{\"@id\":\"https:\/\/www.helloskola.cz\/zakladni-skola\/zivot-skoly-a-trid\/projekty\/ucelova-neinvesticni-dotace-z-fondu-pro-deti-ohrozene-znecistenim-ovzdusi\/nadace-cez\/#primaryimage\"},\"thumbnailUrl\":\"https:\/\/www.helloskola.cz\/zakladni-skola\/wp-content\/uploads\/sites\/6\/2022\/05\/zakladka-fallback.png\",\"datePublished\":\"2022-04-02T11:15:19+00:00\",\"dateModified\":\"2022-04-02T11:15:20+00:00\",\"breadcrumb\":{\"@id\":\"https:\/\/www.helloskola.cz\/zakladni-skola\/zivot-skoly-a-trid\/projekty\/ucelova-neinvesticni-dotace-z-fondu-pro-deti-ohrozene-znecistenim-ovzdusi\/nadace-cez\/#breadcrumb\"},\"inLanguage\":\"cs\",\"potentialAction\":[{\"@type\":\"ReadAction\",\"target\":[\"https:\/\/www.helloskola.cz\/zakladni-skola\/zivot-skoly-a-trid\/projekty\/ucelova-neinvesticni-dotace-z-fondu-pro-deti-ohrozene-znecistenim-ovzdusi\/nadace-cez\/\"]}]},{\"@type\":\"ImageObject\",\"inLanguage\":\"cs\",\"@id\":\"https:\/\/www.helloskola.cz\/zakladni-skola\/zivot-skoly-a-trid\/projekty\/ucelova-neinvesticni-dotace-z-fondu-pro-deti-ohrozene-znecistenim-ovzdusi\/nadace-cez\/#primaryimage\",\"url\":\"https:\/\/www.helloskola.cz\/zakladni-skola\/wp-content\/uploads\/sites\/6\/2022\/05\/zakladka-fallback.png\",\"contentUrl\":\"https:\/\/www.helloskola.cz\/zakladni-skola\/wp-content\/uploads\/sites\/6\/2022\/05\/zakladka-fallback.png\",\"width\":933,\"height\":700},{\"@type\":\"BreadcrumbList\",\"@id\":\"https:\/\/www.helloskola.cz\/zakladni-skola\/zivot-skoly-a-trid\/projekty\/ucelova-neinvesticni-dotace-z-fondu-pro-deti-ohrozene-znecistenim-ovzdusi\/nadace-cez\/#breadcrumb\",\"itemListElement\":[{\"@type\":\"ListItem\",\"position\":1,\"name\":\"\u00davod\",\"item\":\"https:\/\/www.helloskola.cz\/zakladni-skola\/\"},{\"@type\":\"ListItem\",\"position\":2,\"name\":\"\u017divot \u0161koly\",\"item\":\"https:\/\/www.helloskola.cz\/zakladni-skola\/zivot-skoly-a-trid\/\"},{\"@type\":\"ListItem\",\"position\":3,\"name\":\"Projekty\",\"item\":\"https:\/\/www.helloskola.cz\/zakladni-skola\/zivot-skoly-a-trid\/projekty\/\"},{\"@type\":\"ListItem\",\"position\":4,\"name\":\"\u00da\u010delov\u00e1 neinvesti\u010dn\u00ed dotace z Fondu pro d\u011bti ohro\u017een\u00e9 zne\u010di\u0161t\u011bn\u00edm ovzdu\u0161\u00ed\",\"item\":\"https:\/\/www.helloskola.cz\/zakladni-skola\/zivot-skoly-a-trid\/projekty\/ucelova-neinvesticni-dotace-z-fondu-pro-deti-ohrozene-znecistenim-ovzdusi\/\"},{\"@type\":\"ListItem\",\"position\":5,\"name\":\"Nadace \u010cEZ\"}]},{\"@type\":\"WebSite\",\"@id\":\"https:\/\/www.helloskola.cz\/zakladni-skola\/#website\",\"url\":\"https:\/\/www.helloskola.cz\/zakladni-skola\/\",\"name\":\"Z\u00e1kladn\u00ed \u0161kola HELLO\",\"description\":\"\u010desko-anglick\u00e1 z\u00e1kladn\u00ed \u0161kola, Ostrava Poruba\",\"publisher\":{\"@id\":\"https:\/\/www.helloskola.cz\/zakladni-skola\/#organization\"},\"potentialAction\":[{\"@type\":\"SearchAction\",\"target\":{\"@type\":\"EntryPoint\",\"urlTemplate\":\"https:\/\/www.helloskola.cz\/zakladni-skola\/?s={search_term_string}\"},\"query-input\":{\"@type\":\"PropertyValueSpecification\",\"valueRequired\":true,\"valueName\":\"search_term_string\"}}],\"inLanguage\":\"cs\"},{\"@type\":\"Organization\",\"@id\":\"https:\/\/www.helloskola.cz\/zakladni-skola\/#organization\",\"name\":\"Z\u00e1kladn\u00ed \u0161kola Hello\",\"url\":\"https:\/\/www.helloskola.cz\/zakladni-skola\/\",\"logo\":{\"@type\":\"ImageObject\",\"inLanguage\":\"cs\",\"@id\":\"https:\/\/www.helloskola.cz\/zakladni-skola\/#\/schema\/logo\/image\/\",\"url\":\"https:\/\/www.helloskola.cz\/zakladni-skola\/wp-content\/uploads\/sites\/6\/2022\/02\/hello_gy_zakladka_logo.svg\",\"contentUrl\":\"https:\/\/www.helloskola.cz\/zakladni-skola\/wp-content\/uploads\/sites\/6\/2022\/02\/hello_gy_zakladka_logo.svg\",\"width\":100,\"height\":100,\"caption\":\"Z\u00e1kladn\u00ed \u0161kola Hello\"},\"image\":{\"@id\":\"https:\/\/www.helloskola.cz\/zakladni-skola\/#\/schema\/logo\/image\/\"}}]}<\/script>\n<!-- \/ Yoast SEO plugin. -->","yoast_head_json":{"title":"Nadace \u010cEZ | Z\u00e1kladn\u00ed \u0161kola HELLO","robots":{"index":"index","follow":"follow","max-snippet":"max-snippet:-1","max-image-preview":"max-image-preview:large","max-video-preview":"max-video-preview:-1"},"canonical":"https:\/\/www.helloskola.cz\/zakladni-skola\/zivot-skoly-a-trid\/projekty\/ucelova-neinvesticni-dotace-z-fondu-pro-deti-ohrozene-znecistenim-ovzdusi\/nadace-cez\/","og_locale":"cs_CZ","og_type":"article","og_title":"Nadace \u010cEZ | Z\u00e1kladn\u00ed \u0161kola HELLO","og_description":"Vzd\u011bl\u00e1vac\u00ed \u00fastav Hello, kter\u00fd je neziskovou organizac\u00ed funguj\u00edc\u00ed v&nbsp;r\u00e1mci z\u00e1kladn\u00ed \u0161koly Hello, z\u00edskal dotaci na realizaci projektu&nbsp;Dopln\u011bn\u00ed hern\u00edch prvk\u016f na \u0161koln\u00ed zahrad\u011b. D\u00edky nadaci&nbsp;\u010cEZ, kter\u00e1 je poskytovatelem nada\u010dn\u00edho p\u0159\u00edsp\u011bvku, se poda\u0159ilo z\u00edskat finan\u010dn\u00ed prost\u0159edky na vybudov\u00e1n\u00ed hern\u00edho z\u00e1zem\u00ed pro d\u011bti. \u00dasp\u011b\u0161nou realizaci projektu podpo\u0159ili tak\u00e9 d\u011bti, rodi\u010de, zam\u011bstnanci \u0161koly i&nbsp;\u0161irok\u00e1 ve\u0159ejnost, a&nbsp;to d\u00edky aplikaci&nbsp;Pom\u00e1hej pohybem, [&hellip;]","og_url":"https:\/\/www.helloskola.cz\/zakladni-skola\/zivot-skoly-a-trid\/projekty\/ucelova-neinvesticni-dotace-z-fondu-pro-deti-ohrozene-znecistenim-ovzdusi\/nadace-cez\/","og_site_name":"Z\u00e1kladn\u00ed \u0161kola HELLO","article_modified_time":"2022-04-02T11:15:20+00:00","og_image":[{"url":"https:\/\/www.helloskola.cz\/zakladni-skola\/wp-content\/uploads\/sites\/6\/2022\/03\/NadaceCEZ_400x300_RGB_svetlePozadi_transparentni.png","type":"","width":"","height":""}],"twitter_card":"summary_large_image","twitter_misc":{"Odhadovan\u00e1 doba \u010dten\u00ed":"1 minuta"},"schema":{"@context":"https:\/\/schema.org","@graph":[{"@type":"WebPage","@id":"https:\/\/www.helloskola.cz\/zakladni-skola\/zivot-skoly-a-trid\/projekty\/ucelova-neinvesticni-dotace-z-fondu-pro-deti-ohrozene-znecistenim-ovzdusi\/nadace-cez\/","url":"https:\/\/www.helloskola.cz\/zakladni-skola\/zivot-skoly-a-trid\/projekty\/ucelova-neinvesticni-dotace-z-fondu-pro-deti-ohrozene-znecistenim-ovzdusi\/nadace-cez\/","name":"Nadace \u010cEZ | Z\u00e1kladn\u00ed \u0161kola HELLO","isPartOf":{"@id":"https:\/\/www.helloskola.cz\/zakladni-skola\/#website"},"primaryImageOfPage":{"@id":"https:\/\/www.helloskola.cz\/zakladni-skola\/zivot-skoly-a-trid\/projekty\/ucelova-neinvesticni-dotace-z-fondu-pro-deti-ohrozene-znecistenim-ovzdusi\/nadace-cez\/#primaryimage"},"image":{"@id":"https:\/\/www.helloskola.cz\/zakladni-skola\/zivot-skoly-a-trid\/projekty\/ucelova-neinvesticni-dotace-z-fondu-pro-deti-ohrozene-znecistenim-ovzdusi\/nadace-cez\/#primaryimage"},"thumbnailUrl":"https:\/\/www.helloskola.cz\/zakladni-skola\/wp-content\/uploads\/sites\/6\/2022\/05\/zakladka-fallback.png","datePublished":"2022-04-02T11:15:19+00:00","dateModified":"2022-04-02T11:15:20+00:00","breadcrumb":{"@id":"https:\/\/www.helloskola.cz\/zakladni-skola\/zivot-skoly-a-trid\/projekty\/ucelova-neinvesticni-dotace-z-fondu-pro-deti-ohrozene-znecistenim-ovzdusi\/nadace-cez\/#breadcrumb"},"inLanguage":"cs","potentialAction":[{"@type":"ReadAction","target":["https:\/\/www.helloskola.cz\/zakladni-skola\/zivot-skoly-a-trid\/projekty\/ucelova-neinvesticni-dotace-z-fondu-pro-deti-ohrozene-znecistenim-ovzdusi\/nadace-cez\/"]}]},{"@type":"ImageObject","inLanguage":"cs","@id":"https:\/\/www.helloskola.cz\/zakladni-skola\/zivot-skoly-a-trid\/projekty\/ucelova-neinvesticni-dotace-z-fondu-pro-deti-ohrozene-znecistenim-ovzdusi\/nadace-cez\/#primaryimage","url":"https:\/\/www.helloskola.cz\/zakladni-skola\/wp-content\/uploads\/sites\/6\/2022\/05\/zakladka-fallback.png","contentUrl":"https:\/\/www.helloskola.cz\/zakladni-skola\/wp-content\/uploads\/sites\/6\/2022\/05\/zakladka-fallback.png","width":933,"height":700},{"@type":"BreadcrumbList","@id":"https:\/\/www.helloskola.cz\/zakladni-skola\/zivot-skoly-a-trid\/projekty\/ucelova-neinvesticni-dotace-z-fondu-pro-deti-ohrozene-znecistenim-ovzdusi\/nadace-cez\/#breadcrumb","itemListElement":[{"@type":"ListItem","position":1,"name":"\u00davod","item":"https:\/\/www.helloskola.cz\/zakladni-skola\/"},{"@type":"ListItem","position":2,"name":"\u017divot \u0161koly","item":"https:\/\/www.helloskola.cz\/zakladni-skola\/zivot-skoly-a-trid\/"},{"@type":"ListItem","position":3,"name":"Projekty","item":"https:\/\/www.helloskola.cz\/zakladni-skola\/zivot-skoly-a-trid\/projekty\/"},{"@type":"ListItem","position":4,"name":"\u00da\u010delov\u00e1 neinvesti\u010dn\u00ed dotace z Fondu pro d\u011bti ohro\u017een\u00e9 zne\u010di\u0161t\u011bn\u00edm ovzdu\u0161\u00ed","item":"https:\/\/www.helloskola.cz\/zakladni-skola\/zivot-skoly-a-trid\/projekty\/ucelova-neinvesticni-dotace-z-fondu-pro-deti-ohrozene-znecistenim-ovzdusi\/"},{"@type":"ListItem","position":5,"name":"Nadace \u010cEZ"}]},{"@type":"WebSite","@id":"https:\/\/www.helloskola.cz\/zakladni-skola\/#website","url":"https:\/\/www.helloskola.cz\/zakladni-skola\/","name":"Z\u00e1kladn\u00ed \u0161kola HELLO","description":"\u010desko-anglick\u00e1 z\u00e1kladn\u00ed \u0161kola, Ostrava Poruba","publisher":{"@id":"https:\/\/www.helloskola.cz\/zakladni-skola\/#organization"},"potentialAction":[{"@type":"SearchAction","target":{"@type":"EntryPoint","urlTemplate":"https:\/\/www.helloskola.cz\/zakladni-skola\/?s={search_term_string}"},"query-input":{"@type":"PropertyValueSpecification","valueRequired":true,"valueName":"search_term_string"}}],"inLanguage":"cs"},{"@type":"Organization","@id":"https:\/\/www.helloskola.cz\/zakladni-skola\/#organization","name":"Z\u00e1kladn\u00ed \u0161kola Hello","url":"https:\/\/www.helloskola.cz\/zakladni-skola\/","logo":{"@type":"ImageObject","inLanguage":"cs","@id":"https:\/\/www.helloskola.cz\/zakladni-skola\/#\/schema\/logo\/image\/","url":"https:\/\/www.helloskola.cz\/zakladni-skola\/wp-content\/uploads\/sites\/6\/2022\/02\/hello_gy_zakladka_logo.svg","contentUrl":"https:\/\/www.helloskola.cz\/zakladni-skola\/wp-content\/uploads\/sites\/6\/2022\/02\/hello_gy_zakladka_logo.svg","width":100,"height":100,"caption":"Z\u00e1kladn\u00ed \u0161kola Hello"},"image":{"@id":"https:\/\/www.helloskola.cz\/zakladni-skola\/#\/schema\/logo\/image\/"}}]}},"_links":{"self":[{"href":"https:\/\/www.helloskola.cz\/zakladni-skola\/wp-json\/wp\/v2\/pages\/2065","targetHints":{"allow":["GET"]}}],"collection":[{"href":"https:\/\/www.helloskola.cz\/zakladni-skola\/wp-json\/wp\/v2\/pages"}],"about":[{"href":"https:\/\/www.helloskola.cz\/zakladni-skola\/wp-json\/wp\/v2\/types\/page"}],"author":[{"embeddable":true,"href":"https:\/\/www.helloskola.cz\/zakladni-skola\/wp-json\/wp\/v2\/users\/1"}],"replies":[{"embeddable":true,"href":"https:\/\/www.helloskola.cz\/zakladni-skola\/wp-json\/wp\/v2\/comments?post=2065"}],"version-history":[{"count":1,"href":"https:\/\/www.helloskola.cz\/zakladni-skola\/wp-json\/wp\/v2\/pages\/2065\/revisions"}],"predecessor-version":[{"id":2066,"href":"https:\/\/www.helloskola.cz\/zakladni-skola\/wp-json\/wp\/v2\/pages\/2065\/revisions\/2066"}],"up":[{"embeddable":true,"href":"https:\/\/www.helloskola.cz\/zakladni-skola\/wp-json\/wp\/v2\/pages\/2063"}],"wp:featuredmedia":[{"embeddable":true,"href":"https:\/\/www.helloskola.cz\/zakladni-skola\/wp-json\/wp\/v2\/media\/2575"}],"wp:attachment":[{"href":"https:\/\/www.helloskola.cz\/zakladni-skola\/wp-json\/wp\/v2\/media?parent=2065"}],"curies":[{"name":"wp","href":"https:\/\/api.w.org\/{rel}","templated":true}]}}