{"id":2024,"date":"2022-04-01T15:04:05","date_gmt":"2022-04-01T13:04:05","guid":{"rendered":"https:\/\/www.helloskola.cz\/zakladni-skola\/?page_id=2024"},"modified":"2024-06-04T11:37:57","modified_gmt":"2024-06-04T09:37:57","slug":"gamify-it","status":"publish","type":"page","link":"https:\/\/www.helloskola.cz\/zakladni-skola\/zivot-skoly-a-trid\/projekty\/gamify-it\/","title":{"rendered":"Gamify IT!"},"content":{"rendered":"\n<figure class=\"wp-block-image size-full\"><img fetchpriority=\"high\" decoding=\"async\" width=\"510\" height=\"105\" src=\"https:\/\/www.helloskola.cz\/zakladni-skola\/wp-content\/uploads\/sites\/6\/2022\/04\/logosbeneficaireserasmusright_en.jpeg\" alt=\"\" class=\"wp-image-2025\" srcset=\"https:\/\/www.helloskola.cz\/zakladni-skola\/wp-content\/uploads\/sites\/6\/2022\/04\/logosbeneficaireserasmusright_en.jpeg 510w, https:\/\/www.helloskola.cz\/zakladni-skola\/wp-content\/uploads\/sites\/6\/2022\/04\/logosbeneficaireserasmusright_en-300x62.jpeg 300w\" sizes=\"(max-width: 510px) 100vw, 510px\" \/><\/figure>\n\n\n\n<h3 class=\"wp-block-heading\">Projekt Gamify IT!<\/h3>\n\n\n\n<p>byl zalo\u017een, aby spojil 3 partnersk\u00e9 \u0161koly (z \u010ceska, \u0160pan\u011blska a&nbsp;Polska), kter\u00e9 budou spolupracovat na tvorb\u011b eduka\u010dn\u00edch her vyu\u017eiteln\u00fdch ve t\u0159\u00edd\u011b. Od projektu o\u010dek\u00e1v\u00e1me, \u017ee n\u00e1m pom\u016f\u017ee rozvinout a&nbsp;pos\u00edlit v\u00fduku odborn\u00fdch p\u0159edm\u011bt\u016f v&nbsp;angli\u010dtin\u011b, a&nbsp;to konkr\u00e9tn\u011b v&nbsp;oblasti p\u0159\u00edrodov\u011bdn\u00e9 a&nbsp;humanitn\u00ed. N\u00e1strojem budou odborn\u011b zam\u011b\u0159en\u00e9 hry, za t\u00edmto \u00fa\u010delem speci\u00e1ln\u011b vytvo\u0159en\u00e9. Hlavn\u00edm d\u016fvodem, pro\u010d jsme se projekt rozhodli realizovat je klesaj\u00edc\u00ed motivace \u017e\u00e1k\u016f v&nbsp;odborn\u00fdch p\u0159edm\u011btech veden\u00fdch v&nbsp;angli\u010dtin\u011b. Projekt, kter\u00fd jsme se rozhodli realizovat, \u0159e\u0161\u00ed toto t\u00e9ma formou atraktivn\u00ed, z\u00e1\u017eivnou a&nbsp;smysluplnou pro studenty i&nbsp;u\u010ditele. Spolupr\u00e1ce s&nbsp;dal\u0161\u00edmi zem\u011bmi umo\u017en\u00ed vytvo\u0159it v\u011bt\u0161\u00ed mno\u017estv\u00ed v\u00fdukov\u00fdch her, \u017e\u00e1ci i&nbsp;pedagogov\u00e9 si vyzkou\u0161\u00ed pr\u00e1ci v&nbsp;mezin\u00e1rodn\u00edch t\u00fdmech a&nbsp;z\u00edskaj\u00ed pohled na \u0159e\u0161en\u00fd probl\u00e9m v&nbsp;kontextu jin\u00fdch zem\u00ed a&nbsp;jin\u00fdch vzd\u011bl\u00e1vac\u00edch syst\u00e9m\u016f.<\/p>\n\n\n\n<p>Projekt je zam\u011b\u0159en na \u017e\u00e1ky 7.,8. a&nbsp;9. t\u0159\u00eddy Z\u0160 a&nbsp;na 1. a&nbsp;2. ro\u010dn\u00edk gymn\u00e1zia.<\/p>\n\n\n\n<div class=\"wp-block-columns is-layout-flex wp-container-core-columns-is-layout-28f84493 wp-block-columns-is-layout-flex\">\n<div class=\"wp-block-column is-layout-flow wp-block-column-is-layout-flow\" style=\"flex-basis:66.66%\">\n<figure class=\"wp-block-image size-full\"><img decoding=\"async\" width=\"691\" height=\"561\" src=\"https:\/\/www.helloskola.cz\/zakladni-skola\/wp-content\/uploads\/sites\/6\/2023\/09\/IMG_7445c.jpeg\" alt=\"\" class=\"wp-image-4878\" srcset=\"https:\/\/www.helloskola.cz\/zakladni-skola\/wp-content\/uploads\/sites\/6\/2023\/09\/IMG_7445c.jpeg 691w, https:\/\/www.helloskola.cz\/zakladni-skola\/wp-content\/uploads\/sites\/6\/2023\/09\/IMG_7445c-300x244.jpeg 300w\" sizes=\"(max-width: 691px) 100vw, 691px\" \/><\/figure>\n<\/div>\n\n\n\n<div class=\"wp-block-column is-layout-flow wp-block-column-is-layout-flow\" style=\"flex-basis:33.33%\">\n<figure class=\"wp-block-image size-full is-resized\"><img decoding=\"async\" src=\"https:\/\/www.helloskola.cz\/zakladni-skola\/wp-content\/uploads\/sites\/6\/2023\/09\/Nekoranec-1d-195x300-1.jpeg\" alt=\"\" class=\"wp-image-4879\" style=\"width:277px;height:426px\" width=\"277\" height=\"426\"\/><\/figure>\n<\/div>\n<\/div>\n\n\n\n<figure class=\"wp-block-video\"><video controls src=\"https:\/\/helloskola-my.sharepoint.com\/:v:\/g\/personal\/nekorancova_hello_cz\/EajY8PDms4pLiW6Yfr5HfyUBUUFYiYgzkHaSs8Gq3Zu46Q?nav=eyJyZWZlcnJhbEluZm8iOnsicmVmZXJyYWxBcHAiOiJPbmVEcml2ZUZvckJ1c2luZXNzIiwicmVmZXJyYWxBcHBQbGF0Zm9ybSI6IldlYiIsInJlZmVycmFsTW9kZSI6InZpZXciLCJyZWZlcnJhbFZpZXciOiJNeUZpbGVzTGlua0NvcHkifX0&amp;e=aa3a9f\"><\/video><\/figure>\n\n\n\n<p><strong>V\u00fdstupy projektu<\/strong><\/p>\n\n\n\n<p><a href=\"https:\/\/helloskola-my.sharepoint.com\/:f:\/g\/personal\/nekorancova_hello_cz\/EqsZlxDTnUVNmHS2UUHDmpoBkFOgp6Km0I9TTg1JO4Kb_A\">Gamify It Games<\/a><\/p>\n\n\n\n<p id=\"https:\/\/drive.google.com\/drive\/folders\/1gM_mNVoU5Xs_JfYBklTRqfz8zLyikGxT?usp=drive_link\"><a href=\"https:\/\/drive.google.com\/drive\/folders\/1gM_mNVoU5Xs_JfYBklTRqfz8zLyikGxT?usp=drive_link\">Evaluation<\/a><\/p>\n\n\n\n<div class=\"wp-block-columns is-layout-flex wp-container-core-columns-is-layout-28f84493 wp-block-columns-is-layout-flex\">\n<div class=\"wp-block-column is-layout-flow wp-block-column-is-layout-flow\">\n<figure class=\"wp-block-image size-large\"><img loading=\"lazy\" decoding=\"async\" width=\"1024\" height=\"768\" src=\"https:\/\/www.helloskola.cz\/zakladni-skola\/wp-content\/uploads\/sites\/6\/2023\/09\/IMG-20230512-WA0046-1024x768.jpg\" alt=\"\" class=\"wp-image-4914\" srcset=\"https:\/\/www.helloskola.cz\/zakladni-skola\/wp-content\/uploads\/sites\/6\/2023\/09\/IMG-20230512-WA0046-1024x768.jpg 1024w, https:\/\/www.helloskola.cz\/zakladni-skola\/wp-content\/uploads\/sites\/6\/2023\/09\/IMG-20230512-WA0046-300x225.jpg 300w, https:\/\/www.helloskola.cz\/zakladni-skola\/wp-content\/uploads\/sites\/6\/2023\/09\/IMG-20230512-WA0046-768x576.jpg 768w, https:\/\/www.helloskola.cz\/zakladni-skola\/wp-content\/uploads\/sites\/6\/2023\/09\/IMG-20230512-WA0046-1536x1152.jpg 1536w, https:\/\/www.helloskola.cz\/zakladni-skola\/wp-content\/uploads\/sites\/6\/2023\/09\/IMG-20230512-WA0046.jpg 1600w\" sizes=\"(max-width: 1024px) 100vw, 1024px\" \/><\/figure>\n<\/div>\n\n\n\n<div class=\"wp-block-column is-layout-flow wp-block-column-is-layout-flow\">\n<figure class=\"wp-block-image size-large\"><img loading=\"lazy\" decoding=\"async\" width=\"1024\" height=\"768\" src=\"https:\/\/www.helloskola.cz\/zakladni-skola\/wp-content\/uploads\/sites\/6\/2023\/09\/IMG-20230511-WA0012-1024x768.jpg\" alt=\"\" class=\"wp-image-4915\" srcset=\"https:\/\/www.helloskola.cz\/zakladni-skola\/wp-content\/uploads\/sites\/6\/2023\/09\/IMG-20230511-WA0012-1024x768.jpg 1024w, https:\/\/www.helloskola.cz\/zakladni-skola\/wp-content\/uploads\/sites\/6\/2023\/09\/IMG-20230511-WA0012-300x225.jpg 300w, https:\/\/www.helloskola.cz\/zakladni-skola\/wp-content\/uploads\/sites\/6\/2023\/09\/IMG-20230511-WA0012-768x576.jpg 768w, https:\/\/www.helloskola.cz\/zakladni-skola\/wp-content\/uploads\/sites\/6\/2023\/09\/IMG-20230511-WA0012-1536x1152.jpg 1536w, https:\/\/www.helloskola.cz\/zakladni-skola\/wp-content\/uploads\/sites\/6\/2023\/09\/IMG-20230511-WA0012.jpg 1600w\" sizes=\"(max-width: 1024px) 100vw, 1024px\" \/><\/figure>\n<\/div>\n\n\n\n<div class=\"wp-block-column is-layout-flow wp-block-column-is-layout-flow\">\n<figure class=\"wp-block-image size-full\"><img loading=\"lazy\" decoding=\"async\" width=\"1024\" height=\"768\" src=\"https:\/\/www.helloskola.cz\/zakladni-skola\/wp-content\/uploads\/sites\/6\/2023\/09\/IMG-20221018-WA0054.jpg\" alt=\"\" class=\"wp-image-4916\" srcset=\"https:\/\/www.helloskola.cz\/zakladni-skola\/wp-content\/uploads\/sites\/6\/2023\/09\/IMG-20221018-WA0054.jpg 1024w, https:\/\/www.helloskola.cz\/zakladni-skola\/wp-content\/uploads\/sites\/6\/2023\/09\/IMG-20221018-WA0054-300x225.jpg 300w, https:\/\/www.helloskola.cz\/zakladni-skola\/wp-content\/uploads\/sites\/6\/2023\/09\/IMG-20221018-WA0054-768x576.jpg 768w\" sizes=\"(max-width: 1024px) 100vw, 1024px\" \/><\/figure>\n<\/div>\n<\/div>\n\n\n\n<div class=\"wp-block-columns is-layout-flex wp-container-core-columns-is-layout-28f84493 wp-block-columns-is-layout-flex\">\n<div class=\"wp-block-column is-layout-flow wp-block-column-is-layout-flow\">\n<figure class=\"wp-block-image size-large\"><img loading=\"lazy\" decoding=\"async\" width=\"1024\" height=\"768\" src=\"https:\/\/www.helloskola.cz\/zakladni-skola\/wp-content\/uploads\/sites\/6\/2023\/09\/IMG-20220607-WA0006-1024x768.jpg\" alt=\"\" class=\"wp-image-4918\" srcset=\"https:\/\/www.helloskola.cz\/zakladni-skola\/wp-content\/uploads\/sites\/6\/2023\/09\/IMG-20220607-WA0006-1024x768.jpg 1024w, https:\/\/www.helloskola.cz\/zakladni-skola\/wp-content\/uploads\/sites\/6\/2023\/09\/IMG-20220607-WA0006-300x225.jpg 300w, https:\/\/www.helloskola.cz\/zakladni-skola\/wp-content\/uploads\/sites\/6\/2023\/09\/IMG-20220607-WA0006-768x576.jpg 768w, https:\/\/www.helloskola.cz\/zakladni-skola\/wp-content\/uploads\/sites\/6\/2023\/09\/IMG-20220607-WA0006-1536x1152.jpg 1536w, https:\/\/www.helloskola.cz\/zakladni-skola\/wp-content\/uploads\/sites\/6\/2023\/09\/IMG-20220607-WA0006.jpg 2048w\" sizes=\"(max-width: 1024px) 100vw, 1024px\" \/><\/figure>\n<\/div>\n\n\n\n<div class=\"wp-block-column is-layout-flow wp-block-column-is-layout-flow\">\n<figure class=\"wp-block-image size-full\"><img loading=\"lazy\" decoding=\"async\" width=\"1024\" height=\"768\" src=\"https:\/\/www.helloskola.cz\/zakladni-skola\/wp-content\/uploads\/sites\/6\/2023\/09\/IMG-20220606-WA0011.jpg\" alt=\"\" class=\"wp-image-4919\" srcset=\"https:\/\/www.helloskola.cz\/zakladni-skola\/wp-content\/uploads\/sites\/6\/2023\/09\/IMG-20220606-WA0011.jpg 1024w, https:\/\/www.helloskola.cz\/zakladni-skola\/wp-content\/uploads\/sites\/6\/2023\/09\/IMG-20220606-WA0011-300x225.jpg 300w, https:\/\/www.helloskola.cz\/zakladni-skola\/wp-content\/uploads\/sites\/6\/2023\/09\/IMG-20220606-WA0011-768x576.jpg 768w\" sizes=\"(max-width: 1024px) 100vw, 1024px\" \/><\/figure>\n<\/div>\n\n\n\n<div class=\"wp-block-column is-layout-flow wp-block-column-is-layout-flow\">\n<figure class=\"wp-block-image size-large\"><img loading=\"lazy\" decoding=\"async\" width=\"1024\" height=\"768\" src=\"https:\/\/www.helloskola.cz\/zakladni-skola\/wp-content\/uploads\/sites\/6\/2023\/09\/IMG-20220606-WA0006-1024x768.jpg\" alt=\"\" class=\"wp-image-4920\" srcset=\"https:\/\/www.helloskola.cz\/zakladni-skola\/wp-content\/uploads\/sites\/6\/2023\/09\/IMG-20220606-WA0006-1024x768.jpg 1024w, https:\/\/www.helloskola.cz\/zakladni-skola\/wp-content\/uploads\/sites\/6\/2023\/09\/IMG-20220606-WA0006-300x225.jpg 300w, https:\/\/www.helloskola.cz\/zakladni-skola\/wp-content\/uploads\/sites\/6\/2023\/09\/IMG-20220606-WA0006-768x576.jpg 768w, https:\/\/www.helloskola.cz\/zakladni-skola\/wp-content\/uploads\/sites\/6\/2023\/09\/IMG-20220606-WA0006-1536x1152.jpg 1536w, https:\/\/www.helloskola.cz\/zakladni-skola\/wp-content\/uploads\/sites\/6\/2023\/09\/IMG-20220606-WA0006.jpg 2048w\" sizes=\"(max-width: 1024px) 100vw, 1024px\" \/><\/figure>\n<\/div>\n<\/div>\n\n\n\n<div class=\"wp-block-columns is-layout-flex wp-container-core-columns-is-layout-28f84493 wp-block-columns-is-layout-flex\">\n<div class=\"wp-block-column is-layout-flow wp-block-column-is-layout-flow\">\n<figure class=\"wp-block-image size-large\"><img loading=\"lazy\" decoding=\"async\" width=\"1024\" height=\"768\" src=\"https:\/\/www.helloskola.cz\/zakladni-skola\/wp-content\/uploads\/sites\/6\/2023\/09\/IMG_20230510_095442-1024x768.jpg\" alt=\"\" class=\"wp-image-4921\" srcset=\"https:\/\/www.helloskola.cz\/zakladni-skola\/wp-content\/uploads\/sites\/6\/2023\/09\/IMG_20230510_095442-1024x768.jpg 1024w, https:\/\/www.helloskola.cz\/zakladni-skola\/wp-content\/uploads\/sites\/6\/2023\/09\/IMG_20230510_095442-300x225.jpg 300w, https:\/\/www.helloskola.cz\/zakladni-skola\/wp-content\/uploads\/sites\/6\/2023\/09\/IMG_20230510_095442-768x576.jpg 768w, https:\/\/www.helloskola.cz\/zakladni-skola\/wp-content\/uploads\/sites\/6\/2023\/09\/IMG_20230510_095442-1536x1152.jpg 1536w, https:\/\/www.helloskola.cz\/zakladni-skola\/wp-content\/uploads\/sites\/6\/2023\/09\/IMG_20230510_095442-2048x1536.jpg 2048w\" sizes=\"(max-width: 1024px) 100vw, 1024px\" \/><\/figure>\n<\/div>\n\n\n\n<div class=\"wp-block-column is-layout-flow wp-block-column-is-layout-flow\">\n<figure class=\"wp-block-image size-large\"><img loading=\"lazy\" decoding=\"async\" width=\"1024\" height=\"768\" src=\"https:\/\/www.helloskola.cz\/zakladni-skola\/wp-content\/uploads\/sites\/6\/2023\/09\/IMG_20230509_101211-1024x768.jpg\" alt=\"\" class=\"wp-image-4922\" srcset=\"https:\/\/www.helloskola.cz\/zakladni-skola\/wp-content\/uploads\/sites\/6\/2023\/09\/IMG_20230509_101211-1024x768.jpg 1024w, https:\/\/www.helloskola.cz\/zakladni-skola\/wp-content\/uploads\/sites\/6\/2023\/09\/IMG_20230509_101211-300x225.jpg 300w, https:\/\/www.helloskola.cz\/zakladni-skola\/wp-content\/uploads\/sites\/6\/2023\/09\/IMG_20230509_101211-768x576.jpg 768w, https:\/\/www.helloskola.cz\/zakladni-skola\/wp-content\/uploads\/sites\/6\/2023\/09\/IMG_20230509_101211-1536x1152.jpg 1536w, https:\/\/www.helloskola.cz\/zakladni-skola\/wp-content\/uploads\/sites\/6\/2023\/09\/IMG_20230509_101211-2048x1536.jpg 2048w\" sizes=\"(max-width: 1024px) 100vw, 1024px\" \/><\/figure>\n<\/div>\n<\/div>\n","protected":false},"excerpt":{"rendered":"<p>Projekt Gamify IT! byl zalo\u017een, aby spojil 3 partnersk\u00e9 \u0161koly (z \u010ceska, \u0160pan\u011blska a&nbsp;Polska), kter\u00e9 budou spolupracovat na tvorb\u011b eduka\u010dn\u00edch her vyu\u017eiteln\u00fdch ve t\u0159\u00edd\u011b. Od projektu o\u010dek\u00e1v\u00e1me, \u017ee n\u00e1m pom\u016f\u017ee rozvinout a&nbsp;pos\u00edlit v\u00fduku odborn\u00fdch p\u0159edm\u011bt\u016f v&nbsp;angli\u010dtin\u011b, a&nbsp;to konkr\u00e9tn\u011b v&nbsp;oblasti p\u0159\u00edrodov\u011bdn\u00e9 a&nbsp;humanitn\u00ed. N\u00e1strojem budou odborn\u011b zam\u011b\u0159en\u00e9 hry, za t\u00edmto \u00fa\u010delem speci\u00e1ln\u011b vytvo\u0159en\u00e9. Hlavn\u00edm d\u016fvodem, pro\u010d jsme [&hellip;]<\/p>\n","protected":false},"author":1,"featured_media":2575,"parent":1924,"menu_order":0,"comment_status":"closed","ping_status":"closed","template":"","meta":{"footnotes":""},"class_list":["post-2024","page","type-page","status-publish","has-post-thumbnail","hentry"],"yoast_head":"<!-- This site is optimized with the Yoast SEO plugin v24.8.1 - https:\/\/yoast.com\/wordpress\/plugins\/seo\/ -->\n<title>Gamify IT! | Z\u00e1kladn\u00ed \u0161kola HELLO<\/title>\n<meta name=\"robots\" content=\"index, follow, max-snippet:-1, max-image-preview:large, max-video-preview:-1\" \/>\n<link rel=\"canonical\" href=\"https:\/\/www.helloskola.cz\/zakladni-skola\/zivot-skoly-a-trid\/projekty\/gamify-it\/\" \/>\n<meta property=\"og:locale\" content=\"cs_CZ\" \/>\n<meta property=\"og:type\" content=\"article\" \/>\n<meta property=\"og:title\" content=\"Gamify IT! | Z\u00e1kladn\u00ed \u0161kola HELLO\" \/>\n<meta property=\"og:description\" content=\"Projekt Gamify IT! byl zalo\u017een, aby spojil 3 partnersk\u00e9 \u0161koly (z \u010ceska, \u0160pan\u011blska a&nbsp;Polska), kter\u00e9 budou spolupracovat na tvorb\u011b eduka\u010dn\u00edch her vyu\u017eiteln\u00fdch ve t\u0159\u00edd\u011b. Od projektu o\u010dek\u00e1v\u00e1me, \u017ee n\u00e1m pom\u016f\u017ee rozvinout a&nbsp;pos\u00edlit v\u00fduku odborn\u00fdch p\u0159edm\u011bt\u016f v&nbsp;angli\u010dtin\u011b, a&nbsp;to konkr\u00e9tn\u011b v&nbsp;oblasti p\u0159\u00edrodov\u011bdn\u00e9 a&nbsp;humanitn\u00ed. N\u00e1strojem budou odborn\u011b zam\u011b\u0159en\u00e9 hry, za t\u00edmto \u00fa\u010delem speci\u00e1ln\u011b vytvo\u0159en\u00e9. Hlavn\u00edm d\u016fvodem, pro\u010d jsme [&hellip;]\" \/>\n<meta property=\"og:url\" content=\"https:\/\/www.helloskola.cz\/zakladni-skola\/zivot-skoly-a-trid\/projekty\/gamify-it\/\" \/>\n<meta property=\"og:site_name\" content=\"Z\u00e1kladn\u00ed \u0161kola HELLO\" \/>\n<meta property=\"article:modified_time\" content=\"2024-06-04T09:37:57+00:00\" \/>\n<meta property=\"og:image\" content=\"https:\/\/www.helloskola.cz\/zakladni-skola\/wp-content\/uploads\/sites\/6\/2022\/04\/logosbeneficaireserasmusright_en.jpeg\" \/>\n<meta name=\"twitter:card\" content=\"summary_large_image\" \/>\n<meta name=\"twitter:label1\" content=\"Odhadovan\u00e1 doba \u010dten\u00ed\" \/>\n\t<meta name=\"twitter:data1\" content=\"4 minuty\" \/>\n<script type=\"application\/ld+json\" class=\"yoast-schema-graph\">{\"@context\":\"https:\/\/schema.org\",\"@graph\":[{\"@type\":\"WebPage\",\"@id\":\"https:\/\/www.helloskola.cz\/zakladni-skola\/zivot-skoly-a-trid\/projekty\/gamify-it\/\",\"url\":\"https:\/\/www.helloskola.cz\/zakladni-skola\/zivot-skoly-a-trid\/projekty\/gamify-it\/\",\"name\":\"Gamify IT! | Z\u00e1kladn\u00ed \u0161kola HELLO\",\"isPartOf\":{\"@id\":\"https:\/\/www.helloskola.cz\/zakladni-skola\/#website\"},\"primaryImageOfPage\":{\"@id\":\"https:\/\/www.helloskola.cz\/zakladni-skola\/zivot-skoly-a-trid\/projekty\/gamify-it\/#primaryimage\"},\"image\":{\"@id\":\"https:\/\/www.helloskola.cz\/zakladni-skola\/zivot-skoly-a-trid\/projekty\/gamify-it\/#primaryimage\"},\"thumbnailUrl\":\"https:\/\/www.helloskola.cz\/zakladni-skola\/wp-content\/uploads\/sites\/6\/2022\/05\/zakladka-fallback.png\",\"datePublished\":\"2022-04-01T13:04:05+00:00\",\"dateModified\":\"2024-06-04T09:37:57+00:00\",\"breadcrumb\":{\"@id\":\"https:\/\/www.helloskola.cz\/zakladni-skola\/zivot-skoly-a-trid\/projekty\/gamify-it\/#breadcrumb\"},\"inLanguage\":\"cs\",\"potentialAction\":[{\"@type\":\"ReadAction\",\"target\":[\"https:\/\/www.helloskola.cz\/zakladni-skola\/zivot-skoly-a-trid\/projekty\/gamify-it\/\"]}]},{\"@type\":\"ImageObject\",\"inLanguage\":\"cs\",\"@id\":\"https:\/\/www.helloskola.cz\/zakladni-skola\/zivot-skoly-a-trid\/projekty\/gamify-it\/#primaryimage\",\"url\":\"https:\/\/www.helloskola.cz\/zakladni-skola\/wp-content\/uploads\/sites\/6\/2022\/05\/zakladka-fallback.png\",\"contentUrl\":\"https:\/\/www.helloskola.cz\/zakladni-skola\/wp-content\/uploads\/sites\/6\/2022\/05\/zakladka-fallback.png\",\"width\":933,\"height\":700},{\"@type\":\"BreadcrumbList\",\"@id\":\"https:\/\/www.helloskola.cz\/zakladni-skola\/zivot-skoly-a-trid\/projekty\/gamify-it\/#breadcrumb\",\"itemListElement\":[{\"@type\":\"ListItem\",\"position\":1,\"name\":\"\u00davod\",\"item\":\"https:\/\/www.helloskola.cz\/zakladni-skola\/\"},{\"@type\":\"ListItem\",\"position\":2,\"name\":\"\u017divot \u0161koly\",\"item\":\"https:\/\/www.helloskola.cz\/zakladni-skola\/zivot-skoly-a-trid\/\"},{\"@type\":\"ListItem\",\"position\":3,\"name\":\"Projekty\",\"item\":\"https:\/\/www.helloskola.cz\/zakladni-skola\/zivot-skoly-a-trid\/projekty\/\"},{\"@type\":\"ListItem\",\"position\":4,\"name\":\"Gamify IT!\"}]},{\"@type\":\"WebSite\",\"@id\":\"https:\/\/www.helloskola.cz\/zakladni-skola\/#website\",\"url\":\"https:\/\/www.helloskola.cz\/zakladni-skola\/\",\"name\":\"Z\u00e1kladn\u00ed \u0161kola HELLO\",\"description\":\"\u010desko-anglick\u00e1 z\u00e1kladn\u00ed \u0161kola, Ostrava Poruba\",\"publisher\":{\"@id\":\"https:\/\/www.helloskola.cz\/zakladni-skola\/#organization\"},\"potentialAction\":[{\"@type\":\"SearchAction\",\"target\":{\"@type\":\"EntryPoint\",\"urlTemplate\":\"https:\/\/www.helloskola.cz\/zakladni-skola\/?s={search_term_string}\"},\"query-input\":{\"@type\":\"PropertyValueSpecification\",\"valueRequired\":true,\"valueName\":\"search_term_string\"}}],\"inLanguage\":\"cs\"},{\"@type\":\"Organization\",\"@id\":\"https:\/\/www.helloskola.cz\/zakladni-skola\/#organization\",\"name\":\"Z\u00e1kladn\u00ed \u0161kola Hello\",\"url\":\"https:\/\/www.helloskola.cz\/zakladni-skola\/\",\"logo\":{\"@type\":\"ImageObject\",\"inLanguage\":\"cs\",\"@id\":\"https:\/\/www.helloskola.cz\/zakladni-skola\/#\/schema\/logo\/image\/\",\"url\":\"https:\/\/www.helloskola.cz\/zakladni-skola\/wp-content\/uploads\/sites\/6\/2022\/02\/hello_gy_zakladka_logo.svg\",\"contentUrl\":\"https:\/\/www.helloskola.cz\/zakladni-skola\/wp-content\/uploads\/sites\/6\/2022\/02\/hello_gy_zakladka_logo.svg\",\"width\":100,\"height\":100,\"caption\":\"Z\u00e1kladn\u00ed \u0161kola Hello\"},\"image\":{\"@id\":\"https:\/\/www.helloskola.cz\/zakladni-skola\/#\/schema\/logo\/image\/\"}}]}<\/script>\n<!-- \/ Yoast SEO plugin. -->","yoast_head_json":{"title":"Gamify IT! | Z\u00e1kladn\u00ed \u0161kola HELLO","robots":{"index":"index","follow":"follow","max-snippet":"max-snippet:-1","max-image-preview":"max-image-preview:large","max-video-preview":"max-video-preview:-1"},"canonical":"https:\/\/www.helloskola.cz\/zakladni-skola\/zivot-skoly-a-trid\/projekty\/gamify-it\/","og_locale":"cs_CZ","og_type":"article","og_title":"Gamify IT! | Z\u00e1kladn\u00ed \u0161kola HELLO","og_description":"Projekt Gamify IT! byl zalo\u017een, aby spojil 3 partnersk\u00e9 \u0161koly (z \u010ceska, \u0160pan\u011blska a&nbsp;Polska), kter\u00e9 budou spolupracovat na tvorb\u011b eduka\u010dn\u00edch her vyu\u017eiteln\u00fdch ve t\u0159\u00edd\u011b. Od projektu o\u010dek\u00e1v\u00e1me, \u017ee n\u00e1m pom\u016f\u017ee rozvinout a&nbsp;pos\u00edlit v\u00fduku odborn\u00fdch p\u0159edm\u011bt\u016f v&nbsp;angli\u010dtin\u011b, a&nbsp;to konkr\u00e9tn\u011b v&nbsp;oblasti p\u0159\u00edrodov\u011bdn\u00e9 a&nbsp;humanitn\u00ed. N\u00e1strojem budou odborn\u011b zam\u011b\u0159en\u00e9 hry, za t\u00edmto \u00fa\u010delem speci\u00e1ln\u011b vytvo\u0159en\u00e9. Hlavn\u00edm d\u016fvodem, pro\u010d jsme [&hellip;]","og_url":"https:\/\/www.helloskola.cz\/zakladni-skola\/zivot-skoly-a-trid\/projekty\/gamify-it\/","og_site_name":"Z\u00e1kladn\u00ed \u0161kola HELLO","article_modified_time":"2024-06-04T09:37:57+00:00","og_image":[{"url":"https:\/\/www.helloskola.cz\/zakladni-skola\/wp-content\/uploads\/sites\/6\/2022\/04\/logosbeneficaireserasmusright_en.jpeg","type":"","width":"","height":""}],"twitter_card":"summary_large_image","twitter_misc":{"Odhadovan\u00e1 doba \u010dten\u00ed":"4 minuty"},"schema":{"@context":"https:\/\/schema.org","@graph":[{"@type":"WebPage","@id":"https:\/\/www.helloskola.cz\/zakladni-skola\/zivot-skoly-a-trid\/projekty\/gamify-it\/","url":"https:\/\/www.helloskola.cz\/zakladni-skola\/zivot-skoly-a-trid\/projekty\/gamify-it\/","name":"Gamify IT! | Z\u00e1kladn\u00ed \u0161kola HELLO","isPartOf":{"@id":"https:\/\/www.helloskola.cz\/zakladni-skola\/#website"},"primaryImageOfPage":{"@id":"https:\/\/www.helloskola.cz\/zakladni-skola\/zivot-skoly-a-trid\/projekty\/gamify-it\/#primaryimage"},"image":{"@id":"https:\/\/www.helloskola.cz\/zakladni-skola\/zivot-skoly-a-trid\/projekty\/gamify-it\/#primaryimage"},"thumbnailUrl":"https:\/\/www.helloskola.cz\/zakladni-skola\/wp-content\/uploads\/sites\/6\/2022\/05\/zakladka-fallback.png","datePublished":"2022-04-01T13:04:05+00:00","dateModified":"2024-06-04T09:37:57+00:00","breadcrumb":{"@id":"https:\/\/www.helloskola.cz\/zakladni-skola\/zivot-skoly-a-trid\/projekty\/gamify-it\/#breadcrumb"},"inLanguage":"cs","potentialAction":[{"@type":"ReadAction","target":["https:\/\/www.helloskola.cz\/zakladni-skola\/zivot-skoly-a-trid\/projekty\/gamify-it\/"]}]},{"@type":"ImageObject","inLanguage":"cs","@id":"https:\/\/www.helloskola.cz\/zakladni-skola\/zivot-skoly-a-trid\/projekty\/gamify-it\/#primaryimage","url":"https:\/\/www.helloskola.cz\/zakladni-skola\/wp-content\/uploads\/sites\/6\/2022\/05\/zakladka-fallback.png","contentUrl":"https:\/\/www.helloskola.cz\/zakladni-skola\/wp-content\/uploads\/sites\/6\/2022\/05\/zakladka-fallback.png","width":933,"height":700},{"@type":"BreadcrumbList","@id":"https:\/\/www.helloskola.cz\/zakladni-skola\/zivot-skoly-a-trid\/projekty\/gamify-it\/#breadcrumb","itemListElement":[{"@type":"ListItem","position":1,"name":"\u00davod","item":"https:\/\/www.helloskola.cz\/zakladni-skola\/"},{"@type":"ListItem","position":2,"name":"\u017divot \u0161koly","item":"https:\/\/www.helloskola.cz\/zakladni-skola\/zivot-skoly-a-trid\/"},{"@type":"ListItem","position":3,"name":"Projekty","item":"https:\/\/www.helloskola.cz\/zakladni-skola\/zivot-skoly-a-trid\/projekty\/"},{"@type":"ListItem","position":4,"name":"Gamify IT!"}]},{"@type":"WebSite","@id":"https:\/\/www.helloskola.cz\/zakladni-skola\/#website","url":"https:\/\/www.helloskola.cz\/zakladni-skola\/","name":"Z\u00e1kladn\u00ed \u0161kola HELLO","description":"\u010desko-anglick\u00e1 z\u00e1kladn\u00ed \u0161kola, Ostrava Poruba","publisher":{"@id":"https:\/\/www.helloskola.cz\/zakladni-skola\/#organization"},"potentialAction":[{"@type":"SearchAction","target":{"@type":"EntryPoint","urlTemplate":"https:\/\/www.helloskola.cz\/zakladni-skola\/?s={search_term_string}"},"query-input":{"@type":"PropertyValueSpecification","valueRequired":true,"valueName":"search_term_string"}}],"inLanguage":"cs"},{"@type":"Organization","@id":"https:\/\/www.helloskola.cz\/zakladni-skola\/#organization","name":"Z\u00e1kladn\u00ed \u0161kola Hello","url":"https:\/\/www.helloskola.cz\/zakladni-skola\/","logo":{"@type":"ImageObject","inLanguage":"cs","@id":"https:\/\/www.helloskola.cz\/zakladni-skola\/#\/schema\/logo\/image\/","url":"https:\/\/www.helloskola.cz\/zakladni-skola\/wp-content\/uploads\/sites\/6\/2022\/02\/hello_gy_zakladka_logo.svg","contentUrl":"https:\/\/www.helloskola.cz\/zakladni-skola\/wp-content\/uploads\/sites\/6\/2022\/02\/hello_gy_zakladka_logo.svg","width":100,"height":100,"caption":"Z\u00e1kladn\u00ed \u0161kola Hello"},"image":{"@id":"https:\/\/www.helloskola.cz\/zakladni-skola\/#\/schema\/logo\/image\/"}}]}},"_links":{"self":[{"href":"https:\/\/www.helloskola.cz\/zakladni-skola\/wp-json\/wp\/v2\/pages\/2024","targetHints":{"allow":["GET"]}}],"collection":[{"href":"https:\/\/www.helloskola.cz\/zakladni-skola\/wp-json\/wp\/v2\/pages"}],"about":[{"href":"https:\/\/www.helloskola.cz\/zakladni-skola\/wp-json\/wp\/v2\/types\/page"}],"author":[{"embeddable":true,"href":"https:\/\/www.helloskola.cz\/zakladni-skola\/wp-json\/wp\/v2\/users\/1"}],"replies":[{"embeddable":true,"href":"https:\/\/www.helloskola.cz\/zakladni-skola\/wp-json\/wp\/v2\/comments?post=2024"}],"version-history":[{"count":15,"href":"https:\/\/www.helloskola.cz\/zakladni-skola\/wp-json\/wp\/v2\/pages\/2024\/revisions"}],"predecessor-version":[{"id":5810,"href":"https:\/\/www.helloskola.cz\/zakladni-skola\/wp-json\/wp\/v2\/pages\/2024\/revisions\/5810"}],"up":[{"embeddable":true,"href":"https:\/\/www.helloskola.cz\/zakladni-skola\/wp-json\/wp\/v2\/pages\/1924"}],"wp:featuredmedia":[{"embeddable":true,"href":"https:\/\/www.helloskola.cz\/zakladni-skola\/wp-json\/wp\/v2\/media\/2575"}],"wp:attachment":[{"href":"https:\/\/www.helloskola.cz\/zakladni-skola\/wp-json\/wp\/v2\/media?parent=2024"}],"curies":[{"name":"wp","href":"https:\/\/api.w.org\/{rel}","templated":true}]}}