{"id":2021,"date":"2022-04-01T14:56:28","date_gmt":"2022-04-01T12:56:28","guid":{"rendered":"https:\/\/www.helloskola.cz\/zakladni-skola\/?page_id=2021"},"modified":"2025-03-21T14:24:27","modified_gmt":"2025-03-21T13:24:27","slug":"prirodni-zahrada-hello","status":"publish","type":"page","link":"https:\/\/www.helloskola.cz\/zakladni-skola\/zivot-skoly-a-trid\/projekty\/prirodni-zahrada-hello\/","title":{"rendered":"P\u0159\u00edrodn\u00ed zahrada Hello"},"content":{"rendered":"\n<figure class=\"wp-block-image size-full\"><img fetchpriority=\"high\" decoding=\"async\" width=\"745\" height=\"125\" src=\"https:\/\/www.helloskola.cz\/zakladni-skola\/wp-content\/uploads\/sites\/6\/2022\/04\/NPZP_povinna\u0301-publicita_banner-A4_rgb.jpeg\" alt=\"\" class=\"wp-image-2022\" srcset=\"https:\/\/www.helloskola.cz\/zakladni-skola\/wp-content\/uploads\/sites\/6\/2022\/04\/NPZP_povinna\u0301-publicita_banner-A4_rgb.jpeg 745w, https:\/\/www.helloskola.cz\/zakladni-skola\/wp-content\/uploads\/sites\/6\/2022\/04\/NPZP_povinna\u0301-publicita_banner-A4_rgb-300x50.jpeg 300w\" sizes=\"(max-width: 745px) 100vw, 745px\" \/><\/figure>\n\n\n\n<p>C\u00edlem projektu je vybudov\u00e1n\u00ed p\u0159\u00edrodn\u00ed zahrady v&nbsp;are\u00e1lu z\u00e1kladn\u00ed \u0161koly a&nbsp;gymn\u00e1zia Hello. Sou\u010d\u00e1st\u00ed projektu je v\u00fdsadba stanovi\u0161tn\u011b vhodn\u00e9ho stromu a&nbsp;n\u00e1r\u016fst \u010dasov\u00e9 dotace ve vyu\u017e\u00edv\u00e1n\u00ed zahrady. V&nbsp;r\u00e1mci realizace projektu dojde k&nbsp;\u00faprav\u011b zahrady na plo\u0161e 600 m2.<\/p>\n","protected":false},"excerpt":{"rendered":"<p>C\u00edlem projektu je vybudov\u00e1n\u00ed p\u0159\u00edrodn\u00ed zahrady v&nbsp;are\u00e1lu z\u00e1kladn\u00ed \u0161koly a&nbsp;gymn\u00e1zia Hello. Sou\u010d\u00e1st\u00ed projektu je v\u00fdsadba stanovi\u0161tn\u011b vhodn\u00e9ho stromu a&nbsp;n\u00e1r\u016fst \u010dasov\u00e9 dotace ve vyu\u017e\u00edv\u00e1n\u00ed zahrady. V&nbsp;r\u00e1mci realizace projektu dojde k&nbsp;\u00faprav\u011b zahrady na plo\u0161e 600 m2.<\/p>\n","protected":false},"author":1,"featured_media":2575,"parent":1924,"menu_order":0,"comment_status":"closed","ping_status":"closed","template":"","meta":{"footnotes":""},"class_list":["post-2021","page","type-page","status-publish","has-post-thumbnail","hentry"],"yoast_head":"<!-- This site is optimized with the Yoast SEO plugin v24.8.1 - https:\/\/yoast.com\/wordpress\/plugins\/seo\/ -->\n<title>P\u0159\u00edrodn\u00ed zahrada Hello | Z\u00e1kladn\u00ed \u0161kola HELLO<\/title>\n<meta name=\"robots\" content=\"index, follow, max-snippet:-1, max-image-preview:large, max-video-preview:-1\" \/>\n<link rel=\"canonical\" href=\"https:\/\/www.helloskola.cz\/zakladni-skola\/zivot-skoly-a-trid\/projekty\/prirodni-zahrada-hello\/\" \/>\n<meta property=\"og:locale\" content=\"cs_CZ\" \/>\n<meta property=\"og:type\" content=\"article\" \/>\n<meta property=\"og:title\" content=\"P\u0159\u00edrodn\u00ed zahrada Hello | Z\u00e1kladn\u00ed \u0161kola HELLO\" \/>\n<meta property=\"og:description\" content=\"C\u00edlem projektu je vybudov\u00e1n\u00ed p\u0159\u00edrodn\u00ed zahrady v&nbsp;are\u00e1lu z\u00e1kladn\u00ed \u0161koly a&nbsp;gymn\u00e1zia Hello. Sou\u010d\u00e1st\u00ed projektu je v\u00fdsadba stanovi\u0161tn\u011b vhodn\u00e9ho stromu a&nbsp;n\u00e1r\u016fst \u010dasov\u00e9 dotace ve vyu\u017e\u00edv\u00e1n\u00ed zahrady. V&nbsp;r\u00e1mci realizace projektu dojde k&nbsp;\u00faprav\u011b zahrady na plo\u0161e 600 m2.\" \/>\n<meta property=\"og:url\" content=\"https:\/\/www.helloskola.cz\/zakladni-skola\/zivot-skoly-a-trid\/projekty\/prirodni-zahrada-hello\/\" \/>\n<meta property=\"og:site_name\" content=\"Z\u00e1kladn\u00ed \u0161kola HELLO\" \/>\n<meta property=\"article:modified_time\" content=\"2025-03-21T13:24:27+00:00\" \/>\n<meta name=\"twitter:card\" content=\"summary_large_image\" \/>\n<meta name=\"twitter:label1\" content=\"Odhadovan\u00e1 doba \u010dten\u00ed\" \/>\n\t<meta name=\"twitter:data1\" content=\"1 minuta\" \/>\n<script type=\"application\/ld+json\" class=\"yoast-schema-graph\">{\"@context\":\"https:\/\/schema.org\",\"@graph\":[{\"@type\":\"WebPage\",\"@id\":\"https:\/\/www.helloskola.cz\/zakladni-skola\/zivot-skoly-a-trid\/projekty\/prirodni-zahrada-hello\/\",\"url\":\"https:\/\/www.helloskola.cz\/zakladni-skola\/zivot-skoly-a-trid\/projekty\/prirodni-zahrada-hello\/\",\"name\":\"P\u0159\u00edrodn\u00ed zahrada Hello | Z\u00e1kladn\u00ed \u0161kola HELLO\",\"isPartOf\":{\"@id\":\"https:\/\/www.helloskola.cz\/zakladni-skola\/#website\"},\"primaryImageOfPage\":{\"@id\":\"https:\/\/www.helloskola.cz\/zakladni-skola\/zivot-skoly-a-trid\/projekty\/prirodni-zahrada-hello\/#primaryimage\"},\"image\":{\"@id\":\"https:\/\/www.helloskola.cz\/zakladni-skola\/zivot-skoly-a-trid\/projekty\/prirodni-zahrada-hello\/#primaryimage\"},\"thumbnailUrl\":\"https:\/\/www.helloskola.cz\/zakladni-skola\/wp-content\/uploads\/sites\/6\/2022\/05\/zakladka-fallback.png\",\"datePublished\":\"2022-04-01T12:56:28+00:00\",\"dateModified\":\"2025-03-21T13:24:27+00:00\",\"breadcrumb\":{\"@id\":\"https:\/\/www.helloskola.cz\/zakladni-skola\/zivot-skoly-a-trid\/projekty\/prirodni-zahrada-hello\/#breadcrumb\"},\"inLanguage\":\"cs\",\"potentialAction\":[{\"@type\":\"ReadAction\",\"target\":[\"https:\/\/www.helloskola.cz\/zakladni-skola\/zivot-skoly-a-trid\/projekty\/prirodni-zahrada-hello\/\"]}]},{\"@type\":\"ImageObject\",\"inLanguage\":\"cs\",\"@id\":\"https:\/\/www.helloskola.cz\/zakladni-skola\/zivot-skoly-a-trid\/projekty\/prirodni-zahrada-hello\/#primaryimage\",\"url\":\"https:\/\/www.helloskola.cz\/zakladni-skola\/wp-content\/uploads\/sites\/6\/2022\/05\/zakladka-fallback.png\",\"contentUrl\":\"https:\/\/www.helloskola.cz\/zakladni-skola\/wp-content\/uploads\/sites\/6\/2022\/05\/zakladka-fallback.png\",\"width\":933,\"height\":700},{\"@type\":\"BreadcrumbList\",\"@id\":\"https:\/\/www.helloskola.cz\/zakladni-skola\/zivot-skoly-a-trid\/projekty\/prirodni-zahrada-hello\/#breadcrumb\",\"itemListElement\":[{\"@type\":\"ListItem\",\"position\":1,\"name\":\"\u00davod\",\"item\":\"https:\/\/www.helloskola.cz\/zakladni-skola\/\"},{\"@type\":\"ListItem\",\"position\":2,\"name\":\"\u017divot \u0161koly\",\"item\":\"https:\/\/www.helloskola.cz\/zakladni-skola\/zivot-skoly-a-trid\/\"},{\"@type\":\"ListItem\",\"position\":3,\"name\":\"Projekty\",\"item\":\"https:\/\/www.helloskola.cz\/zakladni-skola\/zivot-skoly-a-trid\/projekty\/\"},{\"@type\":\"ListItem\",\"position\":4,\"name\":\"P\u0159\u00edrodn\u00ed zahrada Hello\"}]},{\"@type\":\"WebSite\",\"@id\":\"https:\/\/www.helloskola.cz\/zakladni-skola\/#website\",\"url\":\"https:\/\/www.helloskola.cz\/zakladni-skola\/\",\"name\":\"Z\u00e1kladn\u00ed \u0161kola HELLO\",\"description\":\"\u010desko-anglick\u00e1 z\u00e1kladn\u00ed \u0161kola, Ostrava Poruba\",\"publisher\":{\"@id\":\"https:\/\/www.helloskola.cz\/zakladni-skola\/#organization\"},\"potentialAction\":[{\"@type\":\"SearchAction\",\"target\":{\"@type\":\"EntryPoint\",\"urlTemplate\":\"https:\/\/www.helloskola.cz\/zakladni-skola\/?s={search_term_string}\"},\"query-input\":{\"@type\":\"PropertyValueSpecification\",\"valueRequired\":true,\"valueName\":\"search_term_string\"}}],\"inLanguage\":\"cs\"},{\"@type\":\"Organization\",\"@id\":\"https:\/\/www.helloskola.cz\/zakladni-skola\/#organization\",\"name\":\"Z\u00e1kladn\u00ed \u0161kola Hello\",\"url\":\"https:\/\/www.helloskola.cz\/zakladni-skola\/\",\"logo\":{\"@type\":\"ImageObject\",\"inLanguage\":\"cs\",\"@id\":\"https:\/\/www.helloskola.cz\/zakladni-skola\/#\/schema\/logo\/image\/\",\"url\":\"https:\/\/www.helloskola.cz\/zakladni-skola\/wp-content\/uploads\/sites\/6\/2022\/02\/hello_gy_zakladka_logo.svg\",\"contentUrl\":\"https:\/\/www.helloskola.cz\/zakladni-skola\/wp-content\/uploads\/sites\/6\/2022\/02\/hello_gy_zakladka_logo.svg\",\"width\":100,\"height\":100,\"caption\":\"Z\u00e1kladn\u00ed \u0161kola Hello\"},\"image\":{\"@id\":\"https:\/\/www.helloskola.cz\/zakladni-skola\/#\/schema\/logo\/image\/\"}}]}<\/script>\n<!-- \/ Yoast SEO plugin. -->","yoast_head_json":{"title":"P\u0159\u00edrodn\u00ed zahrada Hello | Z\u00e1kladn\u00ed \u0161kola HELLO","robots":{"index":"index","follow":"follow","max-snippet":"max-snippet:-1","max-image-preview":"max-image-preview:large","max-video-preview":"max-video-preview:-1"},"canonical":"https:\/\/www.helloskola.cz\/zakladni-skola\/zivot-skoly-a-trid\/projekty\/prirodni-zahrada-hello\/","og_locale":"cs_CZ","og_type":"article","og_title":"P\u0159\u00edrodn\u00ed zahrada Hello | Z\u00e1kladn\u00ed \u0161kola HELLO","og_description":"C\u00edlem projektu je vybudov\u00e1n\u00ed p\u0159\u00edrodn\u00ed zahrady v&nbsp;are\u00e1lu z\u00e1kladn\u00ed \u0161koly a&nbsp;gymn\u00e1zia Hello. Sou\u010d\u00e1st\u00ed projektu je v\u00fdsadba stanovi\u0161tn\u011b vhodn\u00e9ho stromu a&nbsp;n\u00e1r\u016fst \u010dasov\u00e9 dotace ve vyu\u017e\u00edv\u00e1n\u00ed zahrady. V&nbsp;r\u00e1mci realizace projektu dojde k&nbsp;\u00faprav\u011b zahrady na plo\u0161e 600 m2.","og_url":"https:\/\/www.helloskola.cz\/zakladni-skola\/zivot-skoly-a-trid\/projekty\/prirodni-zahrada-hello\/","og_site_name":"Z\u00e1kladn\u00ed \u0161kola HELLO","article_modified_time":"2025-03-21T13:24:27+00:00","twitter_card":"summary_large_image","twitter_misc":{"Odhadovan\u00e1 doba \u010dten\u00ed":"1 minuta"},"schema":{"@context":"https:\/\/schema.org","@graph":[{"@type":"WebPage","@id":"https:\/\/www.helloskola.cz\/zakladni-skola\/zivot-skoly-a-trid\/projekty\/prirodni-zahrada-hello\/","url":"https:\/\/www.helloskola.cz\/zakladni-skola\/zivot-skoly-a-trid\/projekty\/prirodni-zahrada-hello\/","name":"P\u0159\u00edrodn\u00ed zahrada Hello | Z\u00e1kladn\u00ed \u0161kola HELLO","isPartOf":{"@id":"https:\/\/www.helloskola.cz\/zakladni-skola\/#website"},"primaryImageOfPage":{"@id":"https:\/\/www.helloskola.cz\/zakladni-skola\/zivot-skoly-a-trid\/projekty\/prirodni-zahrada-hello\/#primaryimage"},"image":{"@id":"https:\/\/www.helloskola.cz\/zakladni-skola\/zivot-skoly-a-trid\/projekty\/prirodni-zahrada-hello\/#primaryimage"},"thumbnailUrl":"https:\/\/www.helloskola.cz\/zakladni-skola\/wp-content\/uploads\/sites\/6\/2022\/05\/zakladka-fallback.png","datePublished":"2022-04-01T12:56:28+00:00","dateModified":"2025-03-21T13:24:27+00:00","breadcrumb":{"@id":"https:\/\/www.helloskola.cz\/zakladni-skola\/zivot-skoly-a-trid\/projekty\/prirodni-zahrada-hello\/#breadcrumb"},"inLanguage":"cs","potentialAction":[{"@type":"ReadAction","target":["https:\/\/www.helloskola.cz\/zakladni-skola\/zivot-skoly-a-trid\/projekty\/prirodni-zahrada-hello\/"]}]},{"@type":"ImageObject","inLanguage":"cs","@id":"https:\/\/www.helloskola.cz\/zakladni-skola\/zivot-skoly-a-trid\/projekty\/prirodni-zahrada-hello\/#primaryimage","url":"https:\/\/www.helloskola.cz\/zakladni-skola\/wp-content\/uploads\/sites\/6\/2022\/05\/zakladka-fallback.png","contentUrl":"https:\/\/www.helloskola.cz\/zakladni-skola\/wp-content\/uploads\/sites\/6\/2022\/05\/zakladka-fallback.png","width":933,"height":700},{"@type":"BreadcrumbList","@id":"https:\/\/www.helloskola.cz\/zakladni-skola\/zivot-skoly-a-trid\/projekty\/prirodni-zahrada-hello\/#breadcrumb","itemListElement":[{"@type":"ListItem","position":1,"name":"\u00davod","item":"https:\/\/www.helloskola.cz\/zakladni-skola\/"},{"@type":"ListItem","position":2,"name":"\u017divot \u0161koly","item":"https:\/\/www.helloskola.cz\/zakladni-skola\/zivot-skoly-a-trid\/"},{"@type":"ListItem","position":3,"name":"Projekty","item":"https:\/\/www.helloskola.cz\/zakladni-skola\/zivot-skoly-a-trid\/projekty\/"},{"@type":"ListItem","position":4,"name":"P\u0159\u00edrodn\u00ed zahrada Hello"}]},{"@type":"WebSite","@id":"https:\/\/www.helloskola.cz\/zakladni-skola\/#website","url":"https:\/\/www.helloskola.cz\/zakladni-skola\/","name":"Z\u00e1kladn\u00ed \u0161kola HELLO","description":"\u010desko-anglick\u00e1 z\u00e1kladn\u00ed \u0161kola, Ostrava Poruba","publisher":{"@id":"https:\/\/www.helloskola.cz\/zakladni-skola\/#organization"},"potentialAction":[{"@type":"SearchAction","target":{"@type":"EntryPoint","urlTemplate":"https:\/\/www.helloskola.cz\/zakladni-skola\/?s={search_term_string}"},"query-input":{"@type":"PropertyValueSpecification","valueRequired":true,"valueName":"search_term_string"}}],"inLanguage":"cs"},{"@type":"Organization","@id":"https:\/\/www.helloskola.cz\/zakladni-skola\/#organization","name":"Z\u00e1kladn\u00ed \u0161kola Hello","url":"https:\/\/www.helloskola.cz\/zakladni-skola\/","logo":{"@type":"ImageObject","inLanguage":"cs","@id":"https:\/\/www.helloskola.cz\/zakladni-skola\/#\/schema\/logo\/image\/","url":"https:\/\/www.helloskola.cz\/zakladni-skola\/wp-content\/uploads\/sites\/6\/2022\/02\/hello_gy_zakladka_logo.svg","contentUrl":"https:\/\/www.helloskola.cz\/zakladni-skola\/wp-content\/uploads\/sites\/6\/2022\/02\/hello_gy_zakladka_logo.svg","width":100,"height":100,"caption":"Z\u00e1kladn\u00ed \u0161kola Hello"},"image":{"@id":"https:\/\/www.helloskola.cz\/zakladni-skola\/#\/schema\/logo\/image\/"}}]}},"_links":{"self":[{"href":"https:\/\/www.helloskola.cz\/zakladni-skola\/wp-json\/wp\/v2\/pages\/2021","targetHints":{"allow":["GET"]}}],"collection":[{"href":"https:\/\/www.helloskola.cz\/zakladni-skola\/wp-json\/wp\/v2\/pages"}],"about":[{"href":"https:\/\/www.helloskola.cz\/zakladni-skola\/wp-json\/wp\/v2\/types\/page"}],"author":[{"embeddable":true,"href":"https:\/\/www.helloskola.cz\/zakladni-skola\/wp-json\/wp\/v2\/users\/1"}],"replies":[{"embeddable":true,"href":"https:\/\/www.helloskola.cz\/zakladni-skola\/wp-json\/wp\/v2\/comments?post=2021"}],"version-history":[{"count":2,"href":"https:\/\/www.helloskola.cz\/zakladni-skola\/wp-json\/wp\/v2\/pages\/2021\/revisions"}],"predecessor-version":[{"id":6588,"href":"https:\/\/www.helloskola.cz\/zakladni-skola\/wp-json\/wp\/v2\/pages\/2021\/revisions\/6588"}],"up":[{"embeddable":true,"href":"https:\/\/www.helloskola.cz\/zakladni-skola\/wp-json\/wp\/v2\/pages\/1924"}],"wp:featuredmedia":[{"embeddable":true,"href":"https:\/\/www.helloskola.cz\/zakladni-skola\/wp-json\/wp\/v2\/media\/2575"}],"wp:attachment":[{"href":"https:\/\/www.helloskola.cz\/zakladni-skola\/wp-json\/wp\/v2\/media?parent=2021"}],"curies":[{"name":"wp","href":"https:\/\/api.w.org\/{rel}","templated":true}]}}