{"id":2008,"date":"2022-04-01T14:40:35","date_gmt":"2022-04-01T12:40:35","guid":{"rendered":"https:\/\/www.helloskola.cz\/zakladni-skola\/?page_id=2008"},"modified":"2022-04-01T14:40:36","modified_gmt":"2022-04-01T12:40:36","slug":"odborne-ucebny-zakladni-skoly-hello","status":"publish","type":"page","link":"https:\/\/www.helloskola.cz\/zakladni-skola\/zivot-skoly-a-trid\/projekty\/odborne-ucebny-zakladni-skoly-hello\/","title":{"rendered":"Odborn\u00e9 u\u010debny z\u00e1kladn\u00ed \u0161koly Hello"},"content":{"rendered":"\n<figure class=\"wp-block-image size-full\"><img fetchpriority=\"high\" decoding=\"async\" width=\"678\" height=\"110\" src=\"https:\/\/www.helloskola.cz\/zakladni-skola\/wp-content\/uploads\/sites\/6\/2022\/04\/Logolink.jpeg\" alt=\"\" class=\"wp-image-2009\" srcset=\"https:\/\/www.helloskola.cz\/zakladni-skola\/wp-content\/uploads\/sites\/6\/2022\/04\/Logolink.jpeg 678w, https:\/\/www.helloskola.cz\/zakladni-skola\/wp-content\/uploads\/sites\/6\/2022\/04\/Logolink-300x49.jpeg 300w\" sizes=\"(max-width: 678px) 100vw, 678px\" \/><\/figure>\n\n\n\n<p><strong>Registra\u010dn\u00ed \u010d\u00edslo projektu: CZ.06.2.67\/0.0\/0.0\/16_063\/0003693<\/strong><\/p>\n\n\n\n<p>Gymn\u00e1zium, z\u00e1kladn\u00ed \u0161kola a&nbsp;mate\u0159sk\u00e1 \u0161kola Hello s.r.o. z\u00edskalo finan\u010dn\u00ed podporu z&nbsp;EU, konkr\u00e9tn\u011b Integrovan\u00e9ho region\u00e1ln\u00edho opera\u010dn\u00edho programu, na v\u00fdstavbu, rekonstrukci a&nbsp;po\u0159\u00edzen\u00ed vybaven\u00ed odborn\u00fdch u\u010deben.<\/p>\n\n\n\n<p>Hlavn\u00edm c\u00edlem projektu je prost\u0159ednictv\u00edm rekonstrukce 6ti odborn\u00fdch u\u010deben, s&nbsp;vazbou na kl\u00ed\u010dov\u00e9 kompetence, zlep\u0161it dostupnost a&nbsp;kvalitu bilingvn\u00edho vzd\u011bl\u00e1v\u00e1n\u00ed v&nbsp;Moravskoslezsk\u00e9m kraji.<\/p>\n\n\n\n<p>V\u00fdsledkem projektu je vybudov\u00e1n\u00ed 2 multifunk\u010dn\u00edch u\u010deben, 1 u\u010debny ciz\u00edch jazyk\u016f, 2 p\u0159\u00edrodov\u011bdn\u00fdch u\u010deben, 1 po\u010d\u00edta\u010dov\u00e9 u\u010debny, zaji\u0161t\u011bn\u00ed konektivity \u0161koly a&nbsp;bezbari\u00e9rovosti.<\/p>\n\n\n\n<p>Na projekt je poskytov\u00e1na finan\u010dn\u00ed podpora z&nbsp;EU, konkr\u00e9tn\u011b Integrovan\u00e9ho region\u00e1ln\u00edho opera\u010dn\u00edho programu, v\u00fdzvy \u010d. 47.<\/p>\n","protected":false},"excerpt":{"rendered":"<p>Registra\u010dn\u00ed \u010d\u00edslo projektu: CZ.06.2.67\/0.0\/0.0\/16_063\/0003693 Gymn\u00e1zium, z\u00e1kladn\u00ed \u0161kola a&nbsp;mate\u0159sk\u00e1 \u0161kola Hello s.r.o. z\u00edskalo finan\u010dn\u00ed podporu z&nbsp;EU, konkr\u00e9tn\u011b Integrovan\u00e9ho region\u00e1ln\u00edho opera\u010dn\u00edho programu, na v\u00fdstavbu, rekonstrukci a&nbsp;po\u0159\u00edzen\u00ed vybaven\u00ed odborn\u00fdch u\u010deben. Hlavn\u00edm c\u00edlem projektu je prost\u0159ednictv\u00edm rekonstrukce 6ti odborn\u00fdch u\u010deben, s&nbsp;vazbou na kl\u00ed\u010dov\u00e9 kompetence, zlep\u0161it dostupnost a&nbsp;kvalitu bilingvn\u00edho vzd\u011bl\u00e1v\u00e1n\u00ed v&nbsp;Moravskoslezsk\u00e9m kraji. V\u00fdsledkem projektu je vybudov\u00e1n\u00ed 2 multifunk\u010dn\u00edch u\u010deben, 1 [&hellip;]<\/p>\n","protected":false},"author":1,"featured_media":2575,"parent":1924,"menu_order":0,"comment_status":"closed","ping_status":"closed","template":"","meta":{"footnotes":""},"class_list":["post-2008","page","type-page","status-publish","has-post-thumbnail","hentry"],"yoast_head":"<!-- This site is optimized with the Yoast SEO plugin v24.8.1 - https:\/\/yoast.com\/wordpress\/plugins\/seo\/ -->\n<title>Odborn\u00e9 u\u010debny z\u00e1kladn\u00ed \u0161koly Hello | Z\u00e1kladn\u00ed \u0161kola HELLO<\/title>\n<meta name=\"robots\" content=\"index, follow, max-snippet:-1, max-image-preview:large, max-video-preview:-1\" \/>\n<link rel=\"canonical\" href=\"https:\/\/www.helloskola.cz\/zakladni-skola\/zivot-skoly-a-trid\/projekty\/odborne-ucebny-zakladni-skoly-hello\/\" \/>\n<meta property=\"og:locale\" content=\"cs_CZ\" \/>\n<meta property=\"og:type\" content=\"article\" \/>\n<meta property=\"og:title\" content=\"Odborn\u00e9 u\u010debny z\u00e1kladn\u00ed \u0161koly Hello | Z\u00e1kladn\u00ed \u0161kola HELLO\" \/>\n<meta property=\"og:description\" content=\"Registra\u010dn\u00ed \u010d\u00edslo projektu: CZ.06.2.67\/0.0\/0.0\/16_063\/0003693 Gymn\u00e1zium, z\u00e1kladn\u00ed \u0161kola a&nbsp;mate\u0159sk\u00e1 \u0161kola Hello s.r.o. z\u00edskalo finan\u010dn\u00ed podporu z&nbsp;EU, konkr\u00e9tn\u011b Integrovan\u00e9ho region\u00e1ln\u00edho opera\u010dn\u00edho programu, na v\u00fdstavbu, rekonstrukci a&nbsp;po\u0159\u00edzen\u00ed vybaven\u00ed odborn\u00fdch u\u010deben. Hlavn\u00edm c\u00edlem projektu je prost\u0159ednictv\u00edm rekonstrukce 6ti odborn\u00fdch u\u010deben, s&nbsp;vazbou na kl\u00ed\u010dov\u00e9 kompetence, zlep\u0161it dostupnost a&nbsp;kvalitu bilingvn\u00edho vzd\u011bl\u00e1v\u00e1n\u00ed v&nbsp;Moravskoslezsk\u00e9m kraji. V\u00fdsledkem projektu je vybudov\u00e1n\u00ed 2 multifunk\u010dn\u00edch u\u010deben, 1 [&hellip;]\" \/>\n<meta property=\"og:url\" content=\"https:\/\/www.helloskola.cz\/zakladni-skola\/zivot-skoly-a-trid\/projekty\/odborne-ucebny-zakladni-skoly-hello\/\" \/>\n<meta property=\"og:site_name\" content=\"Z\u00e1kladn\u00ed \u0161kola HELLO\" \/>\n<meta property=\"article:modified_time\" content=\"2022-04-01T12:40:36+00:00\" \/>\n<meta property=\"og:image\" content=\"https:\/\/www.helloskola.cz\/zakladni-skola\/wp-content\/uploads\/sites\/6\/2022\/04\/Logolink.jpeg\" \/>\n<meta name=\"twitter:card\" content=\"summary_large_image\" \/>\n<meta name=\"twitter:label1\" content=\"Odhadovan\u00e1 doba \u010dten\u00ed\" \/>\n\t<meta name=\"twitter:data1\" content=\"1 minuta\" \/>\n<script type=\"application\/ld+json\" class=\"yoast-schema-graph\">{\"@context\":\"https:\/\/schema.org\",\"@graph\":[{\"@type\":\"WebPage\",\"@id\":\"https:\/\/www.helloskola.cz\/zakladni-skola\/zivot-skoly-a-trid\/projekty\/odborne-ucebny-zakladni-skoly-hello\/\",\"url\":\"https:\/\/www.helloskola.cz\/zakladni-skola\/zivot-skoly-a-trid\/projekty\/odborne-ucebny-zakladni-skoly-hello\/\",\"name\":\"Odborn\u00e9 u\u010debny z\u00e1kladn\u00ed \u0161koly Hello | Z\u00e1kladn\u00ed \u0161kola HELLO\",\"isPartOf\":{\"@id\":\"https:\/\/www.helloskola.cz\/zakladni-skola\/#website\"},\"primaryImageOfPage\":{\"@id\":\"https:\/\/www.helloskola.cz\/zakladni-skola\/zivot-skoly-a-trid\/projekty\/odborne-ucebny-zakladni-skoly-hello\/#primaryimage\"},\"image\":{\"@id\":\"https:\/\/www.helloskola.cz\/zakladni-skola\/zivot-skoly-a-trid\/projekty\/odborne-ucebny-zakladni-skoly-hello\/#primaryimage\"},\"thumbnailUrl\":\"https:\/\/www.helloskola.cz\/zakladni-skola\/wp-content\/uploads\/sites\/6\/2022\/05\/zakladka-fallback.png\",\"datePublished\":\"2022-04-01T12:40:35+00:00\",\"dateModified\":\"2022-04-01T12:40:36+00:00\",\"breadcrumb\":{\"@id\":\"https:\/\/www.helloskola.cz\/zakladni-skola\/zivot-skoly-a-trid\/projekty\/odborne-ucebny-zakladni-skoly-hello\/#breadcrumb\"},\"inLanguage\":\"cs\",\"potentialAction\":[{\"@type\":\"ReadAction\",\"target\":[\"https:\/\/www.helloskola.cz\/zakladni-skola\/zivot-skoly-a-trid\/projekty\/odborne-ucebny-zakladni-skoly-hello\/\"]}]},{\"@type\":\"ImageObject\",\"inLanguage\":\"cs\",\"@id\":\"https:\/\/www.helloskola.cz\/zakladni-skola\/zivot-skoly-a-trid\/projekty\/odborne-ucebny-zakladni-skoly-hello\/#primaryimage\",\"url\":\"https:\/\/www.helloskola.cz\/zakladni-skola\/wp-content\/uploads\/sites\/6\/2022\/05\/zakladka-fallback.png\",\"contentUrl\":\"https:\/\/www.helloskola.cz\/zakladni-skola\/wp-content\/uploads\/sites\/6\/2022\/05\/zakladka-fallback.png\",\"width\":933,\"height\":700},{\"@type\":\"BreadcrumbList\",\"@id\":\"https:\/\/www.helloskola.cz\/zakladni-skola\/zivot-skoly-a-trid\/projekty\/odborne-ucebny-zakladni-skoly-hello\/#breadcrumb\",\"itemListElement\":[{\"@type\":\"ListItem\",\"position\":1,\"name\":\"\u00davod\",\"item\":\"https:\/\/www.helloskola.cz\/zakladni-skola\/\"},{\"@type\":\"ListItem\",\"position\":2,\"name\":\"\u017divot \u0161koly\",\"item\":\"https:\/\/www.helloskola.cz\/zakladni-skola\/zivot-skoly-a-trid\/\"},{\"@type\":\"ListItem\",\"position\":3,\"name\":\"Projekty\",\"item\":\"https:\/\/www.helloskola.cz\/zakladni-skola\/zivot-skoly-a-trid\/projekty\/\"},{\"@type\":\"ListItem\",\"position\":4,\"name\":\"Odborn\u00e9 u\u010debny z\u00e1kladn\u00ed \u0161koly Hello\"}]},{\"@type\":\"WebSite\",\"@id\":\"https:\/\/www.helloskola.cz\/zakladni-skola\/#website\",\"url\":\"https:\/\/www.helloskola.cz\/zakladni-skola\/\",\"name\":\"Z\u00e1kladn\u00ed \u0161kola HELLO\",\"description\":\"\u010desko-anglick\u00e1 z\u00e1kladn\u00ed \u0161kola, Ostrava Poruba\",\"publisher\":{\"@id\":\"https:\/\/www.helloskola.cz\/zakladni-skola\/#organization\"},\"potentialAction\":[{\"@type\":\"SearchAction\",\"target\":{\"@type\":\"EntryPoint\",\"urlTemplate\":\"https:\/\/www.helloskola.cz\/zakladni-skola\/?s={search_term_string}\"},\"query-input\":{\"@type\":\"PropertyValueSpecification\",\"valueRequired\":true,\"valueName\":\"search_term_string\"}}],\"inLanguage\":\"cs\"},{\"@type\":\"Organization\",\"@id\":\"https:\/\/www.helloskola.cz\/zakladni-skola\/#organization\",\"name\":\"Z\u00e1kladn\u00ed \u0161kola Hello\",\"url\":\"https:\/\/www.helloskola.cz\/zakladni-skola\/\",\"logo\":{\"@type\":\"ImageObject\",\"inLanguage\":\"cs\",\"@id\":\"https:\/\/www.helloskola.cz\/zakladni-skola\/#\/schema\/logo\/image\/\",\"url\":\"https:\/\/www.helloskola.cz\/zakladni-skola\/wp-content\/uploads\/sites\/6\/2022\/02\/hello_gy_zakladka_logo.svg\",\"contentUrl\":\"https:\/\/www.helloskola.cz\/zakladni-skola\/wp-content\/uploads\/sites\/6\/2022\/02\/hello_gy_zakladka_logo.svg\",\"width\":100,\"height\":100,\"caption\":\"Z\u00e1kladn\u00ed \u0161kola Hello\"},\"image\":{\"@id\":\"https:\/\/www.helloskola.cz\/zakladni-skola\/#\/schema\/logo\/image\/\"}}]}<\/script>\n<!-- \/ Yoast SEO plugin. -->","yoast_head_json":{"title":"Odborn\u00e9 u\u010debny z\u00e1kladn\u00ed \u0161koly Hello | Z\u00e1kladn\u00ed \u0161kola HELLO","robots":{"index":"index","follow":"follow","max-snippet":"max-snippet:-1","max-image-preview":"max-image-preview:large","max-video-preview":"max-video-preview:-1"},"canonical":"https:\/\/www.helloskola.cz\/zakladni-skola\/zivot-skoly-a-trid\/projekty\/odborne-ucebny-zakladni-skoly-hello\/","og_locale":"cs_CZ","og_type":"article","og_title":"Odborn\u00e9 u\u010debny z\u00e1kladn\u00ed \u0161koly Hello | Z\u00e1kladn\u00ed \u0161kola HELLO","og_description":"Registra\u010dn\u00ed \u010d\u00edslo projektu: CZ.06.2.67\/0.0\/0.0\/16_063\/0003693 Gymn\u00e1zium, z\u00e1kladn\u00ed \u0161kola a&nbsp;mate\u0159sk\u00e1 \u0161kola Hello s.r.o. z\u00edskalo finan\u010dn\u00ed podporu z&nbsp;EU, konkr\u00e9tn\u011b Integrovan\u00e9ho region\u00e1ln\u00edho opera\u010dn\u00edho programu, na v\u00fdstavbu, rekonstrukci a&nbsp;po\u0159\u00edzen\u00ed vybaven\u00ed odborn\u00fdch u\u010deben. Hlavn\u00edm c\u00edlem projektu je prost\u0159ednictv\u00edm rekonstrukce 6ti odborn\u00fdch u\u010deben, s&nbsp;vazbou na kl\u00ed\u010dov\u00e9 kompetence, zlep\u0161it dostupnost a&nbsp;kvalitu bilingvn\u00edho vzd\u011bl\u00e1v\u00e1n\u00ed v&nbsp;Moravskoslezsk\u00e9m kraji. V\u00fdsledkem projektu je vybudov\u00e1n\u00ed 2 multifunk\u010dn\u00edch u\u010deben, 1 [&hellip;]","og_url":"https:\/\/www.helloskola.cz\/zakladni-skola\/zivot-skoly-a-trid\/projekty\/odborne-ucebny-zakladni-skoly-hello\/","og_site_name":"Z\u00e1kladn\u00ed \u0161kola HELLO","article_modified_time":"2022-04-01T12:40:36+00:00","og_image":[{"url":"https:\/\/www.helloskola.cz\/zakladni-skola\/wp-content\/uploads\/sites\/6\/2022\/04\/Logolink.jpeg","type":"","width":"","height":""}],"twitter_card":"summary_large_image","twitter_misc":{"Odhadovan\u00e1 doba \u010dten\u00ed":"1 minuta"},"schema":{"@context":"https:\/\/schema.org","@graph":[{"@type":"WebPage","@id":"https:\/\/www.helloskola.cz\/zakladni-skola\/zivot-skoly-a-trid\/projekty\/odborne-ucebny-zakladni-skoly-hello\/","url":"https:\/\/www.helloskola.cz\/zakladni-skola\/zivot-skoly-a-trid\/projekty\/odborne-ucebny-zakladni-skoly-hello\/","name":"Odborn\u00e9 u\u010debny z\u00e1kladn\u00ed \u0161koly Hello | Z\u00e1kladn\u00ed \u0161kola HELLO","isPartOf":{"@id":"https:\/\/www.helloskola.cz\/zakladni-skola\/#website"},"primaryImageOfPage":{"@id":"https:\/\/www.helloskola.cz\/zakladni-skola\/zivot-skoly-a-trid\/projekty\/odborne-ucebny-zakladni-skoly-hello\/#primaryimage"},"image":{"@id":"https:\/\/www.helloskola.cz\/zakladni-skola\/zivot-skoly-a-trid\/projekty\/odborne-ucebny-zakladni-skoly-hello\/#primaryimage"},"thumbnailUrl":"https:\/\/www.helloskola.cz\/zakladni-skola\/wp-content\/uploads\/sites\/6\/2022\/05\/zakladka-fallback.png","datePublished":"2022-04-01T12:40:35+00:00","dateModified":"2022-04-01T12:40:36+00:00","breadcrumb":{"@id":"https:\/\/www.helloskola.cz\/zakladni-skola\/zivot-skoly-a-trid\/projekty\/odborne-ucebny-zakladni-skoly-hello\/#breadcrumb"},"inLanguage":"cs","potentialAction":[{"@type":"ReadAction","target":["https:\/\/www.helloskola.cz\/zakladni-skola\/zivot-skoly-a-trid\/projekty\/odborne-ucebny-zakladni-skoly-hello\/"]}]},{"@type":"ImageObject","inLanguage":"cs","@id":"https:\/\/www.helloskola.cz\/zakladni-skola\/zivot-skoly-a-trid\/projekty\/odborne-ucebny-zakladni-skoly-hello\/#primaryimage","url":"https:\/\/www.helloskola.cz\/zakladni-skola\/wp-content\/uploads\/sites\/6\/2022\/05\/zakladka-fallback.png","contentUrl":"https:\/\/www.helloskola.cz\/zakladni-skola\/wp-content\/uploads\/sites\/6\/2022\/05\/zakladka-fallback.png","width":933,"height":700},{"@type":"BreadcrumbList","@id":"https:\/\/www.helloskola.cz\/zakladni-skola\/zivot-skoly-a-trid\/projekty\/odborne-ucebny-zakladni-skoly-hello\/#breadcrumb","itemListElement":[{"@type":"ListItem","position":1,"name":"\u00davod","item":"https:\/\/www.helloskola.cz\/zakladni-skola\/"},{"@type":"ListItem","position":2,"name":"\u017divot \u0161koly","item":"https:\/\/www.helloskola.cz\/zakladni-skola\/zivot-skoly-a-trid\/"},{"@type":"ListItem","position":3,"name":"Projekty","item":"https:\/\/www.helloskola.cz\/zakladni-skola\/zivot-skoly-a-trid\/projekty\/"},{"@type":"ListItem","position":4,"name":"Odborn\u00e9 u\u010debny z\u00e1kladn\u00ed \u0161koly Hello"}]},{"@type":"WebSite","@id":"https:\/\/www.helloskola.cz\/zakladni-skola\/#website","url":"https:\/\/www.helloskola.cz\/zakladni-skola\/","name":"Z\u00e1kladn\u00ed \u0161kola HELLO","description":"\u010desko-anglick\u00e1 z\u00e1kladn\u00ed \u0161kola, Ostrava Poruba","publisher":{"@id":"https:\/\/www.helloskola.cz\/zakladni-skola\/#organization"},"potentialAction":[{"@type":"SearchAction","target":{"@type":"EntryPoint","urlTemplate":"https:\/\/www.helloskola.cz\/zakladni-skola\/?s={search_term_string}"},"query-input":{"@type":"PropertyValueSpecification","valueRequired":true,"valueName":"search_term_string"}}],"inLanguage":"cs"},{"@type":"Organization","@id":"https:\/\/www.helloskola.cz\/zakladni-skola\/#organization","name":"Z\u00e1kladn\u00ed \u0161kola Hello","url":"https:\/\/www.helloskola.cz\/zakladni-skola\/","logo":{"@type":"ImageObject","inLanguage":"cs","@id":"https:\/\/www.helloskola.cz\/zakladni-skola\/#\/schema\/logo\/image\/","url":"https:\/\/www.helloskola.cz\/zakladni-skola\/wp-content\/uploads\/sites\/6\/2022\/02\/hello_gy_zakladka_logo.svg","contentUrl":"https:\/\/www.helloskola.cz\/zakladni-skola\/wp-content\/uploads\/sites\/6\/2022\/02\/hello_gy_zakladka_logo.svg","width":100,"height":100,"caption":"Z\u00e1kladn\u00ed \u0161kola Hello"},"image":{"@id":"https:\/\/www.helloskola.cz\/zakladni-skola\/#\/schema\/logo\/image\/"}}]}},"_links":{"self":[{"href":"https:\/\/www.helloskola.cz\/zakladni-skola\/wp-json\/wp\/v2\/pages\/2008","targetHints":{"allow":["GET"]}}],"collection":[{"href":"https:\/\/www.helloskola.cz\/zakladni-skola\/wp-json\/wp\/v2\/pages"}],"about":[{"href":"https:\/\/www.helloskola.cz\/zakladni-skola\/wp-json\/wp\/v2\/types\/page"}],"author":[{"embeddable":true,"href":"https:\/\/www.helloskola.cz\/zakladni-skola\/wp-json\/wp\/v2\/users\/1"}],"replies":[{"embeddable":true,"href":"https:\/\/www.helloskola.cz\/zakladni-skola\/wp-json\/wp\/v2\/comments?post=2008"}],"version-history":[{"count":1,"href":"https:\/\/www.helloskola.cz\/zakladni-skola\/wp-json\/wp\/v2\/pages\/2008\/revisions"}],"predecessor-version":[{"id":2010,"href":"https:\/\/www.helloskola.cz\/zakladni-skola\/wp-json\/wp\/v2\/pages\/2008\/revisions\/2010"}],"up":[{"embeddable":true,"href":"https:\/\/www.helloskola.cz\/zakladni-skola\/wp-json\/wp\/v2\/pages\/1924"}],"wp:featuredmedia":[{"embeddable":true,"href":"https:\/\/www.helloskola.cz\/zakladni-skola\/wp-json\/wp\/v2\/media\/2575"}],"wp:attachment":[{"href":"https:\/\/www.helloskola.cz\/zakladni-skola\/wp-json\/wp\/v2\/media?parent=2008"}],"curies":[{"name":"wp","href":"https:\/\/api.w.org\/{rel}","templated":true}]}}