{"id":1986,"date":"2022-04-01T14:06:41","date_gmt":"2022-04-01T12:06:41","guid":{"rendered":"https:\/\/www.helloskola.cz\/zakladni-skola\/?page_id=1986"},"modified":"2022-04-01T14:06:41","modified_gmt":"2022-04-01T12:06:41","slug":"podpora-spolecenstvi-praxe-jako-nastroj-rozvoje-klicovych-kompetenci","status":"publish","type":"page","link":"https:\/\/www.helloskola.cz\/zakladni-skola\/zivot-skoly-a-trid\/projekty\/podpora-spolecenstvi-praxe-jako-nastroj-rozvoje-klicovych-kompetenci\/","title":{"rendered":"Podpora spole\u010denstv\u00ed praxe jako n\u00e1stroj rozvoje kl\u00ed\u010dov\u00fdch kompetenc\u00ed"},"content":{"rendered":"\n<h3 class=\"wp-block-heading\">Projekt je spolufinancov\u00e1n Evropskou uni\u00ed.<\/h3>\n\n\n\n<p>Projekt je zam\u011b\u0159en na pos\u00edlen\u00ed kompetenc\u00ed u\u010ditel\u016f prost\u0159ednictv\u00edm rozvoje oborov\u00fdch didaktik, pr\u016f\u0159ezov\u00fdch t\u00e9mat a mezip\u0159edm\u011btov\u00fdch vztah\u016f.<\/p>\n\n\n\n<p><a href=\"https:\/\/www.helloskola.cz\/zakladni-skola\/wp-content\/uploads\/sites\/6\/2022\/04\/Povinna\u0301-publicita_plaka\u0301t_Didaktiky-UPOL.pdf\" target=\"_blank\" rel=\"noreferrer noopener\">V\u00edce zde (PDF)<\/a><\/p>\n","protected":false},"excerpt":{"rendered":"<p>Projekt je spolufinancov\u00e1n Evropskou uni\u00ed. Projekt je zam\u011b\u0159en na pos\u00edlen\u00ed kompetenc\u00ed u\u010ditel\u016f prost\u0159ednictv\u00edm rozvoje oborov\u00fdch didaktik, pr\u016f\u0159ezov\u00fdch t\u00e9mat a mezip\u0159edm\u011btov\u00fdch vztah\u016f. V\u00edce zde (PDF)<\/p>\n","protected":false},"author":1,"featured_media":2575,"parent":1924,"menu_order":0,"comment_status":"closed","ping_status":"closed","template":"","meta":{"footnotes":""},"class_list":["post-1986","page","type-page","status-publish","has-post-thumbnail","hentry"],"yoast_head":"<!-- This site is optimized with the Yoast SEO plugin v24.8.1 - https:\/\/yoast.com\/wordpress\/plugins\/seo\/ -->\n<title>Podpora spole\u010denstv\u00ed praxe jako n\u00e1stroj rozvoje kl\u00ed\u010dov\u00fdch kompetenc\u00ed | Z\u00e1kladn\u00ed \u0161kola HELLO<\/title>\n<meta name=\"robots\" content=\"index, follow, max-snippet:-1, max-image-preview:large, max-video-preview:-1\" \/>\n<link rel=\"canonical\" href=\"https:\/\/www.helloskola.cz\/zakladni-skola\/zivot-skoly-a-trid\/projekty\/podpora-spolecenstvi-praxe-jako-nastroj-rozvoje-klicovych-kompetenci\/\" \/>\n<meta property=\"og:locale\" content=\"cs_CZ\" \/>\n<meta property=\"og:type\" content=\"article\" \/>\n<meta property=\"og:title\" content=\"Podpora spole\u010denstv\u00ed praxe jako n\u00e1stroj rozvoje kl\u00ed\u010dov\u00fdch kompetenc\u00ed | Z\u00e1kladn\u00ed \u0161kola HELLO\" \/>\n<meta property=\"og:description\" content=\"Projekt je spolufinancov\u00e1n Evropskou uni\u00ed. Projekt je zam\u011b\u0159en na pos\u00edlen\u00ed kompetenc\u00ed u\u010ditel\u016f prost\u0159ednictv\u00edm rozvoje oborov\u00fdch didaktik, pr\u016f\u0159ezov\u00fdch t\u00e9mat a mezip\u0159edm\u011btov\u00fdch vztah\u016f. V\u00edce zde (PDF)\" \/>\n<meta property=\"og:url\" content=\"https:\/\/www.helloskola.cz\/zakladni-skola\/zivot-skoly-a-trid\/projekty\/podpora-spolecenstvi-praxe-jako-nastroj-rozvoje-klicovych-kompetenci\/\" \/>\n<meta property=\"og:site_name\" content=\"Z\u00e1kladn\u00ed \u0161kola HELLO\" \/>\n<meta name=\"twitter:card\" content=\"summary_large_image\" \/>\n<script type=\"application\/ld+json\" class=\"yoast-schema-graph\">{\"@context\":\"https:\/\/schema.org\",\"@graph\":[{\"@type\":\"WebPage\",\"@id\":\"https:\/\/www.helloskola.cz\/zakladni-skola\/zivot-skoly-a-trid\/projekty\/podpora-spolecenstvi-praxe-jako-nastroj-rozvoje-klicovych-kompetenci\/\",\"url\":\"https:\/\/www.helloskola.cz\/zakladni-skola\/zivot-skoly-a-trid\/projekty\/podpora-spolecenstvi-praxe-jako-nastroj-rozvoje-klicovych-kompetenci\/\",\"name\":\"Podpora spole\u010denstv\u00ed praxe jako n\u00e1stroj rozvoje kl\u00ed\u010dov\u00fdch kompetenc\u00ed | Z\u00e1kladn\u00ed \u0161kola HELLO\",\"isPartOf\":{\"@id\":\"https:\/\/www.helloskola.cz\/zakladni-skola\/#website\"},\"primaryImageOfPage\":{\"@id\":\"https:\/\/www.helloskola.cz\/zakladni-skola\/zivot-skoly-a-trid\/projekty\/podpora-spolecenstvi-praxe-jako-nastroj-rozvoje-klicovych-kompetenci\/#primaryimage\"},\"image\":{\"@id\":\"https:\/\/www.helloskola.cz\/zakladni-skola\/zivot-skoly-a-trid\/projekty\/podpora-spolecenstvi-praxe-jako-nastroj-rozvoje-klicovych-kompetenci\/#primaryimage\"},\"thumbnailUrl\":\"https:\/\/www.helloskola.cz\/zakladni-skola\/wp-content\/uploads\/sites\/6\/2022\/05\/zakladka-fallback.png\",\"datePublished\":\"2022-04-01T12:06:41+00:00\",\"breadcrumb\":{\"@id\":\"https:\/\/www.helloskola.cz\/zakladni-skola\/zivot-skoly-a-trid\/projekty\/podpora-spolecenstvi-praxe-jako-nastroj-rozvoje-klicovych-kompetenci\/#breadcrumb\"},\"inLanguage\":\"cs\",\"potentialAction\":[{\"@type\":\"ReadAction\",\"target\":[\"https:\/\/www.helloskola.cz\/zakladni-skola\/zivot-skoly-a-trid\/projekty\/podpora-spolecenstvi-praxe-jako-nastroj-rozvoje-klicovych-kompetenci\/\"]}]},{\"@type\":\"ImageObject\",\"inLanguage\":\"cs\",\"@id\":\"https:\/\/www.helloskola.cz\/zakladni-skola\/zivot-skoly-a-trid\/projekty\/podpora-spolecenstvi-praxe-jako-nastroj-rozvoje-klicovych-kompetenci\/#primaryimage\",\"url\":\"https:\/\/www.helloskola.cz\/zakladni-skola\/wp-content\/uploads\/sites\/6\/2022\/05\/zakladka-fallback.png\",\"contentUrl\":\"https:\/\/www.helloskola.cz\/zakladni-skola\/wp-content\/uploads\/sites\/6\/2022\/05\/zakladka-fallback.png\",\"width\":933,\"height\":700},{\"@type\":\"BreadcrumbList\",\"@id\":\"https:\/\/www.helloskola.cz\/zakladni-skola\/zivot-skoly-a-trid\/projekty\/podpora-spolecenstvi-praxe-jako-nastroj-rozvoje-klicovych-kompetenci\/#breadcrumb\",\"itemListElement\":[{\"@type\":\"ListItem\",\"position\":1,\"name\":\"\u00davod\",\"item\":\"https:\/\/www.helloskola.cz\/zakladni-skola\/\"},{\"@type\":\"ListItem\",\"position\":2,\"name\":\"\u017divot \u0161koly\",\"item\":\"https:\/\/www.helloskola.cz\/zakladni-skola\/zivot-skoly-a-trid\/\"},{\"@type\":\"ListItem\",\"position\":3,\"name\":\"Projekty\",\"item\":\"https:\/\/www.helloskola.cz\/zakladni-skola\/zivot-skoly-a-trid\/projekty\/\"},{\"@type\":\"ListItem\",\"position\":4,\"name\":\"Podpora spole\u010denstv\u00ed praxe jako n\u00e1stroj rozvoje kl\u00ed\u010dov\u00fdch kompetenc\u00ed\"}]},{\"@type\":\"WebSite\",\"@id\":\"https:\/\/www.helloskola.cz\/zakladni-skola\/#website\",\"url\":\"https:\/\/www.helloskola.cz\/zakladni-skola\/\",\"name\":\"Z\u00e1kladn\u00ed \u0161kola HELLO\",\"description\":\"\u010desko-anglick\u00e1 z\u00e1kladn\u00ed \u0161kola, Ostrava Poruba\",\"publisher\":{\"@id\":\"https:\/\/www.helloskola.cz\/zakladni-skola\/#organization\"},\"potentialAction\":[{\"@type\":\"SearchAction\",\"target\":{\"@type\":\"EntryPoint\",\"urlTemplate\":\"https:\/\/www.helloskola.cz\/zakladni-skola\/?s={search_term_string}\"},\"query-input\":{\"@type\":\"PropertyValueSpecification\",\"valueRequired\":true,\"valueName\":\"search_term_string\"}}],\"inLanguage\":\"cs\"},{\"@type\":\"Organization\",\"@id\":\"https:\/\/www.helloskola.cz\/zakladni-skola\/#organization\",\"name\":\"Z\u00e1kladn\u00ed \u0161kola Hello\",\"url\":\"https:\/\/www.helloskola.cz\/zakladni-skola\/\",\"logo\":{\"@type\":\"ImageObject\",\"inLanguage\":\"cs\",\"@id\":\"https:\/\/www.helloskola.cz\/zakladni-skola\/#\/schema\/logo\/image\/\",\"url\":\"https:\/\/www.helloskola.cz\/zakladni-skola\/wp-content\/uploads\/sites\/6\/2022\/02\/hello_gy_zakladka_logo.svg\",\"contentUrl\":\"https:\/\/www.helloskola.cz\/zakladni-skola\/wp-content\/uploads\/sites\/6\/2022\/02\/hello_gy_zakladka_logo.svg\",\"width\":100,\"height\":100,\"caption\":\"Z\u00e1kladn\u00ed \u0161kola Hello\"},\"image\":{\"@id\":\"https:\/\/www.helloskola.cz\/zakladni-skola\/#\/schema\/logo\/image\/\"}}]}<\/script>\n<!-- \/ Yoast SEO plugin. -->","yoast_head_json":{"title":"Podpora spole\u010denstv\u00ed praxe jako n\u00e1stroj rozvoje kl\u00ed\u010dov\u00fdch kompetenc\u00ed | Z\u00e1kladn\u00ed \u0161kola HELLO","robots":{"index":"index","follow":"follow","max-snippet":"max-snippet:-1","max-image-preview":"max-image-preview:large","max-video-preview":"max-video-preview:-1"},"canonical":"https:\/\/www.helloskola.cz\/zakladni-skola\/zivot-skoly-a-trid\/projekty\/podpora-spolecenstvi-praxe-jako-nastroj-rozvoje-klicovych-kompetenci\/","og_locale":"cs_CZ","og_type":"article","og_title":"Podpora spole\u010denstv\u00ed praxe jako n\u00e1stroj rozvoje kl\u00ed\u010dov\u00fdch kompetenc\u00ed | Z\u00e1kladn\u00ed \u0161kola HELLO","og_description":"Projekt je spolufinancov\u00e1n Evropskou uni\u00ed. Projekt je zam\u011b\u0159en na pos\u00edlen\u00ed kompetenc\u00ed u\u010ditel\u016f prost\u0159ednictv\u00edm rozvoje oborov\u00fdch didaktik, pr\u016f\u0159ezov\u00fdch t\u00e9mat a mezip\u0159edm\u011btov\u00fdch vztah\u016f. V\u00edce zde (PDF)","og_url":"https:\/\/www.helloskola.cz\/zakladni-skola\/zivot-skoly-a-trid\/projekty\/podpora-spolecenstvi-praxe-jako-nastroj-rozvoje-klicovych-kompetenci\/","og_site_name":"Z\u00e1kladn\u00ed \u0161kola HELLO","twitter_card":"summary_large_image","schema":{"@context":"https:\/\/schema.org","@graph":[{"@type":"WebPage","@id":"https:\/\/www.helloskola.cz\/zakladni-skola\/zivot-skoly-a-trid\/projekty\/podpora-spolecenstvi-praxe-jako-nastroj-rozvoje-klicovych-kompetenci\/","url":"https:\/\/www.helloskola.cz\/zakladni-skola\/zivot-skoly-a-trid\/projekty\/podpora-spolecenstvi-praxe-jako-nastroj-rozvoje-klicovych-kompetenci\/","name":"Podpora spole\u010denstv\u00ed praxe jako n\u00e1stroj rozvoje kl\u00ed\u010dov\u00fdch kompetenc\u00ed | Z\u00e1kladn\u00ed \u0161kola HELLO","isPartOf":{"@id":"https:\/\/www.helloskola.cz\/zakladni-skola\/#website"},"primaryImageOfPage":{"@id":"https:\/\/www.helloskola.cz\/zakladni-skola\/zivot-skoly-a-trid\/projekty\/podpora-spolecenstvi-praxe-jako-nastroj-rozvoje-klicovych-kompetenci\/#primaryimage"},"image":{"@id":"https:\/\/www.helloskola.cz\/zakladni-skola\/zivot-skoly-a-trid\/projekty\/podpora-spolecenstvi-praxe-jako-nastroj-rozvoje-klicovych-kompetenci\/#primaryimage"},"thumbnailUrl":"https:\/\/www.helloskola.cz\/zakladni-skola\/wp-content\/uploads\/sites\/6\/2022\/05\/zakladka-fallback.png","datePublished":"2022-04-01T12:06:41+00:00","breadcrumb":{"@id":"https:\/\/www.helloskola.cz\/zakladni-skola\/zivot-skoly-a-trid\/projekty\/podpora-spolecenstvi-praxe-jako-nastroj-rozvoje-klicovych-kompetenci\/#breadcrumb"},"inLanguage":"cs","potentialAction":[{"@type":"ReadAction","target":["https:\/\/www.helloskola.cz\/zakladni-skola\/zivot-skoly-a-trid\/projekty\/podpora-spolecenstvi-praxe-jako-nastroj-rozvoje-klicovych-kompetenci\/"]}]},{"@type":"ImageObject","inLanguage":"cs","@id":"https:\/\/www.helloskola.cz\/zakladni-skola\/zivot-skoly-a-trid\/projekty\/podpora-spolecenstvi-praxe-jako-nastroj-rozvoje-klicovych-kompetenci\/#primaryimage","url":"https:\/\/www.helloskola.cz\/zakladni-skola\/wp-content\/uploads\/sites\/6\/2022\/05\/zakladka-fallback.png","contentUrl":"https:\/\/www.helloskola.cz\/zakladni-skola\/wp-content\/uploads\/sites\/6\/2022\/05\/zakladka-fallback.png","width":933,"height":700},{"@type":"BreadcrumbList","@id":"https:\/\/www.helloskola.cz\/zakladni-skola\/zivot-skoly-a-trid\/projekty\/podpora-spolecenstvi-praxe-jako-nastroj-rozvoje-klicovych-kompetenci\/#breadcrumb","itemListElement":[{"@type":"ListItem","position":1,"name":"\u00davod","item":"https:\/\/www.helloskola.cz\/zakladni-skola\/"},{"@type":"ListItem","position":2,"name":"\u017divot \u0161koly","item":"https:\/\/www.helloskola.cz\/zakladni-skola\/zivot-skoly-a-trid\/"},{"@type":"ListItem","position":3,"name":"Projekty","item":"https:\/\/www.helloskola.cz\/zakladni-skola\/zivot-skoly-a-trid\/projekty\/"},{"@type":"ListItem","position":4,"name":"Podpora spole\u010denstv\u00ed praxe jako n\u00e1stroj rozvoje kl\u00ed\u010dov\u00fdch kompetenc\u00ed"}]},{"@type":"WebSite","@id":"https:\/\/www.helloskola.cz\/zakladni-skola\/#website","url":"https:\/\/www.helloskola.cz\/zakladni-skola\/","name":"Z\u00e1kladn\u00ed \u0161kola HELLO","description":"\u010desko-anglick\u00e1 z\u00e1kladn\u00ed \u0161kola, Ostrava Poruba","publisher":{"@id":"https:\/\/www.helloskola.cz\/zakladni-skola\/#organization"},"potentialAction":[{"@type":"SearchAction","target":{"@type":"EntryPoint","urlTemplate":"https:\/\/www.helloskola.cz\/zakladni-skola\/?s={search_term_string}"},"query-input":{"@type":"PropertyValueSpecification","valueRequired":true,"valueName":"search_term_string"}}],"inLanguage":"cs"},{"@type":"Organization","@id":"https:\/\/www.helloskola.cz\/zakladni-skola\/#organization","name":"Z\u00e1kladn\u00ed \u0161kola Hello","url":"https:\/\/www.helloskola.cz\/zakladni-skola\/","logo":{"@type":"ImageObject","inLanguage":"cs","@id":"https:\/\/www.helloskola.cz\/zakladni-skola\/#\/schema\/logo\/image\/","url":"https:\/\/www.helloskola.cz\/zakladni-skola\/wp-content\/uploads\/sites\/6\/2022\/02\/hello_gy_zakladka_logo.svg","contentUrl":"https:\/\/www.helloskola.cz\/zakladni-skola\/wp-content\/uploads\/sites\/6\/2022\/02\/hello_gy_zakladka_logo.svg","width":100,"height":100,"caption":"Z\u00e1kladn\u00ed \u0161kola Hello"},"image":{"@id":"https:\/\/www.helloskola.cz\/zakladni-skola\/#\/schema\/logo\/image\/"}}]}},"_links":{"self":[{"href":"https:\/\/www.helloskola.cz\/zakladni-skola\/wp-json\/wp\/v2\/pages\/1986","targetHints":{"allow":["GET"]}}],"collection":[{"href":"https:\/\/www.helloskola.cz\/zakladni-skola\/wp-json\/wp\/v2\/pages"}],"about":[{"href":"https:\/\/www.helloskola.cz\/zakladni-skola\/wp-json\/wp\/v2\/types\/page"}],"author":[{"embeddable":true,"href":"https:\/\/www.helloskola.cz\/zakladni-skola\/wp-json\/wp\/v2\/users\/1"}],"replies":[{"embeddable":true,"href":"https:\/\/www.helloskola.cz\/zakladni-skola\/wp-json\/wp\/v2\/comments?post=1986"}],"version-history":[{"count":1,"href":"https:\/\/www.helloskola.cz\/zakladni-skola\/wp-json\/wp\/v2\/pages\/1986\/revisions"}],"predecessor-version":[{"id":1988,"href":"https:\/\/www.helloskola.cz\/zakladni-skola\/wp-json\/wp\/v2\/pages\/1986\/revisions\/1988"}],"up":[{"embeddable":true,"href":"https:\/\/www.helloskola.cz\/zakladni-skola\/wp-json\/wp\/v2\/pages\/1924"}],"wp:featuredmedia":[{"embeddable":true,"href":"https:\/\/www.helloskola.cz\/zakladni-skola\/wp-json\/wp\/v2\/media\/2575"}],"wp:attachment":[{"href":"https:\/\/www.helloskola.cz\/zakladni-skola\/wp-json\/wp\/v2\/media?parent=1986"}],"curies":[{"name":"wp","href":"https:\/\/api.w.org\/{rel}","templated":true}]}}