{"id":1167,"date":"2022-03-13T04:59:42","date_gmt":"2022-03-13T03:59:42","guid":{"rendered":"https:\/\/www.helloskola.cz\/zakladni-skola\/?page_id=1167"},"modified":"2025-08-22T15:06:50","modified_gmt":"2025-08-22T13:06:50","slug":"kontakty","status":"publish","type":"page","link":"https:\/\/www.helloskola.cz\/zakladni-skola\/kontakty\/","title":{"rendered":"Kontakty"},"content":{"rendered":"\n<h4 class=\"wp-block-heading\">Adresa \u0161koly:<\/h4>\n\n\n\n<p>Gymn\u00e1zium, z\u00e1kladn\u00ed \u0161kola a&nbsp;mate\u0159sk\u00e1 \u0161kola Hello s.r.o.<br>\u010cs. exilu 491\/23<br>708 00 Ostrava-Poruba<br>ID schr\u00e1nky: 3m6ci4w<br><a href=\"mailto:%69%6e%66%6f%40%67%79%6d%6e%61%7a%69%75%6d%68%65%6c%6c%6f%2e%63%7a\">info@gymnaziumhello.cz<\/a><br><a href=\"https:\/\/mapy.cz\/s\/3u32T\" target=\"_blank\" rel=\"noreferrer noopener\">odkaz na Mapy.cz<\/a><\/p>\n\n\n\n<h4 class=\"wp-block-heading\">\u0158editelka \u0161koly:<\/h4>\n\n\n\n<p>Mgr. Gabriela Jur\u00e1nkov\u00e1<br>+420 778 486 446<br><a href=\"mailto:jurankova@helloskola.cz\">jurankova@helloskola.cz<\/a><\/p>\n\n\n\n<h4 class=\"wp-block-heading\">Z\u00e1stupkyn\u011b \u0159editelky:<\/h4>\n\n\n\n<p>Mgr. Zuzana Pohlov\u00e1<br>+420 778 545 789<br><a href=\"mailto:%6e%6f%73%6b%6f%76%61%40%68%65%6c%6c%6f%73%6b%6f%6c%61%2e%63%7a\">pohlova@helloskola.cz<\/a><\/p>\n\n\n\n<h4 class=\"wp-block-heading\">Office manager:<\/h4>\n\n\n\n<p>Mgr. Alena Bajnarov\u00e1<br>+420 778 407 236<\/p>\n\n\n\n<p><a href=\"mailto:info@helloskola.cz\">info@helloskola.cz<\/a><\/p>\n\n\n\n<h4 class=\"wp-block-heading\">Recepce<\/h4>\n\n\n\n<p>od 7:00 do 17:00:<\/p>\n\n\n\n<p>+420 778 522 760<\/p>\n\n\n\n<p>+420 553 401 558<\/p>\n\n\n\n<h4 class=\"wp-block-heading\">Ekonomka:<\/h4>\n\n\n\n<p>Lenka Michalov\u00e1<br>+420 739 203 928<br><a href=\"mailto:%6d%69%63%68%61%6c%6f%76%61%40%68%65%6c%6c%6f%2e%63%7a\">michalova@hello.cz<\/a><\/p>\n\n\n\n<h4 class=\"wp-block-heading\">\u0160koln\u00ed dru\u017eina:<\/h4>\n\n\n\n<ul class=\"wp-block-list\">\n<li>1. odd\u011blen\u00ed: +420 778 409 819<\/li>\n\n\n\n<li>2. odd\u011blen\u00ed: +420 778 522 761<\/li>\n<\/ul>\n","protected":false},"excerpt":{"rendered":"<p>Adresa \u0161koly: Gymn\u00e1zium, z\u00e1kladn\u00ed \u0161kola a&nbsp;mate\u0159sk\u00e1 \u0161kola Hello s.r.o.\u010cs. exilu 491\/23708 00 Ostrava-PorubaID schr\u00e1nky: 3m6ci4winfo@gymnaziumhello.czodkaz na Mapy.cz \u0158editelka \u0161koly: Mgr. Gabriela Jur\u00e1nkov\u00e1+420 778 486 446jurankova@helloskola.cz Z\u00e1stupkyn\u011b \u0159editelky: Mgr. Zuzana Pohlov\u00e1+420 778 545 789pohlova@helloskola.cz Office manager: Mgr. Alena Bajnarov\u00e1+420 778 407 236 info@helloskola.cz Recepce od 7:00 do 17:00: +420 778 522 760 +420 553 401 558 [&hellip;]<\/p>\n","protected":false},"author":1,"featured_media":2575,"parent":0,"menu_order":0,"comment_status":"closed","ping_status":"closed","template":"","meta":{"footnotes":""},"class_list":["post-1167","page","type-page","status-publish","has-post-thumbnail","hentry"],"yoast_head":"<!-- This site is optimized with the Yoast SEO plugin v24.8.1 - https:\/\/yoast.com\/wordpress\/plugins\/seo\/ -->\n<title>Kontakty | Z\u00e1kladn\u00ed \u0161kola HELLO<\/title>\n<meta name=\"robots\" content=\"index, follow, max-snippet:-1, max-image-preview:large, max-video-preview:-1\" \/>\n<link rel=\"canonical\" href=\"https:\/\/www.helloskola.cz\/zakladni-skola\/kontakty\/\" \/>\n<meta property=\"og:locale\" content=\"cs_CZ\" \/>\n<meta property=\"og:type\" content=\"article\" \/>\n<meta property=\"og:title\" content=\"Kontakty | Z\u00e1kladn\u00ed \u0161kola HELLO\" \/>\n<meta property=\"og:description\" content=\"Adresa \u0161koly: Gymn\u00e1zium, z\u00e1kladn\u00ed \u0161kola a&nbsp;mate\u0159sk\u00e1 \u0161kola Hello s.r.o.\u010cs. exilu 491\/23708 00 Ostrava-PorubaID schr\u00e1nky: 3m6ci4winfo@gymnaziumhello.czodkaz na Mapy.cz \u0158editelka \u0161koly: Mgr. Gabriela Jur\u00e1nkov\u00e1+420 778 486 446jurankova@helloskola.cz Z\u00e1stupkyn\u011b \u0159editelky: Mgr. Zuzana Pohlov\u00e1+420 778 545 789pohlova@helloskola.cz Office manager: Mgr. Alena Bajnarov\u00e1+420 778 407 236 info@helloskola.cz Recepce od 7:00 do 17:00: +420 778 522 760 +420 553 401 558 [&hellip;]\" \/>\n<meta property=\"og:url\" content=\"https:\/\/www.helloskola.cz\/zakladni-skola\/kontakty\/\" \/>\n<meta property=\"og:site_name\" content=\"Z\u00e1kladn\u00ed \u0161kola HELLO\" \/>\n<meta property=\"article:modified_time\" content=\"2025-08-22T13:06:50+00:00\" \/>\n<meta name=\"twitter:card\" content=\"summary_large_image\" \/>\n<meta name=\"twitter:label1\" content=\"Odhadovan\u00e1 doba \u010dten\u00ed\" \/>\n\t<meta name=\"twitter:data1\" content=\"1 minuta\" \/>\n<script type=\"application\/ld+json\" class=\"yoast-schema-graph\">{\"@context\":\"https:\/\/schema.org\",\"@graph\":[{\"@type\":\"WebPage\",\"@id\":\"https:\/\/www.helloskola.cz\/zakladni-skola\/kontakty\/\",\"url\":\"https:\/\/www.helloskola.cz\/zakladni-skola\/kontakty\/\",\"name\":\"Kontakty | Z\u00e1kladn\u00ed \u0161kola HELLO\",\"isPartOf\":{\"@id\":\"https:\/\/www.helloskola.cz\/zakladni-skola\/#website\"},\"primaryImageOfPage\":{\"@id\":\"https:\/\/www.helloskola.cz\/zakladni-skola\/kontakty\/#primaryimage\"},\"image\":{\"@id\":\"https:\/\/www.helloskola.cz\/zakladni-skola\/kontakty\/#primaryimage\"},\"thumbnailUrl\":\"https:\/\/www.helloskola.cz\/zakladni-skola\/wp-content\/uploads\/sites\/6\/2022\/05\/zakladka-fallback.png\",\"datePublished\":\"2022-03-13T03:59:42+00:00\",\"dateModified\":\"2025-08-22T13:06:50+00:00\",\"breadcrumb\":{\"@id\":\"https:\/\/www.helloskola.cz\/zakladni-skola\/kontakty\/#breadcrumb\"},\"inLanguage\":\"cs\",\"potentialAction\":[{\"@type\":\"ReadAction\",\"target\":[\"https:\/\/www.helloskola.cz\/zakladni-skola\/kontakty\/\"]}]},{\"@type\":\"ImageObject\",\"inLanguage\":\"cs\",\"@id\":\"https:\/\/www.helloskola.cz\/zakladni-skola\/kontakty\/#primaryimage\",\"url\":\"https:\/\/www.helloskola.cz\/zakladni-skola\/wp-content\/uploads\/sites\/6\/2022\/05\/zakladka-fallback.png\",\"contentUrl\":\"https:\/\/www.helloskola.cz\/zakladni-skola\/wp-content\/uploads\/sites\/6\/2022\/05\/zakladka-fallback.png\",\"width\":933,\"height\":700},{\"@type\":\"BreadcrumbList\",\"@id\":\"https:\/\/www.helloskola.cz\/zakladni-skola\/kontakty\/#breadcrumb\",\"itemListElement\":[{\"@type\":\"ListItem\",\"position\":1,\"name\":\"\u00davod\",\"item\":\"https:\/\/www.helloskola.cz\/zakladni-skola\/\"},{\"@type\":\"ListItem\",\"position\":2,\"name\":\"Kontakty\"}]},{\"@type\":\"WebSite\",\"@id\":\"https:\/\/www.helloskola.cz\/zakladni-skola\/#website\",\"url\":\"https:\/\/www.helloskola.cz\/zakladni-skola\/\",\"name\":\"Z\u00e1kladn\u00ed \u0161kola HELLO\",\"description\":\"\u010desko-anglick\u00e1 z\u00e1kladn\u00ed \u0161kola, Ostrava Poruba\",\"publisher\":{\"@id\":\"https:\/\/www.helloskola.cz\/zakladni-skola\/#organization\"},\"potentialAction\":[{\"@type\":\"SearchAction\",\"target\":{\"@type\":\"EntryPoint\",\"urlTemplate\":\"https:\/\/www.helloskola.cz\/zakladni-skola\/?s={search_term_string}\"},\"query-input\":{\"@type\":\"PropertyValueSpecification\",\"valueRequired\":true,\"valueName\":\"search_term_string\"}}],\"inLanguage\":\"cs\"},{\"@type\":\"Organization\",\"@id\":\"https:\/\/www.helloskola.cz\/zakladni-skola\/#organization\",\"name\":\"Z\u00e1kladn\u00ed \u0161kola Hello\",\"url\":\"https:\/\/www.helloskola.cz\/zakladni-skola\/\",\"logo\":{\"@type\":\"ImageObject\",\"inLanguage\":\"cs\",\"@id\":\"https:\/\/www.helloskola.cz\/zakladni-skola\/#\/schema\/logo\/image\/\",\"url\":\"https:\/\/www.helloskola.cz\/zakladni-skola\/wp-content\/uploads\/sites\/6\/2022\/02\/hello_gy_zakladka_logo.svg\",\"contentUrl\":\"https:\/\/www.helloskola.cz\/zakladni-skola\/wp-content\/uploads\/sites\/6\/2022\/02\/hello_gy_zakladka_logo.svg\",\"width\":100,\"height\":100,\"caption\":\"Z\u00e1kladn\u00ed \u0161kola Hello\"},\"image\":{\"@id\":\"https:\/\/www.helloskola.cz\/zakladni-skola\/#\/schema\/logo\/image\/\"}}]}<\/script>\n<!-- \/ Yoast SEO plugin. -->","yoast_head_json":{"title":"Kontakty | Z\u00e1kladn\u00ed \u0161kola HELLO","robots":{"index":"index","follow":"follow","max-snippet":"max-snippet:-1","max-image-preview":"max-image-preview:large","max-video-preview":"max-video-preview:-1"},"canonical":"https:\/\/www.helloskola.cz\/zakladni-skola\/kontakty\/","og_locale":"cs_CZ","og_type":"article","og_title":"Kontakty | Z\u00e1kladn\u00ed \u0161kola HELLO","og_description":"Adresa \u0161koly: Gymn\u00e1zium, z\u00e1kladn\u00ed \u0161kola a&nbsp;mate\u0159sk\u00e1 \u0161kola Hello s.r.o.\u010cs. exilu 491\/23708 00 Ostrava-PorubaID schr\u00e1nky: 3m6ci4winfo@gymnaziumhello.czodkaz na Mapy.cz \u0158editelka \u0161koly: Mgr. Gabriela Jur\u00e1nkov\u00e1+420 778 486 446jurankova@helloskola.cz Z\u00e1stupkyn\u011b \u0159editelky: Mgr. Zuzana Pohlov\u00e1+420 778 545 789pohlova@helloskola.cz Office manager: Mgr. Alena Bajnarov\u00e1+420 778 407 236 info@helloskola.cz Recepce od 7:00 do 17:00: +420 778 522 760 +420 553 401 558 [&hellip;]","og_url":"https:\/\/www.helloskola.cz\/zakladni-skola\/kontakty\/","og_site_name":"Z\u00e1kladn\u00ed \u0161kola HELLO","article_modified_time":"2025-08-22T13:06:50+00:00","twitter_card":"summary_large_image","twitter_misc":{"Odhadovan\u00e1 doba \u010dten\u00ed":"1 minuta"},"schema":{"@context":"https:\/\/schema.org","@graph":[{"@type":"WebPage","@id":"https:\/\/www.helloskola.cz\/zakladni-skola\/kontakty\/","url":"https:\/\/www.helloskola.cz\/zakladni-skola\/kontakty\/","name":"Kontakty | Z\u00e1kladn\u00ed \u0161kola HELLO","isPartOf":{"@id":"https:\/\/www.helloskola.cz\/zakladni-skola\/#website"},"primaryImageOfPage":{"@id":"https:\/\/www.helloskola.cz\/zakladni-skola\/kontakty\/#primaryimage"},"image":{"@id":"https:\/\/www.helloskola.cz\/zakladni-skola\/kontakty\/#primaryimage"},"thumbnailUrl":"https:\/\/www.helloskola.cz\/zakladni-skola\/wp-content\/uploads\/sites\/6\/2022\/05\/zakladka-fallback.png","datePublished":"2022-03-13T03:59:42+00:00","dateModified":"2025-08-22T13:06:50+00:00","breadcrumb":{"@id":"https:\/\/www.helloskola.cz\/zakladni-skola\/kontakty\/#breadcrumb"},"inLanguage":"cs","potentialAction":[{"@type":"ReadAction","target":["https:\/\/www.helloskola.cz\/zakladni-skola\/kontakty\/"]}]},{"@type":"ImageObject","inLanguage":"cs","@id":"https:\/\/www.helloskola.cz\/zakladni-skola\/kontakty\/#primaryimage","url":"https:\/\/www.helloskola.cz\/zakladni-skola\/wp-content\/uploads\/sites\/6\/2022\/05\/zakladka-fallback.png","contentUrl":"https:\/\/www.helloskola.cz\/zakladni-skola\/wp-content\/uploads\/sites\/6\/2022\/05\/zakladka-fallback.png","width":933,"height":700},{"@type":"BreadcrumbList","@id":"https:\/\/www.helloskola.cz\/zakladni-skola\/kontakty\/#breadcrumb","itemListElement":[{"@type":"ListItem","position":1,"name":"\u00davod","item":"https:\/\/www.helloskola.cz\/zakladni-skola\/"},{"@type":"ListItem","position":2,"name":"Kontakty"}]},{"@type":"WebSite","@id":"https:\/\/www.helloskola.cz\/zakladni-skola\/#website","url":"https:\/\/www.helloskola.cz\/zakladni-skola\/","name":"Z\u00e1kladn\u00ed \u0161kola HELLO","description":"\u010desko-anglick\u00e1 z\u00e1kladn\u00ed \u0161kola, Ostrava Poruba","publisher":{"@id":"https:\/\/www.helloskola.cz\/zakladni-skola\/#organization"},"potentialAction":[{"@type":"SearchAction","target":{"@type":"EntryPoint","urlTemplate":"https:\/\/www.helloskola.cz\/zakladni-skola\/?s={search_term_string}"},"query-input":{"@type":"PropertyValueSpecification","valueRequired":true,"valueName":"search_term_string"}}],"inLanguage":"cs"},{"@type":"Organization","@id":"https:\/\/www.helloskola.cz\/zakladni-skola\/#organization","name":"Z\u00e1kladn\u00ed \u0161kola Hello","url":"https:\/\/www.helloskola.cz\/zakladni-skola\/","logo":{"@type":"ImageObject","inLanguage":"cs","@id":"https:\/\/www.helloskola.cz\/zakladni-skola\/#\/schema\/logo\/image\/","url":"https:\/\/www.helloskola.cz\/zakladni-skola\/wp-content\/uploads\/sites\/6\/2022\/02\/hello_gy_zakladka_logo.svg","contentUrl":"https:\/\/www.helloskola.cz\/zakladni-skola\/wp-content\/uploads\/sites\/6\/2022\/02\/hello_gy_zakladka_logo.svg","width":100,"height":100,"caption":"Z\u00e1kladn\u00ed \u0161kola Hello"},"image":{"@id":"https:\/\/www.helloskola.cz\/zakladni-skola\/#\/schema\/logo\/image\/"}}]}},"_links":{"self":[{"href":"https:\/\/www.helloskola.cz\/zakladni-skola\/wp-json\/wp\/v2\/pages\/1167","targetHints":{"allow":["GET"]}}],"collection":[{"href":"https:\/\/www.helloskola.cz\/zakladni-skola\/wp-json\/wp\/v2\/pages"}],"about":[{"href":"https:\/\/www.helloskola.cz\/zakladni-skola\/wp-json\/wp\/v2\/types\/page"}],"author":[{"embeddable":true,"href":"https:\/\/www.helloskola.cz\/zakladni-skola\/wp-json\/wp\/v2\/users\/1"}],"replies":[{"embeddable":true,"href":"https:\/\/www.helloskola.cz\/zakladni-skola\/wp-json\/wp\/v2\/comments?post=1167"}],"version-history":[{"count":6,"href":"https:\/\/www.helloskola.cz\/zakladni-skola\/wp-json\/wp\/v2\/pages\/1167\/revisions"}],"predecessor-version":[{"id":6821,"href":"https:\/\/www.helloskola.cz\/zakladni-skola\/wp-json\/wp\/v2\/pages\/1167\/revisions\/6821"}],"wp:featuredmedia":[{"embeddable":true,"href":"https:\/\/www.helloskola.cz\/zakladni-skola\/wp-json\/wp\/v2\/media\/2575"}],"wp:attachment":[{"href":"https:\/\/www.helloskola.cz\/zakladni-skola\/wp-json\/wp\/v2\/media?parent=1167"}],"curies":[{"name":"wp","href":"https:\/\/api.w.org\/{rel}","templated":true}]}}