{"id":2367,"date":"2022-04-05T23:23:07","date_gmt":"2022-04-05T21:23:07","guid":{"rendered":"https:\/\/www.helloskola.cz\/materska-skolka\/?page_id=2367"},"modified":"2026-01-08T14:58:45","modified_gmt":"2026-01-08T13:58:45","slug":"co-pripravit-teddikovi","status":"publish","type":"page","link":"https:\/\/www.helloskola.cz\/materska-skolka\/ms-dubina\/co-pripravit-teddikovi\/","title":{"rendered":"Co p\u0159ipravit do \u0161kolky?"},"content":{"rendered":"\n<h2 class=\"wp-block-heading\">Co p\u0159ipravit ne\u017e p\u016fjdete do \u0161kolky?<\/h2>\n\n\n\n<h4 class=\"wp-block-heading\">D\u011bti do na\u0161\u00ed \u0161koli\u010dky pot\u0159ebuj\u00ed:<\/h4>\n\n\n\n<ul class=\"wp-block-list\">\n<li>Od\u011bv a\u00a0obuv do t\u0159\u00eddy a\u00a0na zahradu ( i do de\u0161t\u011b)<\/li>\n\n\n\n<li>Obuv do t\u011blocvi\u010dny<\/li>\n\n\n\n<li>Py\u017eamko <\/li>\n\n\n\n<li>Kel\u00edmek, kart\u00e1\u010dek, zubn\u00ed pasta<\/li>\n\n\n\n<li>Hrn\u00ed\u010dek na pit\u00ed &#8211; vhodn\u00fd do my\u010dky<\/li>\n\n\n\n<li>Kopii pr\u016fkazu poji\u0161t\u011bnce<\/li>\n<\/ul>\n","protected":false},"excerpt":{"rendered":"<p>Co p\u0159ipravit ne\u017e p\u016fjdete do \u0161kolky? D\u011bti do na\u0161\u00ed \u0161koli\u010dky pot\u0159ebuj\u00ed:<\/p>\n","protected":false},"author":1,"featured_media":2572,"parent":2285,"menu_order":0,"comment_status":"closed","ping_status":"closed","template":"","meta":{"footnotes":""},"class_list":["post-2367","page","type-page","status-publish","has-post-thumbnail","hentry"],"yoast_head":"<!-- This site is optimized with the Yoast SEO plugin v24.8.1 - https:\/\/yoast.com\/wordpress\/plugins\/seo\/ -->\n<title>Co p\u0159ipravit do \u0161kolky? | Mate\u0159sk\u00e1 \u0161kolka HELLO Teddy<\/title>\n<meta name=\"robots\" content=\"index, follow, max-snippet:-1, max-image-preview:large, max-video-preview:-1\" \/>\n<link rel=\"canonical\" href=\"https:\/\/www.helloskola.cz\/materska-skolka\/ms-dubina\/co-pripravit-teddikovi\/\" \/>\n<meta property=\"og:locale\" content=\"cs_CZ\" \/>\n<meta property=\"og:type\" content=\"article\" \/>\n<meta property=\"og:title\" content=\"Co p\u0159ipravit do \u0161kolky? | Mate\u0159sk\u00e1 \u0161kolka HELLO Teddy\" \/>\n<meta property=\"og:description\" content=\"Co p\u0159ipravit ne\u017e p\u016fjdete do \u0161kolky? D\u011bti do na\u0161\u00ed \u0161koli\u010dky pot\u0159ebuj\u00ed:\" \/>\n<meta property=\"og:url\" content=\"https:\/\/www.helloskola.cz\/materska-skolka\/ms-dubina\/co-pripravit-teddikovi\/\" \/>\n<meta property=\"og:site_name\" content=\"Mate\u0159sk\u00e1 \u0161kolka HELLO Teddy\" \/>\n<meta property=\"article:modified_time\" content=\"2026-01-08T13:58:45+00:00\" \/>\n<meta name=\"twitter:card\" content=\"summary_large_image\" \/>\n<meta name=\"twitter:label1\" content=\"Odhadovan\u00e1 doba \u010dten\u00ed\" \/>\n\t<meta name=\"twitter:data1\" content=\"1 minuta\" \/>\n<script type=\"application\/ld+json\" class=\"yoast-schema-graph\">{\"@context\":\"https:\/\/schema.org\",\"@graph\":[{\"@type\":\"WebPage\",\"@id\":\"https:\/\/www.helloskola.cz\/materska-skolka\/ms-dubina\/co-pripravit-teddikovi\/\",\"url\":\"https:\/\/www.helloskola.cz\/materska-skolka\/ms-dubina\/co-pripravit-teddikovi\/\",\"name\":\"Co p\u0159ipravit do \u0161kolky? | Mate\u0159sk\u00e1 \u0161kolka HELLO Teddy\",\"isPartOf\":{\"@id\":\"https:\/\/www.helloskola.cz\/materska-skolka\/#website\"},\"primaryImageOfPage\":{\"@id\":\"https:\/\/www.helloskola.cz\/materska-skolka\/ms-dubina\/co-pripravit-teddikovi\/#primaryimage\"},\"image\":{\"@id\":\"https:\/\/www.helloskola.cz\/materska-skolka\/ms-dubina\/co-pripravit-teddikovi\/#primaryimage\"},\"thumbnailUrl\":\"https:\/\/www.helloskola.cz\/materska-skolka\/wp-content\/uploads\/sites\/7\/2022\/05\/skolka-fallback.png\",\"datePublished\":\"2022-04-05T21:23:07+00:00\",\"dateModified\":\"2026-01-08T13:58:45+00:00\",\"breadcrumb\":{\"@id\":\"https:\/\/www.helloskola.cz\/materska-skolka\/ms-dubina\/co-pripravit-teddikovi\/#breadcrumb\"},\"inLanguage\":\"cs\",\"potentialAction\":[{\"@type\":\"ReadAction\",\"target\":[\"https:\/\/www.helloskola.cz\/materska-skolka\/ms-dubina\/co-pripravit-teddikovi\/\"]}]},{\"@type\":\"ImageObject\",\"inLanguage\":\"cs\",\"@id\":\"https:\/\/www.helloskola.cz\/materska-skolka\/ms-dubina\/co-pripravit-teddikovi\/#primaryimage\",\"url\":\"https:\/\/www.helloskola.cz\/materska-skolka\/wp-content\/uploads\/sites\/7\/2022\/05\/skolka-fallback.png\",\"contentUrl\":\"https:\/\/www.helloskola.cz\/materska-skolka\/wp-content\/uploads\/sites\/7\/2022\/05\/skolka-fallback.png\",\"width\":933,\"height\":700},{\"@type\":\"BreadcrumbList\",\"@id\":\"https:\/\/www.helloskola.cz\/materska-skolka\/ms-dubina\/co-pripravit-teddikovi\/#breadcrumb\",\"itemListElement\":[{\"@type\":\"ListItem\",\"position\":1,\"name\":\"\u00davod\",\"item\":\"https:\/\/www.helloskola.cz\/materska-skolka\/\"},{\"@type\":\"ListItem\",\"position\":2,\"name\":\"M\u0161 Dubina\",\"item\":\"https:\/\/www.helloskola.cz\/materska-skolka\/ms-dubina\/\"},{\"@type\":\"ListItem\",\"position\":3,\"name\":\"Co p\u0159ipravit do \u0161kolky?\"}]},{\"@type\":\"WebSite\",\"@id\":\"https:\/\/www.helloskola.cz\/materska-skolka\/#website\",\"url\":\"https:\/\/www.helloskola.cz\/materska-skolka\/\",\"name\":\"Mate\u0159sk\u00e1 \u0161kolka HELLO Teddy\",\"description\":\"\u010desko-anglick\u00e1 z\u00e1kladn\u00ed \u0161kolka, Ostrava\",\"publisher\":{\"@id\":\"https:\/\/www.helloskola.cz\/materska-skolka\/#organization\"},\"potentialAction\":[{\"@type\":\"SearchAction\",\"target\":{\"@type\":\"EntryPoint\",\"urlTemplate\":\"https:\/\/www.helloskola.cz\/materska-skolka\/?s={search_term_string}\"},\"query-input\":{\"@type\":\"PropertyValueSpecification\",\"valueRequired\":true,\"valueName\":\"search_term_string\"}}],\"inLanguage\":\"cs\"},{\"@type\":\"Organization\",\"@id\":\"https:\/\/www.helloskola.cz\/materska-skolka\/#organization\",\"name\":\"Mate\u0159sk\u00e1 \u0161kolka Hello Teddy\",\"url\":\"https:\/\/www.helloskola.cz\/materska-skolka\/\",\"logo\":{\"@type\":\"ImageObject\",\"inLanguage\":\"cs\",\"@id\":\"https:\/\/www.helloskola.cz\/materska-skolka\/#\/schema\/logo\/image\/\",\"url\":\"https:\/\/www.helloskola.cz\/materska-skolka\/wp-content\/uploads\/sites\/7\/2022\/02\/hello_skolka_logo.svg\",\"contentUrl\":\"https:\/\/www.helloskola.cz\/materska-skolka\/wp-content\/uploads\/sites\/7\/2022\/02\/hello_skolka_logo.svg\",\"width\":100,\"height\":100,\"caption\":\"Mate\u0159sk\u00e1 \u0161kolka Hello Teddy\"},\"image\":{\"@id\":\"https:\/\/www.helloskola.cz\/materska-skolka\/#\/schema\/logo\/image\/\"}}]}<\/script>\n<!-- \/ Yoast SEO plugin. -->","yoast_head_json":{"title":"Co p\u0159ipravit do \u0161kolky? | Mate\u0159sk\u00e1 \u0161kolka HELLO Teddy","robots":{"index":"index","follow":"follow","max-snippet":"max-snippet:-1","max-image-preview":"max-image-preview:large","max-video-preview":"max-video-preview:-1"},"canonical":"https:\/\/www.helloskola.cz\/materska-skolka\/ms-dubina\/co-pripravit-teddikovi\/","og_locale":"cs_CZ","og_type":"article","og_title":"Co p\u0159ipravit do \u0161kolky? | Mate\u0159sk\u00e1 \u0161kolka HELLO Teddy","og_description":"Co p\u0159ipravit ne\u017e p\u016fjdete do \u0161kolky? D\u011bti do na\u0161\u00ed \u0161koli\u010dky pot\u0159ebuj\u00ed:","og_url":"https:\/\/www.helloskola.cz\/materska-skolka\/ms-dubina\/co-pripravit-teddikovi\/","og_site_name":"Mate\u0159sk\u00e1 \u0161kolka HELLO Teddy","article_modified_time":"2026-01-08T13:58:45+00:00","twitter_card":"summary_large_image","twitter_misc":{"Odhadovan\u00e1 doba \u010dten\u00ed":"1 minuta"},"schema":{"@context":"https:\/\/schema.org","@graph":[{"@type":"WebPage","@id":"https:\/\/www.helloskola.cz\/materska-skolka\/ms-dubina\/co-pripravit-teddikovi\/","url":"https:\/\/www.helloskola.cz\/materska-skolka\/ms-dubina\/co-pripravit-teddikovi\/","name":"Co p\u0159ipravit do \u0161kolky? | Mate\u0159sk\u00e1 \u0161kolka HELLO Teddy","isPartOf":{"@id":"https:\/\/www.helloskola.cz\/materska-skolka\/#website"},"primaryImageOfPage":{"@id":"https:\/\/www.helloskola.cz\/materska-skolka\/ms-dubina\/co-pripravit-teddikovi\/#primaryimage"},"image":{"@id":"https:\/\/www.helloskola.cz\/materska-skolka\/ms-dubina\/co-pripravit-teddikovi\/#primaryimage"},"thumbnailUrl":"https:\/\/www.helloskola.cz\/materska-skolka\/wp-content\/uploads\/sites\/7\/2022\/05\/skolka-fallback.png","datePublished":"2022-04-05T21:23:07+00:00","dateModified":"2026-01-08T13:58:45+00:00","breadcrumb":{"@id":"https:\/\/www.helloskola.cz\/materska-skolka\/ms-dubina\/co-pripravit-teddikovi\/#breadcrumb"},"inLanguage":"cs","potentialAction":[{"@type":"ReadAction","target":["https:\/\/www.helloskola.cz\/materska-skolka\/ms-dubina\/co-pripravit-teddikovi\/"]}]},{"@type":"ImageObject","inLanguage":"cs","@id":"https:\/\/www.helloskola.cz\/materska-skolka\/ms-dubina\/co-pripravit-teddikovi\/#primaryimage","url":"https:\/\/www.helloskola.cz\/materska-skolka\/wp-content\/uploads\/sites\/7\/2022\/05\/skolka-fallback.png","contentUrl":"https:\/\/www.helloskola.cz\/materska-skolka\/wp-content\/uploads\/sites\/7\/2022\/05\/skolka-fallback.png","width":933,"height":700},{"@type":"BreadcrumbList","@id":"https:\/\/www.helloskola.cz\/materska-skolka\/ms-dubina\/co-pripravit-teddikovi\/#breadcrumb","itemListElement":[{"@type":"ListItem","position":1,"name":"\u00davod","item":"https:\/\/www.helloskola.cz\/materska-skolka\/"},{"@type":"ListItem","position":2,"name":"M\u0161 Dubina","item":"https:\/\/www.helloskola.cz\/materska-skolka\/ms-dubina\/"},{"@type":"ListItem","position":3,"name":"Co p\u0159ipravit do \u0161kolky?"}]},{"@type":"WebSite","@id":"https:\/\/www.helloskola.cz\/materska-skolka\/#website","url":"https:\/\/www.helloskola.cz\/materska-skolka\/","name":"Mate\u0159sk\u00e1 \u0161kolka HELLO Teddy","description":"\u010desko-anglick\u00e1 z\u00e1kladn\u00ed \u0161kolka, Ostrava","publisher":{"@id":"https:\/\/www.helloskola.cz\/materska-skolka\/#organization"},"potentialAction":[{"@type":"SearchAction","target":{"@type":"EntryPoint","urlTemplate":"https:\/\/www.helloskola.cz\/materska-skolka\/?s={search_term_string}"},"query-input":{"@type":"PropertyValueSpecification","valueRequired":true,"valueName":"search_term_string"}}],"inLanguage":"cs"},{"@type":"Organization","@id":"https:\/\/www.helloskola.cz\/materska-skolka\/#organization","name":"Mate\u0159sk\u00e1 \u0161kolka Hello Teddy","url":"https:\/\/www.helloskola.cz\/materska-skolka\/","logo":{"@type":"ImageObject","inLanguage":"cs","@id":"https:\/\/www.helloskola.cz\/materska-skolka\/#\/schema\/logo\/image\/","url":"https:\/\/www.helloskola.cz\/materska-skolka\/wp-content\/uploads\/sites\/7\/2022\/02\/hello_skolka_logo.svg","contentUrl":"https:\/\/www.helloskola.cz\/materska-skolka\/wp-content\/uploads\/sites\/7\/2022\/02\/hello_skolka_logo.svg","width":100,"height":100,"caption":"Mate\u0159sk\u00e1 \u0161kolka Hello Teddy"},"image":{"@id":"https:\/\/www.helloskola.cz\/materska-skolka\/#\/schema\/logo\/image\/"}}]}},"_links":{"self":[{"href":"https:\/\/www.helloskola.cz\/materska-skolka\/wp-json\/wp\/v2\/pages\/2367","targetHints":{"allow":["GET"]}}],"collection":[{"href":"https:\/\/www.helloskola.cz\/materska-skolka\/wp-json\/wp\/v2\/pages"}],"about":[{"href":"https:\/\/www.helloskola.cz\/materska-skolka\/wp-json\/wp\/v2\/types\/page"}],"author":[{"embeddable":true,"href":"https:\/\/www.helloskola.cz\/materska-skolka\/wp-json\/wp\/v2\/users\/1"}],"replies":[{"embeddable":true,"href":"https:\/\/www.helloskola.cz\/materska-skolka\/wp-json\/wp\/v2\/comments?post=2367"}],"version-history":[{"count":4,"href":"https:\/\/www.helloskola.cz\/materska-skolka\/wp-json\/wp\/v2\/pages\/2367\/revisions"}],"predecessor-version":[{"id":4439,"href":"https:\/\/www.helloskola.cz\/materska-skolka\/wp-json\/wp\/v2\/pages\/2367\/revisions\/4439"}],"up":[{"embeddable":true,"href":"https:\/\/www.helloskola.cz\/materska-skolka\/wp-json\/wp\/v2\/pages\/2285"}],"wp:featuredmedia":[{"embeddable":true,"href":"https:\/\/www.helloskola.cz\/materska-skolka\/wp-json\/wp\/v2\/media\/2572"}],"wp:attachment":[{"href":"https:\/\/www.helloskola.cz\/materska-skolka\/wp-json\/wp\/v2\/media?parent=2367"}],"curies":[{"name":"wp","href":"https:\/\/api.w.org\/{rel}","templated":true}]}}