{"id":2359,"date":"2022-04-05T23:16:47","date_gmt":"2022-04-05T21:16:47","guid":{"rendered":"https:\/\/www.helloskola.cz\/materska-skolka\/?page_id=2359"},"modified":"2026-01-08T14:51:43","modified_gmt":"2026-01-08T13:51:43","slug":"stravovani","status":"publish","type":"page","link":"https:\/\/www.helloskola.cz\/materska-skolka\/ms-dubina\/stravovani\/","title":{"rendered":"Programy a cen\u00edk"},"content":{"rendered":"\n<p>Prohl\u00e9dn\u011bte si <a href=\"https:\/\/www.helloskola.cz\/materska-skolka\/wp-content\/uploads\/sites\/7\/2022\/09\/SVP-2022-25-DUBINA.pdf\">\u0160koln\u00ed vzd\u011bl\u00e1vac\u00ed program<\/a><\/p>\n\n\n\n<figure class=\"wp-block-image size-large is-resized\"><img fetchpriority=\"high\" decoding=\"async\" width=\"768\" height=\"1024\" src=\"https:\/\/www.helloskola.cz\/materska-skolka\/wp-content\/uploads\/sites\/7\/2023\/01\/39F0EE55-D31E-4E31-8D45-E2161411941B-768x1024.jpg\" alt=\"\" class=\"wp-image-3787\" style=\"width:319px;height:425px\" srcset=\"https:\/\/www.helloskola.cz\/materska-skolka\/wp-content\/uploads\/sites\/7\/2023\/01\/39F0EE55-D31E-4E31-8D45-E2161411941B-768x1024.jpg 768w, https:\/\/www.helloskola.cz\/materska-skolka\/wp-content\/uploads\/sites\/7\/2023\/01\/39F0EE55-D31E-4E31-8D45-E2161411941B-225x300.jpg 225w, https:\/\/www.helloskola.cz\/materska-skolka\/wp-content\/uploads\/sites\/7\/2023\/01\/39F0EE55-D31E-4E31-8D45-E2161411941B-1152x1536.jpg 1152w, https:\/\/www.helloskola.cz\/materska-skolka\/wp-content\/uploads\/sites\/7\/2023\/01\/39F0EE55-D31E-4E31-8D45-E2161411941B.jpg 1500w\" sizes=\"(max-width: 768px) 100vw, 768px\" \/><\/figure>\n\n\n\n<h2 class=\"wp-block-heading\">Ceny program\u016f M\u0160 v tomto \u0161koln\u00edm roce  (z\u00e1\u0159\u00ed \u2013 \u010derven)<\/h2>\n\n\n\n<p>D\u011bti lze zapisovat v&nbsp;pr\u016fb\u011bhu cel\u00e9ho roku!<\/p>\n\n\n\n<figure class=\"wp-block-table\"><table><thead><tr><th><strong>Programy<\/strong><\/th><th><strong>Dny<\/strong><\/th><th><strong>\u010cas<\/strong><\/th><th><strong>Cena za m\u011bs\u00edc<\/strong>&nbsp;1)<\/th><\/tr><\/thead><tbody><tr><td><strong>TEST<\/strong>&nbsp;\u2013 1-2 dny na zkou\u0161ku<\/td><td>Po-P\u00e1 dle domluvy<\/td><td>07:00 \u2013 17:00<\/td><td><strong>ZDARMA<\/strong><\/td><\/tr><tr><td><strong>SCHOOL YEAR \u2013 \u0161koln\u00ed rok<\/strong><\/td><td>Po, \u00dat, St, \u010ct, P\u00e1<\/td><td>07:00 \u2013 17:00<\/td><td>  <strong>9.500 K\u010d<\/strong><\/td><\/tr><tr><td><strong>MONTH<\/strong>&nbsp;\u2013 1 m\u011bs\u00edc<\/td><td>Po, \u00dat, St, \u010ct, P\u00e1<\/td><td>07:00 \u2013 17:00<\/td><td>11.000 K\u010d<\/td><\/tr><tr><td><strong>START<\/strong>&nbsp;\u2013   3 dny \/ t\u00fddn\u011b<\/td><td>Po, \u00dat, St, \u010ct, P\u00e1<\/td><td>07:00 \u2013 17:00<\/td><td>  7.000 K\u010d<\/td><\/tr><tr><td><\/td><td><\/td><td><\/td><td><\/td><\/tr><\/tbody><\/table><\/figure>\n\n\n\n<p>1) Ceny program\u016f SCHOOL YEAR, MONTH a START zahrnuj\u00ed \u0161koln\u00e9 za jeden kalend\u00e1\u0159n\u00ed m\u011bs\u00edc bez stravy. Programy TEST je pro nov\u00e9, star\u0161\u00ed d\u011bti, kter\u00e9 si cht\u011bj\u00ed vyzkou\u0161et na\u0161i b\u00e1je\u010dnou \u0161kolku p\u0159ed n\u00e1stupem.<\/p>\n\n\n\n<p>2)&nbsp;<strong>Program SCHOOL YEAR je celot\u00fddenn\u00ed program pro d\u011bti, kter\u00e9 se zap\u00ed\u0161\u00ed do M\u0160 na cel\u00fd \u0161koln\u00ed rok, tj. od z\u00e1\u0159\u00ed do \u010dervna.<\/strong><\/p>\n\n\n\n<p>3) Program START lze vyu\u017e\u00edt pouze pro d\u011bti 2-3 let\u00e9  v&nbsp;pr\u016fb\u011bhu 1. \u0161koln\u00edho roku doch\u00e1zky. <\/p>\n\n\n\n<p><\/p>\n\n\n\n<p>Pozn.:<\/p>\n\n\n\n<p><em>I. D\u011bti v&nbsp;programu &nbsp;SCHOOL YEAR maj\u00ed p\u0159i p\u0159ijet\u00ed p\u0159ednost.<\/em><\/p>\n\n\n\n<p><em>II. Mate\u0159sk\u00e1 \u0161kola Hello si vyhrazuje pr\u00e1vo neotev\u0159\u00edt program. O&nbsp;mo\u017enosti otev\u0159en\u00ed programu se informujte u&nbsp;veden\u00ed \u0161koly.<\/em><\/p>\n\n\n\n<p><strong>D\u011bti p\u0159ij\u00edm\u00e1me do \u0161kolky po cel\u00fd \u0161koln\u00ed rok, dovoluje-li to kapacita.<\/strong><\/p>\n\n\n\n<h2 class=\"wp-block-heading\">Slevy<\/h2>\n\n\n\n<p>Sleva p\u0159i p\u0159ihl\u00e1\u0161en\u00ed 2 d\u011bt\u00ed \u2013 sleva 1 000,-K\u010d\/m\u011bs\u00edc\/ d\u00edt\u011b z\u00a0ceny programu.<br>P\u0159i platb\u011b dop\u0159edu za 5 a\u00a0v\u00edce m\u011bs\u00edc\u016f \u2013 sleva 500,-K\u010d\/ m\u011bs\u00edc\/ d\u00edt\u011b<\/p>\n","protected":false},"excerpt":{"rendered":"<p>Prohl\u00e9dn\u011bte si \u0160koln\u00ed vzd\u011bl\u00e1vac\u00ed program Ceny program\u016f M\u0160 v tomto \u0161koln\u00edm roce (z\u00e1\u0159\u00ed \u2013 \u010derven) D\u011bti lze zapisovat v&nbsp;pr\u016fb\u011bhu cel\u00e9ho roku! Programy Dny \u010cas Cena za m\u011bs\u00edc&nbsp;1) TEST&nbsp;\u2013 1-2 dny na zkou\u0161ku Po-P\u00e1 dle domluvy 07:00 \u2013 17:00 ZDARMA SCHOOL YEAR \u2013 \u0161koln\u00ed rok Po, \u00dat, St, \u010ct, P\u00e1 07:00 \u2013 17:00 9.500 K\u010d MONTH&nbsp;\u2013 [&hellip;]<\/p>\n","protected":false},"author":1,"featured_media":2572,"parent":2285,"menu_order":0,"comment_status":"closed","ping_status":"closed","template":"","meta":{"footnotes":""},"class_list":["post-2359","page","type-page","status-publish","has-post-thumbnail","hentry"],"yoast_head":"<!-- This site is optimized with the Yoast SEO plugin v24.8.1 - https:\/\/yoast.com\/wordpress\/plugins\/seo\/ -->\n<title>Programy a cen\u00edk | Mate\u0159sk\u00e1 \u0161kolka HELLO Teddy<\/title>\n<meta name=\"robots\" content=\"index, follow, max-snippet:-1, max-image-preview:large, max-video-preview:-1\" \/>\n<link rel=\"canonical\" href=\"https:\/\/www.helloskola.cz\/materska-skolka\/ms-dubina\/stravovani\/\" \/>\n<meta property=\"og:locale\" content=\"cs_CZ\" \/>\n<meta property=\"og:type\" content=\"article\" \/>\n<meta property=\"og:title\" content=\"Programy a cen\u00edk | Mate\u0159sk\u00e1 \u0161kolka HELLO Teddy\" \/>\n<meta property=\"og:description\" content=\"Prohl\u00e9dn\u011bte si \u0160koln\u00ed vzd\u011bl\u00e1vac\u00ed program Ceny program\u016f M\u0160 v tomto \u0161koln\u00edm roce (z\u00e1\u0159\u00ed \u2013 \u010derven) D\u011bti lze zapisovat v&nbsp;pr\u016fb\u011bhu cel\u00e9ho roku! Programy Dny \u010cas Cena za m\u011bs\u00edc&nbsp;1) TEST&nbsp;\u2013 1-2 dny na zkou\u0161ku Po-P\u00e1 dle domluvy 07:00 \u2013 17:00 ZDARMA SCHOOL YEAR \u2013 \u0161koln\u00ed rok Po, \u00dat, St, \u010ct, P\u00e1 07:00 \u2013 17:00 9.500 K\u010d MONTH&nbsp;\u2013 [&hellip;]\" \/>\n<meta property=\"og:url\" content=\"https:\/\/www.helloskola.cz\/materska-skolka\/ms-dubina\/stravovani\/\" \/>\n<meta property=\"og:site_name\" content=\"Mate\u0159sk\u00e1 \u0161kolka HELLO Teddy\" \/>\n<meta property=\"article:modified_time\" content=\"2026-01-08T13:51:43+00:00\" \/>\n<meta property=\"og:image\" content=\"https:\/\/www.helloskola.cz\/materska-skolka\/wp-content\/uploads\/sites\/7\/2023\/01\/39F0EE55-D31E-4E31-8D45-E2161411941B.jpg\" \/>\n\t<meta property=\"og:image:width\" content=\"1500\" \/>\n\t<meta property=\"og:image:height\" content=\"2000\" \/>\n\t<meta property=\"og:image:type\" content=\"image\/jpeg\" \/>\n<meta name=\"twitter:card\" content=\"summary_large_image\" \/>\n<meta name=\"twitter:label1\" content=\"Odhadovan\u00e1 doba \u010dten\u00ed\" \/>\n\t<meta name=\"twitter:data1\" content=\"2 minuty\" \/>\n<script type=\"application\/ld+json\" class=\"yoast-schema-graph\">{\"@context\":\"https:\/\/schema.org\",\"@graph\":[{\"@type\":\"WebPage\",\"@id\":\"https:\/\/www.helloskola.cz\/materska-skolka\/ms-dubina\/stravovani\/\",\"url\":\"https:\/\/www.helloskola.cz\/materska-skolka\/ms-dubina\/stravovani\/\",\"name\":\"Programy a cen\u00edk | Mate\u0159sk\u00e1 \u0161kolka HELLO Teddy\",\"isPartOf\":{\"@id\":\"https:\/\/www.helloskola.cz\/materska-skolka\/#website\"},\"primaryImageOfPage\":{\"@id\":\"https:\/\/www.helloskola.cz\/materska-skolka\/ms-dubina\/stravovani\/#primaryimage\"},\"image\":{\"@id\":\"https:\/\/www.helloskola.cz\/materska-skolka\/ms-dubina\/stravovani\/#primaryimage\"},\"thumbnailUrl\":\"https:\/\/www.helloskola.cz\/materska-skolka\/wp-content\/uploads\/sites\/7\/2022\/05\/skolka-fallback.png\",\"datePublished\":\"2022-04-05T21:16:47+00:00\",\"dateModified\":\"2026-01-08T13:51:43+00:00\",\"breadcrumb\":{\"@id\":\"https:\/\/www.helloskola.cz\/materska-skolka\/ms-dubina\/stravovani\/#breadcrumb\"},\"inLanguage\":\"cs\",\"potentialAction\":[{\"@type\":\"ReadAction\",\"target\":[\"https:\/\/www.helloskola.cz\/materska-skolka\/ms-dubina\/stravovani\/\"]}]},{\"@type\":\"ImageObject\",\"inLanguage\":\"cs\",\"@id\":\"https:\/\/www.helloskola.cz\/materska-skolka\/ms-dubina\/stravovani\/#primaryimage\",\"url\":\"https:\/\/www.helloskola.cz\/materska-skolka\/wp-content\/uploads\/sites\/7\/2022\/05\/skolka-fallback.png\",\"contentUrl\":\"https:\/\/www.helloskola.cz\/materska-skolka\/wp-content\/uploads\/sites\/7\/2022\/05\/skolka-fallback.png\",\"width\":933,\"height\":700},{\"@type\":\"BreadcrumbList\",\"@id\":\"https:\/\/www.helloskola.cz\/materska-skolka\/ms-dubina\/stravovani\/#breadcrumb\",\"itemListElement\":[{\"@type\":\"ListItem\",\"position\":1,\"name\":\"\u00davod\",\"item\":\"https:\/\/www.helloskola.cz\/materska-skolka\/\"},{\"@type\":\"ListItem\",\"position\":2,\"name\":\"M\u0161 Dubina\",\"item\":\"https:\/\/www.helloskola.cz\/materska-skolka\/ms-dubina\/\"},{\"@type\":\"ListItem\",\"position\":3,\"name\":\"Programy a cen\u00edk\"}]},{\"@type\":\"WebSite\",\"@id\":\"https:\/\/www.helloskola.cz\/materska-skolka\/#website\",\"url\":\"https:\/\/www.helloskola.cz\/materska-skolka\/\",\"name\":\"Mate\u0159sk\u00e1 \u0161kolka HELLO Teddy\",\"description\":\"\u010desko-anglick\u00e1 z\u00e1kladn\u00ed \u0161kolka, Ostrava\",\"publisher\":{\"@id\":\"https:\/\/www.helloskola.cz\/materska-skolka\/#organization\"},\"potentialAction\":[{\"@type\":\"SearchAction\",\"target\":{\"@type\":\"EntryPoint\",\"urlTemplate\":\"https:\/\/www.helloskola.cz\/materska-skolka\/?s={search_term_string}\"},\"query-input\":{\"@type\":\"PropertyValueSpecification\",\"valueRequired\":true,\"valueName\":\"search_term_string\"}}],\"inLanguage\":\"cs\"},{\"@type\":\"Organization\",\"@id\":\"https:\/\/www.helloskola.cz\/materska-skolka\/#organization\",\"name\":\"Mate\u0159sk\u00e1 \u0161kolka Hello Teddy\",\"url\":\"https:\/\/www.helloskola.cz\/materska-skolka\/\",\"logo\":{\"@type\":\"ImageObject\",\"inLanguage\":\"cs\",\"@id\":\"https:\/\/www.helloskola.cz\/materska-skolka\/#\/schema\/logo\/image\/\",\"url\":\"https:\/\/www.helloskola.cz\/materska-skolka\/wp-content\/uploads\/sites\/7\/2022\/02\/hello_skolka_logo.svg\",\"contentUrl\":\"https:\/\/www.helloskola.cz\/materska-skolka\/wp-content\/uploads\/sites\/7\/2022\/02\/hello_skolka_logo.svg\",\"width\":100,\"height\":100,\"caption\":\"Mate\u0159sk\u00e1 \u0161kolka Hello Teddy\"},\"image\":{\"@id\":\"https:\/\/www.helloskola.cz\/materska-skolka\/#\/schema\/logo\/image\/\"}}]}<\/script>\n<!-- \/ Yoast SEO plugin. -->","yoast_head_json":{"title":"Programy a cen\u00edk | Mate\u0159sk\u00e1 \u0161kolka HELLO Teddy","robots":{"index":"index","follow":"follow","max-snippet":"max-snippet:-1","max-image-preview":"max-image-preview:large","max-video-preview":"max-video-preview:-1"},"canonical":"https:\/\/www.helloskola.cz\/materska-skolka\/ms-dubina\/stravovani\/","og_locale":"cs_CZ","og_type":"article","og_title":"Programy a cen\u00edk | Mate\u0159sk\u00e1 \u0161kolka HELLO Teddy","og_description":"Prohl\u00e9dn\u011bte si \u0160koln\u00ed vzd\u011bl\u00e1vac\u00ed program Ceny program\u016f M\u0160 v tomto \u0161koln\u00edm roce (z\u00e1\u0159\u00ed \u2013 \u010derven) D\u011bti lze zapisovat v&nbsp;pr\u016fb\u011bhu cel\u00e9ho roku! Programy Dny \u010cas Cena za m\u011bs\u00edc&nbsp;1) TEST&nbsp;\u2013 1-2 dny na zkou\u0161ku Po-P\u00e1 dle domluvy 07:00 \u2013 17:00 ZDARMA SCHOOL YEAR \u2013 \u0161koln\u00ed rok Po, \u00dat, St, \u010ct, P\u00e1 07:00 \u2013 17:00 9.500 K\u010d MONTH&nbsp;\u2013 [&hellip;]","og_url":"https:\/\/www.helloskola.cz\/materska-skolka\/ms-dubina\/stravovani\/","og_site_name":"Mate\u0159sk\u00e1 \u0161kolka HELLO Teddy","article_modified_time":"2026-01-08T13:51:43+00:00","og_image":[{"width":1500,"height":2000,"url":"https:\/\/www.helloskola.cz\/materska-skolka\/wp-content\/uploads\/sites\/7\/2023\/01\/39F0EE55-D31E-4E31-8D45-E2161411941B.jpg","type":"image\/jpeg"}],"twitter_card":"summary_large_image","twitter_misc":{"Odhadovan\u00e1 doba \u010dten\u00ed":"2 minuty"},"schema":{"@context":"https:\/\/schema.org","@graph":[{"@type":"WebPage","@id":"https:\/\/www.helloskola.cz\/materska-skolka\/ms-dubina\/stravovani\/","url":"https:\/\/www.helloskola.cz\/materska-skolka\/ms-dubina\/stravovani\/","name":"Programy a cen\u00edk | Mate\u0159sk\u00e1 \u0161kolka HELLO Teddy","isPartOf":{"@id":"https:\/\/www.helloskola.cz\/materska-skolka\/#website"},"primaryImageOfPage":{"@id":"https:\/\/www.helloskola.cz\/materska-skolka\/ms-dubina\/stravovani\/#primaryimage"},"image":{"@id":"https:\/\/www.helloskola.cz\/materska-skolka\/ms-dubina\/stravovani\/#primaryimage"},"thumbnailUrl":"https:\/\/www.helloskola.cz\/materska-skolka\/wp-content\/uploads\/sites\/7\/2022\/05\/skolka-fallback.png","datePublished":"2022-04-05T21:16:47+00:00","dateModified":"2026-01-08T13:51:43+00:00","breadcrumb":{"@id":"https:\/\/www.helloskola.cz\/materska-skolka\/ms-dubina\/stravovani\/#breadcrumb"},"inLanguage":"cs","potentialAction":[{"@type":"ReadAction","target":["https:\/\/www.helloskola.cz\/materska-skolka\/ms-dubina\/stravovani\/"]}]},{"@type":"ImageObject","inLanguage":"cs","@id":"https:\/\/www.helloskola.cz\/materska-skolka\/ms-dubina\/stravovani\/#primaryimage","url":"https:\/\/www.helloskola.cz\/materska-skolka\/wp-content\/uploads\/sites\/7\/2022\/05\/skolka-fallback.png","contentUrl":"https:\/\/www.helloskola.cz\/materska-skolka\/wp-content\/uploads\/sites\/7\/2022\/05\/skolka-fallback.png","width":933,"height":700},{"@type":"BreadcrumbList","@id":"https:\/\/www.helloskola.cz\/materska-skolka\/ms-dubina\/stravovani\/#breadcrumb","itemListElement":[{"@type":"ListItem","position":1,"name":"\u00davod","item":"https:\/\/www.helloskola.cz\/materska-skolka\/"},{"@type":"ListItem","position":2,"name":"M\u0161 Dubina","item":"https:\/\/www.helloskola.cz\/materska-skolka\/ms-dubina\/"},{"@type":"ListItem","position":3,"name":"Programy a cen\u00edk"}]},{"@type":"WebSite","@id":"https:\/\/www.helloskola.cz\/materska-skolka\/#website","url":"https:\/\/www.helloskola.cz\/materska-skolka\/","name":"Mate\u0159sk\u00e1 \u0161kolka HELLO Teddy","description":"\u010desko-anglick\u00e1 z\u00e1kladn\u00ed \u0161kolka, Ostrava","publisher":{"@id":"https:\/\/www.helloskola.cz\/materska-skolka\/#organization"},"potentialAction":[{"@type":"SearchAction","target":{"@type":"EntryPoint","urlTemplate":"https:\/\/www.helloskola.cz\/materska-skolka\/?s={search_term_string}"},"query-input":{"@type":"PropertyValueSpecification","valueRequired":true,"valueName":"search_term_string"}}],"inLanguage":"cs"},{"@type":"Organization","@id":"https:\/\/www.helloskola.cz\/materska-skolka\/#organization","name":"Mate\u0159sk\u00e1 \u0161kolka Hello Teddy","url":"https:\/\/www.helloskola.cz\/materska-skolka\/","logo":{"@type":"ImageObject","inLanguage":"cs","@id":"https:\/\/www.helloskola.cz\/materska-skolka\/#\/schema\/logo\/image\/","url":"https:\/\/www.helloskola.cz\/materska-skolka\/wp-content\/uploads\/sites\/7\/2022\/02\/hello_skolka_logo.svg","contentUrl":"https:\/\/www.helloskola.cz\/materska-skolka\/wp-content\/uploads\/sites\/7\/2022\/02\/hello_skolka_logo.svg","width":100,"height":100,"caption":"Mate\u0159sk\u00e1 \u0161kolka Hello Teddy"},"image":{"@id":"https:\/\/www.helloskola.cz\/materska-skolka\/#\/schema\/logo\/image\/"}}]}},"_links":{"self":[{"href":"https:\/\/www.helloskola.cz\/materska-skolka\/wp-json\/wp\/v2\/pages\/2359","targetHints":{"allow":["GET"]}}],"collection":[{"href":"https:\/\/www.helloskola.cz\/materska-skolka\/wp-json\/wp\/v2\/pages"}],"about":[{"href":"https:\/\/www.helloskola.cz\/materska-skolka\/wp-json\/wp\/v2\/types\/page"}],"author":[{"embeddable":true,"href":"https:\/\/www.helloskola.cz\/materska-skolka\/wp-json\/wp\/v2\/users\/1"}],"replies":[{"embeddable":true,"href":"https:\/\/www.helloskola.cz\/materska-skolka\/wp-json\/wp\/v2\/comments?post=2359"}],"version-history":[{"count":12,"href":"https:\/\/www.helloskola.cz\/materska-skolka\/wp-json\/wp\/v2\/pages\/2359\/revisions"}],"predecessor-version":[{"id":4434,"href":"https:\/\/www.helloskola.cz\/materska-skolka\/wp-json\/wp\/v2\/pages\/2359\/revisions\/4434"}],"up":[{"embeddable":true,"href":"https:\/\/www.helloskola.cz\/materska-skolka\/wp-json\/wp\/v2\/pages\/2285"}],"wp:featuredmedia":[{"embeddable":true,"href":"https:\/\/www.helloskola.cz\/materska-skolka\/wp-json\/wp\/v2\/media\/2572"}],"wp:attachment":[{"href":"https:\/\/www.helloskola.cz\/materska-skolka\/wp-json\/wp\/v2\/media?parent=2359"}],"curies":[{"name":"wp","href":"https:\/\/api.w.org\/{rel}","templated":true}]}}