{"id":2228,"date":"2022-04-05T14:43:33","date_gmt":"2022-04-05T12:43:33","guid":{"rendered":"https:\/\/www.helloskola.cz\/materska-skolka\/?page_id=2228"},"modified":"2025-11-10T11:39:04","modified_gmt":"2025-11-10T10:39:04","slug":"nase-filosofie","status":"publish","type":"page","link":"https:\/\/www.helloskola.cz\/materska-skolka\/o-nas\/nase-filosofie\/","title":{"rendered":"Na\u0161e filosofie"},"content":{"rendered":"\n<h2 class=\"wp-block-heading\">Filosofie na\u0161ich \u0161kolek Hello !<\/h2>\n\n\n\n<p>\u017dijeme ve sv\u011bt\u011b, kde je t\u00e9m\u011b\u0159 v\u0161e p\u0159izp\u016fsobeno dosp\u011bl\u00fdm. P\u0159esto se zde najdou zaj\u00edmav\u00e1 m\u00edste\u010dka, kter\u00e1 jsou stvo\u0159ena pro d\u011bti. Jedn\u00edm z\u00a0nich jsou na\u0161e\u00a0<strong>ob\u011b<\/strong> <strong>anglick\u00e9 \u0161kolky Hello v Ostrav\u011b Porub\u011b a Hello Teddy v Ostrav\u011b Dubin\u011b!\u00a0<\/strong>Bydl\u00ed v\u00a0n\u00ed spousta hra\u010dek a prima parta d\u011bt\u00ed . D\u016fle\u017eit\u00e1 je tak\u00e9 skute\u010dnost, \u017ee\u00a0<strong>na\u0161e \u0161kolky p\u0159\u00edmo navazuj\u00ed\u00a0<\/strong>na \u010desko-anglickou z\u00e1kladn\u00ed \u0161kolu Hello. D\u011bti tak mohou nastoupit na povinnou \u0161koln\u00ed doch\u00e1zku do ji\u017e zn\u00e1m\u00e9ho, p\u0159\u00edv\u011btiv\u00e9ho a\u00a0modern\u011b za\u0159\u00edzen\u00e9ho prost\u0159ed\u00ed.<\/p>\n\n\n\n<h3 class=\"wp-block-heading\">Kdo se m\u016f\u017ee p\u0159ihl\u00e1sit?<\/h3>\n\n\n\n<p>Do \u0161kolky m\u016f\u017ee doch\u00e1zet\u00a0<strong>ka\u017ed\u00e9 d\u00edt\u011b ve v\u011bku 2 a\u017e 6 let bez ohledu na n\u00e1rodnost a\u00a0znalosti angli\u010dtiny.\u00a0<\/strong>V\u0161em d\u011btem nab\u00edz\u00edme nadstandardn\u00ed program p\u0159ed\u0161koln\u00edho vzd\u011bl\u00e1v\u00e1n\u00ed v\u00a0\u010de\u0161tin\u011b i\u00a0angli\u010dtin\u011b. B\u011bhem tohoto programu se na\u0161e d\u011bti nau\u010d\u00ed ciz\u00edmu jazyku p\u0159irozenou a\u00a0z\u00e1bavnou cestou.<\/p>\n\n\n\n<h3 class=\"wp-block-heading\">V Hello jsme aktivn\u00ed<\/h3>\n\n\n\n<p>D\u011bti tr\u00e1v\u00ed ve \u0161kolce v\u011bt\u0161inu dne, a\u00a0proto se sna\u017e\u00edme, aby se u\u00a0n\u00e1s c\u00edtili dob\u0159e. T\u0159eba jako ve sv\u00e9m d\u011btsk\u00e9m pokoj\u00ed\u010dku. Stejn\u011b jako doma, tak i\u00a0u\u00a0n\u00e1s si hrajeme, zp\u00edv\u00e1me, tan\u010d\u00edme, malujeme, \u010dteme, j\u00edme, sp\u00edme, pov\u00edd\u00e1me si, cvi\u010d\u00edme a\u00a0to v\u0161e s\u00a0angli\u010dtinou. Nesed\u00edme u\u00a0stolu a\u00a0neopakujeme slov\u00ed\u010dka, ale je to angli\u010dtina pln\u00e1 her, z\u00e1bavy a\u00a0legrace. Sna\u017e\u00edme se u\u00a0d\u011bt\u00ed vzbudit z\u00e1jem u\u010dit se a\u00a0pozn\u00e1vat, nen\u00e1siln\u011b si osvojit a\u00a0bezd\u011b\u010dn\u011b i\u00a0pou\u017e\u00edvat \u010desk\u00e9 a\u00a0anglick\u00e9 n\u00e1zvy v\u011bc\u00ed, kter\u00e9 je obklopuj\u00ed, \u010dinnost\u00ed, kter\u00e9 d\u011blaj\u00ed ka\u017ed\u00fd den. K\u00a0tomu n\u00e1m pom\u00e1h\u00e1 prostorn\u00e1 t\u0159\u00edda s\u00a0hernou pln\u00e1 r\u016fzn\u00fdmi pom\u016fckami a\u00a0hra\u010dkami, v\u00fdukov\u00e9 materi\u00e1ly z nakladatelstv\u00ed Oxford press, ale i\u00a0dal\u0161\u00ed zaj\u00edmav\u00e1 m\u00edsta v\u00a0na\u0161em okol\u00ed &#8211; j\u00edzd\u00e1rna, divadlo, les, kino, zoo a\u00a0h\u0159i\u0161t\u011b.<\/p>\n\n\n\n<p>A to v\u0161e je propojeno d\u00edky Inovativn\u00edmu vzd\u011bl\u00e1v\u00e1n\u00ed Za\u010d\u00edt spolu &#8211; mezin\u00e1rodn\u00edmu programu Step by step, kter\u00fd v r.2024 oslavli 30 p\u016fsoben\u00ed v \u010cR.<br><br>D\u011btsk\u00fd pokoj je sou\u010d\u00e1st\u00ed domova, do kter\u00e9ho pat\u0159\u00ed hlavn\u011b\u00a0<strong>m\u00e1ma s\u00a0t\u00e1tou\u00a0<\/strong>. Pro n\u011b p\u0159ipravujeme\u00a0<strong>spole\u010dn\u00e1 setk\u00e1n\u00ed v\u00a0na\u0161\u00ed \u0161kolce\u00a0<\/strong>, abychom uk\u00e1zali, co jejich d\u011bti dok\u00e1\u017e\u00ed a\u00a0\u010demu se nau\u010dily.<\/p>\n\n\n\n<p><\/p>\n","protected":false},"excerpt":{"rendered":"<p>Filosofie na\u0161ich \u0161kolek Hello ! \u017dijeme ve sv\u011bt\u011b, kde je t\u00e9m\u011b\u0159 v\u0161e p\u0159izp\u016fsobeno dosp\u011bl\u00fdm. P\u0159esto se zde najdou zaj\u00edmav\u00e1 m\u00edste\u010dka, kter\u00e1 jsou stvo\u0159ena pro d\u011bti. Jedn\u00edm z\u00a0nich jsou na\u0161e\u00a0ob\u011b anglick\u00e9 \u0161kolky Hello v Ostrav\u011b Porub\u011b a Hello Teddy v Ostrav\u011b Dubin\u011b!\u00a0Bydl\u00ed v\u00a0n\u00ed spousta hra\u010dek a prima parta d\u011bt\u00ed . D\u016fle\u017eit\u00e1 je tak\u00e9 skute\u010dnost, \u017ee\u00a0na\u0161e \u0161kolky [&hellip;]<\/p>\n","protected":false},"author":1,"featured_media":2572,"parent":2222,"menu_order":0,"comment_status":"closed","ping_status":"closed","template":"","meta":{"footnotes":""},"class_list":["post-2228","page","type-page","status-publish","has-post-thumbnail","hentry"],"yoast_head":"<!-- This site is optimized with the Yoast SEO plugin v24.8.1 - https:\/\/yoast.com\/wordpress\/plugins\/seo\/ -->\n<title>Na\u0161e filosofie | Mate\u0159sk\u00e1 \u0161kolka HELLO Teddy<\/title>\n<meta name=\"robots\" content=\"index, follow, max-snippet:-1, max-image-preview:large, max-video-preview:-1\" \/>\n<link rel=\"canonical\" href=\"https:\/\/www.helloskola.cz\/materska-skolka\/o-nas\/nase-filosofie\/\" \/>\n<meta property=\"og:locale\" content=\"cs_CZ\" \/>\n<meta property=\"og:type\" content=\"article\" \/>\n<meta property=\"og:title\" content=\"Na\u0161e filosofie | Mate\u0159sk\u00e1 \u0161kolka HELLO Teddy\" \/>\n<meta property=\"og:description\" content=\"Filosofie na\u0161ich \u0161kolek Hello ! \u017dijeme ve sv\u011bt\u011b, kde je t\u00e9m\u011b\u0159 v\u0161e p\u0159izp\u016fsobeno dosp\u011bl\u00fdm. P\u0159esto se zde najdou zaj\u00edmav\u00e1 m\u00edste\u010dka, kter\u00e1 jsou stvo\u0159ena pro d\u011bti. Jedn\u00edm z\u00a0nich jsou na\u0161e\u00a0ob\u011b anglick\u00e9 \u0161kolky Hello v Ostrav\u011b Porub\u011b a Hello Teddy v Ostrav\u011b Dubin\u011b!\u00a0Bydl\u00ed v\u00a0n\u00ed spousta hra\u010dek a prima parta d\u011bt\u00ed . D\u016fle\u017eit\u00e1 je tak\u00e9 skute\u010dnost, \u017ee\u00a0na\u0161e \u0161kolky [&hellip;]\" \/>\n<meta property=\"og:url\" content=\"https:\/\/www.helloskola.cz\/materska-skolka\/o-nas\/nase-filosofie\/\" \/>\n<meta property=\"og:site_name\" content=\"Mate\u0159sk\u00e1 \u0161kolka HELLO Teddy\" \/>\n<meta property=\"article:modified_time\" content=\"2025-11-10T10:39:04+00:00\" \/>\n<meta name=\"twitter:card\" content=\"summary_large_image\" \/>\n<meta name=\"twitter:label1\" content=\"Odhadovan\u00e1 doba \u010dten\u00ed\" \/>\n\t<meta name=\"twitter:data1\" content=\"2 minuty\" \/>\n<script type=\"application\/ld+json\" class=\"yoast-schema-graph\">{\"@context\":\"https:\/\/schema.org\",\"@graph\":[{\"@type\":\"WebPage\",\"@id\":\"https:\/\/www.helloskola.cz\/materska-skolka\/o-nas\/nase-filosofie\/\",\"url\":\"https:\/\/www.helloskola.cz\/materska-skolka\/o-nas\/nase-filosofie\/\",\"name\":\"Na\u0161e filosofie | Mate\u0159sk\u00e1 \u0161kolka HELLO Teddy\",\"isPartOf\":{\"@id\":\"https:\/\/www.helloskola.cz\/materska-skolka\/#website\"},\"primaryImageOfPage\":{\"@id\":\"https:\/\/www.helloskola.cz\/materska-skolka\/o-nas\/nase-filosofie\/#primaryimage\"},\"image\":{\"@id\":\"https:\/\/www.helloskola.cz\/materska-skolka\/o-nas\/nase-filosofie\/#primaryimage\"},\"thumbnailUrl\":\"https:\/\/www.helloskola.cz\/materska-skolka\/wp-content\/uploads\/sites\/7\/2022\/05\/skolka-fallback.png\",\"datePublished\":\"2022-04-05T12:43:33+00:00\",\"dateModified\":\"2025-11-10T10:39:04+00:00\",\"breadcrumb\":{\"@id\":\"https:\/\/www.helloskola.cz\/materska-skolka\/o-nas\/nase-filosofie\/#breadcrumb\"},\"inLanguage\":\"cs\",\"potentialAction\":[{\"@type\":\"ReadAction\",\"target\":[\"https:\/\/www.helloskola.cz\/materska-skolka\/o-nas\/nase-filosofie\/\"]}]},{\"@type\":\"ImageObject\",\"inLanguage\":\"cs\",\"@id\":\"https:\/\/www.helloskola.cz\/materska-skolka\/o-nas\/nase-filosofie\/#primaryimage\",\"url\":\"https:\/\/www.helloskola.cz\/materska-skolka\/wp-content\/uploads\/sites\/7\/2022\/05\/skolka-fallback.png\",\"contentUrl\":\"https:\/\/www.helloskola.cz\/materska-skolka\/wp-content\/uploads\/sites\/7\/2022\/05\/skolka-fallback.png\",\"width\":933,\"height\":700},{\"@type\":\"BreadcrumbList\",\"@id\":\"https:\/\/www.helloskola.cz\/materska-skolka\/o-nas\/nase-filosofie\/#breadcrumb\",\"itemListElement\":[{\"@type\":\"ListItem\",\"position\":1,\"name\":\"\u00davod\",\"item\":\"https:\/\/www.helloskola.cz\/materska-skolka\/\"},{\"@type\":\"ListItem\",\"position\":2,\"name\":\"O n\u00e1s\",\"item\":\"https:\/\/www.helloskola.cz\/materska-skolka\/o-nas\/\"},{\"@type\":\"ListItem\",\"position\":3,\"name\":\"Na\u0161e filosofie\"}]},{\"@type\":\"WebSite\",\"@id\":\"https:\/\/www.helloskola.cz\/materska-skolka\/#website\",\"url\":\"https:\/\/www.helloskola.cz\/materska-skolka\/\",\"name\":\"Mate\u0159sk\u00e1 \u0161kolka HELLO Teddy\",\"description\":\"\u010desko-anglick\u00e1 z\u00e1kladn\u00ed \u0161kolka, Ostrava\",\"publisher\":{\"@id\":\"https:\/\/www.helloskola.cz\/materska-skolka\/#organization\"},\"potentialAction\":[{\"@type\":\"SearchAction\",\"target\":{\"@type\":\"EntryPoint\",\"urlTemplate\":\"https:\/\/www.helloskola.cz\/materska-skolka\/?s={search_term_string}\"},\"query-input\":{\"@type\":\"PropertyValueSpecification\",\"valueRequired\":true,\"valueName\":\"search_term_string\"}}],\"inLanguage\":\"cs\"},{\"@type\":\"Organization\",\"@id\":\"https:\/\/www.helloskola.cz\/materska-skolka\/#organization\",\"name\":\"Mate\u0159sk\u00e1 \u0161kolka Hello Teddy\",\"url\":\"https:\/\/www.helloskola.cz\/materska-skolka\/\",\"logo\":{\"@type\":\"ImageObject\",\"inLanguage\":\"cs\",\"@id\":\"https:\/\/www.helloskola.cz\/materska-skolka\/#\/schema\/logo\/image\/\",\"url\":\"https:\/\/www.helloskola.cz\/materska-skolka\/wp-content\/uploads\/sites\/7\/2022\/02\/hello_skolka_logo.svg\",\"contentUrl\":\"https:\/\/www.helloskola.cz\/materska-skolka\/wp-content\/uploads\/sites\/7\/2022\/02\/hello_skolka_logo.svg\",\"width\":100,\"height\":100,\"caption\":\"Mate\u0159sk\u00e1 \u0161kolka Hello Teddy\"},\"image\":{\"@id\":\"https:\/\/www.helloskola.cz\/materska-skolka\/#\/schema\/logo\/image\/\"}}]}<\/script>\n<!-- \/ Yoast SEO plugin. -->","yoast_head_json":{"title":"Na\u0161e filosofie | Mate\u0159sk\u00e1 \u0161kolka HELLO Teddy","robots":{"index":"index","follow":"follow","max-snippet":"max-snippet:-1","max-image-preview":"max-image-preview:large","max-video-preview":"max-video-preview:-1"},"canonical":"https:\/\/www.helloskola.cz\/materska-skolka\/o-nas\/nase-filosofie\/","og_locale":"cs_CZ","og_type":"article","og_title":"Na\u0161e filosofie | Mate\u0159sk\u00e1 \u0161kolka HELLO Teddy","og_description":"Filosofie na\u0161ich \u0161kolek Hello ! \u017dijeme ve sv\u011bt\u011b, kde je t\u00e9m\u011b\u0159 v\u0161e p\u0159izp\u016fsobeno dosp\u011bl\u00fdm. P\u0159esto se zde najdou zaj\u00edmav\u00e1 m\u00edste\u010dka, kter\u00e1 jsou stvo\u0159ena pro d\u011bti. Jedn\u00edm z\u00a0nich jsou na\u0161e\u00a0ob\u011b anglick\u00e9 \u0161kolky Hello v Ostrav\u011b Porub\u011b a Hello Teddy v Ostrav\u011b Dubin\u011b!\u00a0Bydl\u00ed v\u00a0n\u00ed spousta hra\u010dek a prima parta d\u011bt\u00ed . D\u016fle\u017eit\u00e1 je tak\u00e9 skute\u010dnost, \u017ee\u00a0na\u0161e \u0161kolky [&hellip;]","og_url":"https:\/\/www.helloskola.cz\/materska-skolka\/o-nas\/nase-filosofie\/","og_site_name":"Mate\u0159sk\u00e1 \u0161kolka HELLO Teddy","article_modified_time":"2025-11-10T10:39:04+00:00","twitter_card":"summary_large_image","twitter_misc":{"Odhadovan\u00e1 doba \u010dten\u00ed":"2 minuty"},"schema":{"@context":"https:\/\/schema.org","@graph":[{"@type":"WebPage","@id":"https:\/\/www.helloskola.cz\/materska-skolka\/o-nas\/nase-filosofie\/","url":"https:\/\/www.helloskola.cz\/materska-skolka\/o-nas\/nase-filosofie\/","name":"Na\u0161e filosofie | Mate\u0159sk\u00e1 \u0161kolka HELLO Teddy","isPartOf":{"@id":"https:\/\/www.helloskola.cz\/materska-skolka\/#website"},"primaryImageOfPage":{"@id":"https:\/\/www.helloskola.cz\/materska-skolka\/o-nas\/nase-filosofie\/#primaryimage"},"image":{"@id":"https:\/\/www.helloskola.cz\/materska-skolka\/o-nas\/nase-filosofie\/#primaryimage"},"thumbnailUrl":"https:\/\/www.helloskola.cz\/materska-skolka\/wp-content\/uploads\/sites\/7\/2022\/05\/skolka-fallback.png","datePublished":"2022-04-05T12:43:33+00:00","dateModified":"2025-11-10T10:39:04+00:00","breadcrumb":{"@id":"https:\/\/www.helloskola.cz\/materska-skolka\/o-nas\/nase-filosofie\/#breadcrumb"},"inLanguage":"cs","potentialAction":[{"@type":"ReadAction","target":["https:\/\/www.helloskola.cz\/materska-skolka\/o-nas\/nase-filosofie\/"]}]},{"@type":"ImageObject","inLanguage":"cs","@id":"https:\/\/www.helloskola.cz\/materska-skolka\/o-nas\/nase-filosofie\/#primaryimage","url":"https:\/\/www.helloskola.cz\/materska-skolka\/wp-content\/uploads\/sites\/7\/2022\/05\/skolka-fallback.png","contentUrl":"https:\/\/www.helloskola.cz\/materska-skolka\/wp-content\/uploads\/sites\/7\/2022\/05\/skolka-fallback.png","width":933,"height":700},{"@type":"BreadcrumbList","@id":"https:\/\/www.helloskola.cz\/materska-skolka\/o-nas\/nase-filosofie\/#breadcrumb","itemListElement":[{"@type":"ListItem","position":1,"name":"\u00davod","item":"https:\/\/www.helloskola.cz\/materska-skolka\/"},{"@type":"ListItem","position":2,"name":"O n\u00e1s","item":"https:\/\/www.helloskola.cz\/materska-skolka\/o-nas\/"},{"@type":"ListItem","position":3,"name":"Na\u0161e filosofie"}]},{"@type":"WebSite","@id":"https:\/\/www.helloskola.cz\/materska-skolka\/#website","url":"https:\/\/www.helloskola.cz\/materska-skolka\/","name":"Mate\u0159sk\u00e1 \u0161kolka HELLO Teddy","description":"\u010desko-anglick\u00e1 z\u00e1kladn\u00ed \u0161kolka, Ostrava","publisher":{"@id":"https:\/\/www.helloskola.cz\/materska-skolka\/#organization"},"potentialAction":[{"@type":"SearchAction","target":{"@type":"EntryPoint","urlTemplate":"https:\/\/www.helloskola.cz\/materska-skolka\/?s={search_term_string}"},"query-input":{"@type":"PropertyValueSpecification","valueRequired":true,"valueName":"search_term_string"}}],"inLanguage":"cs"},{"@type":"Organization","@id":"https:\/\/www.helloskola.cz\/materska-skolka\/#organization","name":"Mate\u0159sk\u00e1 \u0161kolka Hello Teddy","url":"https:\/\/www.helloskola.cz\/materska-skolka\/","logo":{"@type":"ImageObject","inLanguage":"cs","@id":"https:\/\/www.helloskola.cz\/materska-skolka\/#\/schema\/logo\/image\/","url":"https:\/\/www.helloskola.cz\/materska-skolka\/wp-content\/uploads\/sites\/7\/2022\/02\/hello_skolka_logo.svg","contentUrl":"https:\/\/www.helloskola.cz\/materska-skolka\/wp-content\/uploads\/sites\/7\/2022\/02\/hello_skolka_logo.svg","width":100,"height":100,"caption":"Mate\u0159sk\u00e1 \u0161kolka Hello Teddy"},"image":{"@id":"https:\/\/www.helloskola.cz\/materska-skolka\/#\/schema\/logo\/image\/"}}]}},"_links":{"self":[{"href":"https:\/\/www.helloskola.cz\/materska-skolka\/wp-json\/wp\/v2\/pages\/2228","targetHints":{"allow":["GET"]}}],"collection":[{"href":"https:\/\/www.helloskola.cz\/materska-skolka\/wp-json\/wp\/v2\/pages"}],"about":[{"href":"https:\/\/www.helloskola.cz\/materska-skolka\/wp-json\/wp\/v2\/types\/page"}],"author":[{"embeddable":true,"href":"https:\/\/www.helloskola.cz\/materska-skolka\/wp-json\/wp\/v2\/users\/1"}],"replies":[{"embeddable":true,"href":"https:\/\/www.helloskola.cz\/materska-skolka\/wp-json\/wp\/v2\/comments?post=2228"}],"version-history":[{"count":2,"href":"https:\/\/www.helloskola.cz\/materska-skolka\/wp-json\/wp\/v2\/pages\/2228\/revisions"}],"predecessor-version":[{"id":4413,"href":"https:\/\/www.helloskola.cz\/materska-skolka\/wp-json\/wp\/v2\/pages\/2228\/revisions\/4413"}],"up":[{"embeddable":true,"href":"https:\/\/www.helloskola.cz\/materska-skolka\/wp-json\/wp\/v2\/pages\/2222"}],"wp:featuredmedia":[{"embeddable":true,"href":"https:\/\/www.helloskola.cz\/materska-skolka\/wp-json\/wp\/v2\/media\/2572"}],"wp:attachment":[{"href":"https:\/\/www.helloskola.cz\/materska-skolka\/wp-json\/wp\/v2\/media?parent=2228"}],"curies":[{"name":"wp","href":"https:\/\/api.w.org\/{rel}","templated":true}]}}