{"id":1422,"date":"2022-03-27T16:59:57","date_gmt":"2022-03-27T14:59:57","guid":{"rendered":"https:\/\/www.helloskola.cz\/materska-skolka\/?page_id=1422"},"modified":"2026-04-08T16:39:36","modified_gmt":"2026-04-08T14:39:36","slug":"hello-teddy-ostrava","status":"publish","type":"page","link":"https:\/\/www.helloskola.cz\/materska-skolka\/hello-teddy-ostrava\/","title":{"rendered":"Kindergarten Hello"},"content":{"rendered":"\n<h3 class=\"wp-block-heading\">Basic information about Hello; what you should know<\/h3>\n\n\n\n<h4 class=\"wp-block-heading\">The criteria for admission to Hello Teddy<\/h4>\n\n\n\n<p>We accept children from 2<strong><em> years to 6 years<\/em><\/strong>&nbsp;age. We don\u00b4t demand knowledge of the English language. Younger children can be accepted to the kindergarten after agreement with our principal. The first criterion \u2013 we prefer to accept pre-schoolers. The second criterion \u2013 we prefer to accept siblings of children who already visit our kindergarten. The third criterion \u2013 we accept children all year long.<\/p>\n\n\n\n<h4 class=\"wp-block-heading\">Hello Kindergarten Philosophy<\/h4>\n\n\n\n<p>We live in a\u00a0world where everything is made for adults, but we can find an interesting place where everything is only for children. Two Hello Kindergartens are such a\u00a0place! The Teddy bear ( in Dubina ) and Olw ( in Poruba) live there with a\u00a0great group of children. Our kindergarten continues to the<strong><em>\u00a0Hello primary school.<\/em><\/strong><\/p>\n\n\n\n<p>Our <strong>program<\/strong> <strong>&#8222;Step by step&#8220;<\/strong> &#8211; Start together is an educational program emphasizing an individual approach to the child, partnership between family, school and wider society in the field of upbringing and education. It promotes and enables the inclusion of children with special needs (children with above-average talents, children with developmental disorders, children with disabilities, it is very effective with children of various ethnic minorities). It also emphasizes a stimulating environment &#8211; non-traditional division into activity centers (blocks, book and letters, studio, experiments, water and sand, dramatization, kitchen, manipulative games, workshop), cooperative learning, project-based teaching and integrated thematic teaching. From kindergarten onwards, children&#8217;s self-assessment is successfully worked on, which strengthens motivation for active and independent learning.<\/p>\n\n\n\n<h4 class=\"wp-block-heading\">Who can be in Hello?<\/h4>\n\n\n\n<p>Anyone who is 2 to 6 years old can become in Hello. The children don\u00b4t have to speak English. Our kindergarten offers a\u00a0programme for the children in Czech as well as in English language. The children learn this language all day through interesting activities.<\/p>\n\n\n\n<h4 class=\"wp-block-heading\">Hello in action<\/h4>\n\n\n\n<p>The children spend a\u00a0lot of time in the kindergarten, so we want to make them happy. We play, sing, dance, paint, read, eat, sleep and speak with the children. All activities are accompanied by the English language.Children don\u00b4t sit at the table and drill new vocabulary. They practise their English while playing games, singing songs and making different arts and crafts. Everything must be fun not boring. Children can use all classrooms with different aids and games, and a\u00a0lot of interesting places around the kindergarten such the theatre, the forest, the cinema, the ZOO, the riding-school or the playground.<\/p>\n\n\n\n<h4 class=\"wp-block-heading\">Our areas<\/h4>\n\n\n\n<p>You can find our <strong>2 kindergartens<\/strong>:<\/p>\n\n\n\n<p>1\/ in our own new building in<strong> Ostrava Poruba, on \u010cs. exilu street 491\/23<\/strong>. We have <strong><em>4 classes<\/em><\/strong>, each with 15 children divided by age. The building includes spacious and well-equipped classrooms, changing rooms and bathrooms for children, facilities for teachers, a school garden and a garden on the roof of the kindergarten.<\/p>\n\n\n\n<p><strong><em>Food<\/em><\/strong> is brought to the kindergarten by a professional company and is served in the children&#8217;s classes.<\/p>\n\n\n\n<p>The <strong><em>Hello primary School<\/em><\/strong> is right next door and we regularly visit the gym, auditorium or classes for joint activities.<\/p>\n\n\n\n<p> 2\/ in the primary school<strong> Fr. Formana 45, Ostrava \u2013 Dubina<\/strong> where we have rented the rooms.\u00a0<\/p>\n\n\n\n<p><strong><em>The classrooms<\/em><\/strong>\u00a0\u2013 you can find four classrooms with different furniture, aids and games and with a\u00a0large playing area.\u00a0<strong><em>The equipment<\/em><\/strong>\u00a0is modern. There is a\u00a0cloakroom and toilet. The kindergarten fulfills all hygienic norms.\u00a0<\/p>\n\n\n\n<p><strong><em>The garden<\/em><\/strong>\u00a0\u2013 there is a\u00a0large garden next to the kindergarten which contains a\u00a0sandpit, monkey bars, benches, swings and a\u00a0slide, a\u00a0garden summerhouse with a\u00a0table and other equipment for children.<\/p>\n\n\n\n<p>\u00a0<strong><em>The school canteen<\/em><\/strong>\u00a0\u2013 we use the school canteen to have lunch. There are our small tables and chairs for our Teddies. Because our kindergarten is in the primary school, we can use the gyms and the theatre.<\/p>\n\n\n\n<h4 class=\"wp-block-heading\">Our timetable<\/h4>\n\n\n\n<p>The kindergarten is open Monday to Friday from\u00a0<strong><em>7.00 a.m. to 5.00 p.m<\/em><\/strong>. The children may arrive at the kindergarten from 7.00 a.m. to 8:30 p.m. The kindergarten offers two special programmes:<\/p>\n\n\n\n<p><br>1.\u00a0<strong><em>All day<\/em><\/strong>\u00a0&#8211; from 7.00 a.m. to 5 p.m.<br>2.\u00a0<strong><em>Half a\u00a0day<\/em><\/strong>\u00a0\u2013 from 7.00 a.m. to 1 p.m.<\/p>\n\n\n\n<p>3.<strong><em>Full-week attendance<\/em><\/strong> Monday &#8211; Friday<br><strong><em>4.adaptive attendance 3 days<\/em><\/strong> <strong><em>\/ week  <\/em><\/strong>according to parents&#8216; choic<\/p>\n\n\n\n<p><br>The school year starts in September and ends in June.<br>Our kindergarten offers\u00a0<strong><em>summer camps<\/em><\/strong>.<\/p>\n\n\n\n<h4 class=\"wp-block-heading\"><\/h4>\n\n\n\n<h4 class=\"wp-block-heading\">What do children need before they come to our kindergarten?<\/h4>\n\n\n\n<ul class=\"wp-block-list\">\n<li>Clothes and shoes for the classroom and the gym<\/li>\n\n\n\n<li>Clothes and shoes for playtime in the garden (for every kind of weather)<\/li>\n\n\n\n<li>Pyjamas (except preschoolers)<\/li>\n\n\n\n<li>A cup, toothbrush and toothpaste<\/li>\n\n\n\n<li>A cup for drinking \u2013 suitable for a\u00a0dishwasher<\/li>\n\n\n\n<li>A pillow (only preschoolers)<\/li>\n\n\n\n<li>A copy of the insurance card<\/li>\n<\/ul>\n\n\n\n<p>If our Hello kindergarten interests you, write to <strong>kubonova@helloteddy.cz<\/strong><\/p>\n\n\n\n<p><\/p>\n","protected":false},"excerpt":{"rendered":"<p>Basic information about Hello; what you should know The criteria for admission to Hello Teddy We accept children from 2 years to 6 years&nbsp;age. We don\u00b4t demand knowledge of the English language. Younger children can be accepted to the kindergarten after agreement with our principal. The first criterion \u2013 we prefer to accept pre-schoolers. The [&hellip;]<\/p>\n","protected":false},"author":1,"featured_media":2572,"parent":0,"menu_order":0,"comment_status":"closed","ping_status":"closed","template":"","meta":{"footnotes":""},"class_list":["post-1422","page","type-page","status-publish","has-post-thumbnail","hentry"],"yoast_head":"<!-- This site is optimized with the Yoast SEO plugin v24.8.1 - https:\/\/yoast.com\/wordpress\/plugins\/seo\/ -->\n<title>Kindergarten Hello | Mate\u0159sk\u00e1 \u0161kolka HELLO Teddy<\/title>\n<meta name=\"robots\" content=\"index, follow, max-snippet:-1, max-image-preview:large, max-video-preview:-1\" \/>\n<link rel=\"canonical\" href=\"https:\/\/www.helloskola.cz\/materska-skolka\/hello-teddy-ostrava\/\" \/>\n<meta property=\"og:locale\" content=\"cs_CZ\" \/>\n<meta property=\"og:type\" content=\"article\" \/>\n<meta property=\"og:title\" content=\"Kindergarten Hello | Mate\u0159sk\u00e1 \u0161kolka HELLO Teddy\" \/>\n<meta property=\"og:description\" content=\"Basic information about Hello; what you should know The criteria for admission to Hello Teddy We accept children from 2 years to 6 years&nbsp;age. We don\u00b4t demand knowledge of the English language. Younger children can be accepted to the kindergarten after agreement with our principal. The first criterion \u2013 we prefer to accept pre-schoolers. The [&hellip;]\" \/>\n<meta property=\"og:url\" content=\"https:\/\/www.helloskola.cz\/materska-skolka\/hello-teddy-ostrava\/\" \/>\n<meta property=\"og:site_name\" content=\"Mate\u0159sk\u00e1 \u0161kolka HELLO Teddy\" \/>\n<meta property=\"article:modified_time\" content=\"2026-04-08T14:39:36+00:00\" \/>\n<meta name=\"twitter:card\" content=\"summary_large_image\" \/>\n<meta name=\"twitter:label1\" content=\"Odhadovan\u00e1 doba \u010dten\u00ed\" \/>\n\t<meta name=\"twitter:data1\" content=\"5 minut\" \/>\n<script type=\"application\/ld+json\" class=\"yoast-schema-graph\">{\"@context\":\"https:\/\/schema.org\",\"@graph\":[{\"@type\":\"WebPage\",\"@id\":\"https:\/\/www.helloskola.cz\/materska-skolka\/hello-teddy-ostrava\/\",\"url\":\"https:\/\/www.helloskola.cz\/materska-skolka\/hello-teddy-ostrava\/\",\"name\":\"Kindergarten Hello | Mate\u0159sk\u00e1 \u0161kolka HELLO Teddy\",\"isPartOf\":{\"@id\":\"https:\/\/www.helloskola.cz\/materska-skolka\/#website\"},\"primaryImageOfPage\":{\"@id\":\"https:\/\/www.helloskola.cz\/materska-skolka\/hello-teddy-ostrava\/#primaryimage\"},\"image\":{\"@id\":\"https:\/\/www.helloskola.cz\/materska-skolka\/hello-teddy-ostrava\/#primaryimage\"},\"thumbnailUrl\":\"https:\/\/www.helloskola.cz\/materska-skolka\/wp-content\/uploads\/sites\/7\/2022\/05\/skolka-fallback.png\",\"datePublished\":\"2022-03-27T14:59:57+00:00\",\"dateModified\":\"2026-04-08T14:39:36+00:00\",\"breadcrumb\":{\"@id\":\"https:\/\/www.helloskola.cz\/materska-skolka\/hello-teddy-ostrava\/#breadcrumb\"},\"inLanguage\":\"cs\",\"potentialAction\":[{\"@type\":\"ReadAction\",\"target\":[\"https:\/\/www.helloskola.cz\/materska-skolka\/hello-teddy-ostrava\/\"]}]},{\"@type\":\"ImageObject\",\"inLanguage\":\"cs\",\"@id\":\"https:\/\/www.helloskola.cz\/materska-skolka\/hello-teddy-ostrava\/#primaryimage\",\"url\":\"https:\/\/www.helloskola.cz\/materska-skolka\/wp-content\/uploads\/sites\/7\/2022\/05\/skolka-fallback.png\",\"contentUrl\":\"https:\/\/www.helloskola.cz\/materska-skolka\/wp-content\/uploads\/sites\/7\/2022\/05\/skolka-fallback.png\",\"width\":933,\"height\":700},{\"@type\":\"BreadcrumbList\",\"@id\":\"https:\/\/www.helloskola.cz\/materska-skolka\/hello-teddy-ostrava\/#breadcrumb\",\"itemListElement\":[{\"@type\":\"ListItem\",\"position\":1,\"name\":\"\u00davod\",\"item\":\"https:\/\/www.helloskola.cz\/materska-skolka\/\"},{\"@type\":\"ListItem\",\"position\":2,\"name\":\"Kindergarten Hello\"}]},{\"@type\":\"WebSite\",\"@id\":\"https:\/\/www.helloskola.cz\/materska-skolka\/#website\",\"url\":\"https:\/\/www.helloskola.cz\/materska-skolka\/\",\"name\":\"Mate\u0159sk\u00e1 \u0161kolka HELLO Teddy\",\"description\":\"\u010desko-anglick\u00e1 z\u00e1kladn\u00ed \u0161kolka, Ostrava\",\"publisher\":{\"@id\":\"https:\/\/www.helloskola.cz\/materska-skolka\/#organization\"},\"potentialAction\":[{\"@type\":\"SearchAction\",\"target\":{\"@type\":\"EntryPoint\",\"urlTemplate\":\"https:\/\/www.helloskola.cz\/materska-skolka\/?s={search_term_string}\"},\"query-input\":{\"@type\":\"PropertyValueSpecification\",\"valueRequired\":true,\"valueName\":\"search_term_string\"}}],\"inLanguage\":\"cs\"},{\"@type\":\"Organization\",\"@id\":\"https:\/\/www.helloskola.cz\/materska-skolka\/#organization\",\"name\":\"Mate\u0159sk\u00e1 \u0161kolka Hello Teddy\",\"url\":\"https:\/\/www.helloskola.cz\/materska-skolka\/\",\"logo\":{\"@type\":\"ImageObject\",\"inLanguage\":\"cs\",\"@id\":\"https:\/\/www.helloskola.cz\/materska-skolka\/#\/schema\/logo\/image\/\",\"url\":\"https:\/\/www.helloskola.cz\/materska-skolka\/wp-content\/uploads\/sites\/7\/2022\/02\/hello_skolka_logo.svg\",\"contentUrl\":\"https:\/\/www.helloskola.cz\/materska-skolka\/wp-content\/uploads\/sites\/7\/2022\/02\/hello_skolka_logo.svg\",\"width\":100,\"height\":100,\"caption\":\"Mate\u0159sk\u00e1 \u0161kolka Hello Teddy\"},\"image\":{\"@id\":\"https:\/\/www.helloskola.cz\/materska-skolka\/#\/schema\/logo\/image\/\"}}]}<\/script>\n<!-- \/ Yoast SEO plugin. -->","yoast_head_json":{"title":"Kindergarten Hello | Mate\u0159sk\u00e1 \u0161kolka HELLO Teddy","robots":{"index":"index","follow":"follow","max-snippet":"max-snippet:-1","max-image-preview":"max-image-preview:large","max-video-preview":"max-video-preview:-1"},"canonical":"https:\/\/www.helloskola.cz\/materska-skolka\/hello-teddy-ostrava\/","og_locale":"cs_CZ","og_type":"article","og_title":"Kindergarten Hello | Mate\u0159sk\u00e1 \u0161kolka HELLO Teddy","og_description":"Basic information about Hello; what you should know The criteria for admission to Hello Teddy We accept children from 2 years to 6 years&nbsp;age. We don\u00b4t demand knowledge of the English language. Younger children can be accepted to the kindergarten after agreement with our principal. The first criterion \u2013 we prefer to accept pre-schoolers. The [&hellip;]","og_url":"https:\/\/www.helloskola.cz\/materska-skolka\/hello-teddy-ostrava\/","og_site_name":"Mate\u0159sk\u00e1 \u0161kolka HELLO Teddy","article_modified_time":"2026-04-08T14:39:36+00:00","twitter_card":"summary_large_image","twitter_misc":{"Odhadovan\u00e1 doba \u010dten\u00ed":"5 minut"},"schema":{"@context":"https:\/\/schema.org","@graph":[{"@type":"WebPage","@id":"https:\/\/www.helloskola.cz\/materska-skolka\/hello-teddy-ostrava\/","url":"https:\/\/www.helloskola.cz\/materska-skolka\/hello-teddy-ostrava\/","name":"Kindergarten Hello | Mate\u0159sk\u00e1 \u0161kolka HELLO Teddy","isPartOf":{"@id":"https:\/\/www.helloskola.cz\/materska-skolka\/#website"},"primaryImageOfPage":{"@id":"https:\/\/www.helloskola.cz\/materska-skolka\/hello-teddy-ostrava\/#primaryimage"},"image":{"@id":"https:\/\/www.helloskola.cz\/materska-skolka\/hello-teddy-ostrava\/#primaryimage"},"thumbnailUrl":"https:\/\/www.helloskola.cz\/materska-skolka\/wp-content\/uploads\/sites\/7\/2022\/05\/skolka-fallback.png","datePublished":"2022-03-27T14:59:57+00:00","dateModified":"2026-04-08T14:39:36+00:00","breadcrumb":{"@id":"https:\/\/www.helloskola.cz\/materska-skolka\/hello-teddy-ostrava\/#breadcrumb"},"inLanguage":"cs","potentialAction":[{"@type":"ReadAction","target":["https:\/\/www.helloskola.cz\/materska-skolka\/hello-teddy-ostrava\/"]}]},{"@type":"ImageObject","inLanguage":"cs","@id":"https:\/\/www.helloskola.cz\/materska-skolka\/hello-teddy-ostrava\/#primaryimage","url":"https:\/\/www.helloskola.cz\/materska-skolka\/wp-content\/uploads\/sites\/7\/2022\/05\/skolka-fallback.png","contentUrl":"https:\/\/www.helloskola.cz\/materska-skolka\/wp-content\/uploads\/sites\/7\/2022\/05\/skolka-fallback.png","width":933,"height":700},{"@type":"BreadcrumbList","@id":"https:\/\/www.helloskola.cz\/materska-skolka\/hello-teddy-ostrava\/#breadcrumb","itemListElement":[{"@type":"ListItem","position":1,"name":"\u00davod","item":"https:\/\/www.helloskola.cz\/materska-skolka\/"},{"@type":"ListItem","position":2,"name":"Kindergarten Hello"}]},{"@type":"WebSite","@id":"https:\/\/www.helloskola.cz\/materska-skolka\/#website","url":"https:\/\/www.helloskola.cz\/materska-skolka\/","name":"Mate\u0159sk\u00e1 \u0161kolka HELLO Teddy","description":"\u010desko-anglick\u00e1 z\u00e1kladn\u00ed \u0161kolka, Ostrava","publisher":{"@id":"https:\/\/www.helloskola.cz\/materska-skolka\/#organization"},"potentialAction":[{"@type":"SearchAction","target":{"@type":"EntryPoint","urlTemplate":"https:\/\/www.helloskola.cz\/materska-skolka\/?s={search_term_string}"},"query-input":{"@type":"PropertyValueSpecification","valueRequired":true,"valueName":"search_term_string"}}],"inLanguage":"cs"},{"@type":"Organization","@id":"https:\/\/www.helloskola.cz\/materska-skolka\/#organization","name":"Mate\u0159sk\u00e1 \u0161kolka Hello Teddy","url":"https:\/\/www.helloskola.cz\/materska-skolka\/","logo":{"@type":"ImageObject","inLanguage":"cs","@id":"https:\/\/www.helloskola.cz\/materska-skolka\/#\/schema\/logo\/image\/","url":"https:\/\/www.helloskola.cz\/materska-skolka\/wp-content\/uploads\/sites\/7\/2022\/02\/hello_skolka_logo.svg","contentUrl":"https:\/\/www.helloskola.cz\/materska-skolka\/wp-content\/uploads\/sites\/7\/2022\/02\/hello_skolka_logo.svg","width":100,"height":100,"caption":"Mate\u0159sk\u00e1 \u0161kolka Hello Teddy"},"image":{"@id":"https:\/\/www.helloskola.cz\/materska-skolka\/#\/schema\/logo\/image\/"}}]}},"_links":{"self":[{"href":"https:\/\/www.helloskola.cz\/materska-skolka\/wp-json\/wp\/v2\/pages\/1422","targetHints":{"allow":["GET"]}}],"collection":[{"href":"https:\/\/www.helloskola.cz\/materska-skolka\/wp-json\/wp\/v2\/pages"}],"about":[{"href":"https:\/\/www.helloskola.cz\/materska-skolka\/wp-json\/wp\/v2\/types\/page"}],"author":[{"embeddable":true,"href":"https:\/\/www.helloskola.cz\/materska-skolka\/wp-json\/wp\/v2\/users\/1"}],"replies":[{"embeddable":true,"href":"https:\/\/www.helloskola.cz\/materska-skolka\/wp-json\/wp\/v2\/comments?post=1422"}],"version-history":[{"count":17,"href":"https:\/\/www.helloskola.cz\/materska-skolka\/wp-json\/wp\/v2\/pages\/1422\/revisions"}],"predecessor-version":[{"id":4542,"href":"https:\/\/www.helloskola.cz\/materska-skolka\/wp-json\/wp\/v2\/pages\/1422\/revisions\/4542"}],"wp:featuredmedia":[{"embeddable":true,"href":"https:\/\/www.helloskola.cz\/materska-skolka\/wp-json\/wp\/v2\/media\/2572"}],"wp:attachment":[{"href":"https:\/\/www.helloskola.cz\/materska-skolka\/wp-json\/wp\/v2\/media?parent=1422"}],"curies":[{"name":"wp","href":"https:\/\/api.w.org\/{rel}","templated":true}]}}