{"id":990,"date":"2022-03-12T19:28:19","date_gmt":"2022-03-12T18:28:19","guid":{"rendered":"https:\/\/www.helloskola.cz\/gymnazium\/?page_id=990"},"modified":"2025-10-13T17:01:38","modified_gmt":"2025-10-13T15:01:38","slug":"prirodovedne-predmety","status":"publish","type":"page","link":"https:\/\/www.helloskola.cz\/gymnazium\/pro-studenty\/predmety-a-informace\/prirodovedne-predmety\/","title":{"rendered":"P\u0159\u00edrodov\u011bdn\u00e9 p\u0159edm\u011bty"},"content":{"rendered":"\n<h2 class=\"wp-block-heading\">U\u010ditel\u00e9 p\u0159\u00edrodov\u011bdn\u00fdch p\u0159edm\u011bt\u016f<\/h2>\n\n\n\n<p>Mgr. Daniel Honka &#8211; p\u0159edseda p\u0159edm\u011btov\u00e9 komise<\/p>\n\n\n\n<p>PaedDr. \u0160\u00e1rka Divi\u0161ov\u00e1, Mgr. Sandra Hrb\u00e1\u010dov\u00e1, Mgr. Hana Totkov\u00e1, Mgr. Veronika B\u00e1rtov\u00e1, Mgr. Krist\u00fdna Hude\u010dkov\u00e1, Mgr. Tereza Palov\u00e1, Mgr. Valeria Kuznetsova, Bc. Jakub Hlav\u00e1\u010dek<\/p>\n\n\n\n<p><\/p>\n\n\n\n<p><a href=\"https:\/\/www.helloskola.cz\/gymnazium\/wp-content\/uploads\/sites\/3\/2022\/12\/Seminarni_prace_vzor.docx\">VZOR SEMIN\u00c1RN\u00cd PR\u00c1CE<\/a><\/p>\n\n\n\n<p><a href=\"https:\/\/www.helloskola.cz\/gymnazium\/wp-content\/uploads\/sites\/3\/2023\/10\/Research-paper-sablona.docx\">\u0160ABLONA &#8211; RESEARCH PAPER<\/a><\/p>\n\n\n\n<figure class=\"wp-block-gallery has-nested-images columns-default is-cropped wp-block-gallery-1 is-layout-flex wp-block-gallery-is-layout-flex\">\n<figure class=\"wp-block-image size-large\"><a href=\"https:\/\/www.helloskola.cz\/gymnazium\/wp-content\/uploads\/sites\/3\/2022\/03\/chemie4.jpeg\"><img fetchpriority=\"high\" decoding=\"async\" width=\"600\" height=\"902\" data-id=\"994\" src=\"https:\/\/www.helloskola.cz\/gymnazium\/wp-content\/uploads\/sites\/3\/2022\/03\/chemie4.jpeg\" alt=\"\" class=\"wp-image-994\" srcset=\"https:\/\/www.helloskola.cz\/gymnazium\/wp-content\/uploads\/sites\/3\/2022\/03\/chemie4.jpeg 600w, https:\/\/www.helloskola.cz\/gymnazium\/wp-content\/uploads\/sites\/3\/2022\/03\/chemie4-200x300.jpeg 200w\" sizes=\"(max-width: 600px) 100vw, 600px\" \/><\/a><\/figure>\n\n\n\n<figure class=\"wp-block-image size-full\"><a href=\"https:\/\/www.helloskola.cz\/gymnazium\/wp-content\/uploads\/sites\/3\/2025\/09\/svet-hmyzu.png\"><img decoding=\"async\" width=\"668\" height=\"846\" data-id=\"5459\" src=\"https:\/\/www.helloskola.cz\/gymnazium\/wp-content\/uploads\/sites\/3\/2025\/09\/svet-hmyzu.png\" alt=\"\" class=\"wp-image-5459\" srcset=\"https:\/\/www.helloskola.cz\/gymnazium\/wp-content\/uploads\/sites\/3\/2025\/09\/svet-hmyzu.png 668w, https:\/\/www.helloskola.cz\/gymnazium\/wp-content\/uploads\/sites\/3\/2025\/09\/svet-hmyzu-237x300.png 237w\" sizes=\"(max-width: 668px) 100vw, 668px\" \/><\/a><\/figure>\n\n\n\n<figure class=\"wp-block-image size-large\"><a href=\"https:\/\/www.helloskola.cz\/gymnazium\/wp-content\/uploads\/sites\/3\/2022\/03\/pr\u030ci\u0301rodove\u030cda2.jpeg\"><img decoding=\"async\" width=\"600\" height=\"800\" data-id=\"993\" src=\"https:\/\/www.helloskola.cz\/gymnazium\/wp-content\/uploads\/sites\/3\/2022\/03\/pr\u030ci\u0301rodove\u030cda2.jpeg\" alt=\"\" class=\"wp-image-993\" srcset=\"https:\/\/www.helloskola.cz\/gymnazium\/wp-content\/uploads\/sites\/3\/2022\/03\/pr\u030ci\u0301rodove\u030cda2.jpeg 600w, https:\/\/www.helloskola.cz\/gymnazium\/wp-content\/uploads\/sites\/3\/2022\/03\/pr\u030ci\u0301rodove\u030cda2-225x300.jpeg 225w\" sizes=\"(max-width: 600px) 100vw, 600px\" \/><\/a><\/figure>\n\n\n\n<figure class=\"wp-block-image size-large\"><a href=\"https:\/\/www.helloskola.cz\/gymnazium\/wp-content\/uploads\/sites\/3\/2022\/10\/MicrosoftTeams-image-143-scaled.jpg\"><img loading=\"lazy\" decoding=\"async\" width=\"768\" height=\"1024\" data-id=\"3844\" src=\"https:\/\/www.helloskola.cz\/gymnazium\/wp-content\/uploads\/sites\/3\/2022\/10\/MicrosoftTeams-image-143-768x1024.jpg\" alt=\"\" class=\"wp-image-3844\" srcset=\"https:\/\/www.helloskola.cz\/gymnazium\/wp-content\/uploads\/sites\/3\/2022\/10\/MicrosoftTeams-image-143-768x1024.jpg 768w, https:\/\/www.helloskola.cz\/gymnazium\/wp-content\/uploads\/sites\/3\/2022\/10\/MicrosoftTeams-image-143-225x300.jpg 225w, https:\/\/www.helloskola.cz\/gymnazium\/wp-content\/uploads\/sites\/3\/2022\/10\/MicrosoftTeams-image-143-1152x1536.jpg 1152w, https:\/\/www.helloskola.cz\/gymnazium\/wp-content\/uploads\/sites\/3\/2022\/10\/MicrosoftTeams-image-143-1536x2048.jpg 1536w, https:\/\/www.helloskola.cz\/gymnazium\/wp-content\/uploads\/sites\/3\/2022\/10\/MicrosoftTeams-image-143-scaled.jpg 1920w\" sizes=\"(max-width: 768px) 100vw, 768px\" \/><\/a><\/figure>\n\n\n\n<figure class=\"wp-block-image size-large\"><a href=\"https:\/\/www.helloskola.cz\/gymnazium\/wp-content\/uploads\/sites\/3\/2022\/03\/pr\u030ci\u0301rodove\u030cda4.jpeg\"><img loading=\"lazy\" decoding=\"async\" width=\"600\" height=\"400\" data-id=\"998\" src=\"https:\/\/www.helloskola.cz\/gymnazium\/wp-content\/uploads\/sites\/3\/2022\/03\/pr\u030ci\u0301rodove\u030cda4.jpeg\" alt=\"\" class=\"wp-image-998\" srcset=\"https:\/\/www.helloskola.cz\/gymnazium\/wp-content\/uploads\/sites\/3\/2022\/03\/pr\u030ci\u0301rodove\u030cda4.jpeg 600w, https:\/\/www.helloskola.cz\/gymnazium\/wp-content\/uploads\/sites\/3\/2022\/03\/pr\u030ci\u0301rodove\u030cda4-300x200.jpeg 300w\" sizes=\"(max-width: 600px) 100vw, 600px\" \/><\/a><\/figure>\n\n\n\n<figure class=\"wp-block-image size-large\"><a href=\"https:\/\/www.helloskola.cz\/gymnazium\/wp-content\/uploads\/sites\/3\/2022\/10\/MicrosoftTeams-image-232-scaled.jpg\"><img loading=\"lazy\" decoding=\"async\" width=\"768\" height=\"1024\" data-id=\"3843\" src=\"https:\/\/www.helloskola.cz\/gymnazium\/wp-content\/uploads\/sites\/3\/2022\/10\/MicrosoftTeams-image-232-768x1024.jpg\" alt=\"\" class=\"wp-image-3843\" srcset=\"https:\/\/www.helloskola.cz\/gymnazium\/wp-content\/uploads\/sites\/3\/2022\/10\/MicrosoftTeams-image-232-768x1024.jpg 768w, https:\/\/www.helloskola.cz\/gymnazium\/wp-content\/uploads\/sites\/3\/2022\/10\/MicrosoftTeams-image-232-225x300.jpg 225w, https:\/\/www.helloskola.cz\/gymnazium\/wp-content\/uploads\/sites\/3\/2022\/10\/MicrosoftTeams-image-232-1152x1536.jpg 1152w, https:\/\/www.helloskola.cz\/gymnazium\/wp-content\/uploads\/sites\/3\/2022\/10\/MicrosoftTeams-image-232-1536x2048.jpg 1536w, https:\/\/www.helloskola.cz\/gymnazium\/wp-content\/uploads\/sites\/3\/2022\/10\/MicrosoftTeams-image-232-scaled.jpg 1920w\" sizes=\"(max-width: 768px) 100vw, 768px\" \/><\/a><\/figure>\n\n\n\n<figure class=\"wp-block-image size-large\"><a href=\"https:\/\/www.helloskola.cz\/gymnazium\/wp-content\/uploads\/sites\/3\/2022\/03\/Pr\u030ci\u0301rodove\u030cda6.jpeg\"><img loading=\"lazy\" decoding=\"async\" width=\"600\" height=\"399\" data-id=\"995\" src=\"https:\/\/www.helloskola.cz\/gymnazium\/wp-content\/uploads\/sites\/3\/2022\/03\/Pr\u030ci\u0301rodove\u030cda6.jpeg\" alt=\"\" class=\"wp-image-995\" srcset=\"https:\/\/www.helloskola.cz\/gymnazium\/wp-content\/uploads\/sites\/3\/2022\/03\/Pr\u030ci\u0301rodove\u030cda6.jpeg 600w, https:\/\/www.helloskola.cz\/gymnazium\/wp-content\/uploads\/sites\/3\/2022\/03\/Pr\u030ci\u0301rodove\u030cda6-300x200.jpeg 300w\" sizes=\"(max-width: 600px) 100vw, 600px\" \/><\/a><\/figure>\n<\/figure>\n\n\n\n<h2 class=\"wp-block-heading\">Doporu\u010den\u00ed na u\u017eite\u010dn\u00e9 odkazy<\/h2>\n\n\n\n<p><strong><u><br>Web chemie<\/u><\/strong><\/p>\n\n\n\n<p><a href=\"https:\/\/www.e-chembook.eu\">https:\/\/www.e-chembook.eu<\/a><\/p>\n\n\n\n<p><a href=\"https:\/\/eluc.ikap.cz\/lekce\/obecna-chemie\">https:\/\/eluc.ikap.cz\/lekce\/obecna-chemie<\/a><\/p>\n\n\n\n<p><a href=\"https:\/\/phet.colorado.edu\/en\/simulations\/build-a-nucleus\">https:\/\/phet.colorado.edu\/en\/simulations\/build-a-nucleus<\/a><\/p>\n\n\n\n<p><strong><u><br>Web biologie<\/u><\/strong><\/p>\n\n\n\n<p><a href=\"https:\/\/www.biomach.cz\">https:\/\/www.biomach.cz<\/a><\/p>\n\n\n\n<p><a href=\"https:\/\/eluc.ikap.cz\/lekce\/bunecna-biologie\">https:\/\/eluc.ikap.cz\/lekce\/bunecna-biologie<\/a><\/p>\n\n\n\n<p><a href=\"http:\/\/www.otevrena-veda.cz\/nezkreslena-veda\/\">http:\/\/www.otevrena-veda.cz\/nezkreslena-veda\/<\/a><\/p>\n\n\n\n<p><a href=\"https:\/\/www.biomach.cz\">https:\/\/www.biomach.cz<\/a><\/p>\n\n\n\n<p><a href=\"https:\/\/eluc.ikap.cz\/lekce\/bunecna-biologie\">https:\/\/eluc.ikap.cz\/lekce\/bunecna-biologie<\/a><\/p>\n\n\n\n<p><strong><u>Web fyzika<\/u><\/strong><\/p>\n\n\n\n<figure class=\"wp-block-embed is-type-wp-embed is-provider-e-manuel wp-block-embed-e-manuel\"><div class=\"wp-block-embed__wrapper\">\n<blockquote class=\"wp-embedded-content\" data-secret=\"fX6TbvytjD\"><a href=\"https:\/\/e-manuel.cz\/kapitoly\/\">P\u0159ehled kapitol<\/a><\/blockquote><iframe class=\"wp-embedded-content\" sandbox=\"allow-scripts\" security=\"restricted\" style=\"position: absolute; visibility: hidden;\" title=\"&#8222;P\u0159ehled kapitol&#8220; &#8212; E-manuel\" src=\"https:\/\/e-manuel.cz\/kapitoly\/embed\/#?secret=fX6TbvytjD\" data-secret=\"fX6TbvytjD\" width=\"600\" height=\"338\" frameborder=\"0\" marginwidth=\"0\" marginheight=\"0\" scrolling=\"no\"><\/iframe>\n<\/div><\/figure>\n\n\n\n<p><a href=\"https:\/\/eluc.ikap.cz\/lekce\/jednotky-si\">https:\/\/eluc.ikap.cz\/lekce\/jednotky-si<\/a><\/p>\n\n\n\n<p><\/p>\n\n\n\n<h3 class=\"wp-block-heading\">Matematika<\/h3>\n\n\n\n<p><a href=\"http:\/\/www.novamaturita.cz\/matematika-1404036122.html\/\" target=\"_blank\" rel=\"noreferrer noopener\">http:\/\/www.novamaturita.cz\/matematika-1404036122.html\/<\/a><br><a href=\"http:\/\/www.umimematiku.cz\/\" target=\"_blank\" rel=\"noreferrer noopener\">http:\/\/www.umimematiku.cz\/<\/a><br><a href=\"http:\/\/www.skolaposkole.cz\/\" target=\"_blank\" rel=\"noreferrer noopener\">http:\/\/www.skolaposkole.cz\/<\/a><br><a href=\"http:\/\/www.elea.sk\/\" target=\"_blank\" rel=\"noreferrer noopener\">http:\/\/www.elea.sk\/<\/a><br><a href=\"http:\/\/www.nabla.cz\/\" target=\"_blank\" rel=\"noreferrer noopener\">http:\/\/www.nabla.cz\/<\/a><br><a href=\"http:\/\/www.sbirkaprikladu.eu\/\" target=\"_blank\" rel=\"noreferrer noopener\">http:\/\/www.sbirkaprikladu.eu\/<\/a><br><a href=\"http:\/\/mathematicator.com\/\" target=\"_blank\" rel=\"noreferrer noopener\">http:\/\/mathematicator.com\/<\/a><br><a href=\"http:\/\/matematika.cz\/matematika-polopate\/\" target=\"_blank\" rel=\"noreferrer noopener\">http:\/\/matematika.cz\/matematika-polopate\/<\/a><br><a href=\"http:\/\/www.realisticky.cz\/\" target=\"_blank\" rel=\"noreferrer noopener\">http:\/\/www.realisticky.cz\/<\/a><br><a href=\"http:\/\/priklady.eu\/\" target=\"_blank\" rel=\"noreferrer noopener\">http:\/\/priklady.eu\/<\/a><\/p>\n\n\n\n<h3 class=\"wp-block-heading\"><\/h3>\n\n\n\n<p><\/p>\n\n\n\n<h2 class=\"wp-block-heading\">Seznam literatury<\/h2>\n\n\n\n<p>M &#8211; Franti\u0161ek Jane\u010dek: V\u00fdrazy, rovnice, nerovnice, nakladatelstv\u00ed Prometheus<br>Jindra Pet\u00e1kov\u00e1: Matematika , p\u0159\u00edprava k\u00a0maturit\u011b a\u00a0k\u00a0p\u0159ij\u00edmac\u00edm zkou\u0161k\u00e1m na vysok\u00e9 \u0161koly, nakladatelstv\u00ed Prometheus<br>Milada Hudcov\u00e1, Libu\u0161e Kubi\u010d\u00edkov\u00e1: Sb\u00edrka \u00faloh z\u00a0matematiky pro SO\u0160, SOU a\u00a0n\u00e1stavbov\u00e9 studium, nakladatelstv\u00ed Prometheus<br>J. Mikul\u010d\u00e1k a\u00a0kol.: Matematick\u00e9, fyzik\u00e1ln\u00ed a\u00a0chemick\u00e9 tabulky a\u00a0vzorce pro S\u0160, nakladatelstv\u00ed Prometheus<br><br>F &#8211; Fyzika pro st\u0159edn\u00ed \u0161koly I: Old\u0159ich Lepil a\u00a0kol., Prometheus<br>Fyzika pro st\u0159edn\u00ed \u0161koly II: Old\u0159ich Lepil a\u00a0kol., Prometheus<br>Ch &#8211; Bene\u0161ov\u00e1, Satrapov\u00e1: Odmaturuj z\u00a0chemie, Didaktis, jak\u00e9koli vyd\u00e1n\u00ed<br>J. Mikul\u010d\u00e1k a\u00a0kol.: Matematick\u00e9, fyzik\u00e1ln\u00ed a\u00a0chemick\u00e9 tabulky a\u00a0vzorce pro S\u0160, nakladatelstv\u00ed Prometheus<br><br>Geo &#8211; \u0160koln\u00ed atlas sv\u011bta , Kartografie Praha<br><br><strong><u>U\u010debnice chemie<\/u><\/strong><\/p>\n\n\n\n<p><a href=\"https:\/\/www.knihydobrovsky.cz\/publisher\/detail\/honza-a-marecek-10115\">https:\/\/www.knihydobrovsky.cz\/publisher\/detail\/honza-a-marecek-10115<\/a><\/p>\n\n\n\n<p><a href=\"https:\/\/www.eduko.cz\/cz\/produkt\/chemie-1-13026\">https:\/\/www.eduko.cz\/cz\/produkt\/chemie-1-13026<\/a><\/p>\n\n\n\n<p><strong><u>U\u010debnice biologie<\/u><\/strong><\/p>\n\n\n\n<p><a href=\"https:\/\/www.knihydobrovsky.cz\/ucebnice\/biologie-pro-gymnazia-367814214\">https:\/\/www.knihydobrovsky.cz\/ucebnice\/biologie-pro-gymnazia-367814214<\/a><\/p>\n\n\n\n<p><a href=\"https:\/\/www.eduko.cz\/cz\/pripravujeme-biologie-v-souvislostech-11224\">https:\/\/www.eduko.cz\/cz\/pripravujeme-biologie-v-souvislostech-11224<\/a><br><br><\/p>\n\n\n\n<p><\/p>\n","protected":false},"excerpt":{"rendered":"<p>U\u010ditel\u00e9 p\u0159\u00edrodov\u011bdn\u00fdch p\u0159edm\u011bt\u016f Mgr. Daniel Honka &#8211; p\u0159edseda p\u0159edm\u011btov\u00e9 komise PaedDr. \u0160\u00e1rka Divi\u0161ov\u00e1, Mgr. Sandra Hrb\u00e1\u010dov\u00e1, Mgr. Hana Totkov\u00e1, Mgr. Veronika B\u00e1rtov\u00e1, Mgr. Krist\u00fdna Hude\u010dkov\u00e1, Mgr. Tereza Palov\u00e1, Mgr. Valeria Kuznetsova, Bc. Jakub Hlav\u00e1\u010dek VZOR SEMIN\u00c1RN\u00cd PR\u00c1CE \u0160ABLONA &#8211; RESEARCH PAPER Doporu\u010den\u00ed na u\u017eite\u010dn\u00e9 odkazy Web chemie https:\/\/www.e-chembook.eu https:\/\/eluc.ikap.cz\/lekce\/obecna-chemie https:\/\/phet.colorado.edu\/en\/simulations\/build-a-nucleus Web biologie https:\/\/www.biomach.cz https:\/\/eluc.ikap.cz\/lekce\/bunecna-biologie http:\/\/www.otevrena-veda.cz\/nezkreslena-veda\/ [&hellip;]<\/p>\n","protected":false},"author":1,"featured_media":1779,"parent":987,"menu_order":0,"comment_status":"closed","ping_status":"closed","template":"","meta":{"footnotes":""},"class_list":["post-990","page","type-page","status-publish","has-post-thumbnail","hentry"],"yoast_head":"<!-- This site is optimized with the Yoast SEO plugin v24.8.1 - https:\/\/yoast.com\/wordpress\/plugins\/seo\/ -->\n<title>P\u0159\u00edrodov\u011bdn\u00e9 p\u0159edm\u011bty | Gymn\u00e1zium HELLO<\/title>\n<meta name=\"robots\" content=\"index, follow, max-snippet:-1, max-image-preview:large, max-video-preview:-1\" \/>\n<link rel=\"canonical\" href=\"https:\/\/www.helloskola.cz\/gymnazium\/pro-studenty\/predmety-a-informace\/prirodovedne-predmety\/\" \/>\n<meta property=\"og:locale\" content=\"cs_CZ\" \/>\n<meta property=\"og:type\" content=\"article\" \/>\n<meta property=\"og:title\" content=\"P\u0159\u00edrodov\u011bdn\u00e9 p\u0159edm\u011bty | Gymn\u00e1zium HELLO\" \/>\n<meta property=\"og:description\" content=\"U\u010ditel\u00e9 p\u0159\u00edrodov\u011bdn\u00fdch p\u0159edm\u011bt\u016f Mgr. Daniel Honka &#8211; p\u0159edseda p\u0159edm\u011btov\u00e9 komise PaedDr. \u0160\u00e1rka Divi\u0161ov\u00e1, Mgr. Sandra Hrb\u00e1\u010dov\u00e1, Mgr. Hana Totkov\u00e1, Mgr. Veronika B\u00e1rtov\u00e1, Mgr. Krist\u00fdna Hude\u010dkov\u00e1, Mgr. Tereza Palov\u00e1, Mgr. Valeria Kuznetsova, Bc. Jakub Hlav\u00e1\u010dek VZOR SEMIN\u00c1RN\u00cd PR\u00c1CE \u0160ABLONA &#8211; RESEARCH PAPER Doporu\u010den\u00ed na u\u017eite\u010dn\u00e9 odkazy Web chemie https:\/\/www.e-chembook.eu https:\/\/eluc.ikap.cz\/lekce\/obecna-chemie https:\/\/phet.colorado.edu\/en\/simulations\/build-a-nucleus Web biologie https:\/\/www.biomach.cz https:\/\/eluc.ikap.cz\/lekce\/bunecna-biologie http:\/\/www.otevrena-veda.cz\/nezkreslena-veda\/ [&hellip;]\" \/>\n<meta property=\"og:url\" content=\"https:\/\/www.helloskola.cz\/gymnazium\/pro-studenty\/predmety-a-informace\/prirodovedne-predmety\/\" \/>\n<meta property=\"og:site_name\" content=\"Gymn\u00e1zium HELLO\" \/>\n<meta property=\"article:modified_time\" content=\"2025-10-13T15:01:38+00:00\" \/>\n<meta property=\"og:image\" content=\"https:\/\/www.helloskola.cz\/gymnazium\/wp-content\/uploads\/sites\/3\/2022\/03\/chemie4.jpeg\" \/>\n\t<meta property=\"og:image:width\" content=\"600\" \/>\n\t<meta property=\"og:image:height\" content=\"902\" \/>\n\t<meta property=\"og:image:type\" content=\"image\/jpeg\" \/>\n<meta name=\"twitter:card\" content=\"summary_large_image\" \/>\n<meta name=\"twitter:label1\" content=\"Odhadovan\u00e1 doba \u010dten\u00ed\" \/>\n\t<meta name=\"twitter:data1\" content=\"3 minuty\" \/>\n<script type=\"application\/ld+json\" class=\"yoast-schema-graph\">{\"@context\":\"https:\/\/schema.org\",\"@graph\":[{\"@type\":\"WebPage\",\"@id\":\"https:\/\/www.helloskola.cz\/gymnazium\/pro-studenty\/predmety-a-informace\/prirodovedne-predmety\/\",\"url\":\"https:\/\/www.helloskola.cz\/gymnazium\/pro-studenty\/predmety-a-informace\/prirodovedne-predmety\/\",\"name\":\"P\u0159\u00edrodov\u011bdn\u00e9 p\u0159edm\u011bty | Gymn\u00e1zium HELLO\",\"isPartOf\":{\"@id\":\"https:\/\/www.helloskola.cz\/gymnazium\/#website\"},\"primaryImageOfPage\":{\"@id\":\"https:\/\/www.helloskola.cz\/gymnazium\/pro-studenty\/predmety-a-informace\/prirodovedne-predmety\/#primaryimage\"},\"image\":{\"@id\":\"https:\/\/www.helloskola.cz\/gymnazium\/pro-studenty\/predmety-a-informace\/prirodovedne-predmety\/#primaryimage\"},\"thumbnailUrl\":\"https:\/\/www.helloskola.cz\/gymnazium\/wp-content\/uploads\/sites\/3\/2022\/05\/gympl-fallback.png\",\"datePublished\":\"2022-03-12T18:28:19+00:00\",\"dateModified\":\"2025-10-13T15:01:38+00:00\",\"breadcrumb\":{\"@id\":\"https:\/\/www.helloskola.cz\/gymnazium\/pro-studenty\/predmety-a-informace\/prirodovedne-predmety\/#breadcrumb\"},\"inLanguage\":\"cs\",\"potentialAction\":[{\"@type\":\"ReadAction\",\"target\":[\"https:\/\/www.helloskola.cz\/gymnazium\/pro-studenty\/predmety-a-informace\/prirodovedne-predmety\/\"]}]},{\"@type\":\"ImageObject\",\"inLanguage\":\"cs\",\"@id\":\"https:\/\/www.helloskola.cz\/gymnazium\/pro-studenty\/predmety-a-informace\/prirodovedne-predmety\/#primaryimage\",\"url\":\"https:\/\/www.helloskola.cz\/gymnazium\/wp-content\/uploads\/sites\/3\/2022\/05\/gympl-fallback.png\",\"contentUrl\":\"https:\/\/www.helloskola.cz\/gymnazium\/wp-content\/uploads\/sites\/3\/2022\/05\/gympl-fallback.png\",\"width\":933,\"height\":700},{\"@type\":\"BreadcrumbList\",\"@id\":\"https:\/\/www.helloskola.cz\/gymnazium\/pro-studenty\/predmety-a-informace\/prirodovedne-predmety\/#breadcrumb\",\"itemListElement\":[{\"@type\":\"ListItem\",\"position\":1,\"name\":\"\u00davod\",\"item\":\"https:\/\/www.helloskola.cz\/gymnazium\/\"},{\"@type\":\"ListItem\",\"position\":2,\"name\":\"Pro studenty\",\"item\":\"https:\/\/www.helloskola.cz\/gymnazium\/pro-studenty\/\"},{\"@type\":\"ListItem\",\"position\":3,\"name\":\"P\u0159edm\u011bty a informace\",\"item\":\"https:\/\/www.helloskola.cz\/gymnazium\/pro-studenty\/predmety-a-informace\/\"},{\"@type\":\"ListItem\",\"position\":4,\"name\":\"P\u0159\u00edrodov\u011bdn\u00e9 p\u0159edm\u011bty\"}]},{\"@type\":\"WebSite\",\"@id\":\"https:\/\/www.helloskola.cz\/gymnazium\/#website\",\"url\":\"https:\/\/www.helloskola.cz\/gymnazium\/\",\"name\":\"Gymn\u00e1zium HELLO\",\"description\":\"St\u0159edn\u00ed \u0161kola s pos\u00edlenou v\u00fdukou ciz\u00edch jazyk\u016f\",\"publisher\":{\"@id\":\"https:\/\/www.helloskola.cz\/gymnazium\/#organization\"},\"potentialAction\":[{\"@type\":\"SearchAction\",\"target\":{\"@type\":\"EntryPoint\",\"urlTemplate\":\"https:\/\/www.helloskola.cz\/gymnazium\/?s={search_term_string}\"},\"query-input\":{\"@type\":\"PropertyValueSpecification\",\"valueRequired\":true,\"valueName\":\"search_term_string\"}}],\"inLanguage\":\"cs\"},{\"@type\":\"Organization\",\"@id\":\"https:\/\/www.helloskola.cz\/gymnazium\/#organization\",\"name\":\"Gymn\u00e1zium Hello\",\"url\":\"https:\/\/www.helloskola.cz\/gymnazium\/\",\"logo\":{\"@type\":\"ImageObject\",\"inLanguage\":\"cs\",\"@id\":\"https:\/\/www.helloskola.cz\/gymnazium\/#\/schema\/logo\/image\/\",\"url\":\"https:\/\/www.helloskola.cz\/gymnazium\/wp-content\/uploads\/sites\/3\/2022\/02\/hello_gy_cmyk-1.svg\",\"contentUrl\":\"https:\/\/www.helloskola.cz\/gymnazium\/wp-content\/uploads\/sites\/3\/2022\/02\/hello_gy_cmyk-1.svg\",\"width\":100,\"height\":100,\"caption\":\"Gymn\u00e1zium Hello\"},\"image\":{\"@id\":\"https:\/\/www.helloskola.cz\/gymnazium\/#\/schema\/logo\/image\/\"}}]}<\/script>\n<!-- \/ Yoast SEO plugin. -->","yoast_head_json":{"title":"P\u0159\u00edrodov\u011bdn\u00e9 p\u0159edm\u011bty | Gymn\u00e1zium HELLO","robots":{"index":"index","follow":"follow","max-snippet":"max-snippet:-1","max-image-preview":"max-image-preview:large","max-video-preview":"max-video-preview:-1"},"canonical":"https:\/\/www.helloskola.cz\/gymnazium\/pro-studenty\/predmety-a-informace\/prirodovedne-predmety\/","og_locale":"cs_CZ","og_type":"article","og_title":"P\u0159\u00edrodov\u011bdn\u00e9 p\u0159edm\u011bty | Gymn\u00e1zium HELLO","og_description":"U\u010ditel\u00e9 p\u0159\u00edrodov\u011bdn\u00fdch p\u0159edm\u011bt\u016f Mgr. Daniel Honka &#8211; p\u0159edseda p\u0159edm\u011btov\u00e9 komise PaedDr. \u0160\u00e1rka Divi\u0161ov\u00e1, Mgr. Sandra Hrb\u00e1\u010dov\u00e1, Mgr. Hana Totkov\u00e1, Mgr. Veronika B\u00e1rtov\u00e1, Mgr. Krist\u00fdna Hude\u010dkov\u00e1, Mgr. Tereza Palov\u00e1, Mgr. Valeria Kuznetsova, Bc. Jakub Hlav\u00e1\u010dek VZOR SEMIN\u00c1RN\u00cd PR\u00c1CE \u0160ABLONA &#8211; RESEARCH PAPER Doporu\u010den\u00ed na u\u017eite\u010dn\u00e9 odkazy Web chemie https:\/\/www.e-chembook.eu https:\/\/eluc.ikap.cz\/lekce\/obecna-chemie https:\/\/phet.colorado.edu\/en\/simulations\/build-a-nucleus Web biologie https:\/\/www.biomach.cz https:\/\/eluc.ikap.cz\/lekce\/bunecna-biologie http:\/\/www.otevrena-veda.cz\/nezkreslena-veda\/ [&hellip;]","og_url":"https:\/\/www.helloskola.cz\/gymnazium\/pro-studenty\/predmety-a-informace\/prirodovedne-predmety\/","og_site_name":"Gymn\u00e1zium HELLO","article_modified_time":"2025-10-13T15:01:38+00:00","og_image":[{"width":600,"height":902,"url":"https:\/\/www.helloskola.cz\/gymnazium\/wp-content\/uploads\/sites\/3\/2022\/03\/chemie4.jpeg","type":"image\/jpeg"}],"twitter_card":"summary_large_image","twitter_misc":{"Odhadovan\u00e1 doba \u010dten\u00ed":"3 minuty"},"schema":{"@context":"https:\/\/schema.org","@graph":[{"@type":"WebPage","@id":"https:\/\/www.helloskola.cz\/gymnazium\/pro-studenty\/predmety-a-informace\/prirodovedne-predmety\/","url":"https:\/\/www.helloskola.cz\/gymnazium\/pro-studenty\/predmety-a-informace\/prirodovedne-predmety\/","name":"P\u0159\u00edrodov\u011bdn\u00e9 p\u0159edm\u011bty | Gymn\u00e1zium HELLO","isPartOf":{"@id":"https:\/\/www.helloskola.cz\/gymnazium\/#website"},"primaryImageOfPage":{"@id":"https:\/\/www.helloskola.cz\/gymnazium\/pro-studenty\/predmety-a-informace\/prirodovedne-predmety\/#primaryimage"},"image":{"@id":"https:\/\/www.helloskola.cz\/gymnazium\/pro-studenty\/predmety-a-informace\/prirodovedne-predmety\/#primaryimage"},"thumbnailUrl":"https:\/\/www.helloskola.cz\/gymnazium\/wp-content\/uploads\/sites\/3\/2022\/05\/gympl-fallback.png","datePublished":"2022-03-12T18:28:19+00:00","dateModified":"2025-10-13T15:01:38+00:00","breadcrumb":{"@id":"https:\/\/www.helloskola.cz\/gymnazium\/pro-studenty\/predmety-a-informace\/prirodovedne-predmety\/#breadcrumb"},"inLanguage":"cs","potentialAction":[{"@type":"ReadAction","target":["https:\/\/www.helloskola.cz\/gymnazium\/pro-studenty\/predmety-a-informace\/prirodovedne-predmety\/"]}]},{"@type":"ImageObject","inLanguage":"cs","@id":"https:\/\/www.helloskola.cz\/gymnazium\/pro-studenty\/predmety-a-informace\/prirodovedne-predmety\/#primaryimage","url":"https:\/\/www.helloskola.cz\/gymnazium\/wp-content\/uploads\/sites\/3\/2022\/05\/gympl-fallback.png","contentUrl":"https:\/\/www.helloskola.cz\/gymnazium\/wp-content\/uploads\/sites\/3\/2022\/05\/gympl-fallback.png","width":933,"height":700},{"@type":"BreadcrumbList","@id":"https:\/\/www.helloskola.cz\/gymnazium\/pro-studenty\/predmety-a-informace\/prirodovedne-predmety\/#breadcrumb","itemListElement":[{"@type":"ListItem","position":1,"name":"\u00davod","item":"https:\/\/www.helloskola.cz\/gymnazium\/"},{"@type":"ListItem","position":2,"name":"Pro studenty","item":"https:\/\/www.helloskola.cz\/gymnazium\/pro-studenty\/"},{"@type":"ListItem","position":3,"name":"P\u0159edm\u011bty a informace","item":"https:\/\/www.helloskola.cz\/gymnazium\/pro-studenty\/predmety-a-informace\/"},{"@type":"ListItem","position":4,"name":"P\u0159\u00edrodov\u011bdn\u00e9 p\u0159edm\u011bty"}]},{"@type":"WebSite","@id":"https:\/\/www.helloskola.cz\/gymnazium\/#website","url":"https:\/\/www.helloskola.cz\/gymnazium\/","name":"Gymn\u00e1zium HELLO","description":"St\u0159edn\u00ed \u0161kola s pos\u00edlenou v\u00fdukou ciz\u00edch jazyk\u016f","publisher":{"@id":"https:\/\/www.helloskola.cz\/gymnazium\/#organization"},"potentialAction":[{"@type":"SearchAction","target":{"@type":"EntryPoint","urlTemplate":"https:\/\/www.helloskola.cz\/gymnazium\/?s={search_term_string}"},"query-input":{"@type":"PropertyValueSpecification","valueRequired":true,"valueName":"search_term_string"}}],"inLanguage":"cs"},{"@type":"Organization","@id":"https:\/\/www.helloskola.cz\/gymnazium\/#organization","name":"Gymn\u00e1zium Hello","url":"https:\/\/www.helloskola.cz\/gymnazium\/","logo":{"@type":"ImageObject","inLanguage":"cs","@id":"https:\/\/www.helloskola.cz\/gymnazium\/#\/schema\/logo\/image\/","url":"https:\/\/www.helloskola.cz\/gymnazium\/wp-content\/uploads\/sites\/3\/2022\/02\/hello_gy_cmyk-1.svg","contentUrl":"https:\/\/www.helloskola.cz\/gymnazium\/wp-content\/uploads\/sites\/3\/2022\/02\/hello_gy_cmyk-1.svg","width":100,"height":100,"caption":"Gymn\u00e1zium Hello"},"image":{"@id":"https:\/\/www.helloskola.cz\/gymnazium\/#\/schema\/logo\/image\/"}}]}},"_links":{"self":[{"href":"https:\/\/www.helloskola.cz\/gymnazium\/wp-json\/wp\/v2\/pages\/990","targetHints":{"allow":["GET"]}}],"collection":[{"href":"https:\/\/www.helloskola.cz\/gymnazium\/wp-json\/wp\/v2\/pages"}],"about":[{"href":"https:\/\/www.helloskola.cz\/gymnazium\/wp-json\/wp\/v2\/types\/page"}],"author":[{"embeddable":true,"href":"https:\/\/www.helloskola.cz\/gymnazium\/wp-json\/wp\/v2\/users\/1"}],"replies":[{"embeddable":true,"href":"https:\/\/www.helloskola.cz\/gymnazium\/wp-json\/wp\/v2\/comments?post=990"}],"version-history":[{"count":10,"href":"https:\/\/www.helloskola.cz\/gymnazium\/wp-json\/wp\/v2\/pages\/990\/revisions"}],"predecessor-version":[{"id":5555,"href":"https:\/\/www.helloskola.cz\/gymnazium\/wp-json\/wp\/v2\/pages\/990\/revisions\/5555"}],"up":[{"embeddable":true,"href":"https:\/\/www.helloskola.cz\/gymnazium\/wp-json\/wp\/v2\/pages\/987"}],"wp:featuredmedia":[{"embeddable":true,"href":"https:\/\/www.helloskola.cz\/gymnazium\/wp-json\/wp\/v2\/media\/1779"}],"wp:attachment":[{"href":"https:\/\/www.helloskola.cz\/gymnazium\/wp-json\/wp\/v2\/media?parent=990"}],"curies":[{"name":"wp","href":"https:\/\/api.w.org\/{rel}","templated":true}]}}