{"id":975,"date":"2022-03-12T19:15:03","date_gmt":"2022-03-12T18:15:03","guid":{"rendered":"https:\/\/www.helloskola.cz\/gymnazium\/?page_id=975"},"modified":"2025-09-20T10:39:33","modified_gmt":"2025-09-20T08:39:33","slug":"1-rocnik","status":"publish","type":"page","link":"https:\/\/www.helloskola.cz\/gymnazium\/pro-studenty\/1-rocnik\/","title":{"rendered":"1. ro\u010dn\u00edk"},"content":{"rendered":"\n<h2 class=\"wp-block-heading\">Informace pro 1. ro\u010dn\u00edk<\/h2>\n\n\n\n<h3 class=\"wp-block-heading\">Z\u00c1\u0158\u00cd 2024<\/h3>\n\n\n\n<p>Mil\u00ed studenti, u\u017e se na v\u00e1s moc t\u011b\u0161\u00edme. Va\u0161i t\u0159\u00eddn\u00ed u\u010ditel\u00e9 v\u00e1m poslali informa\u010dn\u00ed a&nbsp;seznamovac\u00ed e-mail.<\/p>\n\n\n\n<p>Mil\u00ed rodi\u010de, rezervujte si pros\u00edm odpoledne&nbsp;<strong>25. 9. 2025<\/strong>&nbsp;pro spole\u010dn\u00e9 setk\u00e1n\u00ed ve \u0161kole. Z\u00edsk\u00e1te v\u0161echny pot\u0159ebn\u00e9 informace, pozn\u00e1te u\u010ditele sv\u00fdch d\u011bt\u00ed a&nbsp;za\u017eijete pasov\u00e1n\u00ed prv\u00e1k\u016f.<\/p>\n\n\n\n<figure class=\"wp-block-image size-large\"><img fetchpriority=\"high\" decoding=\"async\" width=\"1024\" height=\"1024\" src=\"https:\/\/www.helloskola.cz\/gymnazium\/wp-content\/uploads\/sites\/3\/2025\/09\/Setkani-s-rodici-1024x1024.png\" alt=\"\" class=\"wp-image-5452\" srcset=\"https:\/\/www.helloskola.cz\/gymnazium\/wp-content\/uploads\/sites\/3\/2025\/09\/Setkani-s-rodici-1024x1024.png 1024w, https:\/\/www.helloskola.cz\/gymnazium\/wp-content\/uploads\/sites\/3\/2025\/09\/Setkani-s-rodici-300x300.png 300w, https:\/\/www.helloskola.cz\/gymnazium\/wp-content\/uploads\/sites\/3\/2025\/09\/Setkani-s-rodici-150x150.png 150w, https:\/\/www.helloskola.cz\/gymnazium\/wp-content\/uploads\/sites\/3\/2025\/09\/Setkani-s-rodici-768x768.png 768w, https:\/\/www.helloskola.cz\/gymnazium\/wp-content\/uploads\/sites\/3\/2025\/09\/Setkani-s-rodici.png 1080w\" sizes=\"(max-width: 1024px) 100vw, 1024px\" \/><\/figure>\n\n\n\n<p><\/p>\n\n\n\n<figure class=\"wp-block-gallery has-nested-images columns-default is-cropped wp-block-gallery-1 is-layout-flex wp-block-gallery-is-layout-flex\">\n<figure class=\"wp-block-image size-full\"><img decoding=\"async\" width=\"676\" height=\"815\" data-id=\"5455\" src=\"https:\/\/www.helloskola.cz\/gymnazium\/wp-content\/uploads\/sites\/3\/2025\/09\/1B.png\" alt=\"\" class=\"wp-image-5455\" srcset=\"https:\/\/www.helloskola.cz\/gymnazium\/wp-content\/uploads\/sites\/3\/2025\/09\/1B.png 676w, https:\/\/www.helloskola.cz\/gymnazium\/wp-content\/uploads\/sites\/3\/2025\/09\/1B-249x300.png 249w\" sizes=\"(max-width: 676px) 100vw, 676px\" \/><\/figure>\n\n\n\n<figure class=\"wp-block-image size-full\"><img decoding=\"async\" width=\"668\" height=\"811\" data-id=\"5454\" src=\"https:\/\/www.helloskola.cz\/gymnazium\/wp-content\/uploads\/sites\/3\/2025\/09\/1A.png\" alt=\"\" class=\"wp-image-5454\" srcset=\"https:\/\/www.helloskola.cz\/gymnazium\/wp-content\/uploads\/sites\/3\/2025\/09\/1A.png 668w, https:\/\/www.helloskola.cz\/gymnazium\/wp-content\/uploads\/sites\/3\/2025\/09\/1A-247x300.png 247w\" sizes=\"(max-width: 668px) 100vw, 668px\" \/><\/figure>\n<\/figure>\n\n\n\n<h3 class=\"wp-block-heading\">ISIC karta<\/h3>\n\n\n\n<p class=\"has-text-align-left\">Vyu\u017eij v\u00fdhod ISIC karty a&nbsp;u\u017eij si slevy.<br><a href=\"https:\/\/www.helloskola.cz\/gymnazium\/wp-content\/uploads\/sites\/3\/2022\/06\/6-ZS-SS-ITIC-REVALIDACI-ZDARMA-1.pdf\">Cena ISIC<\/a><br><a href=\"https:\/\/www.helloskola.cz\/gymnazium\/wp-content\/uploads\/sites\/3\/2022\/05\/zadosti_vsechny_prukazy-1.pdf\" target=\"_blank\" rel=\"noreferrer noopener\">\u017d\u00e1dost o&nbsp;ISIC<\/a><\/p>\n\n\n\n<figure class=\"wp-block-image size-full is-resized\"><img loading=\"lazy\" decoding=\"async\" width=\"210\" height=\"166\" src=\"https:\/\/www.helloskola.cz\/gymnazium\/wp-content\/uploads\/sites\/3\/2022\/03\/isic.jpeg\" alt=\"\" class=\"wp-image-977\" style=\"width:125px;height:99px\"\/><\/figure>\n","protected":false},"excerpt":{"rendered":"<p>Informace pro 1. ro\u010dn\u00edk Z\u00c1\u0158\u00cd 2024 Mil\u00ed studenti, u\u017e se na v\u00e1s moc t\u011b\u0161\u00edme. Va\u0161i t\u0159\u00eddn\u00ed u\u010ditel\u00e9 v\u00e1m poslali informa\u010dn\u00ed a&nbsp;seznamovac\u00ed e-mail. Mil\u00ed rodi\u010de, rezervujte si pros\u00edm odpoledne&nbsp;25. 9. 2025&nbsp;pro spole\u010dn\u00e9 setk\u00e1n\u00ed ve \u0161kole. Z\u00edsk\u00e1te v\u0161echny pot\u0159ebn\u00e9 informace, pozn\u00e1te u\u010ditele sv\u00fdch d\u011bt\u00ed a&nbsp;za\u017eijete pasov\u00e1n\u00ed prv\u00e1k\u016f. ISIC karta Vyu\u017eij v\u00fdhod ISIC karty a&nbsp;u\u017eij si slevy.Cena ISIC\u017d\u00e1dost [&hellip;]<\/p>\n","protected":false},"author":1,"featured_media":1779,"parent":970,"menu_order":0,"comment_status":"closed","ping_status":"closed","template":"","meta":{"footnotes":""},"class_list":["post-975","page","type-page","status-publish","has-post-thumbnail","hentry"],"yoast_head":"<!-- This site is optimized with the Yoast SEO plugin v24.8.1 - https:\/\/yoast.com\/wordpress\/plugins\/seo\/ -->\n<title>1. ro\u010dn\u00edk | Gymn\u00e1zium HELLO<\/title>\n<meta name=\"robots\" content=\"index, follow, max-snippet:-1, max-image-preview:large, max-video-preview:-1\" \/>\n<link rel=\"canonical\" href=\"https:\/\/www.helloskola.cz\/gymnazium\/pro-studenty\/1-rocnik\/\" \/>\n<meta property=\"og:locale\" content=\"cs_CZ\" \/>\n<meta property=\"og:type\" content=\"article\" \/>\n<meta property=\"og:title\" content=\"1. ro\u010dn\u00edk | Gymn\u00e1zium HELLO\" \/>\n<meta property=\"og:description\" content=\"Informace pro 1. ro\u010dn\u00edk Z\u00c1\u0158\u00cd 2024 Mil\u00ed studenti, u\u017e se na v\u00e1s moc t\u011b\u0161\u00edme. Va\u0161i t\u0159\u00eddn\u00ed u\u010ditel\u00e9 v\u00e1m poslali informa\u010dn\u00ed a&nbsp;seznamovac\u00ed e-mail. Mil\u00ed rodi\u010de, rezervujte si pros\u00edm odpoledne&nbsp;25. 9. 2025&nbsp;pro spole\u010dn\u00e9 setk\u00e1n\u00ed ve \u0161kole. Z\u00edsk\u00e1te v\u0161echny pot\u0159ebn\u00e9 informace, pozn\u00e1te u\u010ditele sv\u00fdch d\u011bt\u00ed a&nbsp;za\u017eijete pasov\u00e1n\u00ed prv\u00e1k\u016f. ISIC karta Vyu\u017eij v\u00fdhod ISIC karty a&nbsp;u\u017eij si slevy.Cena ISIC\u017d\u00e1dost [&hellip;]\" \/>\n<meta property=\"og:url\" content=\"https:\/\/www.helloskola.cz\/gymnazium\/pro-studenty\/1-rocnik\/\" \/>\n<meta property=\"og:site_name\" content=\"Gymn\u00e1zium HELLO\" \/>\n<meta property=\"article:modified_time\" content=\"2025-09-20T08:39:33+00:00\" \/>\n<meta property=\"og:image\" content=\"https:\/\/www.helloskola.cz\/gymnazium\/wp-content\/uploads\/sites\/3\/2025\/09\/Setkani-s-rodici.png\" \/>\n\t<meta property=\"og:image:width\" content=\"1080\" \/>\n\t<meta property=\"og:image:height\" content=\"1080\" \/>\n\t<meta property=\"og:image:type\" content=\"image\/png\" \/>\n<meta name=\"twitter:card\" content=\"summary_large_image\" \/>\n<meta name=\"twitter:label1\" content=\"Odhadovan\u00e1 doba \u010dten\u00ed\" \/>\n\t<meta name=\"twitter:data1\" content=\"2 minuty\" \/>\n<script type=\"application\/ld+json\" class=\"yoast-schema-graph\">{\"@context\":\"https:\/\/schema.org\",\"@graph\":[{\"@type\":\"WebPage\",\"@id\":\"https:\/\/www.helloskola.cz\/gymnazium\/pro-studenty\/1-rocnik\/\",\"url\":\"https:\/\/www.helloskola.cz\/gymnazium\/pro-studenty\/1-rocnik\/\",\"name\":\"1. ro\u010dn\u00edk | Gymn\u00e1zium HELLO\",\"isPartOf\":{\"@id\":\"https:\/\/www.helloskola.cz\/gymnazium\/#website\"},\"primaryImageOfPage\":{\"@id\":\"https:\/\/www.helloskola.cz\/gymnazium\/pro-studenty\/1-rocnik\/#primaryimage\"},\"image\":{\"@id\":\"https:\/\/www.helloskola.cz\/gymnazium\/pro-studenty\/1-rocnik\/#primaryimage\"},\"thumbnailUrl\":\"https:\/\/www.helloskola.cz\/gymnazium\/wp-content\/uploads\/sites\/3\/2022\/05\/gympl-fallback.png\",\"datePublished\":\"2022-03-12T18:15:03+00:00\",\"dateModified\":\"2025-09-20T08:39:33+00:00\",\"breadcrumb\":{\"@id\":\"https:\/\/www.helloskola.cz\/gymnazium\/pro-studenty\/1-rocnik\/#breadcrumb\"},\"inLanguage\":\"cs\",\"potentialAction\":[{\"@type\":\"ReadAction\",\"target\":[\"https:\/\/www.helloskola.cz\/gymnazium\/pro-studenty\/1-rocnik\/\"]}]},{\"@type\":\"ImageObject\",\"inLanguage\":\"cs\",\"@id\":\"https:\/\/www.helloskola.cz\/gymnazium\/pro-studenty\/1-rocnik\/#primaryimage\",\"url\":\"https:\/\/www.helloskola.cz\/gymnazium\/wp-content\/uploads\/sites\/3\/2022\/05\/gympl-fallback.png\",\"contentUrl\":\"https:\/\/www.helloskola.cz\/gymnazium\/wp-content\/uploads\/sites\/3\/2022\/05\/gympl-fallback.png\",\"width\":933,\"height\":700},{\"@type\":\"BreadcrumbList\",\"@id\":\"https:\/\/www.helloskola.cz\/gymnazium\/pro-studenty\/1-rocnik\/#breadcrumb\",\"itemListElement\":[{\"@type\":\"ListItem\",\"position\":1,\"name\":\"\u00davod\",\"item\":\"https:\/\/www.helloskola.cz\/gymnazium\/\"},{\"@type\":\"ListItem\",\"position\":2,\"name\":\"Pro studenty\",\"item\":\"https:\/\/www.helloskola.cz\/gymnazium\/pro-studenty\/\"},{\"@type\":\"ListItem\",\"position\":3,\"name\":\"1. ro\u010dn\u00edk\"}]},{\"@type\":\"WebSite\",\"@id\":\"https:\/\/www.helloskola.cz\/gymnazium\/#website\",\"url\":\"https:\/\/www.helloskola.cz\/gymnazium\/\",\"name\":\"Gymn\u00e1zium HELLO\",\"description\":\"St\u0159edn\u00ed \u0161kola s pos\u00edlenou v\u00fdukou ciz\u00edch jazyk\u016f\",\"publisher\":{\"@id\":\"https:\/\/www.helloskola.cz\/gymnazium\/#organization\"},\"potentialAction\":[{\"@type\":\"SearchAction\",\"target\":{\"@type\":\"EntryPoint\",\"urlTemplate\":\"https:\/\/www.helloskola.cz\/gymnazium\/?s={search_term_string}\"},\"query-input\":{\"@type\":\"PropertyValueSpecification\",\"valueRequired\":true,\"valueName\":\"search_term_string\"}}],\"inLanguage\":\"cs\"},{\"@type\":\"Organization\",\"@id\":\"https:\/\/www.helloskola.cz\/gymnazium\/#organization\",\"name\":\"Gymn\u00e1zium Hello\",\"url\":\"https:\/\/www.helloskola.cz\/gymnazium\/\",\"logo\":{\"@type\":\"ImageObject\",\"inLanguage\":\"cs\",\"@id\":\"https:\/\/www.helloskola.cz\/gymnazium\/#\/schema\/logo\/image\/\",\"url\":\"https:\/\/www.helloskola.cz\/gymnazium\/wp-content\/uploads\/sites\/3\/2022\/02\/hello_gy_cmyk-1.svg\",\"contentUrl\":\"https:\/\/www.helloskola.cz\/gymnazium\/wp-content\/uploads\/sites\/3\/2022\/02\/hello_gy_cmyk-1.svg\",\"width\":100,\"height\":100,\"caption\":\"Gymn\u00e1zium Hello\"},\"image\":{\"@id\":\"https:\/\/www.helloskola.cz\/gymnazium\/#\/schema\/logo\/image\/\"}}]}<\/script>\n<!-- \/ Yoast SEO plugin. -->","yoast_head_json":{"title":"1. ro\u010dn\u00edk | Gymn\u00e1zium HELLO","robots":{"index":"index","follow":"follow","max-snippet":"max-snippet:-1","max-image-preview":"max-image-preview:large","max-video-preview":"max-video-preview:-1"},"canonical":"https:\/\/www.helloskola.cz\/gymnazium\/pro-studenty\/1-rocnik\/","og_locale":"cs_CZ","og_type":"article","og_title":"1. ro\u010dn\u00edk | Gymn\u00e1zium HELLO","og_description":"Informace pro 1. ro\u010dn\u00edk Z\u00c1\u0158\u00cd 2024 Mil\u00ed studenti, u\u017e se na v\u00e1s moc t\u011b\u0161\u00edme. Va\u0161i t\u0159\u00eddn\u00ed u\u010ditel\u00e9 v\u00e1m poslali informa\u010dn\u00ed a&nbsp;seznamovac\u00ed e-mail. Mil\u00ed rodi\u010de, rezervujte si pros\u00edm odpoledne&nbsp;25. 9. 2025&nbsp;pro spole\u010dn\u00e9 setk\u00e1n\u00ed ve \u0161kole. Z\u00edsk\u00e1te v\u0161echny pot\u0159ebn\u00e9 informace, pozn\u00e1te u\u010ditele sv\u00fdch d\u011bt\u00ed a&nbsp;za\u017eijete pasov\u00e1n\u00ed prv\u00e1k\u016f. ISIC karta Vyu\u017eij v\u00fdhod ISIC karty a&nbsp;u\u017eij si slevy.Cena ISIC\u017d\u00e1dost [&hellip;]","og_url":"https:\/\/www.helloskola.cz\/gymnazium\/pro-studenty\/1-rocnik\/","og_site_name":"Gymn\u00e1zium HELLO","article_modified_time":"2025-09-20T08:39:33+00:00","og_image":[{"width":1080,"height":1080,"url":"https:\/\/www.helloskola.cz\/gymnazium\/wp-content\/uploads\/sites\/3\/2025\/09\/Setkani-s-rodici.png","type":"image\/png"}],"twitter_card":"summary_large_image","twitter_misc":{"Odhadovan\u00e1 doba \u010dten\u00ed":"2 minuty"},"schema":{"@context":"https:\/\/schema.org","@graph":[{"@type":"WebPage","@id":"https:\/\/www.helloskola.cz\/gymnazium\/pro-studenty\/1-rocnik\/","url":"https:\/\/www.helloskola.cz\/gymnazium\/pro-studenty\/1-rocnik\/","name":"1. ro\u010dn\u00edk | Gymn\u00e1zium HELLO","isPartOf":{"@id":"https:\/\/www.helloskola.cz\/gymnazium\/#website"},"primaryImageOfPage":{"@id":"https:\/\/www.helloskola.cz\/gymnazium\/pro-studenty\/1-rocnik\/#primaryimage"},"image":{"@id":"https:\/\/www.helloskola.cz\/gymnazium\/pro-studenty\/1-rocnik\/#primaryimage"},"thumbnailUrl":"https:\/\/www.helloskola.cz\/gymnazium\/wp-content\/uploads\/sites\/3\/2022\/05\/gympl-fallback.png","datePublished":"2022-03-12T18:15:03+00:00","dateModified":"2025-09-20T08:39:33+00:00","breadcrumb":{"@id":"https:\/\/www.helloskola.cz\/gymnazium\/pro-studenty\/1-rocnik\/#breadcrumb"},"inLanguage":"cs","potentialAction":[{"@type":"ReadAction","target":["https:\/\/www.helloskola.cz\/gymnazium\/pro-studenty\/1-rocnik\/"]}]},{"@type":"ImageObject","inLanguage":"cs","@id":"https:\/\/www.helloskola.cz\/gymnazium\/pro-studenty\/1-rocnik\/#primaryimage","url":"https:\/\/www.helloskola.cz\/gymnazium\/wp-content\/uploads\/sites\/3\/2022\/05\/gympl-fallback.png","contentUrl":"https:\/\/www.helloskola.cz\/gymnazium\/wp-content\/uploads\/sites\/3\/2022\/05\/gympl-fallback.png","width":933,"height":700},{"@type":"BreadcrumbList","@id":"https:\/\/www.helloskola.cz\/gymnazium\/pro-studenty\/1-rocnik\/#breadcrumb","itemListElement":[{"@type":"ListItem","position":1,"name":"\u00davod","item":"https:\/\/www.helloskola.cz\/gymnazium\/"},{"@type":"ListItem","position":2,"name":"Pro studenty","item":"https:\/\/www.helloskola.cz\/gymnazium\/pro-studenty\/"},{"@type":"ListItem","position":3,"name":"1. ro\u010dn\u00edk"}]},{"@type":"WebSite","@id":"https:\/\/www.helloskola.cz\/gymnazium\/#website","url":"https:\/\/www.helloskola.cz\/gymnazium\/","name":"Gymn\u00e1zium HELLO","description":"St\u0159edn\u00ed \u0161kola s pos\u00edlenou v\u00fdukou ciz\u00edch jazyk\u016f","publisher":{"@id":"https:\/\/www.helloskola.cz\/gymnazium\/#organization"},"potentialAction":[{"@type":"SearchAction","target":{"@type":"EntryPoint","urlTemplate":"https:\/\/www.helloskola.cz\/gymnazium\/?s={search_term_string}"},"query-input":{"@type":"PropertyValueSpecification","valueRequired":true,"valueName":"search_term_string"}}],"inLanguage":"cs"},{"@type":"Organization","@id":"https:\/\/www.helloskola.cz\/gymnazium\/#organization","name":"Gymn\u00e1zium Hello","url":"https:\/\/www.helloskola.cz\/gymnazium\/","logo":{"@type":"ImageObject","inLanguage":"cs","@id":"https:\/\/www.helloskola.cz\/gymnazium\/#\/schema\/logo\/image\/","url":"https:\/\/www.helloskola.cz\/gymnazium\/wp-content\/uploads\/sites\/3\/2022\/02\/hello_gy_cmyk-1.svg","contentUrl":"https:\/\/www.helloskola.cz\/gymnazium\/wp-content\/uploads\/sites\/3\/2022\/02\/hello_gy_cmyk-1.svg","width":100,"height":100,"caption":"Gymn\u00e1zium Hello"},"image":{"@id":"https:\/\/www.helloskola.cz\/gymnazium\/#\/schema\/logo\/image\/"}}]}},"_links":{"self":[{"href":"https:\/\/www.helloskola.cz\/gymnazium\/wp-json\/wp\/v2\/pages\/975","targetHints":{"allow":["GET"]}}],"collection":[{"href":"https:\/\/www.helloskola.cz\/gymnazium\/wp-json\/wp\/v2\/pages"}],"about":[{"href":"https:\/\/www.helloskola.cz\/gymnazium\/wp-json\/wp\/v2\/types\/page"}],"author":[{"embeddable":true,"href":"https:\/\/www.helloskola.cz\/gymnazium\/wp-json\/wp\/v2\/users\/1"}],"replies":[{"embeddable":true,"href":"https:\/\/www.helloskola.cz\/gymnazium\/wp-json\/wp\/v2\/comments?post=975"}],"version-history":[{"count":14,"href":"https:\/\/www.helloskola.cz\/gymnazium\/wp-json\/wp\/v2\/pages\/975\/revisions"}],"predecessor-version":[{"id":5456,"href":"https:\/\/www.helloskola.cz\/gymnazium\/wp-json\/wp\/v2\/pages\/975\/revisions\/5456"}],"up":[{"embeddable":true,"href":"https:\/\/www.helloskola.cz\/gymnazium\/wp-json\/wp\/v2\/pages\/970"}],"wp:featuredmedia":[{"embeddable":true,"href":"https:\/\/www.helloskola.cz\/gymnazium\/wp-json\/wp\/v2\/media\/1779"}],"wp:attachment":[{"href":"https:\/\/www.helloskola.cz\/gymnazium\/wp-json\/wp\/v2\/media?parent=975"}],"curies":[{"name":"wp","href":"https:\/\/api.w.org\/{rel}","templated":true}]}}