{"id":878,"date":"2022-03-11T23:28:41","date_gmt":"2022-03-11T22:28:41","guid":{"rendered":"https:\/\/www.helloskola.cz\/gymnazium\/?page_id=878"},"modified":"2024-01-09T16:20:42","modified_gmt":"2024-01-09T15:20:42","slug":"proc-u-nas-studovat","status":"publish","type":"page","link":"https:\/\/www.helloskola.cz\/gymnazium\/prijimaci-zkousky\/proc-u-nas-studovat\/","title":{"rendered":"PRO\u010c u n\u00e1s studovat"},"content":{"rendered":"\n<h2 class=\"wp-block-heading\">D\u016fvod\u016f je hned n\u011bkolik<\/h2>\n\n\n\n<figure class=\"wp-block-embed is-type-video is-provider-youtube wp-block-embed-youtube wp-embed-aspect-16-9 wp-has-aspect-ratio\"><div class=\"wp-block-embed__wrapper\">\n<iframe title=\"Helloucitele nove\" width=\"800\" height=\"450\" src=\"https:\/\/www.youtube.com\/embed\/PrX_oFNd7Ic?feature=oembed\" frameborder=\"0\" allow=\"accelerometer; autoplay; clipboard-write; encrypted-media; gyroscope; picture-in-picture; web-share\" allowfullscreen><\/iframe>\n<\/div><\/figure>\n\n\n\n<figure class=\"wp-block-image size-large\"><img fetchpriority=\"high\" decoding=\"async\" width=\"1024\" height=\"576\" src=\"https:\/\/www.helloskola.cz\/gymnazium\/wp-content\/uploads\/sites\/3\/2023\/10\/GYMNAZIUM-HELLO-1-1-1024x576.png\" alt=\"\" class=\"wp-image-4599\" srcset=\"https:\/\/www.helloskola.cz\/gymnazium\/wp-content\/uploads\/sites\/3\/2023\/10\/GYMNAZIUM-HELLO-1-1-1024x576.png 1024w, https:\/\/www.helloskola.cz\/gymnazium\/wp-content\/uploads\/sites\/3\/2023\/10\/GYMNAZIUM-HELLO-1-1-300x169.png 300w, https:\/\/www.helloskola.cz\/gymnazium\/wp-content\/uploads\/sites\/3\/2023\/10\/GYMNAZIUM-HELLO-1-1-768x432.png 768w, https:\/\/www.helloskola.cz\/gymnazium\/wp-content\/uploads\/sites\/3\/2023\/10\/GYMNAZIUM-HELLO-1-1-1536x864.png 1536w, https:\/\/www.helloskola.cz\/gymnazium\/wp-content\/uploads\/sites\/3\/2023\/10\/GYMNAZIUM-HELLO-1-1.png 1920w\" sizes=\"(max-width: 1024px) 100vw, 1024px\" \/><\/figure>\n\n\n\n<figure class=\"wp-block-embed is-type-video is-provider-youtube wp-block-embed-youtube wp-embed-aspect-16-9 wp-has-aspect-ratio\"><div class=\"wp-block-embed__wrapper\">\n<iframe title=\"Hello Studenti hodnot\u00ed sv\u00e9 gymn\u00e1zium\" width=\"800\" height=\"450\" src=\"https:\/\/www.youtube.com\/embed\/P8j4MYzvmUk?start=1&#038;feature=oembed\" frameborder=\"0\" allow=\"accelerometer; autoplay; clipboard-write; encrypted-media; gyroscope; picture-in-picture; web-share\" allowfullscreen><\/iframe>\n<\/div><\/figure>\n\n\n\n<h2 class=\"wp-block-heading\">Jak n\u00e1s hodnot\u00ed rodi\u010de?<\/h2>\n\n\n\n<figure class=\"wp-block-embed is-type-video is-provider-youtube wp-block-embed-youtube wp-embed-aspect-16-9 wp-has-aspect-ratio\"><div class=\"wp-block-embed__wrapper\">\n<iframe title=\"Jak gymn\u00e1zium Hello vn\u00edmaj\u00ed rodi\u010de na\u0161ich \u017e\u00e1k\u016f?\" width=\"800\" height=\"450\" src=\"https:\/\/www.youtube.com\/embed\/86O_GNPwvDI?start=13&#038;feature=oembed\" frameborder=\"0\" allow=\"accelerometer; autoplay; clipboard-write; encrypted-media; gyroscope; picture-in-picture; web-share\" allowfullscreen><\/iframe>\n<\/div><\/figure>\n\n\n\n<h2 class=\"wp-block-heading\">Jak n\u00e1s vn\u00edmaj\u00ed absolventi?<\/h2>\n\n\n\n<figure class=\"wp-block-embed is-type-video is-provider-youtube wp-block-embed-youtube wp-embed-aspect-16-9 wp-has-aspect-ratio\"><div class=\"wp-block-embed__wrapper\">\n<iframe title=\"Hello Absolventi\" width=\"800\" height=\"450\" src=\"https:\/\/www.youtube.com\/embed\/O6zoCHt8ZbQ?start=3&#038;feature=oembed\" frameborder=\"0\" allow=\"accelerometer; autoplay; clipboard-write; encrypted-media; gyroscope; picture-in-picture; web-share\" allowfullscreen><\/iframe>\n<\/div><\/figure>\n\n\n\n<h2 class=\"wp-block-heading\">Jsme modern\u00ed \u0161kola s modern\u00ed v\u00fdukou<\/h2>\n\n\n\n<div class=\"wp-block-columns is-layout-flex wp-container-core-columns-is-layout-28f84493 wp-block-columns-is-layout-flex\">\n<div class=\"wp-block-column is-layout-flow wp-block-column-is-layout-flow\">\n<figure class=\"wp-block-image size-thumbnail\"><img decoding=\"async\" width=\"150\" height=\"150\" src=\"https:\/\/www.helloskola.cz\/gymnazium\/wp-content\/uploads\/sites\/3\/2022\/03\/aula-150x150.jpeg\" alt=\"\" class=\"wp-image-880\"\/><\/figure>\n\n\n\n<p><a href=\"https:\/\/www.helloskola.cz\/gymnazium\/fotogalerie\/galerie-3\/\">Vnit\u0159n\u00ed prostory \u0161koly<\/a><\/p>\n<\/div>\n\n\n\n<div class=\"wp-block-column is-layout-flow wp-block-column-is-layout-flow\">\n<figure class=\"wp-block-image size-thumbnail\"><img decoding=\"async\" width=\"150\" height=\"150\" src=\"https:\/\/www.helloskola.cz\/gymnazium\/wp-content\/uploads\/sites\/3\/2022\/03\/31-150x150.jpeg\" alt=\"\" class=\"wp-image-882\"\/><\/figure>\n\n\n\n<p><a href=\"https:\/\/www.helloskola.cz\/gymnazium\/fotogalerie\/galerie-2\/\">Jak se u\u010d\u00edme<\/a><\/p>\n<\/div>\n\n\n\n<div class=\"wp-block-column is-layout-flow wp-block-column-is-layout-flow\">\n<figure class=\"wp-block-image size-large\"><img loading=\"lazy\" decoding=\"async\" width=\"842\" height=\"1024\" src=\"https:\/\/www.helloskola.cz\/gymnazium\/wp-content\/uploads\/sites\/3\/2022\/05\/barbaora-iowa-womens-tennis-2021-10-01-t-20-49-59-434-z-842x1024.jpeg\" alt=\"\" class=\"wp-image-2063\" srcset=\"https:\/\/www.helloskola.cz\/gymnazium\/wp-content\/uploads\/sites\/3\/2022\/05\/barbaora-iowa-womens-tennis-2021-10-01-t-20-49-59-434-z-842x1024.jpeg 842w, https:\/\/www.helloskola.cz\/gymnazium\/wp-content\/uploads\/sites\/3\/2022\/05\/barbaora-iowa-womens-tennis-2021-10-01-t-20-49-59-434-z-247x300.jpeg 247w, https:\/\/www.helloskola.cz\/gymnazium\/wp-content\/uploads\/sites\/3\/2022\/05\/barbaora-iowa-womens-tennis-2021-10-01-t-20-49-59-434-z-768x934.jpeg 768w, https:\/\/www.helloskola.cz\/gymnazium\/wp-content\/uploads\/sites\/3\/2022\/05\/barbaora-iowa-womens-tennis-2021-10-01-t-20-49-59-434-z-1263x1536.jpeg 1263w, https:\/\/www.helloskola.cz\/gymnazium\/wp-content\/uploads\/sites\/3\/2022\/05\/barbaora-iowa-womens-tennis-2021-10-01-t-20-49-59-434-z-1683x2048.jpeg 1683w\" sizes=\"(max-width: 842px) 100vw, 842px\" \/><figcaption class=\"wp-element-caption\"><a href=\"https:\/\/www.helloskola.cz\/gymnazium\/absolventi\/\">Na\u0161i absolventi<\/a><\/figcaption><\/figure>\n\n\n\n<p><\/p>\n<\/div>\n<\/div>\n\n\n\n<h2 class=\"wp-block-heading\">Doporu\u010dujeme se p\u0159esv\u011bd\u010dit na vlastn\u00ed o\u010di<\/h2>\n\n\n\n<p><a href=\"https:\/\/www.helloskola.cz\/gymnazium\/zkuste-to\/jeden-den-stredoskolakem-na-zkousku\/\">Jeden den st\u0159edo\u0161kol\u00e1kem na zkou\u0161ku<\/a><\/p>\n","protected":false},"excerpt":{"rendered":"<p>D\u016fvod\u016f je hned n\u011bkolik Jak n\u00e1s hodnot\u00ed rodi\u010de? Jak n\u00e1s vn\u00edmaj\u00ed absolventi? Jsme modern\u00ed \u0161kola s modern\u00ed v\u00fdukou Vnit\u0159n\u00ed prostory \u0161koly Jak se u\u010d\u00edme Doporu\u010dujeme se p\u0159esv\u011bd\u010dit na vlastn\u00ed o\u010di Jeden den st\u0159edo\u0161kol\u00e1kem na zkou\u0161ku<\/p>\n","protected":false},"author":1,"featured_media":1779,"parent":855,"menu_order":0,"comment_status":"closed","ping_status":"closed","template":"","meta":{"footnotes":""},"class_list":["post-878","page","type-page","status-publish","has-post-thumbnail","hentry"],"yoast_head":"<!-- This site is optimized with the Yoast SEO plugin v24.8.1 - https:\/\/yoast.com\/wordpress\/plugins\/seo\/ -->\n<title>PRO\u010c u n\u00e1s studovat | Gymn\u00e1zium HELLO<\/title>\n<meta name=\"robots\" content=\"index, follow, max-snippet:-1, max-image-preview:large, max-video-preview:-1\" \/>\n<link rel=\"canonical\" href=\"https:\/\/www.helloskola.cz\/gymnazium\/prijimaci-zkousky\/proc-u-nas-studovat\/\" \/>\n<meta property=\"og:locale\" content=\"cs_CZ\" \/>\n<meta property=\"og:type\" content=\"article\" \/>\n<meta property=\"og:title\" content=\"PRO\u010c u n\u00e1s studovat | Gymn\u00e1zium HELLO\" \/>\n<meta property=\"og:description\" content=\"D\u016fvod\u016f je hned n\u011bkolik Jak n\u00e1s hodnot\u00ed rodi\u010de? Jak n\u00e1s vn\u00edmaj\u00ed absolventi? Jsme modern\u00ed \u0161kola s modern\u00ed v\u00fdukou Vnit\u0159n\u00ed prostory \u0161koly Jak se u\u010d\u00edme Doporu\u010dujeme se p\u0159esv\u011bd\u010dit na vlastn\u00ed o\u010di Jeden den st\u0159edo\u0161kol\u00e1kem na zkou\u0161ku\" \/>\n<meta property=\"og:url\" content=\"https:\/\/www.helloskola.cz\/gymnazium\/prijimaci-zkousky\/proc-u-nas-studovat\/\" \/>\n<meta property=\"og:site_name\" content=\"Gymn\u00e1zium HELLO\" \/>\n<meta property=\"article:modified_time\" content=\"2024-01-09T15:20:42+00:00\" \/>\n<meta property=\"og:image\" content=\"https:\/\/www.helloskola.cz\/gymnazium\/wp-content\/uploads\/sites\/3\/2023\/10\/GYMNAZIUM-HELLO-1-1-1024x576.png\" \/>\n<meta name=\"twitter:card\" content=\"summary_large_image\" \/>\n<meta name=\"twitter:label1\" content=\"Odhadovan\u00e1 doba \u010dten\u00ed\" \/>\n\t<meta name=\"twitter:data1\" content=\"2 minuty\" \/>\n<script type=\"application\/ld+json\" class=\"yoast-schema-graph\">{\"@context\":\"https:\/\/schema.org\",\"@graph\":[{\"@type\":\"WebPage\",\"@id\":\"https:\/\/www.helloskola.cz\/gymnazium\/prijimaci-zkousky\/proc-u-nas-studovat\/\",\"url\":\"https:\/\/www.helloskola.cz\/gymnazium\/prijimaci-zkousky\/proc-u-nas-studovat\/\",\"name\":\"PRO\u010c u n\u00e1s studovat | Gymn\u00e1zium HELLO\",\"isPartOf\":{\"@id\":\"https:\/\/www.helloskola.cz\/gymnazium\/#website\"},\"primaryImageOfPage\":{\"@id\":\"https:\/\/www.helloskola.cz\/gymnazium\/prijimaci-zkousky\/proc-u-nas-studovat\/#primaryimage\"},\"image\":{\"@id\":\"https:\/\/www.helloskola.cz\/gymnazium\/prijimaci-zkousky\/proc-u-nas-studovat\/#primaryimage\"},\"thumbnailUrl\":\"https:\/\/www.helloskola.cz\/gymnazium\/wp-content\/uploads\/sites\/3\/2022\/05\/gympl-fallback.png\",\"datePublished\":\"2022-03-11T22:28:41+00:00\",\"dateModified\":\"2024-01-09T15:20:42+00:00\",\"breadcrumb\":{\"@id\":\"https:\/\/www.helloskola.cz\/gymnazium\/prijimaci-zkousky\/proc-u-nas-studovat\/#breadcrumb\"},\"inLanguage\":\"cs\",\"potentialAction\":[{\"@type\":\"ReadAction\",\"target\":[\"https:\/\/www.helloskola.cz\/gymnazium\/prijimaci-zkousky\/proc-u-nas-studovat\/\"]}]},{\"@type\":\"ImageObject\",\"inLanguage\":\"cs\",\"@id\":\"https:\/\/www.helloskola.cz\/gymnazium\/prijimaci-zkousky\/proc-u-nas-studovat\/#primaryimage\",\"url\":\"https:\/\/www.helloskola.cz\/gymnazium\/wp-content\/uploads\/sites\/3\/2022\/05\/gympl-fallback.png\",\"contentUrl\":\"https:\/\/www.helloskola.cz\/gymnazium\/wp-content\/uploads\/sites\/3\/2022\/05\/gympl-fallback.png\",\"width\":933,\"height\":700},{\"@type\":\"BreadcrumbList\",\"@id\":\"https:\/\/www.helloskola.cz\/gymnazium\/prijimaci-zkousky\/proc-u-nas-studovat\/#breadcrumb\",\"itemListElement\":[{\"@type\":\"ListItem\",\"position\":1,\"name\":\"\u00davod\",\"item\":\"https:\/\/www.helloskola.cz\/gymnazium\/\"},{\"@type\":\"ListItem\",\"position\":2,\"name\":\"P\u0159ij\u00edmac\u00ed zkou\u0161ky\",\"item\":\"https:\/\/www.helloskola.cz\/gymnazium\/prijimaci-zkousky\/\"},{\"@type\":\"ListItem\",\"position\":3,\"name\":\"PRO\u010c u n\u00e1s studovat\"}]},{\"@type\":\"WebSite\",\"@id\":\"https:\/\/www.helloskola.cz\/gymnazium\/#website\",\"url\":\"https:\/\/www.helloskola.cz\/gymnazium\/\",\"name\":\"Gymn\u00e1zium HELLO\",\"description\":\"St\u0159edn\u00ed \u0161kola s pos\u00edlenou v\u00fdukou ciz\u00edch jazyk\u016f\",\"publisher\":{\"@id\":\"https:\/\/www.helloskola.cz\/gymnazium\/#organization\"},\"potentialAction\":[{\"@type\":\"SearchAction\",\"target\":{\"@type\":\"EntryPoint\",\"urlTemplate\":\"https:\/\/www.helloskola.cz\/gymnazium\/?s={search_term_string}\"},\"query-input\":{\"@type\":\"PropertyValueSpecification\",\"valueRequired\":true,\"valueName\":\"search_term_string\"}}],\"inLanguage\":\"cs\"},{\"@type\":\"Organization\",\"@id\":\"https:\/\/www.helloskola.cz\/gymnazium\/#organization\",\"name\":\"Gymn\u00e1zium Hello\",\"url\":\"https:\/\/www.helloskola.cz\/gymnazium\/\",\"logo\":{\"@type\":\"ImageObject\",\"inLanguage\":\"cs\",\"@id\":\"https:\/\/www.helloskola.cz\/gymnazium\/#\/schema\/logo\/image\/\",\"url\":\"https:\/\/www.helloskola.cz\/gymnazium\/wp-content\/uploads\/sites\/3\/2022\/02\/hello_gy_cmyk-1.svg\",\"contentUrl\":\"https:\/\/www.helloskola.cz\/gymnazium\/wp-content\/uploads\/sites\/3\/2022\/02\/hello_gy_cmyk-1.svg\",\"width\":100,\"height\":100,\"caption\":\"Gymn\u00e1zium Hello\"},\"image\":{\"@id\":\"https:\/\/www.helloskola.cz\/gymnazium\/#\/schema\/logo\/image\/\"}}]}<\/script>\n<!-- \/ Yoast SEO plugin. -->","yoast_head_json":{"title":"PRO\u010c u n\u00e1s studovat | Gymn\u00e1zium HELLO","robots":{"index":"index","follow":"follow","max-snippet":"max-snippet:-1","max-image-preview":"max-image-preview:large","max-video-preview":"max-video-preview:-1"},"canonical":"https:\/\/www.helloskola.cz\/gymnazium\/prijimaci-zkousky\/proc-u-nas-studovat\/","og_locale":"cs_CZ","og_type":"article","og_title":"PRO\u010c u n\u00e1s studovat | Gymn\u00e1zium HELLO","og_description":"D\u016fvod\u016f je hned n\u011bkolik Jak n\u00e1s hodnot\u00ed rodi\u010de? Jak n\u00e1s vn\u00edmaj\u00ed absolventi? Jsme modern\u00ed \u0161kola s modern\u00ed v\u00fdukou Vnit\u0159n\u00ed prostory \u0161koly Jak se u\u010d\u00edme Doporu\u010dujeme se p\u0159esv\u011bd\u010dit na vlastn\u00ed o\u010di Jeden den st\u0159edo\u0161kol\u00e1kem na zkou\u0161ku","og_url":"https:\/\/www.helloskola.cz\/gymnazium\/prijimaci-zkousky\/proc-u-nas-studovat\/","og_site_name":"Gymn\u00e1zium HELLO","article_modified_time":"2024-01-09T15:20:42+00:00","og_image":[{"url":"https:\/\/www.helloskola.cz\/gymnazium\/wp-content\/uploads\/sites\/3\/2023\/10\/GYMNAZIUM-HELLO-1-1-1024x576.png","type":"","width":"","height":""}],"twitter_card":"summary_large_image","twitter_misc":{"Odhadovan\u00e1 doba \u010dten\u00ed":"2 minuty"},"schema":{"@context":"https:\/\/schema.org","@graph":[{"@type":"WebPage","@id":"https:\/\/www.helloskola.cz\/gymnazium\/prijimaci-zkousky\/proc-u-nas-studovat\/","url":"https:\/\/www.helloskola.cz\/gymnazium\/prijimaci-zkousky\/proc-u-nas-studovat\/","name":"PRO\u010c u n\u00e1s studovat | Gymn\u00e1zium HELLO","isPartOf":{"@id":"https:\/\/www.helloskola.cz\/gymnazium\/#website"},"primaryImageOfPage":{"@id":"https:\/\/www.helloskola.cz\/gymnazium\/prijimaci-zkousky\/proc-u-nas-studovat\/#primaryimage"},"image":{"@id":"https:\/\/www.helloskola.cz\/gymnazium\/prijimaci-zkousky\/proc-u-nas-studovat\/#primaryimage"},"thumbnailUrl":"https:\/\/www.helloskola.cz\/gymnazium\/wp-content\/uploads\/sites\/3\/2022\/05\/gympl-fallback.png","datePublished":"2022-03-11T22:28:41+00:00","dateModified":"2024-01-09T15:20:42+00:00","breadcrumb":{"@id":"https:\/\/www.helloskola.cz\/gymnazium\/prijimaci-zkousky\/proc-u-nas-studovat\/#breadcrumb"},"inLanguage":"cs","potentialAction":[{"@type":"ReadAction","target":["https:\/\/www.helloskola.cz\/gymnazium\/prijimaci-zkousky\/proc-u-nas-studovat\/"]}]},{"@type":"ImageObject","inLanguage":"cs","@id":"https:\/\/www.helloskola.cz\/gymnazium\/prijimaci-zkousky\/proc-u-nas-studovat\/#primaryimage","url":"https:\/\/www.helloskola.cz\/gymnazium\/wp-content\/uploads\/sites\/3\/2022\/05\/gympl-fallback.png","contentUrl":"https:\/\/www.helloskola.cz\/gymnazium\/wp-content\/uploads\/sites\/3\/2022\/05\/gympl-fallback.png","width":933,"height":700},{"@type":"BreadcrumbList","@id":"https:\/\/www.helloskola.cz\/gymnazium\/prijimaci-zkousky\/proc-u-nas-studovat\/#breadcrumb","itemListElement":[{"@type":"ListItem","position":1,"name":"\u00davod","item":"https:\/\/www.helloskola.cz\/gymnazium\/"},{"@type":"ListItem","position":2,"name":"P\u0159ij\u00edmac\u00ed zkou\u0161ky","item":"https:\/\/www.helloskola.cz\/gymnazium\/prijimaci-zkousky\/"},{"@type":"ListItem","position":3,"name":"PRO\u010c u n\u00e1s studovat"}]},{"@type":"WebSite","@id":"https:\/\/www.helloskola.cz\/gymnazium\/#website","url":"https:\/\/www.helloskola.cz\/gymnazium\/","name":"Gymn\u00e1zium HELLO","description":"St\u0159edn\u00ed \u0161kola s pos\u00edlenou v\u00fdukou ciz\u00edch jazyk\u016f","publisher":{"@id":"https:\/\/www.helloskola.cz\/gymnazium\/#organization"},"potentialAction":[{"@type":"SearchAction","target":{"@type":"EntryPoint","urlTemplate":"https:\/\/www.helloskola.cz\/gymnazium\/?s={search_term_string}"},"query-input":{"@type":"PropertyValueSpecification","valueRequired":true,"valueName":"search_term_string"}}],"inLanguage":"cs"},{"@type":"Organization","@id":"https:\/\/www.helloskola.cz\/gymnazium\/#organization","name":"Gymn\u00e1zium Hello","url":"https:\/\/www.helloskola.cz\/gymnazium\/","logo":{"@type":"ImageObject","inLanguage":"cs","@id":"https:\/\/www.helloskola.cz\/gymnazium\/#\/schema\/logo\/image\/","url":"https:\/\/www.helloskola.cz\/gymnazium\/wp-content\/uploads\/sites\/3\/2022\/02\/hello_gy_cmyk-1.svg","contentUrl":"https:\/\/www.helloskola.cz\/gymnazium\/wp-content\/uploads\/sites\/3\/2022\/02\/hello_gy_cmyk-1.svg","width":100,"height":100,"caption":"Gymn\u00e1zium Hello"},"image":{"@id":"https:\/\/www.helloskola.cz\/gymnazium\/#\/schema\/logo\/image\/"}}]}},"_links":{"self":[{"href":"https:\/\/www.helloskola.cz\/gymnazium\/wp-json\/wp\/v2\/pages\/878","targetHints":{"allow":["GET"]}}],"collection":[{"href":"https:\/\/www.helloskola.cz\/gymnazium\/wp-json\/wp\/v2\/pages"}],"about":[{"href":"https:\/\/www.helloskola.cz\/gymnazium\/wp-json\/wp\/v2\/types\/page"}],"author":[{"embeddable":true,"href":"https:\/\/www.helloskola.cz\/gymnazium\/wp-json\/wp\/v2\/users\/1"}],"replies":[{"embeddable":true,"href":"https:\/\/www.helloskola.cz\/gymnazium\/wp-json\/wp\/v2\/comments?post=878"}],"version-history":[{"count":22,"href":"https:\/\/www.helloskola.cz\/gymnazium\/wp-json\/wp\/v2\/pages\/878\/revisions"}],"predecessor-version":[{"id":4744,"href":"https:\/\/www.helloskola.cz\/gymnazium\/wp-json\/wp\/v2\/pages\/878\/revisions\/4744"}],"up":[{"embeddable":true,"href":"https:\/\/www.helloskola.cz\/gymnazium\/wp-json\/wp\/v2\/pages\/855"}],"wp:featuredmedia":[{"embeddable":true,"href":"https:\/\/www.helloskola.cz\/gymnazium\/wp-json\/wp\/v2\/media\/1779"}],"wp:attachment":[{"href":"https:\/\/www.helloskola.cz\/gymnazium\/wp-json\/wp\/v2\/media?parent=878"}],"curies":[{"name":"wp","href":"https:\/\/api.w.org\/{rel}","templated":true}]}}