{"id":859,"date":"2022-03-11T22:56:00","date_gmt":"2022-03-11T21:56:00","guid":{"rendered":"https:\/\/www.helloskola.cz\/gymnazium\/?page_id=859"},"modified":"2025-09-13T16:56:06","modified_gmt":"2025-09-13T14:56:06","slug":"co-u-nas-studovat","status":"publish","type":"page","link":"https:\/\/www.helloskola.cz\/gymnazium\/prijimaci-zkousky\/co-u-nas-studovat\/","title":{"rendered":"CO u n\u00e1s studovat"},"content":{"rendered":"\n<figure class=\"wp-block-image size-large\"><img fetchpriority=\"high\" decoding=\"async\" width=\"1024\" height=\"576\" src=\"https:\/\/www.helloskola.cz\/gymnazium\/wp-content\/uploads\/sites\/3\/2023\/10\/GYMNAZIUM-HELLO-1-1024x576.png\" alt=\"\" class=\"wp-image-4595\" srcset=\"https:\/\/www.helloskola.cz\/gymnazium\/wp-content\/uploads\/sites\/3\/2023\/10\/GYMNAZIUM-HELLO-1-1024x576.png 1024w, https:\/\/www.helloskola.cz\/gymnazium\/wp-content\/uploads\/sites\/3\/2023\/10\/GYMNAZIUM-HELLO-1-300x169.png 300w, https:\/\/www.helloskola.cz\/gymnazium\/wp-content\/uploads\/sites\/3\/2023\/10\/GYMNAZIUM-HELLO-1-768x432.png 768w, https:\/\/www.helloskola.cz\/gymnazium\/wp-content\/uploads\/sites\/3\/2023\/10\/GYMNAZIUM-HELLO-1-1536x864.png 1536w, https:\/\/www.helloskola.cz\/gymnazium\/wp-content\/uploads\/sites\/3\/2023\/10\/GYMNAZIUM-HELLO-1.png 1920w\" sizes=\"(max-width: 1024px) 100vw, 1024px\" \/><\/figure>\n\n\n\n<p><a href=\"https:\/\/www.helloskola.cz\/gymnazium\/wp-content\/uploads\/sites\/3\/2025\/09\/Ucebni-plan_gymazium.png\">U\u010cEBN\u00cd PL\u00c1NY JEDOTLIV\u00ddCH V\u011aTV\u00cd GYMN\u00c1ZIA HELLO<\/a><\/p>\n\n\n\n<h2 class=\"wp-block-heading\">Nejste si st\u00e1le jist\u00ed? P\u0159esv\u011bd\u010dte se na vlastn\u00ed o\u010di&#8230;<\/h2>\n\n\n\n<p><a href=\"https:\/\/www.helloskola.cz\/gymnazium\/zkuste-to\/jeden-den-stredoskolakem-na-zkousku\/\">Jeden den st\u0159edo\u0161kol\u00e1kem na zkou\u0161ku<\/a><\/p>\n\n\n\n<h2 class=\"wp-block-heading\"><\/h2>\n\n\n\n<p><strong>\u0160koln\u00ed vzd\u011bl\u00e1vac\u00ed program Gymn\u00e1zia Hello je nastaven tak, aby i&nbsp;za pomoci modern\u00edch pedagogick\u00fdch metod srovnal b\u011bhem prvn\u00edho ro\u010dn\u00edku p\u0159\u00edpadn\u00e9 rozd\u00edly mezi \u017e\u00e1ky z&nbsp;jednotliv\u00fdch z\u00e1kladn\u00edch \u0161kol a&nbsp;na pevn\u00fdch z\u00e1kladech pak mohl stav\u011bt p\u0159\u00edpravu na maturitn\u00ed zkou\u0161ky a&nbsp;\u00fasp\u011b\u0161n\u00e9 p\u0159ij\u00edmac\u00ed zkou\u0161ky na vysokou \u0161kolu.<\/strong><\/p>\n\n\n\n<p>D\u016fraz na jazykov\u00e9 vzd\u011bl\u00e1n\u00ed, modern\u00ed technologie, soft skills \u2013 rozvoj komunika\u010dn\u00edch a&nbsp;prezenta\u010dn\u00edch dovednost\u00ed aj. pak zaru\u010duje kvalitn\u00ed p\u0159\u00edpravu i&nbsp;pro pracovn\u00ed \u017eivot.<\/p>\n","protected":false},"excerpt":{"rendered":"<p>U\u010cEBN\u00cd PL\u00c1NY JEDOTLIV\u00ddCH V\u011aTV\u00cd GYMN\u00c1ZIA HELLO Nejste si st\u00e1le jist\u00ed? P\u0159esv\u011bd\u010dte se na vlastn\u00ed o\u010di&#8230; Jeden den st\u0159edo\u0161kol\u00e1kem na zkou\u0161ku \u0160koln\u00ed vzd\u011bl\u00e1vac\u00ed program Gymn\u00e1zia Hello je nastaven tak, aby i&nbsp;za pomoci modern\u00edch pedagogick\u00fdch metod srovnal b\u011bhem prvn\u00edho ro\u010dn\u00edku p\u0159\u00edpadn\u00e9 rozd\u00edly mezi \u017e\u00e1ky z&nbsp;jednotliv\u00fdch z\u00e1kladn\u00edch \u0161kol a&nbsp;na pevn\u00fdch z\u00e1kladech pak mohl stav\u011bt p\u0159\u00edpravu na maturitn\u00ed zkou\u0161ky [&hellip;]<\/p>\n","protected":false},"author":1,"featured_media":1779,"parent":855,"menu_order":0,"comment_status":"closed","ping_status":"closed","template":"","meta":{"footnotes":""},"class_list":["post-859","page","type-page","status-publish","has-post-thumbnail","hentry"],"yoast_head":"<!-- This site is optimized with the Yoast SEO plugin v24.8.1 - https:\/\/yoast.com\/wordpress\/plugins\/seo\/ -->\n<title>CO u n\u00e1s studovat | Gymn\u00e1zium HELLO<\/title>\n<meta name=\"robots\" content=\"index, follow, max-snippet:-1, max-image-preview:large, max-video-preview:-1\" \/>\n<link rel=\"canonical\" href=\"https:\/\/www.helloskola.cz\/gymnazium\/prijimaci-zkousky\/co-u-nas-studovat\/\" \/>\n<meta property=\"og:locale\" content=\"cs_CZ\" \/>\n<meta property=\"og:type\" content=\"article\" \/>\n<meta property=\"og:title\" content=\"CO u n\u00e1s studovat | Gymn\u00e1zium HELLO\" \/>\n<meta property=\"og:description\" content=\"U\u010cEBN\u00cd PL\u00c1NY JEDOTLIV\u00ddCH V\u011aTV\u00cd GYMN\u00c1ZIA HELLO Nejste si st\u00e1le jist\u00ed? P\u0159esv\u011bd\u010dte se na vlastn\u00ed o\u010di&#8230; Jeden den st\u0159edo\u0161kol\u00e1kem na zkou\u0161ku \u0160koln\u00ed vzd\u011bl\u00e1vac\u00ed program Gymn\u00e1zia Hello je nastaven tak, aby i&nbsp;za pomoci modern\u00edch pedagogick\u00fdch metod srovnal b\u011bhem prvn\u00edho ro\u010dn\u00edku p\u0159\u00edpadn\u00e9 rozd\u00edly mezi \u017e\u00e1ky z&nbsp;jednotliv\u00fdch z\u00e1kladn\u00edch \u0161kol a&nbsp;na pevn\u00fdch z\u00e1kladech pak mohl stav\u011bt p\u0159\u00edpravu na maturitn\u00ed zkou\u0161ky [&hellip;]\" \/>\n<meta property=\"og:url\" content=\"https:\/\/www.helloskola.cz\/gymnazium\/prijimaci-zkousky\/co-u-nas-studovat\/\" \/>\n<meta property=\"og:site_name\" content=\"Gymn\u00e1zium HELLO\" \/>\n<meta property=\"article:modified_time\" content=\"2025-09-13T14:56:06+00:00\" \/>\n<meta property=\"og:image\" content=\"https:\/\/www.helloskola.cz\/gymnazium\/wp-content\/uploads\/sites\/3\/2023\/10\/GYMNAZIUM-HELLO-1.png\" \/>\n\t<meta property=\"og:image:width\" content=\"1920\" \/>\n\t<meta property=\"og:image:height\" content=\"1080\" \/>\n\t<meta property=\"og:image:type\" content=\"image\/png\" \/>\n<meta name=\"twitter:card\" content=\"summary_large_image\" \/>\n<meta name=\"twitter:label1\" content=\"Odhadovan\u00e1 doba \u010dten\u00ed\" \/>\n\t<meta name=\"twitter:data1\" content=\"1 minuta\" \/>\n<script type=\"application\/ld+json\" class=\"yoast-schema-graph\">{\"@context\":\"https:\/\/schema.org\",\"@graph\":[{\"@type\":\"WebPage\",\"@id\":\"https:\/\/www.helloskola.cz\/gymnazium\/prijimaci-zkousky\/co-u-nas-studovat\/\",\"url\":\"https:\/\/www.helloskola.cz\/gymnazium\/prijimaci-zkousky\/co-u-nas-studovat\/\",\"name\":\"CO u n\u00e1s studovat | Gymn\u00e1zium HELLO\",\"isPartOf\":{\"@id\":\"https:\/\/www.helloskola.cz\/gymnazium\/#website\"},\"primaryImageOfPage\":{\"@id\":\"https:\/\/www.helloskola.cz\/gymnazium\/prijimaci-zkousky\/co-u-nas-studovat\/#primaryimage\"},\"image\":{\"@id\":\"https:\/\/www.helloskola.cz\/gymnazium\/prijimaci-zkousky\/co-u-nas-studovat\/#primaryimage\"},\"thumbnailUrl\":\"https:\/\/www.helloskola.cz\/gymnazium\/wp-content\/uploads\/sites\/3\/2022\/05\/gympl-fallback.png\",\"datePublished\":\"2022-03-11T21:56:00+00:00\",\"dateModified\":\"2025-09-13T14:56:06+00:00\",\"breadcrumb\":{\"@id\":\"https:\/\/www.helloskola.cz\/gymnazium\/prijimaci-zkousky\/co-u-nas-studovat\/#breadcrumb\"},\"inLanguage\":\"cs\",\"potentialAction\":[{\"@type\":\"ReadAction\",\"target\":[\"https:\/\/www.helloskola.cz\/gymnazium\/prijimaci-zkousky\/co-u-nas-studovat\/\"]}]},{\"@type\":\"ImageObject\",\"inLanguage\":\"cs\",\"@id\":\"https:\/\/www.helloskola.cz\/gymnazium\/prijimaci-zkousky\/co-u-nas-studovat\/#primaryimage\",\"url\":\"https:\/\/www.helloskola.cz\/gymnazium\/wp-content\/uploads\/sites\/3\/2022\/05\/gympl-fallback.png\",\"contentUrl\":\"https:\/\/www.helloskola.cz\/gymnazium\/wp-content\/uploads\/sites\/3\/2022\/05\/gympl-fallback.png\",\"width\":933,\"height\":700},{\"@type\":\"BreadcrumbList\",\"@id\":\"https:\/\/www.helloskola.cz\/gymnazium\/prijimaci-zkousky\/co-u-nas-studovat\/#breadcrumb\",\"itemListElement\":[{\"@type\":\"ListItem\",\"position\":1,\"name\":\"\u00davod\",\"item\":\"https:\/\/www.helloskola.cz\/gymnazium\/\"},{\"@type\":\"ListItem\",\"position\":2,\"name\":\"P\u0159ij\u00edmac\u00ed zkou\u0161ky\",\"item\":\"https:\/\/www.helloskola.cz\/gymnazium\/prijimaci-zkousky\/\"},{\"@type\":\"ListItem\",\"position\":3,\"name\":\"CO u n\u00e1s studovat\"}]},{\"@type\":\"WebSite\",\"@id\":\"https:\/\/www.helloskola.cz\/gymnazium\/#website\",\"url\":\"https:\/\/www.helloskola.cz\/gymnazium\/\",\"name\":\"Gymn\u00e1zium HELLO\",\"description\":\"St\u0159edn\u00ed \u0161kola s pos\u00edlenou v\u00fdukou ciz\u00edch jazyk\u016f\",\"publisher\":{\"@id\":\"https:\/\/www.helloskola.cz\/gymnazium\/#organization\"},\"potentialAction\":[{\"@type\":\"SearchAction\",\"target\":{\"@type\":\"EntryPoint\",\"urlTemplate\":\"https:\/\/www.helloskola.cz\/gymnazium\/?s={search_term_string}\"},\"query-input\":{\"@type\":\"PropertyValueSpecification\",\"valueRequired\":true,\"valueName\":\"search_term_string\"}}],\"inLanguage\":\"cs\"},{\"@type\":\"Organization\",\"@id\":\"https:\/\/www.helloskola.cz\/gymnazium\/#organization\",\"name\":\"Gymn\u00e1zium Hello\",\"url\":\"https:\/\/www.helloskola.cz\/gymnazium\/\",\"logo\":{\"@type\":\"ImageObject\",\"inLanguage\":\"cs\",\"@id\":\"https:\/\/www.helloskola.cz\/gymnazium\/#\/schema\/logo\/image\/\",\"url\":\"https:\/\/www.helloskola.cz\/gymnazium\/wp-content\/uploads\/sites\/3\/2022\/02\/hello_gy_cmyk-1.svg\",\"contentUrl\":\"https:\/\/www.helloskola.cz\/gymnazium\/wp-content\/uploads\/sites\/3\/2022\/02\/hello_gy_cmyk-1.svg\",\"width\":100,\"height\":100,\"caption\":\"Gymn\u00e1zium Hello\"},\"image\":{\"@id\":\"https:\/\/www.helloskola.cz\/gymnazium\/#\/schema\/logo\/image\/\"}}]}<\/script>\n<!-- \/ Yoast SEO plugin. -->","yoast_head_json":{"title":"CO u n\u00e1s studovat | Gymn\u00e1zium HELLO","robots":{"index":"index","follow":"follow","max-snippet":"max-snippet:-1","max-image-preview":"max-image-preview:large","max-video-preview":"max-video-preview:-1"},"canonical":"https:\/\/www.helloskola.cz\/gymnazium\/prijimaci-zkousky\/co-u-nas-studovat\/","og_locale":"cs_CZ","og_type":"article","og_title":"CO u n\u00e1s studovat | Gymn\u00e1zium HELLO","og_description":"U\u010cEBN\u00cd PL\u00c1NY JEDOTLIV\u00ddCH V\u011aTV\u00cd GYMN\u00c1ZIA HELLO Nejste si st\u00e1le jist\u00ed? P\u0159esv\u011bd\u010dte se na vlastn\u00ed o\u010di&#8230; Jeden den st\u0159edo\u0161kol\u00e1kem na zkou\u0161ku \u0160koln\u00ed vzd\u011bl\u00e1vac\u00ed program Gymn\u00e1zia Hello je nastaven tak, aby i&nbsp;za pomoci modern\u00edch pedagogick\u00fdch metod srovnal b\u011bhem prvn\u00edho ro\u010dn\u00edku p\u0159\u00edpadn\u00e9 rozd\u00edly mezi \u017e\u00e1ky z&nbsp;jednotliv\u00fdch z\u00e1kladn\u00edch \u0161kol a&nbsp;na pevn\u00fdch z\u00e1kladech pak mohl stav\u011bt p\u0159\u00edpravu na maturitn\u00ed zkou\u0161ky [&hellip;]","og_url":"https:\/\/www.helloskola.cz\/gymnazium\/prijimaci-zkousky\/co-u-nas-studovat\/","og_site_name":"Gymn\u00e1zium HELLO","article_modified_time":"2025-09-13T14:56:06+00:00","og_image":[{"width":1920,"height":1080,"url":"https:\/\/www.helloskola.cz\/gymnazium\/wp-content\/uploads\/sites\/3\/2023\/10\/GYMNAZIUM-HELLO-1.png","type":"image\/png"}],"twitter_card":"summary_large_image","twitter_misc":{"Odhadovan\u00e1 doba \u010dten\u00ed":"1 minuta"},"schema":{"@context":"https:\/\/schema.org","@graph":[{"@type":"WebPage","@id":"https:\/\/www.helloskola.cz\/gymnazium\/prijimaci-zkousky\/co-u-nas-studovat\/","url":"https:\/\/www.helloskola.cz\/gymnazium\/prijimaci-zkousky\/co-u-nas-studovat\/","name":"CO u n\u00e1s studovat | Gymn\u00e1zium HELLO","isPartOf":{"@id":"https:\/\/www.helloskola.cz\/gymnazium\/#website"},"primaryImageOfPage":{"@id":"https:\/\/www.helloskola.cz\/gymnazium\/prijimaci-zkousky\/co-u-nas-studovat\/#primaryimage"},"image":{"@id":"https:\/\/www.helloskola.cz\/gymnazium\/prijimaci-zkousky\/co-u-nas-studovat\/#primaryimage"},"thumbnailUrl":"https:\/\/www.helloskola.cz\/gymnazium\/wp-content\/uploads\/sites\/3\/2022\/05\/gympl-fallback.png","datePublished":"2022-03-11T21:56:00+00:00","dateModified":"2025-09-13T14:56:06+00:00","breadcrumb":{"@id":"https:\/\/www.helloskola.cz\/gymnazium\/prijimaci-zkousky\/co-u-nas-studovat\/#breadcrumb"},"inLanguage":"cs","potentialAction":[{"@type":"ReadAction","target":["https:\/\/www.helloskola.cz\/gymnazium\/prijimaci-zkousky\/co-u-nas-studovat\/"]}]},{"@type":"ImageObject","inLanguage":"cs","@id":"https:\/\/www.helloskola.cz\/gymnazium\/prijimaci-zkousky\/co-u-nas-studovat\/#primaryimage","url":"https:\/\/www.helloskola.cz\/gymnazium\/wp-content\/uploads\/sites\/3\/2022\/05\/gympl-fallback.png","contentUrl":"https:\/\/www.helloskola.cz\/gymnazium\/wp-content\/uploads\/sites\/3\/2022\/05\/gympl-fallback.png","width":933,"height":700},{"@type":"BreadcrumbList","@id":"https:\/\/www.helloskola.cz\/gymnazium\/prijimaci-zkousky\/co-u-nas-studovat\/#breadcrumb","itemListElement":[{"@type":"ListItem","position":1,"name":"\u00davod","item":"https:\/\/www.helloskola.cz\/gymnazium\/"},{"@type":"ListItem","position":2,"name":"P\u0159ij\u00edmac\u00ed zkou\u0161ky","item":"https:\/\/www.helloskola.cz\/gymnazium\/prijimaci-zkousky\/"},{"@type":"ListItem","position":3,"name":"CO u n\u00e1s studovat"}]},{"@type":"WebSite","@id":"https:\/\/www.helloskola.cz\/gymnazium\/#website","url":"https:\/\/www.helloskola.cz\/gymnazium\/","name":"Gymn\u00e1zium HELLO","description":"St\u0159edn\u00ed \u0161kola s pos\u00edlenou v\u00fdukou ciz\u00edch jazyk\u016f","publisher":{"@id":"https:\/\/www.helloskola.cz\/gymnazium\/#organization"},"potentialAction":[{"@type":"SearchAction","target":{"@type":"EntryPoint","urlTemplate":"https:\/\/www.helloskola.cz\/gymnazium\/?s={search_term_string}"},"query-input":{"@type":"PropertyValueSpecification","valueRequired":true,"valueName":"search_term_string"}}],"inLanguage":"cs"},{"@type":"Organization","@id":"https:\/\/www.helloskola.cz\/gymnazium\/#organization","name":"Gymn\u00e1zium Hello","url":"https:\/\/www.helloskola.cz\/gymnazium\/","logo":{"@type":"ImageObject","inLanguage":"cs","@id":"https:\/\/www.helloskola.cz\/gymnazium\/#\/schema\/logo\/image\/","url":"https:\/\/www.helloskola.cz\/gymnazium\/wp-content\/uploads\/sites\/3\/2022\/02\/hello_gy_cmyk-1.svg","contentUrl":"https:\/\/www.helloskola.cz\/gymnazium\/wp-content\/uploads\/sites\/3\/2022\/02\/hello_gy_cmyk-1.svg","width":100,"height":100,"caption":"Gymn\u00e1zium Hello"},"image":{"@id":"https:\/\/www.helloskola.cz\/gymnazium\/#\/schema\/logo\/image\/"}}]}},"_links":{"self":[{"href":"https:\/\/www.helloskola.cz\/gymnazium\/wp-json\/wp\/v2\/pages\/859","targetHints":{"allow":["GET"]}}],"collection":[{"href":"https:\/\/www.helloskola.cz\/gymnazium\/wp-json\/wp\/v2\/pages"}],"about":[{"href":"https:\/\/www.helloskola.cz\/gymnazium\/wp-json\/wp\/v2\/types\/page"}],"author":[{"embeddable":true,"href":"https:\/\/www.helloskola.cz\/gymnazium\/wp-json\/wp\/v2\/users\/1"}],"replies":[{"embeddable":true,"href":"https:\/\/www.helloskola.cz\/gymnazium\/wp-json\/wp\/v2\/comments?post=859"}],"version-history":[{"count":12,"href":"https:\/\/www.helloskola.cz\/gymnazium\/wp-json\/wp\/v2\/pages\/859\/revisions"}],"predecessor-version":[{"id":5437,"href":"https:\/\/www.helloskola.cz\/gymnazium\/wp-json\/wp\/v2\/pages\/859\/revisions\/5437"}],"up":[{"embeddable":true,"href":"https:\/\/www.helloskola.cz\/gymnazium\/wp-json\/wp\/v2\/pages\/855"}],"wp:featuredmedia":[{"embeddable":true,"href":"https:\/\/www.helloskola.cz\/gymnazium\/wp-json\/wp\/v2\/media\/1779"}],"wp:attachment":[{"href":"https:\/\/www.helloskola.cz\/gymnazium\/wp-json\/wp\/v2\/media?parent=859"}],"curies":[{"name":"wp","href":"https:\/\/api.w.org\/{rel}","templated":true}]}}