{"id":699,"date":"2022-03-10T23:50:34","date_gmt":"2022-03-10T22:50:34","guid":{"rendered":"https:\/\/www.helloskola.cz\/gymnazium\/?page_id=699"},"modified":"2026-02-06T10:43:45","modified_gmt":"2026-02-06T09:43:45","slug":"skolne-a-stipendium","status":"publish","type":"page","link":"https:\/\/www.helloskola.cz\/gymnazium\/o-skole\/skolne-a-stipendium\/","title":{"rendered":"\u0160koln\u00e9 a stipendium"},"content":{"rendered":"\n<h2 class=\"wp-block-heading\">\u0160koln\u00e9<\/h2>\n\n\n\n<p><a href=\"https:\/\/www.helloskola.cz\/gymnazium\/wp-content\/uploads\/sites\/3\/2024\/01\/Skolne-k-1.1.2024.pdf\">\u0160koln\u00e9 k 1. 1. 2024<\/a><\/p>\n\n\n\n<figure class=\"wp-block-image\"><img decoding=\"async\" src=\"https:\/\/www.gymnaziumhello.cz\/Files\/ikV6rEINmc4=\/stipendium.jpg\" alt=\"stipendium.jpg\" title=\"stipendium\"\/><\/figure>\n\n\n\n<h2 class=\"wp-block-heading\">Stipendium<\/h2>\n\n\n\n<ul class=\"wp-block-list\">\n<li>PROSP\u011aCHOV\u00c9 STIPENDIUM<br>\u0160ikovn\u00fdm student\u016fm s&nbsp;dobr\u00fdmi v\u00fdsledky vrac\u00edme a\u017e 1000 K\u010d\/m\u011bs\u00ed\u010dn\u011b: <a href=\"https:\/\/www.helloskola.cz\/gymnazium\/wp-content\/uploads\/sites\/3\/2025\/10\/Podminky_prospechove_stipendium_final.pdf\">PODM\u00cdNKY PRO UD\u011aLEN\u00cd PROSP\u011aCHOV\u00c9HO STIPENDIA<\/a><a href=\"https:\/\/www.helloskola.cz\/gymnazium\/wp-content\/uploads\/sites\/3\/2025\/09\/Podminky_prospechove_stipendium_final.pdf\"><br><\/a>C\u00edlem stipendi\u00ed je podpo\u0159it z\u00e1jem \u017e\u00e1k\u016f gymn\u00e1zia o&nbsp;studium a&nbsp;motivovat je k&nbsp;dosahov\u00e1n\u00ed co nejlep\u0161\u00edch studijn\u00edch v\u00fdsledk\u016f. &#8222;&#8218;Na\u0161e gymn\u00e1zium odm\u011b\u0148uje v\u00fdborn\u00e9 \u017e\u00e1ky prosp\u011bchov\u00fdm stipendiem a\u017e 10.000 K\u010d ro\u010dn\u011b.&#8220;&#8218;<\/li>\n\n\n\n<li>SOCI\u00c1LN\u00cd STIPENDIUM<br>Na\u0161\u00edm z\u00e1jmem je dostupnost studia na Hello gymn\u00e1ziu pro \u017e\u00e1ky bez ohledu na finan\u010dn\u00ed situaci rodi\u010d\u016f. Soci\u00e1ln\u00ed stipendium je ur\u010deno na pokryt\u00ed n\u00e1klad\u016f studia ve v\u00fd\u0161i p\u0159edepsan\u00e9ho \u0161koln\u00e9ho pro p\u0159\u00edslu\u0161n\u00fd \u0161koln\u00ed rok. Stipendium je p\u0159id\u011blov\u00e1no na z\u00e1klad\u011b individu\u00e1ln\u00edho posouzen\u00ed \u017e\u00e1dosti, jeho p\u0159id\u011blen\u00ed je anonymn\u00ed a\u00a0diskr\u00e9tn\u00ed.\u00a0<a href=\"https:\/\/www.helloskola.cz\/gymnazium\/wp-content\/uploads\/sites\/3\/2023\/04\/Podminky-pro-udeleni-socialniho-stipendia-od-1.3.2023.pdf\">Podm\u00ednky pro ud\u011blen\u00ed soci\u00e1ln\u00edho stipendia<\/a><br>Ka\u017ed\u00e9 d\u00edt\u011b si zaslou\u017e\u00ed kvalitn\u00ed \u0161kolu:<br><a href=\"https:\/\/www.helloskola.cz\/gymnazium\/wp-content\/uploads\/sites\/3\/2022\/05\/Z\u030ca\u0301dost-o-socia\u0301lni\u0301-stipendium-1.docx\" target=\"_blank\" rel=\"noreferrer noopener\">\u017d\u00e1dost o\u00a0soci\u00e1ln\u00ed stipendium<\/a><\/li>\n<\/ul>\n","protected":false},"excerpt":{"rendered":"<p>\u0160koln\u00e9 \u0160koln\u00e9 k 1. 1. 2024 Stipendium<\/p>\n","protected":false},"author":1,"featured_media":1779,"parent":685,"menu_order":0,"comment_status":"closed","ping_status":"closed","template":"","meta":{"footnotes":""},"class_list":["post-699","page","type-page","status-publish","has-post-thumbnail","hentry"],"yoast_head":"<!-- This site is optimized with the Yoast SEO plugin v24.8.1 - https:\/\/yoast.com\/wordpress\/plugins\/seo\/ -->\n<title>\u0160koln\u00e9 a stipendium | Gymn\u00e1zium HELLO<\/title>\n<meta name=\"robots\" content=\"index, follow, max-snippet:-1, max-image-preview:large, max-video-preview:-1\" \/>\n<link rel=\"canonical\" href=\"https:\/\/www.helloskola.cz\/gymnazium\/o-skole\/skolne-a-stipendium\/\" \/>\n<meta property=\"og:locale\" content=\"cs_CZ\" \/>\n<meta property=\"og:type\" content=\"article\" \/>\n<meta property=\"og:title\" content=\"\u0160koln\u00e9 a stipendium | Gymn\u00e1zium HELLO\" \/>\n<meta property=\"og:description\" content=\"\u0160koln\u00e9 \u0160koln\u00e9 k 1. 1. 2024 Stipendium\" \/>\n<meta property=\"og:url\" content=\"https:\/\/www.helloskola.cz\/gymnazium\/o-skole\/skolne-a-stipendium\/\" \/>\n<meta property=\"og:site_name\" content=\"Gymn\u00e1zium HELLO\" \/>\n<meta property=\"article:modified_time\" content=\"2026-02-06T09:43:45+00:00\" \/>\n<meta property=\"og:image\" content=\"https:\/\/www.gymnaziumhello.cz\/Files\/ikV6rEINmc4=\/stipendium.jpg\" \/>\n<meta name=\"twitter:card\" content=\"summary_large_image\" \/>\n<meta name=\"twitter:label1\" content=\"Odhadovan\u00e1 doba \u010dten\u00ed\" \/>\n\t<meta name=\"twitter:data1\" content=\"1 minuta\" \/>\n<script type=\"application\/ld+json\" class=\"yoast-schema-graph\">{\"@context\":\"https:\/\/schema.org\",\"@graph\":[{\"@type\":\"WebPage\",\"@id\":\"https:\/\/www.helloskola.cz\/gymnazium\/o-skole\/skolne-a-stipendium\/\",\"url\":\"https:\/\/www.helloskola.cz\/gymnazium\/o-skole\/skolne-a-stipendium\/\",\"name\":\"\u0160koln\u00e9 a stipendium | Gymn\u00e1zium HELLO\",\"isPartOf\":{\"@id\":\"https:\/\/www.helloskola.cz\/gymnazium\/#website\"},\"primaryImageOfPage\":{\"@id\":\"https:\/\/www.helloskola.cz\/gymnazium\/o-skole\/skolne-a-stipendium\/#primaryimage\"},\"image\":{\"@id\":\"https:\/\/www.helloskola.cz\/gymnazium\/o-skole\/skolne-a-stipendium\/#primaryimage\"},\"thumbnailUrl\":\"https:\/\/www.helloskola.cz\/gymnazium\/wp-content\/uploads\/sites\/3\/2022\/05\/gympl-fallback.png\",\"datePublished\":\"2022-03-10T22:50:34+00:00\",\"dateModified\":\"2026-02-06T09:43:45+00:00\",\"breadcrumb\":{\"@id\":\"https:\/\/www.helloskola.cz\/gymnazium\/o-skole\/skolne-a-stipendium\/#breadcrumb\"},\"inLanguage\":\"cs\",\"potentialAction\":[{\"@type\":\"ReadAction\",\"target\":[\"https:\/\/www.helloskola.cz\/gymnazium\/o-skole\/skolne-a-stipendium\/\"]}]},{\"@type\":\"ImageObject\",\"inLanguage\":\"cs\",\"@id\":\"https:\/\/www.helloskola.cz\/gymnazium\/o-skole\/skolne-a-stipendium\/#primaryimage\",\"url\":\"https:\/\/www.helloskola.cz\/gymnazium\/wp-content\/uploads\/sites\/3\/2022\/05\/gympl-fallback.png\",\"contentUrl\":\"https:\/\/www.helloskola.cz\/gymnazium\/wp-content\/uploads\/sites\/3\/2022\/05\/gympl-fallback.png\",\"width\":933,\"height\":700},{\"@type\":\"BreadcrumbList\",\"@id\":\"https:\/\/www.helloskola.cz\/gymnazium\/o-skole\/skolne-a-stipendium\/#breadcrumb\",\"itemListElement\":[{\"@type\":\"ListItem\",\"position\":1,\"name\":\"\u00davod\",\"item\":\"https:\/\/www.helloskola.cz\/gymnazium\/\"},{\"@type\":\"ListItem\",\"position\":2,\"name\":\"O \u0161kole\",\"item\":\"https:\/\/www.helloskola.cz\/gymnazium\/o-skole\/\"},{\"@type\":\"ListItem\",\"position\":3,\"name\":\"\u0160koln\u00e9 a stipendium\"}]},{\"@type\":\"WebSite\",\"@id\":\"https:\/\/www.helloskola.cz\/gymnazium\/#website\",\"url\":\"https:\/\/www.helloskola.cz\/gymnazium\/\",\"name\":\"Gymn\u00e1zium HELLO\",\"description\":\"St\u0159edn\u00ed \u0161kola s pos\u00edlenou v\u00fdukou ciz\u00edch jazyk\u016f\",\"publisher\":{\"@id\":\"https:\/\/www.helloskola.cz\/gymnazium\/#organization\"},\"potentialAction\":[{\"@type\":\"SearchAction\",\"target\":{\"@type\":\"EntryPoint\",\"urlTemplate\":\"https:\/\/www.helloskola.cz\/gymnazium\/?s={search_term_string}\"},\"query-input\":{\"@type\":\"PropertyValueSpecification\",\"valueRequired\":true,\"valueName\":\"search_term_string\"}}],\"inLanguage\":\"cs\"},{\"@type\":\"Organization\",\"@id\":\"https:\/\/www.helloskola.cz\/gymnazium\/#organization\",\"name\":\"Gymn\u00e1zium Hello\",\"url\":\"https:\/\/www.helloskola.cz\/gymnazium\/\",\"logo\":{\"@type\":\"ImageObject\",\"inLanguage\":\"cs\",\"@id\":\"https:\/\/www.helloskola.cz\/gymnazium\/#\/schema\/logo\/image\/\",\"url\":\"https:\/\/www.helloskola.cz\/gymnazium\/wp-content\/uploads\/sites\/3\/2022\/02\/hello_gy_cmyk-1.svg\",\"contentUrl\":\"https:\/\/www.helloskola.cz\/gymnazium\/wp-content\/uploads\/sites\/3\/2022\/02\/hello_gy_cmyk-1.svg\",\"width\":100,\"height\":100,\"caption\":\"Gymn\u00e1zium Hello\"},\"image\":{\"@id\":\"https:\/\/www.helloskola.cz\/gymnazium\/#\/schema\/logo\/image\/\"}}]}<\/script>\n<!-- \/ Yoast SEO plugin. -->","yoast_head_json":{"title":"\u0160koln\u00e9 a stipendium | Gymn\u00e1zium HELLO","robots":{"index":"index","follow":"follow","max-snippet":"max-snippet:-1","max-image-preview":"max-image-preview:large","max-video-preview":"max-video-preview:-1"},"canonical":"https:\/\/www.helloskola.cz\/gymnazium\/o-skole\/skolne-a-stipendium\/","og_locale":"cs_CZ","og_type":"article","og_title":"\u0160koln\u00e9 a stipendium | Gymn\u00e1zium HELLO","og_description":"\u0160koln\u00e9 \u0160koln\u00e9 k 1. 1. 2024 Stipendium","og_url":"https:\/\/www.helloskola.cz\/gymnazium\/o-skole\/skolne-a-stipendium\/","og_site_name":"Gymn\u00e1zium HELLO","article_modified_time":"2026-02-06T09:43:45+00:00","og_image":[{"url":"https:\/\/www.gymnaziumhello.cz\/Files\/ikV6rEINmc4=\/stipendium.jpg","type":"","width":"","height":""}],"twitter_card":"summary_large_image","twitter_misc":{"Odhadovan\u00e1 doba \u010dten\u00ed":"1 minuta"},"schema":{"@context":"https:\/\/schema.org","@graph":[{"@type":"WebPage","@id":"https:\/\/www.helloskola.cz\/gymnazium\/o-skole\/skolne-a-stipendium\/","url":"https:\/\/www.helloskola.cz\/gymnazium\/o-skole\/skolne-a-stipendium\/","name":"\u0160koln\u00e9 a stipendium | Gymn\u00e1zium HELLO","isPartOf":{"@id":"https:\/\/www.helloskola.cz\/gymnazium\/#website"},"primaryImageOfPage":{"@id":"https:\/\/www.helloskola.cz\/gymnazium\/o-skole\/skolne-a-stipendium\/#primaryimage"},"image":{"@id":"https:\/\/www.helloskola.cz\/gymnazium\/o-skole\/skolne-a-stipendium\/#primaryimage"},"thumbnailUrl":"https:\/\/www.helloskola.cz\/gymnazium\/wp-content\/uploads\/sites\/3\/2022\/05\/gympl-fallback.png","datePublished":"2022-03-10T22:50:34+00:00","dateModified":"2026-02-06T09:43:45+00:00","breadcrumb":{"@id":"https:\/\/www.helloskola.cz\/gymnazium\/o-skole\/skolne-a-stipendium\/#breadcrumb"},"inLanguage":"cs","potentialAction":[{"@type":"ReadAction","target":["https:\/\/www.helloskola.cz\/gymnazium\/o-skole\/skolne-a-stipendium\/"]}]},{"@type":"ImageObject","inLanguage":"cs","@id":"https:\/\/www.helloskola.cz\/gymnazium\/o-skole\/skolne-a-stipendium\/#primaryimage","url":"https:\/\/www.helloskola.cz\/gymnazium\/wp-content\/uploads\/sites\/3\/2022\/05\/gympl-fallback.png","contentUrl":"https:\/\/www.helloskola.cz\/gymnazium\/wp-content\/uploads\/sites\/3\/2022\/05\/gympl-fallback.png","width":933,"height":700},{"@type":"BreadcrumbList","@id":"https:\/\/www.helloskola.cz\/gymnazium\/o-skole\/skolne-a-stipendium\/#breadcrumb","itemListElement":[{"@type":"ListItem","position":1,"name":"\u00davod","item":"https:\/\/www.helloskola.cz\/gymnazium\/"},{"@type":"ListItem","position":2,"name":"O \u0161kole","item":"https:\/\/www.helloskola.cz\/gymnazium\/o-skole\/"},{"@type":"ListItem","position":3,"name":"\u0160koln\u00e9 a stipendium"}]},{"@type":"WebSite","@id":"https:\/\/www.helloskola.cz\/gymnazium\/#website","url":"https:\/\/www.helloskola.cz\/gymnazium\/","name":"Gymn\u00e1zium HELLO","description":"St\u0159edn\u00ed \u0161kola s pos\u00edlenou v\u00fdukou ciz\u00edch jazyk\u016f","publisher":{"@id":"https:\/\/www.helloskola.cz\/gymnazium\/#organization"},"potentialAction":[{"@type":"SearchAction","target":{"@type":"EntryPoint","urlTemplate":"https:\/\/www.helloskola.cz\/gymnazium\/?s={search_term_string}"},"query-input":{"@type":"PropertyValueSpecification","valueRequired":true,"valueName":"search_term_string"}}],"inLanguage":"cs"},{"@type":"Organization","@id":"https:\/\/www.helloskola.cz\/gymnazium\/#organization","name":"Gymn\u00e1zium Hello","url":"https:\/\/www.helloskola.cz\/gymnazium\/","logo":{"@type":"ImageObject","inLanguage":"cs","@id":"https:\/\/www.helloskola.cz\/gymnazium\/#\/schema\/logo\/image\/","url":"https:\/\/www.helloskola.cz\/gymnazium\/wp-content\/uploads\/sites\/3\/2022\/02\/hello_gy_cmyk-1.svg","contentUrl":"https:\/\/www.helloskola.cz\/gymnazium\/wp-content\/uploads\/sites\/3\/2022\/02\/hello_gy_cmyk-1.svg","width":100,"height":100,"caption":"Gymn\u00e1zium Hello"},"image":{"@id":"https:\/\/www.helloskola.cz\/gymnazium\/#\/schema\/logo\/image\/"}}]}},"_links":{"self":[{"href":"https:\/\/www.helloskola.cz\/gymnazium\/wp-json\/wp\/v2\/pages\/699","targetHints":{"allow":["GET"]}}],"collection":[{"href":"https:\/\/www.helloskola.cz\/gymnazium\/wp-json\/wp\/v2\/pages"}],"about":[{"href":"https:\/\/www.helloskola.cz\/gymnazium\/wp-json\/wp\/v2\/types\/page"}],"author":[{"embeddable":true,"href":"https:\/\/www.helloskola.cz\/gymnazium\/wp-json\/wp\/v2\/users\/1"}],"replies":[{"embeddable":true,"href":"https:\/\/www.helloskola.cz\/gymnazium\/wp-json\/wp\/v2\/comments?post=699"}],"version-history":[{"count":15,"href":"https:\/\/www.helloskola.cz\/gymnazium\/wp-json\/wp\/v2\/pages\/699\/revisions"}],"predecessor-version":[{"id":5741,"href":"https:\/\/www.helloskola.cz\/gymnazium\/wp-json\/wp\/v2\/pages\/699\/revisions\/5741"}],"up":[{"embeddable":true,"href":"https:\/\/www.helloskola.cz\/gymnazium\/wp-json\/wp\/v2\/pages\/685"}],"wp:featuredmedia":[{"embeddable":true,"href":"https:\/\/www.helloskola.cz\/gymnazium\/wp-json\/wp\/v2\/media\/1779"}],"wp:attachment":[{"href":"https:\/\/www.helloskola.cz\/gymnazium\/wp-json\/wp\/v2\/media?parent=699"}],"curies":[{"name":"wp","href":"https:\/\/api.w.org\/{rel}","templated":true}]}}