{"id":695,"date":"2022-03-10T23:42:01","date_gmt":"2022-03-10T22:42:01","guid":{"rendered":"https:\/\/www.helloskola.cz\/gymnazium\/?page_id=695"},"modified":"2026-04-13T10:54:25","modified_gmt":"2026-04-13T08:54:25","slug":"dokumenty-skoly","status":"publish","type":"page","link":"https:\/\/www.helloskola.cz\/gymnazium\/o-skole\/dokumenty-skoly\/","title":{"rendered":"Dokumenty \u0161koly"},"content":{"rendered":"\n<figure class=\"wp-block-image size-full is-resized\"><img fetchpriority=\"high\" decoding=\"async\" width=\"615\" height=\"346\" src=\"https:\/\/www.helloskola.cz\/gymnazium\/wp-content\/uploads\/sites\/3\/2022\/03\/Dokumenty-s\u030ckoly-edited.jpeg\" alt=\"\" class=\"wp-image-950\" style=\"width:425px;height:117px\" srcset=\"https:\/\/www.helloskola.cz\/gymnazium\/wp-content\/uploads\/sites\/3\/2022\/03\/Dokumenty-s\u030ckoly-edited.jpeg 615w, https:\/\/www.helloskola.cz\/gymnazium\/wp-content\/uploads\/sites\/3\/2022\/03\/Dokumenty-s\u030ckoly-edited-300x169.jpeg 300w\" sizes=\"(max-width: 615px) 100vw, 615px\" \/><\/figure>\n\n\n\n<p><a href=\"https:\/\/www.helloskola.cz\/gymnazium\/wp-content\/uploads\/sites\/3\/2025\/09\/Skolni-rad-Gy_2025.pdf\">\u0160KOLN\u00cd \u0158\u00c1D<\/a><\/p>\n\n\n\n<p><a href=\"https:\/\/www.helloskola.cz\/gymnazium\/wp-content\/uploads\/sites\/3\/2026\/04\/Organizace-skolniho-roku-2025-2026_po-zmene.pdf\">ORGANIZACE \u0160KOLN\u00cdHO ROKU 2025\/2026<\/a><\/p>\n\n\n\n<p><a href=\"https:\/\/www.helloskola.cz\/gymnazium\/wp-content\/uploads\/sites\/3\/2025\/09\/Pravidla-hodnoceni-2025.pdf\">PRAVIDLA HODNOCEN\u00cd<\/a><\/p>\n\n\n\n<p><a href=\"https:\/\/www.helloskola.cz\/gymnazium\/wp-content\/uploads\/sites\/3\/2024\/09\/zadost-o-prestup.doc\" target=\"_blank\" rel=\"noreferrer noopener\">\u017d\u00e1dost o&nbsp;p\u0159estup na Gymn\u00e1zium Hello <\/a><\/p>\n\n\n\n\n\n<p><a href=\"https:\/\/www.gymnaziumhello.cz\/Files\/31tjzgkdwM0=\/fakultni%20skola.jpg\" target=\"_blank\" rel=\"noreferrer noopener\">Titul: Fakultn\u00ed \u0161kola Ostravsk\u00e9 univerzity<\/a><\/p>\n\n\n\n\n\n\n\n<p><a href=\"https:\/\/www.helloskola.cz\/gymnazium\/wp-content\/uploads\/sites\/3\/2026\/02\/SVP_2023.pdf\">\u0160KOLN\u00cd VZD\u011aL\u00c1VAC\u00cd PROGRAM<\/a><\/p>\n\n\n\n<h2 class=\"wp-block-heading\">Ozn\u00e1men\u00ed pov\u011b\u0159ence pro ochranu osobn\u00edch \u00fadaj\u016f<\/h2>\n\n\n\n<p>V souladu s&nbsp;\u010dl. 37 odst. 7 na\u0159\u00edzen\u00ed Evropsk\u00e9ho parlamentu a&nbsp;Rady (EU) 2016\/679 ze dne 27. dubna 2016 o&nbsp;ochran\u011b fyzick\u00fdch osob (obecn\u00e9 na\u0159\u00edzen\u00ed o&nbsp;ochran\u011b osobn\u00edch \u00fadaj\u016f &#8211; GDPR) oznamujeme, \u017ee v\u00fdkon funkce pov\u011b\u0159ence pro ochranu osobn\u00edch \u00fadaj\u016f pro&nbsp;<strong>Gymn\u00e1zium, z\u00e1kladn\u00ed \u0161kola a&nbsp;mate\u0159sk\u00e1 \u0161kola Hello s.r.o.<\/strong>&nbsp;I\u010cO: 26829690, se s\u00eddlem \u010cs. Exilu 491\/23, 708 00 Ostrava &#8211; Poruba, prov\u00e1d\u00ed&nbsp;<strong>Alena Bajnarov\u00e1<\/strong>, <\/p>\n\n\n\n<p>e-mail:&nbsp;<strong>dpo@helloskola.cz<\/strong>, telefon: 599 999 021.<\/p>\n\n\n\n<h3 class=\"wp-block-heading\">SM\u011aRNICE \u0160KOLY O&nbsp;OCHRAN\u011a OSOBN\u00cdCH \u00daDAJ\u016e<\/h3>\n\n\n\n<p><a href=\"https:\/\/www.helloskola.cz\/gymnazium\/wp-content\/uploads\/sites\/3\/2022\/05\/Sme\u030crnice-GDPR-Hello-2.pdf\" target=\"_blank\" rel=\"noreferrer noopener\">Text sm\u011brnice<\/a><\/p>\n\n\n\n<h3 class=\"wp-block-heading\">\u0160KOLSK\u00c1 RADA<\/h3>\n\n\n\n<p><a href=\"https:\/\/www.helloskola.cz\/gymnazium\/wp-content\/uploads\/sites\/3\/2025\/08\/Jednaci-rad-2025_8.pdf\">Jednac\u00ed \u0159\u00e1d<\/a><br><a href=\"https:\/\/www.helloskola.cz\/gymnazium\/wp-content\/uploads\/sites\/3\/2022\/05\/S\u030ckolska\u0301-rada-dle-za\u0301kona-1-1.pdf\" target=\"_blank\" rel=\"noreferrer noopener\">\u0160kolsk\u00e1 rada dle z\u00e1kona<\/a><br><a href=\"https:\/\/www.helloskola.cz\/gymnazium\/wp-content\/uploads\/sites\/3\/2025\/12\/Slozeni-skolske-rady_2005_2008.pdf\">\u010clenov\u00e9 \u0160kolsk\u00e9 rady<\/a><\/p>\n\n\n\n<p>Podn\u011bty, ozn\u00e1men\u00ed a st\u00ed\u017enosti \u0161kolsk\u00e9 rad\u011b lze pos\u00edlat elektronicky p\u0159edsedkyni \u0161kolsk\u00e9 rady na adresu: <a href=\"mailto:gabriela@pradkova.cz\">gabriela@pradkova.cz<\/a> p\u0159\u00edpadn\u011b dal\u0161\u00edm \u010dlen\u016fm \u0161kolsk\u00e9 rady.<\/p>\n\n\n\n<p><\/p>\n","protected":false},"excerpt":{"rendered":"<p>\u0160KOLN\u00cd \u0158\u00c1D ORGANIZACE \u0160KOLN\u00cdHO ROKU 2025\/2026 PRAVIDLA HODNOCEN\u00cd \u017d\u00e1dost o&nbsp;p\u0159estup na Gymn\u00e1zium Hello Titul: Fakultn\u00ed \u0161kola Ostravsk\u00e9 univerzity \u0160KOLN\u00cd VZD\u011aL\u00c1VAC\u00cd PROGRAM Ozn\u00e1men\u00ed pov\u011b\u0159ence pro ochranu osobn\u00edch \u00fadaj\u016f V souladu s&nbsp;\u010dl. 37 odst. 7 na\u0159\u00edzen\u00ed Evropsk\u00e9ho parlamentu a&nbsp;Rady (EU) 2016\/679 ze dne 27. dubna 2016 o&nbsp;ochran\u011b fyzick\u00fdch osob (obecn\u00e9 na\u0159\u00edzen\u00ed o&nbsp;ochran\u011b osobn\u00edch \u00fadaj\u016f &#8211; GDPR) oznamujeme, [&hellip;]<\/p>\n","protected":false},"author":1,"featured_media":1779,"parent":685,"menu_order":0,"comment_status":"closed","ping_status":"closed","template":"","meta":{"footnotes":""},"class_list":["post-695","page","type-page","status-publish","has-post-thumbnail","hentry"],"yoast_head":"<!-- This site is optimized with the Yoast SEO plugin v24.8.1 - https:\/\/yoast.com\/wordpress\/plugins\/seo\/ -->\n<title>Dokumenty \u0161koly | Gymn\u00e1zium HELLO<\/title>\n<meta name=\"robots\" content=\"index, follow, max-snippet:-1, max-image-preview:large, max-video-preview:-1\" \/>\n<link rel=\"canonical\" href=\"https:\/\/www.helloskola.cz\/gymnazium\/o-skole\/dokumenty-skoly\/\" \/>\n<meta property=\"og:locale\" content=\"cs_CZ\" \/>\n<meta property=\"og:type\" content=\"article\" \/>\n<meta property=\"og:title\" content=\"Dokumenty \u0161koly | Gymn\u00e1zium HELLO\" \/>\n<meta property=\"og:description\" content=\"\u0160KOLN\u00cd \u0158\u00c1D ORGANIZACE \u0160KOLN\u00cdHO ROKU 2025\/2026 PRAVIDLA HODNOCEN\u00cd \u017d\u00e1dost o&nbsp;p\u0159estup na Gymn\u00e1zium Hello Titul: Fakultn\u00ed \u0161kola Ostravsk\u00e9 univerzity \u0160KOLN\u00cd VZD\u011aL\u00c1VAC\u00cd PROGRAM Ozn\u00e1men\u00ed pov\u011b\u0159ence pro ochranu osobn\u00edch \u00fadaj\u016f V souladu s&nbsp;\u010dl. 37 odst. 7 na\u0159\u00edzen\u00ed Evropsk\u00e9ho parlamentu a&nbsp;Rady (EU) 2016\/679 ze dne 27. dubna 2016 o&nbsp;ochran\u011b fyzick\u00fdch osob (obecn\u00e9 na\u0159\u00edzen\u00ed o&nbsp;ochran\u011b osobn\u00edch \u00fadaj\u016f &#8211; GDPR) oznamujeme, [&hellip;]\" \/>\n<meta property=\"og:url\" content=\"https:\/\/www.helloskola.cz\/gymnazium\/o-skole\/dokumenty-skoly\/\" \/>\n<meta property=\"og:site_name\" content=\"Gymn\u00e1zium HELLO\" \/>\n<meta property=\"article:modified_time\" content=\"2026-04-13T08:54:25+00:00\" \/>\n<meta name=\"twitter:card\" content=\"summary_large_image\" \/>\n<meta name=\"twitter:label1\" content=\"Odhadovan\u00e1 doba \u010dten\u00ed\" \/>\n\t<meta name=\"twitter:data1\" content=\"2 minuty\" \/>\n<script type=\"application\/ld+json\" class=\"yoast-schema-graph\">{\"@context\":\"https:\/\/schema.org\",\"@graph\":[{\"@type\":\"WebPage\",\"@id\":\"https:\/\/www.helloskola.cz\/gymnazium\/o-skole\/dokumenty-skoly\/\",\"url\":\"https:\/\/www.helloskola.cz\/gymnazium\/o-skole\/dokumenty-skoly\/\",\"name\":\"Dokumenty \u0161koly | Gymn\u00e1zium HELLO\",\"isPartOf\":{\"@id\":\"https:\/\/www.helloskola.cz\/gymnazium\/#website\"},\"primaryImageOfPage\":{\"@id\":\"https:\/\/www.helloskola.cz\/gymnazium\/o-skole\/dokumenty-skoly\/#primaryimage\"},\"image\":{\"@id\":\"https:\/\/www.helloskola.cz\/gymnazium\/o-skole\/dokumenty-skoly\/#primaryimage\"},\"thumbnailUrl\":\"https:\/\/www.helloskola.cz\/gymnazium\/wp-content\/uploads\/sites\/3\/2022\/05\/gympl-fallback.png\",\"datePublished\":\"2022-03-10T22:42:01+00:00\",\"dateModified\":\"2026-04-13T08:54:25+00:00\",\"breadcrumb\":{\"@id\":\"https:\/\/www.helloskola.cz\/gymnazium\/o-skole\/dokumenty-skoly\/#breadcrumb\"},\"inLanguage\":\"cs\",\"potentialAction\":[{\"@type\":\"ReadAction\",\"target\":[\"https:\/\/www.helloskola.cz\/gymnazium\/o-skole\/dokumenty-skoly\/\"]}]},{\"@type\":\"ImageObject\",\"inLanguage\":\"cs\",\"@id\":\"https:\/\/www.helloskola.cz\/gymnazium\/o-skole\/dokumenty-skoly\/#primaryimage\",\"url\":\"https:\/\/www.helloskola.cz\/gymnazium\/wp-content\/uploads\/sites\/3\/2022\/05\/gympl-fallback.png\",\"contentUrl\":\"https:\/\/www.helloskola.cz\/gymnazium\/wp-content\/uploads\/sites\/3\/2022\/05\/gympl-fallback.png\",\"width\":933,\"height\":700},{\"@type\":\"BreadcrumbList\",\"@id\":\"https:\/\/www.helloskola.cz\/gymnazium\/o-skole\/dokumenty-skoly\/#breadcrumb\",\"itemListElement\":[{\"@type\":\"ListItem\",\"position\":1,\"name\":\"\u00davod\",\"item\":\"https:\/\/www.helloskola.cz\/gymnazium\/\"},{\"@type\":\"ListItem\",\"position\":2,\"name\":\"O \u0161kole\",\"item\":\"https:\/\/www.helloskola.cz\/gymnazium\/o-skole\/\"},{\"@type\":\"ListItem\",\"position\":3,\"name\":\"Dokumenty \u0161koly\"}]},{\"@type\":\"WebSite\",\"@id\":\"https:\/\/www.helloskola.cz\/gymnazium\/#website\",\"url\":\"https:\/\/www.helloskola.cz\/gymnazium\/\",\"name\":\"Gymn\u00e1zium HELLO\",\"description\":\"St\u0159edn\u00ed \u0161kola s pos\u00edlenou v\u00fdukou ciz\u00edch jazyk\u016f\",\"publisher\":{\"@id\":\"https:\/\/www.helloskola.cz\/gymnazium\/#organization\"},\"potentialAction\":[{\"@type\":\"SearchAction\",\"target\":{\"@type\":\"EntryPoint\",\"urlTemplate\":\"https:\/\/www.helloskola.cz\/gymnazium\/?s={search_term_string}\"},\"query-input\":{\"@type\":\"PropertyValueSpecification\",\"valueRequired\":true,\"valueName\":\"search_term_string\"}}],\"inLanguage\":\"cs\"},{\"@type\":\"Organization\",\"@id\":\"https:\/\/www.helloskola.cz\/gymnazium\/#organization\",\"name\":\"Gymn\u00e1zium Hello\",\"url\":\"https:\/\/www.helloskola.cz\/gymnazium\/\",\"logo\":{\"@type\":\"ImageObject\",\"inLanguage\":\"cs\",\"@id\":\"https:\/\/www.helloskola.cz\/gymnazium\/#\/schema\/logo\/image\/\",\"url\":\"https:\/\/www.helloskola.cz\/gymnazium\/wp-content\/uploads\/sites\/3\/2022\/02\/hello_gy_cmyk-1.svg\",\"contentUrl\":\"https:\/\/www.helloskola.cz\/gymnazium\/wp-content\/uploads\/sites\/3\/2022\/02\/hello_gy_cmyk-1.svg\",\"width\":100,\"height\":100,\"caption\":\"Gymn\u00e1zium Hello\"},\"image\":{\"@id\":\"https:\/\/www.helloskola.cz\/gymnazium\/#\/schema\/logo\/image\/\"}}]}<\/script>\n<!-- \/ Yoast SEO plugin. -->","yoast_head_json":{"title":"Dokumenty \u0161koly | Gymn\u00e1zium HELLO","robots":{"index":"index","follow":"follow","max-snippet":"max-snippet:-1","max-image-preview":"max-image-preview:large","max-video-preview":"max-video-preview:-1"},"canonical":"https:\/\/www.helloskola.cz\/gymnazium\/o-skole\/dokumenty-skoly\/","og_locale":"cs_CZ","og_type":"article","og_title":"Dokumenty \u0161koly | Gymn\u00e1zium HELLO","og_description":"\u0160KOLN\u00cd \u0158\u00c1D ORGANIZACE \u0160KOLN\u00cdHO ROKU 2025\/2026 PRAVIDLA HODNOCEN\u00cd \u017d\u00e1dost o&nbsp;p\u0159estup na Gymn\u00e1zium Hello Titul: Fakultn\u00ed \u0161kola Ostravsk\u00e9 univerzity \u0160KOLN\u00cd VZD\u011aL\u00c1VAC\u00cd PROGRAM Ozn\u00e1men\u00ed pov\u011b\u0159ence pro ochranu osobn\u00edch \u00fadaj\u016f V souladu s&nbsp;\u010dl. 37 odst. 7 na\u0159\u00edzen\u00ed Evropsk\u00e9ho parlamentu a&nbsp;Rady (EU) 2016\/679 ze dne 27. dubna 2016 o&nbsp;ochran\u011b fyzick\u00fdch osob (obecn\u00e9 na\u0159\u00edzen\u00ed o&nbsp;ochran\u011b osobn\u00edch \u00fadaj\u016f &#8211; GDPR) oznamujeme, [&hellip;]","og_url":"https:\/\/www.helloskola.cz\/gymnazium\/o-skole\/dokumenty-skoly\/","og_site_name":"Gymn\u00e1zium HELLO","article_modified_time":"2026-04-13T08:54:25+00:00","twitter_card":"summary_large_image","twitter_misc":{"Odhadovan\u00e1 doba \u010dten\u00ed":"2 minuty"},"schema":{"@context":"https:\/\/schema.org","@graph":[{"@type":"WebPage","@id":"https:\/\/www.helloskola.cz\/gymnazium\/o-skole\/dokumenty-skoly\/","url":"https:\/\/www.helloskola.cz\/gymnazium\/o-skole\/dokumenty-skoly\/","name":"Dokumenty \u0161koly | Gymn\u00e1zium HELLO","isPartOf":{"@id":"https:\/\/www.helloskola.cz\/gymnazium\/#website"},"primaryImageOfPage":{"@id":"https:\/\/www.helloskola.cz\/gymnazium\/o-skole\/dokumenty-skoly\/#primaryimage"},"image":{"@id":"https:\/\/www.helloskola.cz\/gymnazium\/o-skole\/dokumenty-skoly\/#primaryimage"},"thumbnailUrl":"https:\/\/www.helloskola.cz\/gymnazium\/wp-content\/uploads\/sites\/3\/2022\/05\/gympl-fallback.png","datePublished":"2022-03-10T22:42:01+00:00","dateModified":"2026-04-13T08:54:25+00:00","breadcrumb":{"@id":"https:\/\/www.helloskola.cz\/gymnazium\/o-skole\/dokumenty-skoly\/#breadcrumb"},"inLanguage":"cs","potentialAction":[{"@type":"ReadAction","target":["https:\/\/www.helloskola.cz\/gymnazium\/o-skole\/dokumenty-skoly\/"]}]},{"@type":"ImageObject","inLanguage":"cs","@id":"https:\/\/www.helloskola.cz\/gymnazium\/o-skole\/dokumenty-skoly\/#primaryimage","url":"https:\/\/www.helloskola.cz\/gymnazium\/wp-content\/uploads\/sites\/3\/2022\/05\/gympl-fallback.png","contentUrl":"https:\/\/www.helloskola.cz\/gymnazium\/wp-content\/uploads\/sites\/3\/2022\/05\/gympl-fallback.png","width":933,"height":700},{"@type":"BreadcrumbList","@id":"https:\/\/www.helloskola.cz\/gymnazium\/o-skole\/dokumenty-skoly\/#breadcrumb","itemListElement":[{"@type":"ListItem","position":1,"name":"\u00davod","item":"https:\/\/www.helloskola.cz\/gymnazium\/"},{"@type":"ListItem","position":2,"name":"O \u0161kole","item":"https:\/\/www.helloskola.cz\/gymnazium\/o-skole\/"},{"@type":"ListItem","position":3,"name":"Dokumenty \u0161koly"}]},{"@type":"WebSite","@id":"https:\/\/www.helloskola.cz\/gymnazium\/#website","url":"https:\/\/www.helloskola.cz\/gymnazium\/","name":"Gymn\u00e1zium HELLO","description":"St\u0159edn\u00ed \u0161kola s pos\u00edlenou v\u00fdukou ciz\u00edch jazyk\u016f","publisher":{"@id":"https:\/\/www.helloskola.cz\/gymnazium\/#organization"},"potentialAction":[{"@type":"SearchAction","target":{"@type":"EntryPoint","urlTemplate":"https:\/\/www.helloskola.cz\/gymnazium\/?s={search_term_string}"},"query-input":{"@type":"PropertyValueSpecification","valueRequired":true,"valueName":"search_term_string"}}],"inLanguage":"cs"},{"@type":"Organization","@id":"https:\/\/www.helloskola.cz\/gymnazium\/#organization","name":"Gymn\u00e1zium Hello","url":"https:\/\/www.helloskola.cz\/gymnazium\/","logo":{"@type":"ImageObject","inLanguage":"cs","@id":"https:\/\/www.helloskola.cz\/gymnazium\/#\/schema\/logo\/image\/","url":"https:\/\/www.helloskola.cz\/gymnazium\/wp-content\/uploads\/sites\/3\/2022\/02\/hello_gy_cmyk-1.svg","contentUrl":"https:\/\/www.helloskola.cz\/gymnazium\/wp-content\/uploads\/sites\/3\/2022\/02\/hello_gy_cmyk-1.svg","width":100,"height":100,"caption":"Gymn\u00e1zium Hello"},"image":{"@id":"https:\/\/www.helloskola.cz\/gymnazium\/#\/schema\/logo\/image\/"}}]}},"_links":{"self":[{"href":"https:\/\/www.helloskola.cz\/gymnazium\/wp-json\/wp\/v2\/pages\/695","targetHints":{"allow":["GET"]}}],"collection":[{"href":"https:\/\/www.helloskola.cz\/gymnazium\/wp-json\/wp\/v2\/pages"}],"about":[{"href":"https:\/\/www.helloskola.cz\/gymnazium\/wp-json\/wp\/v2\/types\/page"}],"author":[{"embeddable":true,"href":"https:\/\/www.helloskola.cz\/gymnazium\/wp-json\/wp\/v2\/users\/1"}],"replies":[{"embeddable":true,"href":"https:\/\/www.helloskola.cz\/gymnazium\/wp-json\/wp\/v2\/comments?post=695"}],"version-history":[{"count":39,"href":"https:\/\/www.helloskola.cz\/gymnazium\/wp-json\/wp\/v2\/pages\/695\/revisions"}],"predecessor-version":[{"id":5819,"href":"https:\/\/www.helloskola.cz\/gymnazium\/wp-json\/wp\/v2\/pages\/695\/revisions\/5819"}],"up":[{"embeddable":true,"href":"https:\/\/www.helloskola.cz\/gymnazium\/wp-json\/wp\/v2\/pages\/685"}],"wp:featuredmedia":[{"embeddable":true,"href":"https:\/\/www.helloskola.cz\/gymnazium\/wp-json\/wp\/v2\/media\/1779"}],"wp:attachment":[{"href":"https:\/\/www.helloskola.cz\/gymnazium\/wp-json\/wp\/v2\/media?parent=695"}],"curies":[{"name":"wp","href":"https:\/\/api.w.org\/{rel}","templated":true}]}}