{"id":691,"date":"2022-03-10T23:39:42","date_gmt":"2022-03-10T22:39:42","guid":{"rendered":"https:\/\/www.helloskola.cz\/gymnazium\/?page_id=691"},"modified":"2025-09-13T16:47:05","modified_gmt":"2025-09-13T14:47:05","slug":"o-gymnaziu","status":"publish","type":"page","link":"https:\/\/www.helloskola.cz\/gymnazium\/o-skole\/o-gymnaziu\/","title":{"rendered":"Filozofie \u0161koly"},"content":{"rendered":"\n<p class=\"has-text-align-center\"><strong>Vize Gymn\u00e1zia HELLO<\/strong><\/p>\n\n\n\n<p>\u201eGymn\u00e1zium HELLO je m\u00edstem, kde respekt stav\u00edme na prvn\u00ed m\u00edsto. Vytv\u00e1\u0159\u00edme odoln\u00e9 a inspirativn\u00ed prost\u0159ed\u00ed, kter\u00e9 efektivn\u011b propojuje \u0161koln\u00ed v\u00fduku s prax\u00ed, klade d\u016fraz na d\u016fslednost i radost z u\u010den\u00ed a otev\u00edr\u00e1 cestu k celo\u017eivotn\u00edmu rozvoji. V\u00edme, \u017ee inteligence je schopnost adaptovat se na zm\u011bnu. Na\u0161e posl\u00e1n\u00ed je proto p\u0159ipravit mlad\u00e9 lidi na sv\u011bt pln\u00fdch zm\u011bn \u2013 pom\u00e1h\u00e1me jim objevovat a rozv\u00edjet jejich siln\u00e9 str\u00e1nky, pracovat se sou\u010dasn\u00fdmi technologiemi, ale z\u00e1rove\u0148 kultivovat schopnost kritick\u00e9ho my\u0161len\u00ed a adaptace v rychle se prom\u011b\u0148uj\u00edc\u00edm sv\u011bt\u011b.\u201c<\/p>\n\n\n\n<p>Co vize zachycuje:<\/p>\n\n\n\n<p>\u00b7 Respekt jako z\u00e1klad, nejen v mezilidsk\u00fdch vztaz\u00edch, ale i v\u016f\u010di odli\u0161n\u00fdm styl\u016fm u\u010den\u00ed.<\/p>\n\n\n\n<p>\u00b7 Propojen\u00ed s prax\u00ed, d\u016fslednost ve v\u00fduce i otev\u0159enost v\u016f\u010di nov\u00fdm p\u0159\u00edstup\u016fm.<\/p>\n\n\n\n<p>\u00b7 Cesta k celo\u017eivotn\u00edmu u\u010den\u00ed jako kl\u00ed\u010dov\u00fd princip.<\/p>\n\n\n\n<p>\u00b7 P\u0159\u00edprava na nejist\u00fd, ale dynamick\u00fd sv\u011bt, podporu v adaptaci a prom\u011bn\u011b.<\/p>\n\n\n\n<p>\u00b7 R\u016fst siln\u00fdch str\u00e1nek a rozvoj technick\u00fdch i soft-dovednost\u00ed, v\u010detn\u011b kritick\u00e9ho my\u0161len\u00ed.<\/p>\n\n\n\n<figure class=\"wp-block-image size-full\"><img fetchpriority=\"high\" decoding=\"async\" width=\"800\" height=\"450\" src=\"https:\/\/www.helloskola.cz\/gymnazium\/wp-content\/uploads\/sites\/3\/2022\/03\/na-c\u030cem-stavi\u0301me.jpeg\" alt=\"\" class=\"wp-image-773\" srcset=\"https:\/\/www.helloskola.cz\/gymnazium\/wp-content\/uploads\/sites\/3\/2022\/03\/na-c\u030cem-stavi\u0301me.jpeg 800w, https:\/\/www.helloskola.cz\/gymnazium\/wp-content\/uploads\/sites\/3\/2022\/03\/na-c\u030cem-stavi\u0301me-300x169.jpeg 300w, https:\/\/www.helloskola.cz\/gymnazium\/wp-content\/uploads\/sites\/3\/2022\/03\/na-c\u030cem-stavi\u0301me-768x432.jpeg 768w\" sizes=\"(max-width: 800px) 100vw, 800px\" \/><\/figure>\n\n\n\n<figure class=\"wp-block-gallery has-nested-images columns-default is-cropped wp-block-gallery-1 is-layout-flex wp-block-gallery-is-layout-flex\">\n<figure class=\"wp-block-image size-large\"><img decoding=\"async\" width=\"1024\" height=\"576\" data-id=\"4599\" src=\"https:\/\/www.helloskola.cz\/gymnazium\/wp-content\/uploads\/sites\/3\/2023\/10\/GYMNAZIUM-HELLO-1-1-1024x576.png\" alt=\"\" class=\"wp-image-4599\" srcset=\"https:\/\/www.helloskola.cz\/gymnazium\/wp-content\/uploads\/sites\/3\/2023\/10\/GYMNAZIUM-HELLO-1-1-1024x576.png 1024w, https:\/\/www.helloskola.cz\/gymnazium\/wp-content\/uploads\/sites\/3\/2023\/10\/GYMNAZIUM-HELLO-1-1-300x169.png 300w, https:\/\/www.helloskola.cz\/gymnazium\/wp-content\/uploads\/sites\/3\/2023\/10\/GYMNAZIUM-HELLO-1-1-768x432.png 768w, https:\/\/www.helloskola.cz\/gymnazium\/wp-content\/uploads\/sites\/3\/2023\/10\/GYMNAZIUM-HELLO-1-1-1536x864.png 1536w, https:\/\/www.helloskola.cz\/gymnazium\/wp-content\/uploads\/sites\/3\/2023\/10\/GYMNAZIUM-HELLO-1-1.png 1920w\" sizes=\"(max-width: 1024px) 100vw, 1024px\" \/><\/figure>\n\n\n\n<figure class=\"wp-block-image size-large\"><img decoding=\"async\" width=\"1024\" height=\"576\" data-id=\"4595\" src=\"https:\/\/www.helloskola.cz\/gymnazium\/wp-content\/uploads\/sites\/3\/2023\/10\/GYMNAZIUM-HELLO-1-1024x576.png\" alt=\"\" class=\"wp-image-4595\" srcset=\"https:\/\/www.helloskola.cz\/gymnazium\/wp-content\/uploads\/sites\/3\/2023\/10\/GYMNAZIUM-HELLO-1-1024x576.png 1024w, https:\/\/www.helloskola.cz\/gymnazium\/wp-content\/uploads\/sites\/3\/2023\/10\/GYMNAZIUM-HELLO-1-300x169.png 300w, https:\/\/www.helloskola.cz\/gymnazium\/wp-content\/uploads\/sites\/3\/2023\/10\/GYMNAZIUM-HELLO-1-768x432.png 768w, https:\/\/www.helloskola.cz\/gymnazium\/wp-content\/uploads\/sites\/3\/2023\/10\/GYMNAZIUM-HELLO-1-1536x864.png 1536w, https:\/\/www.helloskola.cz\/gymnazium\/wp-content\/uploads\/sites\/3\/2023\/10\/GYMNAZIUM-HELLO-1.png 1920w\" sizes=\"(max-width: 1024px) 100vw, 1024px\" \/><\/figure>\n<\/figure>\n\n\n\n<h3 class=\"wp-block-heading\">Historie \u0161kol aneb Jak to v\u0161echno za\u010dalo?<\/h3>\n\n\n\n<p>V\u0161echno p\u0159ed 25 lety odstartoval n\u00e1pad u\u010dit d\u011bti anglicky. A&nbsp;tak jsme zalo\u017eili Jazykovou \u0161kolu Hello. Pak jsme nemohli naj\u00edt vhodnou \u0161kolku pro na\u0161e d\u011bti. A&nbsp;tak jsme zalo\u017eili M\u0160 Hello Teddy. Cht\u011bli jsme toti\u017e mate\u0159skou \u0161kolu, kam se d\u011bti t\u011b\u0161\u00ed, se zaj\u00edmav\u00fdm programem a&nbsp;angli\u010dtinou.<br>Kdy\u017e pak ale nejstar\u0161\u00ed d\u011bti z&nbsp;na\u0161\u00ed \u0161kolky nastoupily do prvn\u00edch t\u0159\u00edd jin\u00fdch \u0161kol, rodi\u010de zjistili, \u017ee anglicky u\u010d\u00ed sp\u00ed\u0161 ony sv\u00e9 u\u010ditelky. A&nbsp;tak n\u00e1s vlastn\u011b donutili zalo\u017eit Z\u00e1kladn\u00ed \u0161kolu Hello. To bylo v&nbsp;roce 2010.<br>Kdy\u017e pak v&nbsp;\u010dervnu 2017 m\u011bli na\u0161i bilingvn\u00ed z\u00e1kladn\u00ed \u0161kolu opou\u0161t\u011bt prvn\u00ed &#8222;dev\u00e1\u0165\u00e1ci&#8220;, u\u017e jsme tu\u0161ili, \u017ee se historie bude opakovat, a&nbsp;tak jsme se p\u0159ipravili p\u0159edem. Pl\u00e1n byl jasn\u00fd: vybudovat kvalitn\u00ed bilingvn\u00ed gymn\u00e1zium.<br>A tvo\u0159\u00edme st\u00e1le &#8211; a\u0165 u\u017e t\u00fdm \u0161pi\u010dkov\u00fdch pedagog\u016f a&nbsp;rodil\u00fdch mluv\u010d\u00edch, nebo nov\u00e9 interi\u00e9ry a&nbsp;exteri\u00e9ry \u0161koly s&nbsp;nejmodern\u011bj\u0161\u00edm vybaven\u00edm. Aktu\u00e1ln\u011b jsme zv\u00fd\u0161ili \u0161kolu o&nbsp;jedno patro, vybudovali aulu, dokon\u010dili u\u010debnu virtu\u00e1ln\u00ed reality a&nbsp;na pozemku hlavn\u00ed budovy vznikla \u00fapln\u011b nov\u00e1 \u0161kolka se zahradou na st\u0159e\u0161e. A&nbsp;zdaleka nekon\u010d\u00edme. Bav\u00ed n\u00e1s to. Kvalitn\u00ed vzd\u011bl\u00e1v\u00e1n\u00ed je toti\u017e cesta ke kvalitn\u00ed budoucnosti.<\/p>\n\n\n\n<p>Martin \u0160t\u011bp\u00e1nek, Hana a&nbsp;Karel Hlav\u00e1\u010dkovi<br>zakladatel\u00e9<\/p>\n","protected":false},"excerpt":{"rendered":"<p>Vize Gymn\u00e1zia HELLO \u201eGymn\u00e1zium HELLO je m\u00edstem, kde respekt stav\u00edme na prvn\u00ed m\u00edsto. Vytv\u00e1\u0159\u00edme odoln\u00e9 a inspirativn\u00ed prost\u0159ed\u00ed, kter\u00e9 efektivn\u011b propojuje \u0161koln\u00ed v\u00fduku s prax\u00ed, klade d\u016fraz na d\u016fslednost i radost z u\u010den\u00ed a otev\u00edr\u00e1 cestu k celo\u017eivotn\u00edmu rozvoji. V\u00edme, \u017ee inteligence je schopnost adaptovat se na zm\u011bnu. Na\u0161e posl\u00e1n\u00ed je proto p\u0159ipravit mlad\u00e9 lidi [&hellip;]<\/p>\n","protected":false},"author":1,"featured_media":1779,"parent":685,"menu_order":0,"comment_status":"closed","ping_status":"closed","template":"","meta":{"footnotes":""},"class_list":["post-691","page","type-page","status-publish","has-post-thumbnail","hentry"],"yoast_head":"<!-- This site is optimized with the Yoast SEO plugin v24.8.1 - https:\/\/yoast.com\/wordpress\/plugins\/seo\/ -->\n<title>Filozofie \u0161koly | Gymn\u00e1zium HELLO<\/title>\n<meta name=\"robots\" content=\"index, follow, max-snippet:-1, max-image-preview:large, max-video-preview:-1\" \/>\n<link rel=\"canonical\" href=\"https:\/\/www.helloskola.cz\/gymnazium\/o-skole\/o-gymnaziu\/\" \/>\n<meta property=\"og:locale\" content=\"cs_CZ\" \/>\n<meta property=\"og:type\" content=\"article\" \/>\n<meta property=\"og:title\" content=\"Filozofie \u0161koly | Gymn\u00e1zium HELLO\" \/>\n<meta property=\"og:description\" content=\"Vize Gymn\u00e1zia HELLO \u201eGymn\u00e1zium HELLO je m\u00edstem, kde respekt stav\u00edme na prvn\u00ed m\u00edsto. Vytv\u00e1\u0159\u00edme odoln\u00e9 a inspirativn\u00ed prost\u0159ed\u00ed, kter\u00e9 efektivn\u011b propojuje \u0161koln\u00ed v\u00fduku s prax\u00ed, klade d\u016fraz na d\u016fslednost i radost z u\u010den\u00ed a otev\u00edr\u00e1 cestu k celo\u017eivotn\u00edmu rozvoji. V\u00edme, \u017ee inteligence je schopnost adaptovat se na zm\u011bnu. Na\u0161e posl\u00e1n\u00ed je proto p\u0159ipravit mlad\u00e9 lidi [&hellip;]\" \/>\n<meta property=\"og:url\" content=\"https:\/\/www.helloskola.cz\/gymnazium\/o-skole\/o-gymnaziu\/\" \/>\n<meta property=\"og:site_name\" content=\"Gymn\u00e1zium HELLO\" \/>\n<meta property=\"article:modified_time\" content=\"2025-09-13T14:47:05+00:00\" \/>\n<meta property=\"og:image\" content=\"https:\/\/www.helloskola.cz\/gymnazium\/wp-content\/uploads\/sites\/3\/2023\/10\/GYMNAZIUM-HELLO-1-1-1024x576.png\" \/>\n<meta name=\"twitter:card\" content=\"summary_large_image\" \/>\n<meta name=\"twitter:label1\" content=\"Odhadovan\u00e1 doba \u010dten\u00ed\" \/>\n\t<meta name=\"twitter:data1\" content=\"3 minuty\" \/>\n<script type=\"application\/ld+json\" class=\"yoast-schema-graph\">{\"@context\":\"https:\/\/schema.org\",\"@graph\":[{\"@type\":\"WebPage\",\"@id\":\"https:\/\/www.helloskola.cz\/gymnazium\/o-skole\/o-gymnaziu\/\",\"url\":\"https:\/\/www.helloskola.cz\/gymnazium\/o-skole\/o-gymnaziu\/\",\"name\":\"Filozofie \u0161koly | Gymn\u00e1zium HELLO\",\"isPartOf\":{\"@id\":\"https:\/\/www.helloskola.cz\/gymnazium\/#website\"},\"primaryImageOfPage\":{\"@id\":\"https:\/\/www.helloskola.cz\/gymnazium\/o-skole\/o-gymnaziu\/#primaryimage\"},\"image\":{\"@id\":\"https:\/\/www.helloskola.cz\/gymnazium\/o-skole\/o-gymnaziu\/#primaryimage\"},\"thumbnailUrl\":\"https:\/\/www.helloskola.cz\/gymnazium\/wp-content\/uploads\/sites\/3\/2022\/05\/gympl-fallback.png\",\"datePublished\":\"2022-03-10T22:39:42+00:00\",\"dateModified\":\"2025-09-13T14:47:05+00:00\",\"breadcrumb\":{\"@id\":\"https:\/\/www.helloskola.cz\/gymnazium\/o-skole\/o-gymnaziu\/#breadcrumb\"},\"inLanguage\":\"cs\",\"potentialAction\":[{\"@type\":\"ReadAction\",\"target\":[\"https:\/\/www.helloskola.cz\/gymnazium\/o-skole\/o-gymnaziu\/\"]}]},{\"@type\":\"ImageObject\",\"inLanguage\":\"cs\",\"@id\":\"https:\/\/www.helloskola.cz\/gymnazium\/o-skole\/o-gymnaziu\/#primaryimage\",\"url\":\"https:\/\/www.helloskola.cz\/gymnazium\/wp-content\/uploads\/sites\/3\/2022\/05\/gympl-fallback.png\",\"contentUrl\":\"https:\/\/www.helloskola.cz\/gymnazium\/wp-content\/uploads\/sites\/3\/2022\/05\/gympl-fallback.png\",\"width\":933,\"height\":700},{\"@type\":\"BreadcrumbList\",\"@id\":\"https:\/\/www.helloskola.cz\/gymnazium\/o-skole\/o-gymnaziu\/#breadcrumb\",\"itemListElement\":[{\"@type\":\"ListItem\",\"position\":1,\"name\":\"\u00davod\",\"item\":\"https:\/\/www.helloskola.cz\/gymnazium\/\"},{\"@type\":\"ListItem\",\"position\":2,\"name\":\"O \u0161kole\",\"item\":\"https:\/\/www.helloskola.cz\/gymnazium\/o-skole\/\"},{\"@type\":\"ListItem\",\"position\":3,\"name\":\"Filozofie \u0161koly\"}]},{\"@type\":\"WebSite\",\"@id\":\"https:\/\/www.helloskola.cz\/gymnazium\/#website\",\"url\":\"https:\/\/www.helloskola.cz\/gymnazium\/\",\"name\":\"Gymn\u00e1zium HELLO\",\"description\":\"St\u0159edn\u00ed \u0161kola s pos\u00edlenou v\u00fdukou ciz\u00edch jazyk\u016f\",\"publisher\":{\"@id\":\"https:\/\/www.helloskola.cz\/gymnazium\/#organization\"},\"potentialAction\":[{\"@type\":\"SearchAction\",\"target\":{\"@type\":\"EntryPoint\",\"urlTemplate\":\"https:\/\/www.helloskola.cz\/gymnazium\/?s={search_term_string}\"},\"query-input\":{\"@type\":\"PropertyValueSpecification\",\"valueRequired\":true,\"valueName\":\"search_term_string\"}}],\"inLanguage\":\"cs\"},{\"@type\":\"Organization\",\"@id\":\"https:\/\/www.helloskola.cz\/gymnazium\/#organization\",\"name\":\"Gymn\u00e1zium Hello\",\"url\":\"https:\/\/www.helloskola.cz\/gymnazium\/\",\"logo\":{\"@type\":\"ImageObject\",\"inLanguage\":\"cs\",\"@id\":\"https:\/\/www.helloskola.cz\/gymnazium\/#\/schema\/logo\/image\/\",\"url\":\"https:\/\/www.helloskola.cz\/gymnazium\/wp-content\/uploads\/sites\/3\/2022\/02\/hello_gy_cmyk-1.svg\",\"contentUrl\":\"https:\/\/www.helloskola.cz\/gymnazium\/wp-content\/uploads\/sites\/3\/2022\/02\/hello_gy_cmyk-1.svg\",\"width\":100,\"height\":100,\"caption\":\"Gymn\u00e1zium Hello\"},\"image\":{\"@id\":\"https:\/\/www.helloskola.cz\/gymnazium\/#\/schema\/logo\/image\/\"}}]}<\/script>\n<!-- \/ Yoast SEO plugin. -->","yoast_head_json":{"title":"Filozofie \u0161koly | Gymn\u00e1zium HELLO","robots":{"index":"index","follow":"follow","max-snippet":"max-snippet:-1","max-image-preview":"max-image-preview:large","max-video-preview":"max-video-preview:-1"},"canonical":"https:\/\/www.helloskola.cz\/gymnazium\/o-skole\/o-gymnaziu\/","og_locale":"cs_CZ","og_type":"article","og_title":"Filozofie \u0161koly | Gymn\u00e1zium HELLO","og_description":"Vize Gymn\u00e1zia HELLO \u201eGymn\u00e1zium HELLO je m\u00edstem, kde respekt stav\u00edme na prvn\u00ed m\u00edsto. Vytv\u00e1\u0159\u00edme odoln\u00e9 a inspirativn\u00ed prost\u0159ed\u00ed, kter\u00e9 efektivn\u011b propojuje \u0161koln\u00ed v\u00fduku s prax\u00ed, klade d\u016fraz na d\u016fslednost i radost z u\u010den\u00ed a otev\u00edr\u00e1 cestu k celo\u017eivotn\u00edmu rozvoji. V\u00edme, \u017ee inteligence je schopnost adaptovat se na zm\u011bnu. Na\u0161e posl\u00e1n\u00ed je proto p\u0159ipravit mlad\u00e9 lidi [&hellip;]","og_url":"https:\/\/www.helloskola.cz\/gymnazium\/o-skole\/o-gymnaziu\/","og_site_name":"Gymn\u00e1zium HELLO","article_modified_time":"2025-09-13T14:47:05+00:00","og_image":[{"url":"https:\/\/www.helloskola.cz\/gymnazium\/wp-content\/uploads\/sites\/3\/2023\/10\/GYMNAZIUM-HELLO-1-1-1024x576.png","type":"","width":"","height":""}],"twitter_card":"summary_large_image","twitter_misc":{"Odhadovan\u00e1 doba \u010dten\u00ed":"3 minuty"},"schema":{"@context":"https:\/\/schema.org","@graph":[{"@type":"WebPage","@id":"https:\/\/www.helloskola.cz\/gymnazium\/o-skole\/o-gymnaziu\/","url":"https:\/\/www.helloskola.cz\/gymnazium\/o-skole\/o-gymnaziu\/","name":"Filozofie \u0161koly | Gymn\u00e1zium HELLO","isPartOf":{"@id":"https:\/\/www.helloskola.cz\/gymnazium\/#website"},"primaryImageOfPage":{"@id":"https:\/\/www.helloskola.cz\/gymnazium\/o-skole\/o-gymnaziu\/#primaryimage"},"image":{"@id":"https:\/\/www.helloskola.cz\/gymnazium\/o-skole\/o-gymnaziu\/#primaryimage"},"thumbnailUrl":"https:\/\/www.helloskola.cz\/gymnazium\/wp-content\/uploads\/sites\/3\/2022\/05\/gympl-fallback.png","datePublished":"2022-03-10T22:39:42+00:00","dateModified":"2025-09-13T14:47:05+00:00","breadcrumb":{"@id":"https:\/\/www.helloskola.cz\/gymnazium\/o-skole\/o-gymnaziu\/#breadcrumb"},"inLanguage":"cs","potentialAction":[{"@type":"ReadAction","target":["https:\/\/www.helloskola.cz\/gymnazium\/o-skole\/o-gymnaziu\/"]}]},{"@type":"ImageObject","inLanguage":"cs","@id":"https:\/\/www.helloskola.cz\/gymnazium\/o-skole\/o-gymnaziu\/#primaryimage","url":"https:\/\/www.helloskola.cz\/gymnazium\/wp-content\/uploads\/sites\/3\/2022\/05\/gympl-fallback.png","contentUrl":"https:\/\/www.helloskola.cz\/gymnazium\/wp-content\/uploads\/sites\/3\/2022\/05\/gympl-fallback.png","width":933,"height":700},{"@type":"BreadcrumbList","@id":"https:\/\/www.helloskola.cz\/gymnazium\/o-skole\/o-gymnaziu\/#breadcrumb","itemListElement":[{"@type":"ListItem","position":1,"name":"\u00davod","item":"https:\/\/www.helloskola.cz\/gymnazium\/"},{"@type":"ListItem","position":2,"name":"O \u0161kole","item":"https:\/\/www.helloskola.cz\/gymnazium\/o-skole\/"},{"@type":"ListItem","position":3,"name":"Filozofie \u0161koly"}]},{"@type":"WebSite","@id":"https:\/\/www.helloskola.cz\/gymnazium\/#website","url":"https:\/\/www.helloskola.cz\/gymnazium\/","name":"Gymn\u00e1zium HELLO","description":"St\u0159edn\u00ed \u0161kola s pos\u00edlenou v\u00fdukou ciz\u00edch jazyk\u016f","publisher":{"@id":"https:\/\/www.helloskola.cz\/gymnazium\/#organization"},"potentialAction":[{"@type":"SearchAction","target":{"@type":"EntryPoint","urlTemplate":"https:\/\/www.helloskola.cz\/gymnazium\/?s={search_term_string}"},"query-input":{"@type":"PropertyValueSpecification","valueRequired":true,"valueName":"search_term_string"}}],"inLanguage":"cs"},{"@type":"Organization","@id":"https:\/\/www.helloskola.cz\/gymnazium\/#organization","name":"Gymn\u00e1zium Hello","url":"https:\/\/www.helloskola.cz\/gymnazium\/","logo":{"@type":"ImageObject","inLanguage":"cs","@id":"https:\/\/www.helloskola.cz\/gymnazium\/#\/schema\/logo\/image\/","url":"https:\/\/www.helloskola.cz\/gymnazium\/wp-content\/uploads\/sites\/3\/2022\/02\/hello_gy_cmyk-1.svg","contentUrl":"https:\/\/www.helloskola.cz\/gymnazium\/wp-content\/uploads\/sites\/3\/2022\/02\/hello_gy_cmyk-1.svg","width":100,"height":100,"caption":"Gymn\u00e1zium Hello"},"image":{"@id":"https:\/\/www.helloskola.cz\/gymnazium\/#\/schema\/logo\/image\/"}}]}},"_links":{"self":[{"href":"https:\/\/www.helloskola.cz\/gymnazium\/wp-json\/wp\/v2\/pages\/691","targetHints":{"allow":["GET"]}}],"collection":[{"href":"https:\/\/www.helloskola.cz\/gymnazium\/wp-json\/wp\/v2\/pages"}],"about":[{"href":"https:\/\/www.helloskola.cz\/gymnazium\/wp-json\/wp\/v2\/types\/page"}],"author":[{"embeddable":true,"href":"https:\/\/www.helloskola.cz\/gymnazium\/wp-json\/wp\/v2\/users\/1"}],"replies":[{"embeddable":true,"href":"https:\/\/www.helloskola.cz\/gymnazium\/wp-json\/wp\/v2\/comments?post=691"}],"version-history":[{"count":10,"href":"https:\/\/www.helloskola.cz\/gymnazium\/wp-json\/wp\/v2\/pages\/691\/revisions"}],"predecessor-version":[{"id":5433,"href":"https:\/\/www.helloskola.cz\/gymnazium\/wp-json\/wp\/v2\/pages\/691\/revisions\/5433"}],"up":[{"embeddable":true,"href":"https:\/\/www.helloskola.cz\/gymnazium\/wp-json\/wp\/v2\/pages\/685"}],"wp:featuredmedia":[{"embeddable":true,"href":"https:\/\/www.helloskola.cz\/gymnazium\/wp-json\/wp\/v2\/media\/1779"}],"wp:attachment":[{"href":"https:\/\/www.helloskola.cz\/gymnazium\/wp-json\/wp\/v2\/media?parent=691"}],"curies":[{"name":"wp","href":"https:\/\/api.w.org\/{rel}","templated":true}]}}