{"id":5274,"date":"2025-04-08T16:16:05","date_gmt":"2025-04-08T14:16:05","guid":{"rendered":"https:\/\/www.helloskola.cz\/gymnazium\/?page_id=5274"},"modified":"2025-06-03T15:28:40","modified_gmt":"2025-06-03T13:28:40","slug":"new-technologies-in-education-2025","status":"publish","type":"page","link":"https:\/\/www.helloskola.cz\/gymnazium\/new-technologies-in-education-2025\/","title":{"rendered":"New Technologies in Education 2025+"},"content":{"rendered":"\n<figure class=\"wp-block-image size-full\"><img fetchpriority=\"high\" decoding=\"async\" width=\"712\" height=\"149\" src=\"https:\/\/www.helloskola.cz\/gymnazium\/wp-content\/uploads\/sites\/3\/2024\/05\/EN-Co-Funded-by-the-EU_POS.png\" alt=\"\" class=\"wp-image-4869\" srcset=\"https:\/\/www.helloskola.cz\/gymnazium\/wp-content\/uploads\/sites\/3\/2024\/05\/EN-Co-Funded-by-the-EU_POS.png 712w, https:\/\/www.helloskola.cz\/gymnazium\/wp-content\/uploads\/sites\/3\/2024\/05\/EN-Co-Funded-by-the-EU_POS-300x63.png 300w\" sizes=\"(max-width: 712px) 100vw, 712px\" \/><\/figure>\n\n\n\n<p>Hlavn\u00edm c\u00edlem projektu je podpo\u0159it vyu\u017e\u00edv\u00e1n\u00ed modern\u00edch technologi\u00ed ve v\u00fduce nejen na partnersk\u00fdch z\u00e1kladn\u00edch a st\u0159edn\u00edch \u0161kol\u00e1ch, ale tak\u00e9 v cel\u00e9 Evropsk\u00e9 unii. Konkr\u00e9tn\u011b se jedn\u00e1 o vyu\u017eit\u00ed technologi\u00ed, jako jsou 360stup\u0148ov\u00e1 videa a fotografie a jejich zobrazen\u00ed prost\u0159ednictv\u00edm br\u00fdl\u00ed na virtu\u00e1ln\u00ed realitu.<\/p>\n\n\n\n<p>Hlavn\u00edho c\u00edle projektu bude dosa\u017eeno vytvo\u0159en\u00edm podp\u016frn\u00fdch materi\u00e1l\u016f pro u\u010ditele, kter\u00e9 se skl\u00e1daj\u00ed z:<\/p>\n\n\n\n<p>&#8211; p\u0159\u00edru\u010dek\/n\u00e1vod\u016f pro tvorbu 360stup\u0148ov\u00fdch v\u00fdukov\u00fdch vide\u00ed a fotografi\u00ed.<\/p>\n\n\n\n<p>&#8211; n\u00e1vod\u016f &#8211; jak p\u0159ipravit vyu\u010dovac\u00ed hodinu s vyu\u017eit\u00edm 360stup\u0148ov\u00fdch vide\u00ed a fotografi\u00ed.<\/p>\n\n\n\n<p>&#8211; sb\u00edrky v\u00fdukov\u00fdch 360stup\u0148ov\u00fdch vide\u00ed a fotografi\u00ed, vyu\u017eiteln\u00fdch pro r\u016fzn\u00e9 p\u0159edm\u011bty.<\/p>\n\n\n\n<p><\/p>\n\n\n\n<p><strong>Objetives<\/strong><\/p>\n\n\n\n<p>The main objective of the project is to promote the use of modern technologies in teaching not only in the partner primary and secondary schools, but also throughout the European Union. In particular, the use of technologies such as 360-degree videos and photographs and their display through virtual reality goggles.<br><\/p>\n\n\n\n<p>The main objective of the project will be achieved through the creation of support materials for teachers, consisting of:<\/p>\n\n\n\n<ul class=\"wp-block-list\">\n<li>Manuals\/guides for creating 360-degree educational videos and photos<\/li>\n\n\n\n<li>Instructions &#8211; how to prepare a lesson using 360-degree videos and photos<\/li>\n\n\n\n<li>A collection of educational 360-degree videos and photos, useful for a variety of subjects<\/li>\n<\/ul>\n\n\n\n<p><strong>Project partners:<\/strong><\/p>\n\n\n\n<p><a href=\"https:\/\/www.helloskola.cz\/gymnazium\" target=\"_blank\" rel=\"noreferrer noopener\">Hello primary and secondary school Ostrava, Czech Republic<\/a><br><a href=\"https:\/\/www.liceolanusei.edu.it\/\">Istituto di Istruzione Superiore &#8222;Leonardo da Vinci&#8220;-Lanusei<\/a><\/p>\n\n\n\n<p><a href=\"https:\/\/iesbezmiliana.es\/\" target=\"_blank\" rel=\"noreferrer noopener\">IES BEZMILIANA, Malaga, Spain<\/a><\/p>\n\n\n\n<p><\/p>\n\n\n\n<figure class=\"wp-block-gallery has-nested-images columns-default is-cropped wp-block-gallery-1 is-layout-flex wp-block-gallery-is-layout-flex\">\n<figure class=\"wp-block-image size-large\"><img decoding=\"async\" width=\"1024\" height=\"611\" data-id=\"5370\" src=\"https:\/\/www.helloskola.cz\/gymnazium\/wp-content\/uploads\/sites\/3\/2025\/06\/Foto-NTIE2025-1024x611.jpg\" alt=\"\" class=\"wp-image-5370\" srcset=\"https:\/\/www.helloskola.cz\/gymnazium\/wp-content\/uploads\/sites\/3\/2025\/06\/Foto-NTIE2025-1024x611.jpg 1024w, https:\/\/www.helloskola.cz\/gymnazium\/wp-content\/uploads\/sites\/3\/2025\/06\/Foto-NTIE2025-300x179.jpg 300w, https:\/\/www.helloskola.cz\/gymnazium\/wp-content\/uploads\/sites\/3\/2025\/06\/Foto-NTIE2025-768x458.jpg 768w, https:\/\/www.helloskola.cz\/gymnazium\/wp-content\/uploads\/sites\/3\/2025\/06\/Foto-NTIE2025.jpg 1315w\" sizes=\"(max-width: 1024px) 100vw, 1024px\" \/><\/figure>\n<\/figure>\n\n\n\n<p><\/p>\n","protected":false},"excerpt":{"rendered":"<p>Hlavn\u00edm c\u00edlem projektu je podpo\u0159it vyu\u017e\u00edv\u00e1n\u00ed modern\u00edch technologi\u00ed ve v\u00fduce nejen na partnersk\u00fdch z\u00e1kladn\u00edch a st\u0159edn\u00edch \u0161kol\u00e1ch, ale tak\u00e9 v cel\u00e9 Evropsk\u00e9 unii. Konkr\u00e9tn\u011b se jedn\u00e1 o vyu\u017eit\u00ed technologi\u00ed, jako jsou 360stup\u0148ov\u00e1 videa a fotografie a jejich zobrazen\u00ed prost\u0159ednictv\u00edm br\u00fdl\u00ed na virtu\u00e1ln\u00ed realitu. Hlavn\u00edho c\u00edle projektu bude dosa\u017eeno vytvo\u0159en\u00edm podp\u016frn\u00fdch materi\u00e1l\u016f pro u\u010ditele, kter\u00e9 se [&hellip;]<\/p>\n","protected":false},"author":3,"featured_media":1779,"parent":0,"menu_order":0,"comment_status":"closed","ping_status":"closed","template":"","meta":{"footnotes":""},"class_list":["post-5274","page","type-page","status-publish","has-post-thumbnail","hentry"],"yoast_head":"<!-- This site is optimized with the Yoast SEO plugin v24.8.1 - https:\/\/yoast.com\/wordpress\/plugins\/seo\/ -->\n<title>New Technologies in Education 2025+ | Gymn\u00e1zium HELLO<\/title>\n<meta name=\"robots\" content=\"index, follow, max-snippet:-1, max-image-preview:large, max-video-preview:-1\" \/>\n<link rel=\"canonical\" href=\"https:\/\/www.helloskola.cz\/gymnazium\/new-technologies-in-education-2025\/\" \/>\n<meta property=\"og:locale\" content=\"cs_CZ\" \/>\n<meta property=\"og:type\" content=\"article\" \/>\n<meta property=\"og:title\" content=\"New Technologies in Education 2025+ | Gymn\u00e1zium HELLO\" \/>\n<meta property=\"og:description\" content=\"Hlavn\u00edm c\u00edlem projektu je podpo\u0159it vyu\u017e\u00edv\u00e1n\u00ed modern\u00edch technologi\u00ed ve v\u00fduce nejen na partnersk\u00fdch z\u00e1kladn\u00edch a st\u0159edn\u00edch \u0161kol\u00e1ch, ale tak\u00e9 v cel\u00e9 Evropsk\u00e9 unii. Konkr\u00e9tn\u011b se jedn\u00e1 o vyu\u017eit\u00ed technologi\u00ed, jako jsou 360stup\u0148ov\u00e1 videa a fotografie a jejich zobrazen\u00ed prost\u0159ednictv\u00edm br\u00fdl\u00ed na virtu\u00e1ln\u00ed realitu. Hlavn\u00edho c\u00edle projektu bude dosa\u017eeno vytvo\u0159en\u00edm podp\u016frn\u00fdch materi\u00e1l\u016f pro u\u010ditele, kter\u00e9 se [&hellip;]\" \/>\n<meta property=\"og:url\" content=\"https:\/\/www.helloskola.cz\/gymnazium\/new-technologies-in-education-2025\/\" \/>\n<meta property=\"og:site_name\" content=\"Gymn\u00e1zium HELLO\" \/>\n<meta property=\"article:modified_time\" content=\"2025-06-03T13:28:40+00:00\" \/>\n<meta property=\"og:image\" content=\"https:\/\/www.helloskola.cz\/gymnazium\/wp-content\/uploads\/sites\/3\/2024\/05\/EN-Co-Funded-by-the-EU_POS.png\" \/>\n\t<meta property=\"og:image:width\" content=\"712\" \/>\n\t<meta property=\"og:image:height\" content=\"149\" \/>\n\t<meta property=\"og:image:type\" content=\"image\/png\" \/>\n<meta name=\"twitter:card\" content=\"summary_large_image\" \/>\n<meta name=\"twitter:label1\" content=\"Odhadovan\u00e1 doba \u010dten\u00ed\" \/>\n\t<meta name=\"twitter:data1\" content=\"2 minuty\" \/>\n<script type=\"application\/ld+json\" class=\"yoast-schema-graph\">{\"@context\":\"https:\/\/schema.org\",\"@graph\":[{\"@type\":\"WebPage\",\"@id\":\"https:\/\/www.helloskola.cz\/gymnazium\/new-technologies-in-education-2025\/\",\"url\":\"https:\/\/www.helloskola.cz\/gymnazium\/new-technologies-in-education-2025\/\",\"name\":\"New Technologies in Education 2025+ | Gymn\u00e1zium HELLO\",\"isPartOf\":{\"@id\":\"https:\/\/www.helloskola.cz\/gymnazium\/#website\"},\"primaryImageOfPage\":{\"@id\":\"https:\/\/www.helloskola.cz\/gymnazium\/new-technologies-in-education-2025\/#primaryimage\"},\"image\":{\"@id\":\"https:\/\/www.helloskola.cz\/gymnazium\/new-technologies-in-education-2025\/#primaryimage\"},\"thumbnailUrl\":\"https:\/\/www.helloskola.cz\/gymnazium\/wp-content\/uploads\/sites\/3\/2022\/05\/gympl-fallback.png\",\"datePublished\":\"2025-04-08T14:16:05+00:00\",\"dateModified\":\"2025-06-03T13:28:40+00:00\",\"breadcrumb\":{\"@id\":\"https:\/\/www.helloskola.cz\/gymnazium\/new-technologies-in-education-2025\/#breadcrumb\"},\"inLanguage\":\"cs\",\"potentialAction\":[{\"@type\":\"ReadAction\",\"target\":[\"https:\/\/www.helloskola.cz\/gymnazium\/new-technologies-in-education-2025\/\"]}]},{\"@type\":\"ImageObject\",\"inLanguage\":\"cs\",\"@id\":\"https:\/\/www.helloskola.cz\/gymnazium\/new-technologies-in-education-2025\/#primaryimage\",\"url\":\"https:\/\/www.helloskola.cz\/gymnazium\/wp-content\/uploads\/sites\/3\/2022\/05\/gympl-fallback.png\",\"contentUrl\":\"https:\/\/www.helloskola.cz\/gymnazium\/wp-content\/uploads\/sites\/3\/2022\/05\/gympl-fallback.png\",\"width\":933,\"height\":700},{\"@type\":\"BreadcrumbList\",\"@id\":\"https:\/\/www.helloskola.cz\/gymnazium\/new-technologies-in-education-2025\/#breadcrumb\",\"itemListElement\":[{\"@type\":\"ListItem\",\"position\":1,\"name\":\"\u00davod\",\"item\":\"https:\/\/www.helloskola.cz\/gymnazium\/\"},{\"@type\":\"ListItem\",\"position\":2,\"name\":\"New Technologies in Education 2025+\"}]},{\"@type\":\"WebSite\",\"@id\":\"https:\/\/www.helloskola.cz\/gymnazium\/#website\",\"url\":\"https:\/\/www.helloskola.cz\/gymnazium\/\",\"name\":\"Gymn\u00e1zium HELLO\",\"description\":\"St\u0159edn\u00ed \u0161kola s pos\u00edlenou v\u00fdukou ciz\u00edch jazyk\u016f\",\"publisher\":{\"@id\":\"https:\/\/www.helloskola.cz\/gymnazium\/#organization\"},\"potentialAction\":[{\"@type\":\"SearchAction\",\"target\":{\"@type\":\"EntryPoint\",\"urlTemplate\":\"https:\/\/www.helloskola.cz\/gymnazium\/?s={search_term_string}\"},\"query-input\":{\"@type\":\"PropertyValueSpecification\",\"valueRequired\":true,\"valueName\":\"search_term_string\"}}],\"inLanguage\":\"cs\"},{\"@type\":\"Organization\",\"@id\":\"https:\/\/www.helloskola.cz\/gymnazium\/#organization\",\"name\":\"Gymn\u00e1zium Hello\",\"url\":\"https:\/\/www.helloskola.cz\/gymnazium\/\",\"logo\":{\"@type\":\"ImageObject\",\"inLanguage\":\"cs\",\"@id\":\"https:\/\/www.helloskola.cz\/gymnazium\/#\/schema\/logo\/image\/\",\"url\":\"https:\/\/www.helloskola.cz\/gymnazium\/wp-content\/uploads\/sites\/3\/2022\/02\/hello_gy_cmyk-1.svg\",\"contentUrl\":\"https:\/\/www.helloskola.cz\/gymnazium\/wp-content\/uploads\/sites\/3\/2022\/02\/hello_gy_cmyk-1.svg\",\"width\":100,\"height\":100,\"caption\":\"Gymn\u00e1zium Hello\"},\"image\":{\"@id\":\"https:\/\/www.helloskola.cz\/gymnazium\/#\/schema\/logo\/image\/\"}}]}<\/script>\n<!-- \/ Yoast SEO plugin. -->","yoast_head_json":{"title":"New Technologies in Education 2025+ | Gymn\u00e1zium HELLO","robots":{"index":"index","follow":"follow","max-snippet":"max-snippet:-1","max-image-preview":"max-image-preview:large","max-video-preview":"max-video-preview:-1"},"canonical":"https:\/\/www.helloskola.cz\/gymnazium\/new-technologies-in-education-2025\/","og_locale":"cs_CZ","og_type":"article","og_title":"New Technologies in Education 2025+ | Gymn\u00e1zium HELLO","og_description":"Hlavn\u00edm c\u00edlem projektu je podpo\u0159it vyu\u017e\u00edv\u00e1n\u00ed modern\u00edch technologi\u00ed ve v\u00fduce nejen na partnersk\u00fdch z\u00e1kladn\u00edch a st\u0159edn\u00edch \u0161kol\u00e1ch, ale tak\u00e9 v cel\u00e9 Evropsk\u00e9 unii. Konkr\u00e9tn\u011b se jedn\u00e1 o vyu\u017eit\u00ed technologi\u00ed, jako jsou 360stup\u0148ov\u00e1 videa a fotografie a jejich zobrazen\u00ed prost\u0159ednictv\u00edm br\u00fdl\u00ed na virtu\u00e1ln\u00ed realitu. Hlavn\u00edho c\u00edle projektu bude dosa\u017eeno vytvo\u0159en\u00edm podp\u016frn\u00fdch materi\u00e1l\u016f pro u\u010ditele, kter\u00e9 se [&hellip;]","og_url":"https:\/\/www.helloskola.cz\/gymnazium\/new-technologies-in-education-2025\/","og_site_name":"Gymn\u00e1zium HELLO","article_modified_time":"2025-06-03T13:28:40+00:00","og_image":[{"width":712,"height":149,"url":"https:\/\/www.helloskola.cz\/gymnazium\/wp-content\/uploads\/sites\/3\/2024\/05\/EN-Co-Funded-by-the-EU_POS.png","type":"image\/png"}],"twitter_card":"summary_large_image","twitter_misc":{"Odhadovan\u00e1 doba \u010dten\u00ed":"2 minuty"},"schema":{"@context":"https:\/\/schema.org","@graph":[{"@type":"WebPage","@id":"https:\/\/www.helloskola.cz\/gymnazium\/new-technologies-in-education-2025\/","url":"https:\/\/www.helloskola.cz\/gymnazium\/new-technologies-in-education-2025\/","name":"New Technologies in Education 2025+ | Gymn\u00e1zium HELLO","isPartOf":{"@id":"https:\/\/www.helloskola.cz\/gymnazium\/#website"},"primaryImageOfPage":{"@id":"https:\/\/www.helloskola.cz\/gymnazium\/new-technologies-in-education-2025\/#primaryimage"},"image":{"@id":"https:\/\/www.helloskola.cz\/gymnazium\/new-technologies-in-education-2025\/#primaryimage"},"thumbnailUrl":"https:\/\/www.helloskola.cz\/gymnazium\/wp-content\/uploads\/sites\/3\/2022\/05\/gympl-fallback.png","datePublished":"2025-04-08T14:16:05+00:00","dateModified":"2025-06-03T13:28:40+00:00","breadcrumb":{"@id":"https:\/\/www.helloskola.cz\/gymnazium\/new-technologies-in-education-2025\/#breadcrumb"},"inLanguage":"cs","potentialAction":[{"@type":"ReadAction","target":["https:\/\/www.helloskola.cz\/gymnazium\/new-technologies-in-education-2025\/"]}]},{"@type":"ImageObject","inLanguage":"cs","@id":"https:\/\/www.helloskola.cz\/gymnazium\/new-technologies-in-education-2025\/#primaryimage","url":"https:\/\/www.helloskola.cz\/gymnazium\/wp-content\/uploads\/sites\/3\/2022\/05\/gympl-fallback.png","contentUrl":"https:\/\/www.helloskola.cz\/gymnazium\/wp-content\/uploads\/sites\/3\/2022\/05\/gympl-fallback.png","width":933,"height":700},{"@type":"BreadcrumbList","@id":"https:\/\/www.helloskola.cz\/gymnazium\/new-technologies-in-education-2025\/#breadcrumb","itemListElement":[{"@type":"ListItem","position":1,"name":"\u00davod","item":"https:\/\/www.helloskola.cz\/gymnazium\/"},{"@type":"ListItem","position":2,"name":"New Technologies in Education 2025+"}]},{"@type":"WebSite","@id":"https:\/\/www.helloskola.cz\/gymnazium\/#website","url":"https:\/\/www.helloskola.cz\/gymnazium\/","name":"Gymn\u00e1zium HELLO","description":"St\u0159edn\u00ed \u0161kola s pos\u00edlenou v\u00fdukou ciz\u00edch jazyk\u016f","publisher":{"@id":"https:\/\/www.helloskola.cz\/gymnazium\/#organization"},"potentialAction":[{"@type":"SearchAction","target":{"@type":"EntryPoint","urlTemplate":"https:\/\/www.helloskola.cz\/gymnazium\/?s={search_term_string}"},"query-input":{"@type":"PropertyValueSpecification","valueRequired":true,"valueName":"search_term_string"}}],"inLanguage":"cs"},{"@type":"Organization","@id":"https:\/\/www.helloskola.cz\/gymnazium\/#organization","name":"Gymn\u00e1zium Hello","url":"https:\/\/www.helloskola.cz\/gymnazium\/","logo":{"@type":"ImageObject","inLanguage":"cs","@id":"https:\/\/www.helloskola.cz\/gymnazium\/#\/schema\/logo\/image\/","url":"https:\/\/www.helloskola.cz\/gymnazium\/wp-content\/uploads\/sites\/3\/2022\/02\/hello_gy_cmyk-1.svg","contentUrl":"https:\/\/www.helloskola.cz\/gymnazium\/wp-content\/uploads\/sites\/3\/2022\/02\/hello_gy_cmyk-1.svg","width":100,"height":100,"caption":"Gymn\u00e1zium Hello"},"image":{"@id":"https:\/\/www.helloskola.cz\/gymnazium\/#\/schema\/logo\/image\/"}}]}},"_links":{"self":[{"href":"https:\/\/www.helloskola.cz\/gymnazium\/wp-json\/wp\/v2\/pages\/5274","targetHints":{"allow":["GET"]}}],"collection":[{"href":"https:\/\/www.helloskola.cz\/gymnazium\/wp-json\/wp\/v2\/pages"}],"about":[{"href":"https:\/\/www.helloskola.cz\/gymnazium\/wp-json\/wp\/v2\/types\/page"}],"author":[{"embeddable":true,"href":"https:\/\/www.helloskola.cz\/gymnazium\/wp-json\/wp\/v2\/users\/3"}],"replies":[{"embeddable":true,"href":"https:\/\/www.helloskola.cz\/gymnazium\/wp-json\/wp\/v2\/comments?post=5274"}],"version-history":[{"count":5,"href":"https:\/\/www.helloskola.cz\/gymnazium\/wp-json\/wp\/v2\/pages\/5274\/revisions"}],"predecessor-version":[{"id":5371,"href":"https:\/\/www.helloskola.cz\/gymnazium\/wp-json\/wp\/v2\/pages\/5274\/revisions\/5371"}],"wp:featuredmedia":[{"embeddable":true,"href":"https:\/\/www.helloskola.cz\/gymnazium\/wp-json\/wp\/v2\/media\/1779"}],"wp:attachment":[{"href":"https:\/\/www.helloskola.cz\/gymnazium\/wp-json\/wp\/v2\/media?parent=5274"}],"curies":[{"name":"wp","href":"https:\/\/api.w.org\/{rel}","templated":true}]}}