{"id":4591,"date":"2023-10-22T15:01:49","date_gmt":"2023-10-22T13:01:49","guid":{"rendered":"https:\/\/www.helloskola.cz\/gymnazium\/?page_id=4591"},"modified":"2025-10-20T19:17:13","modified_gmt":"2025-10-20T17:17:13","slug":"inspekcni-a-vyrocni-zpravy","status":"publish","type":"page","link":"https:\/\/www.helloskola.cz\/gymnazium\/o-skole\/dokumenty-skoly\/inspekcni-a-vyrocni-zpravy\/","title":{"rendered":"Inspek\u010dn\u00ed a V\u00fdro\u010dn\u00ed zpr\u00e1vy"},"content":{"rendered":"\n<p><\/p>\n\n\n\n<p><a href=\"https:\/\/www.helloskola.cz\/gymnazium\/wp-content\/uploads\/sites\/3\/2025\/10\/Vyrocni-zprava-2024-2025.pdf\">V\u00ddRO\u010cN\u00cd ZPR\u00c1VA 2024\/2025<\/a><\/p>\n\n\n\n<p><a href=\"https:\/\/www.helloskola.cz\/gymnazium\/wp-content\/uploads\/sites\/3\/2023\/10\/Inspekcni-zprava-cerven-2022.pdf\">Kompletn\u00ed inspek\u010dn\u00ed zpr\u00e1va <\/a><\/p>\n\n\n\n<figure class=\"wp-block-gallery has-nested-images columns-default is-cropped wp-block-gallery-1 is-layout-flex wp-block-gallery-is-layout-flex\">\n<figure class=\"wp-block-image size-large\"><img fetchpriority=\"high\" decoding=\"async\" width=\"1024\" height=\"576\" data-id=\"4593\" src=\"https:\/\/www.helloskola.cz\/gymnazium\/wp-content\/uploads\/sites\/3\/2023\/10\/GYMNAZIUM-HELLO-1024x576.png\" alt=\"\" class=\"wp-image-4593\" srcset=\"https:\/\/www.helloskola.cz\/gymnazium\/wp-content\/uploads\/sites\/3\/2023\/10\/GYMNAZIUM-HELLO-1024x576.png 1024w, https:\/\/www.helloskola.cz\/gymnazium\/wp-content\/uploads\/sites\/3\/2023\/10\/GYMNAZIUM-HELLO-300x169.png 300w, https:\/\/www.helloskola.cz\/gymnazium\/wp-content\/uploads\/sites\/3\/2023\/10\/GYMNAZIUM-HELLO-768x432.png 768w, https:\/\/www.helloskola.cz\/gymnazium\/wp-content\/uploads\/sites\/3\/2023\/10\/GYMNAZIUM-HELLO-1536x864.png 1536w, https:\/\/www.helloskola.cz\/gymnazium\/wp-content\/uploads\/sites\/3\/2023\/10\/GYMNAZIUM-HELLO.png 1920w\" sizes=\"(max-width: 1024px) 100vw, 1024px\" \/><\/figure>\n<\/figure>\n\n\n\n<p><a href=\"https:\/\/www.helloskola.cz\/gymnazium\/wp-content\/uploads\/sites\/3\/2025\/10\/Vyrocni-zprava-2023-2024-1.pdf\">V\u00fdro\u010dn\u00ed zpr\u00e1va 2023\/2024<\/a><\/p>\n\n\n\n<p><a href=\"https:\/\/www.helloskola.cz\/gymnazium\/wp-content\/uploads\/sites\/3\/2023\/10\/Vyrocni-zprava-2022-2023.pdf\">V\u00fdro\u010dn\u00ed zpr\u00e1va 2022\/2023<\/a><\/p>\n\n\n\n<p><a href=\"https:\/\/www.helloskola.cz\/gymnazium\/wp-content\/uploads\/sites\/3\/2022\/11\/Vyrocni-zprava-2021-2022.pdf\">V\u00fdro\u010dn\u00ed zpr\u00e1va 2021\/2022<\/a><\/p>\n\n\n\n<p><a href=\"https:\/\/www.helloskola.cz\/gymnazium\/wp-content\/uploads\/sites\/3\/2022\/05\/Vy%CC%81roc%CC%8Cni%CC%81-zpra%CC%81va-2019_20-1.pdf\" target=\"_blank\" rel=\"noreferrer noopener\">V\u00fdro\u010dn\u00ed zpr\u00e1va 2019\/2020 <\/a><\/p>\n\n\n\n<p><a href=\"https:\/\/www.helloskola.cz\/zakladni-skola\/wp-content\/uploads\/sites\/6\/2022\/11\/Vyrocni-zprava-2021-2022.pdf\" target=\"_blank\" rel=\"noreferrer noopener\">V\u00fdro\u010dn\u00ed zpr\u00e1va 2021\/2022<\/a><\/p>\n\n\n\n<p><a href=\"https:\/\/www.helloskola.cz\/zakladni-skola\/wp-content\/uploads\/sites\/6\/2022\/03\/Vy%CC%81roc%CC%8Cni%CC%81-zpra%CC%81va-2020-2021.pdf\" target=\"_blank\" rel=\"noreferrer noopener\">V\u00fdro\u010dn\u00ed zpr\u00e1va 2020\/2021<\/a><\/p>\n\n\n\n<p><a href=\"https:\/\/www.helloskola.cz\/zakladni-skola\/wp-content\/uploads\/sites\/6\/2022\/03\/Vy%CC%81roc%CC%8Cni%CC%81-zpra%CC%81va-2019_20.pdf\" target=\"_blank\" rel=\"noreferrer noopener\">V\u00fdro\u010dn\u00ed zpr\u00e1va 2019\/2020<\/a><\/p>\n\n\n\n<p><a href=\"https:\/\/www.helloskola.cz\/zakladni-skola\/wp-content\/uploads\/sites\/6\/2022\/03\/Vy%CC%81roc%CC%8Cni%CC%81-zpra%CC%81va-2018-2019.pdf\" target=\"_blank\" rel=\"noreferrer noopener\">V\u00fdro\u010dn\u00ed zpr\u00e1va 2018\/2019<\/a><\/p>\n\n\n\n<p><a href=\"https:\/\/www.helloskola.cz\/zakladni-skola\/wp-content\/uploads\/sites\/6\/2022\/03\/Vy%CC%81roc%CC%8Cni%CC%81-zpra%CC%81va-Hello-2017-web.pdf\" target=\"_blank\" rel=\"noreferrer noopener\">V\u00fdro\u010dn\u00ed zpr\u00e1va 2016\/2017<\/a><\/p>\n\n\n\n<p><a href=\"https:\/\/www.helloskola.cz\/zakladni-skola\/wp-content\/uploads\/sites\/6\/2022\/03\/Vy%CC%81roc%CC%8Cni%CC%81-zpra%CC%81va-Hello-2016-pro-web_.pdf\" target=\"_blank\" rel=\"noreferrer noopener\">V\u00fdro\u010dn\u00ed zpr\u00e1va 2015\/2016<\/a><\/p>\n\n\n\n<p><a href=\"https:\/\/www.helloskola.cz\/zakladni-skola\/wp-content\/uploads\/sites\/6\/2022\/03\/vyrocni_zprava_web.pdf\" target=\"_blank\" rel=\"noreferrer noopener\">V\u00fdro\u010dn\u00ed zpr\u00e1va 2014\/2015<\/a><\/p>\n\n\n\n<p><a href=\"https:\/\/www.helloskola.cz\/zakladni-skola\/wp-content\/uploads\/sites\/6\/2022\/03\/vyrocni_zprava_2013_2014.pdf\" target=\"_blank\" rel=\"noreferrer noopener\">V\u00fdro\u010dn\u00ed zpr\u00e1va 2013\/2014<\/a><\/p>\n\n\n\n<p><a href=\"https:\/\/www.helloskola.cz\/zakladni-skola\/wp-content\/uploads\/sites\/6\/2022\/03\/vyrocni-zprava-hello2012.pdf\" target=\"_blank\" rel=\"noreferrer noopener\">V\u00fdro\u010dn\u00ed zpr\u00e1va 2012\/2013<\/a><\/p>\n\n\n\n<p><a href=\"https:\/\/www.helloskola.cz\/zakladni-skola\/wp-content\/uploads\/sites\/6\/2022\/03\/vyrocni-zprava-zs-hello-2011_12.pdf\" target=\"_blank\" rel=\"noreferrer noopener\">V\u00fdro\u010dn\u00ed zpr\u00e1va 2011\/2012<\/a><\/p>\n","protected":false},"excerpt":{"rendered":"<p>V\u00ddRO\u010cN\u00cd ZPR\u00c1VA 2024\/2025 Kompletn\u00ed inspek\u010dn\u00ed zpr\u00e1va V\u00fdro\u010dn\u00ed zpr\u00e1va 2023\/2024 V\u00fdro\u010dn\u00ed zpr\u00e1va 2022\/2023 V\u00fdro\u010dn\u00ed zpr\u00e1va 2021\/2022 V\u00fdro\u010dn\u00ed zpr\u00e1va 2019\/2020 V\u00fdro\u010dn\u00ed zpr\u00e1va 2021\/2022 V\u00fdro\u010dn\u00ed zpr\u00e1va 2020\/2021 V\u00fdro\u010dn\u00ed zpr\u00e1va 2019\/2020 V\u00fdro\u010dn\u00ed zpr\u00e1va 2018\/2019 V\u00fdro\u010dn\u00ed zpr\u00e1va 2016\/2017 V\u00fdro\u010dn\u00ed zpr\u00e1va 2015\/2016 V\u00fdro\u010dn\u00ed zpr\u00e1va 2014\/2015 V\u00fdro\u010dn\u00ed zpr\u00e1va 2013\/2014 V\u00fdro\u010dn\u00ed zpr\u00e1va 2012\/2013 V\u00fdro\u010dn\u00ed zpr\u00e1va 2011\/2012<\/p>\n","protected":false},"author":3,"featured_media":1779,"parent":695,"menu_order":1,"comment_status":"closed","ping_status":"closed","template":"","meta":{"footnotes":""},"class_list":["post-4591","page","type-page","status-publish","has-post-thumbnail","hentry"],"yoast_head":"<!-- This site is optimized with the Yoast SEO plugin v24.8.1 - https:\/\/yoast.com\/wordpress\/plugins\/seo\/ -->\n<title>Inspek\u010dn\u00ed a V\u00fdro\u010dn\u00ed zpr\u00e1vy | Gymn\u00e1zium HELLO<\/title>\n<meta name=\"robots\" content=\"index, follow, max-snippet:-1, max-image-preview:large, max-video-preview:-1\" \/>\n<link rel=\"canonical\" href=\"https:\/\/www.helloskola.cz\/gymnazium\/o-skole\/dokumenty-skoly\/inspekcni-a-vyrocni-zpravy\/\" \/>\n<meta property=\"og:locale\" content=\"cs_CZ\" \/>\n<meta property=\"og:type\" content=\"article\" \/>\n<meta property=\"og:title\" content=\"Inspek\u010dn\u00ed a V\u00fdro\u010dn\u00ed zpr\u00e1vy | Gymn\u00e1zium HELLO\" \/>\n<meta property=\"og:description\" content=\"V\u00ddRO\u010cN\u00cd ZPR\u00c1VA 2024\/2025 Kompletn\u00ed inspek\u010dn\u00ed zpr\u00e1va V\u00fdro\u010dn\u00ed zpr\u00e1va 2023\/2024 V\u00fdro\u010dn\u00ed zpr\u00e1va 2022\/2023 V\u00fdro\u010dn\u00ed zpr\u00e1va 2021\/2022 V\u00fdro\u010dn\u00ed zpr\u00e1va 2019\/2020 V\u00fdro\u010dn\u00ed zpr\u00e1va 2021\/2022 V\u00fdro\u010dn\u00ed zpr\u00e1va 2020\/2021 V\u00fdro\u010dn\u00ed zpr\u00e1va 2019\/2020 V\u00fdro\u010dn\u00ed zpr\u00e1va 2018\/2019 V\u00fdro\u010dn\u00ed zpr\u00e1va 2016\/2017 V\u00fdro\u010dn\u00ed zpr\u00e1va 2015\/2016 V\u00fdro\u010dn\u00ed zpr\u00e1va 2014\/2015 V\u00fdro\u010dn\u00ed zpr\u00e1va 2013\/2014 V\u00fdro\u010dn\u00ed zpr\u00e1va 2012\/2013 V\u00fdro\u010dn\u00ed zpr\u00e1va 2011\/2012\" \/>\n<meta property=\"og:url\" content=\"https:\/\/www.helloskola.cz\/gymnazium\/o-skole\/dokumenty-skoly\/inspekcni-a-vyrocni-zpravy\/\" \/>\n<meta property=\"og:site_name\" content=\"Gymn\u00e1zium HELLO\" \/>\n<meta property=\"article:modified_time\" content=\"2025-10-20T17:17:13+00:00\" \/>\n<meta property=\"og:image\" content=\"https:\/\/www.helloskola.cz\/gymnazium\/wp-content\/uploads\/sites\/3\/2023\/10\/GYMNAZIUM-HELLO.png\" \/>\n\t<meta property=\"og:image:width\" content=\"1920\" \/>\n\t<meta property=\"og:image:height\" content=\"1080\" \/>\n\t<meta property=\"og:image:type\" content=\"image\/png\" \/>\n<meta name=\"twitter:card\" content=\"summary_large_image\" \/>\n<meta name=\"twitter:label1\" content=\"Odhadovan\u00e1 doba \u010dten\u00ed\" \/>\n\t<meta name=\"twitter:data1\" content=\"1 minuta\" \/>\n<script type=\"application\/ld+json\" class=\"yoast-schema-graph\">{\"@context\":\"https:\/\/schema.org\",\"@graph\":[{\"@type\":\"WebPage\",\"@id\":\"https:\/\/www.helloskola.cz\/gymnazium\/o-skole\/dokumenty-skoly\/inspekcni-a-vyrocni-zpravy\/\",\"url\":\"https:\/\/www.helloskola.cz\/gymnazium\/o-skole\/dokumenty-skoly\/inspekcni-a-vyrocni-zpravy\/\",\"name\":\"Inspek\u010dn\u00ed a V\u00fdro\u010dn\u00ed zpr\u00e1vy | Gymn\u00e1zium HELLO\",\"isPartOf\":{\"@id\":\"https:\/\/www.helloskola.cz\/gymnazium\/#website\"},\"primaryImageOfPage\":{\"@id\":\"https:\/\/www.helloskola.cz\/gymnazium\/o-skole\/dokumenty-skoly\/inspekcni-a-vyrocni-zpravy\/#primaryimage\"},\"image\":{\"@id\":\"https:\/\/www.helloskola.cz\/gymnazium\/o-skole\/dokumenty-skoly\/inspekcni-a-vyrocni-zpravy\/#primaryimage\"},\"thumbnailUrl\":\"https:\/\/www.helloskola.cz\/gymnazium\/wp-content\/uploads\/sites\/3\/2022\/05\/gympl-fallback.png\",\"datePublished\":\"2023-10-22T13:01:49+00:00\",\"dateModified\":\"2025-10-20T17:17:13+00:00\",\"breadcrumb\":{\"@id\":\"https:\/\/www.helloskola.cz\/gymnazium\/o-skole\/dokumenty-skoly\/inspekcni-a-vyrocni-zpravy\/#breadcrumb\"},\"inLanguage\":\"cs\",\"potentialAction\":[{\"@type\":\"ReadAction\",\"target\":[\"https:\/\/www.helloskola.cz\/gymnazium\/o-skole\/dokumenty-skoly\/inspekcni-a-vyrocni-zpravy\/\"]}]},{\"@type\":\"ImageObject\",\"inLanguage\":\"cs\",\"@id\":\"https:\/\/www.helloskola.cz\/gymnazium\/o-skole\/dokumenty-skoly\/inspekcni-a-vyrocni-zpravy\/#primaryimage\",\"url\":\"https:\/\/www.helloskola.cz\/gymnazium\/wp-content\/uploads\/sites\/3\/2022\/05\/gympl-fallback.png\",\"contentUrl\":\"https:\/\/www.helloskola.cz\/gymnazium\/wp-content\/uploads\/sites\/3\/2022\/05\/gympl-fallback.png\",\"width\":933,\"height\":700},{\"@type\":\"BreadcrumbList\",\"@id\":\"https:\/\/www.helloskola.cz\/gymnazium\/o-skole\/dokumenty-skoly\/inspekcni-a-vyrocni-zpravy\/#breadcrumb\",\"itemListElement\":[{\"@type\":\"ListItem\",\"position\":1,\"name\":\"\u00davod\",\"item\":\"https:\/\/www.helloskola.cz\/gymnazium\/\"},{\"@type\":\"ListItem\",\"position\":2,\"name\":\"O \u0161kole\",\"item\":\"https:\/\/www.helloskola.cz\/gymnazium\/o-skole\/\"},{\"@type\":\"ListItem\",\"position\":3,\"name\":\"Dokumenty \u0161koly\",\"item\":\"https:\/\/www.helloskola.cz\/gymnazium\/o-skole\/dokumenty-skoly\/\"},{\"@type\":\"ListItem\",\"position\":4,\"name\":\"Inspek\u010dn\u00ed a V\u00fdro\u010dn\u00ed zpr\u00e1vy\"}]},{\"@type\":\"WebSite\",\"@id\":\"https:\/\/www.helloskola.cz\/gymnazium\/#website\",\"url\":\"https:\/\/www.helloskola.cz\/gymnazium\/\",\"name\":\"Gymn\u00e1zium HELLO\",\"description\":\"St\u0159edn\u00ed \u0161kola s pos\u00edlenou v\u00fdukou ciz\u00edch jazyk\u016f\",\"publisher\":{\"@id\":\"https:\/\/www.helloskola.cz\/gymnazium\/#organization\"},\"potentialAction\":[{\"@type\":\"SearchAction\",\"target\":{\"@type\":\"EntryPoint\",\"urlTemplate\":\"https:\/\/www.helloskola.cz\/gymnazium\/?s={search_term_string}\"},\"query-input\":{\"@type\":\"PropertyValueSpecification\",\"valueRequired\":true,\"valueName\":\"search_term_string\"}}],\"inLanguage\":\"cs\"},{\"@type\":\"Organization\",\"@id\":\"https:\/\/www.helloskola.cz\/gymnazium\/#organization\",\"name\":\"Gymn\u00e1zium Hello\",\"url\":\"https:\/\/www.helloskola.cz\/gymnazium\/\",\"logo\":{\"@type\":\"ImageObject\",\"inLanguage\":\"cs\",\"@id\":\"https:\/\/www.helloskola.cz\/gymnazium\/#\/schema\/logo\/image\/\",\"url\":\"https:\/\/www.helloskola.cz\/gymnazium\/wp-content\/uploads\/sites\/3\/2022\/02\/hello_gy_cmyk-1.svg\",\"contentUrl\":\"https:\/\/www.helloskola.cz\/gymnazium\/wp-content\/uploads\/sites\/3\/2022\/02\/hello_gy_cmyk-1.svg\",\"width\":100,\"height\":100,\"caption\":\"Gymn\u00e1zium Hello\"},\"image\":{\"@id\":\"https:\/\/www.helloskola.cz\/gymnazium\/#\/schema\/logo\/image\/\"}}]}<\/script>\n<!-- \/ Yoast SEO plugin. -->","yoast_head_json":{"title":"Inspek\u010dn\u00ed a V\u00fdro\u010dn\u00ed zpr\u00e1vy | Gymn\u00e1zium HELLO","robots":{"index":"index","follow":"follow","max-snippet":"max-snippet:-1","max-image-preview":"max-image-preview:large","max-video-preview":"max-video-preview:-1"},"canonical":"https:\/\/www.helloskola.cz\/gymnazium\/o-skole\/dokumenty-skoly\/inspekcni-a-vyrocni-zpravy\/","og_locale":"cs_CZ","og_type":"article","og_title":"Inspek\u010dn\u00ed a V\u00fdro\u010dn\u00ed zpr\u00e1vy | Gymn\u00e1zium HELLO","og_description":"V\u00ddRO\u010cN\u00cd ZPR\u00c1VA 2024\/2025 Kompletn\u00ed inspek\u010dn\u00ed zpr\u00e1va V\u00fdro\u010dn\u00ed zpr\u00e1va 2023\/2024 V\u00fdro\u010dn\u00ed zpr\u00e1va 2022\/2023 V\u00fdro\u010dn\u00ed zpr\u00e1va 2021\/2022 V\u00fdro\u010dn\u00ed zpr\u00e1va 2019\/2020 V\u00fdro\u010dn\u00ed zpr\u00e1va 2021\/2022 V\u00fdro\u010dn\u00ed zpr\u00e1va 2020\/2021 V\u00fdro\u010dn\u00ed zpr\u00e1va 2019\/2020 V\u00fdro\u010dn\u00ed zpr\u00e1va 2018\/2019 V\u00fdro\u010dn\u00ed zpr\u00e1va 2016\/2017 V\u00fdro\u010dn\u00ed zpr\u00e1va 2015\/2016 V\u00fdro\u010dn\u00ed zpr\u00e1va 2014\/2015 V\u00fdro\u010dn\u00ed zpr\u00e1va 2013\/2014 V\u00fdro\u010dn\u00ed zpr\u00e1va 2012\/2013 V\u00fdro\u010dn\u00ed zpr\u00e1va 2011\/2012","og_url":"https:\/\/www.helloskola.cz\/gymnazium\/o-skole\/dokumenty-skoly\/inspekcni-a-vyrocni-zpravy\/","og_site_name":"Gymn\u00e1zium HELLO","article_modified_time":"2025-10-20T17:17:13+00:00","og_image":[{"width":1920,"height":1080,"url":"https:\/\/www.helloskola.cz\/gymnazium\/wp-content\/uploads\/sites\/3\/2023\/10\/GYMNAZIUM-HELLO.png","type":"image\/png"}],"twitter_card":"summary_large_image","twitter_misc":{"Odhadovan\u00e1 doba \u010dten\u00ed":"1 minuta"},"schema":{"@context":"https:\/\/schema.org","@graph":[{"@type":"WebPage","@id":"https:\/\/www.helloskola.cz\/gymnazium\/o-skole\/dokumenty-skoly\/inspekcni-a-vyrocni-zpravy\/","url":"https:\/\/www.helloskola.cz\/gymnazium\/o-skole\/dokumenty-skoly\/inspekcni-a-vyrocni-zpravy\/","name":"Inspek\u010dn\u00ed a V\u00fdro\u010dn\u00ed zpr\u00e1vy | Gymn\u00e1zium HELLO","isPartOf":{"@id":"https:\/\/www.helloskola.cz\/gymnazium\/#website"},"primaryImageOfPage":{"@id":"https:\/\/www.helloskola.cz\/gymnazium\/o-skole\/dokumenty-skoly\/inspekcni-a-vyrocni-zpravy\/#primaryimage"},"image":{"@id":"https:\/\/www.helloskola.cz\/gymnazium\/o-skole\/dokumenty-skoly\/inspekcni-a-vyrocni-zpravy\/#primaryimage"},"thumbnailUrl":"https:\/\/www.helloskola.cz\/gymnazium\/wp-content\/uploads\/sites\/3\/2022\/05\/gympl-fallback.png","datePublished":"2023-10-22T13:01:49+00:00","dateModified":"2025-10-20T17:17:13+00:00","breadcrumb":{"@id":"https:\/\/www.helloskola.cz\/gymnazium\/o-skole\/dokumenty-skoly\/inspekcni-a-vyrocni-zpravy\/#breadcrumb"},"inLanguage":"cs","potentialAction":[{"@type":"ReadAction","target":["https:\/\/www.helloskola.cz\/gymnazium\/o-skole\/dokumenty-skoly\/inspekcni-a-vyrocni-zpravy\/"]}]},{"@type":"ImageObject","inLanguage":"cs","@id":"https:\/\/www.helloskola.cz\/gymnazium\/o-skole\/dokumenty-skoly\/inspekcni-a-vyrocni-zpravy\/#primaryimage","url":"https:\/\/www.helloskola.cz\/gymnazium\/wp-content\/uploads\/sites\/3\/2022\/05\/gympl-fallback.png","contentUrl":"https:\/\/www.helloskola.cz\/gymnazium\/wp-content\/uploads\/sites\/3\/2022\/05\/gympl-fallback.png","width":933,"height":700},{"@type":"BreadcrumbList","@id":"https:\/\/www.helloskola.cz\/gymnazium\/o-skole\/dokumenty-skoly\/inspekcni-a-vyrocni-zpravy\/#breadcrumb","itemListElement":[{"@type":"ListItem","position":1,"name":"\u00davod","item":"https:\/\/www.helloskola.cz\/gymnazium\/"},{"@type":"ListItem","position":2,"name":"O \u0161kole","item":"https:\/\/www.helloskola.cz\/gymnazium\/o-skole\/"},{"@type":"ListItem","position":3,"name":"Dokumenty \u0161koly","item":"https:\/\/www.helloskola.cz\/gymnazium\/o-skole\/dokumenty-skoly\/"},{"@type":"ListItem","position":4,"name":"Inspek\u010dn\u00ed a V\u00fdro\u010dn\u00ed zpr\u00e1vy"}]},{"@type":"WebSite","@id":"https:\/\/www.helloskola.cz\/gymnazium\/#website","url":"https:\/\/www.helloskola.cz\/gymnazium\/","name":"Gymn\u00e1zium HELLO","description":"St\u0159edn\u00ed \u0161kola s pos\u00edlenou v\u00fdukou ciz\u00edch jazyk\u016f","publisher":{"@id":"https:\/\/www.helloskola.cz\/gymnazium\/#organization"},"potentialAction":[{"@type":"SearchAction","target":{"@type":"EntryPoint","urlTemplate":"https:\/\/www.helloskola.cz\/gymnazium\/?s={search_term_string}"},"query-input":{"@type":"PropertyValueSpecification","valueRequired":true,"valueName":"search_term_string"}}],"inLanguage":"cs"},{"@type":"Organization","@id":"https:\/\/www.helloskola.cz\/gymnazium\/#organization","name":"Gymn\u00e1zium Hello","url":"https:\/\/www.helloskola.cz\/gymnazium\/","logo":{"@type":"ImageObject","inLanguage":"cs","@id":"https:\/\/www.helloskola.cz\/gymnazium\/#\/schema\/logo\/image\/","url":"https:\/\/www.helloskola.cz\/gymnazium\/wp-content\/uploads\/sites\/3\/2022\/02\/hello_gy_cmyk-1.svg","contentUrl":"https:\/\/www.helloskola.cz\/gymnazium\/wp-content\/uploads\/sites\/3\/2022\/02\/hello_gy_cmyk-1.svg","width":100,"height":100,"caption":"Gymn\u00e1zium Hello"},"image":{"@id":"https:\/\/www.helloskola.cz\/gymnazium\/#\/schema\/logo\/image\/"}}]}},"_links":{"self":[{"href":"https:\/\/www.helloskola.cz\/gymnazium\/wp-json\/wp\/v2\/pages\/4591","targetHints":{"allow":["GET"]}}],"collection":[{"href":"https:\/\/www.helloskola.cz\/gymnazium\/wp-json\/wp\/v2\/pages"}],"about":[{"href":"https:\/\/www.helloskola.cz\/gymnazium\/wp-json\/wp\/v2\/types\/page"}],"author":[{"embeddable":true,"href":"https:\/\/www.helloskola.cz\/gymnazium\/wp-json\/wp\/v2\/users\/3"}],"replies":[{"embeddable":true,"href":"https:\/\/www.helloskola.cz\/gymnazium\/wp-json\/wp\/v2\/comments?post=4591"}],"version-history":[{"count":6,"href":"https:\/\/www.helloskola.cz\/gymnazium\/wp-json\/wp\/v2\/pages\/4591\/revisions"}],"predecessor-version":[{"id":5570,"href":"https:\/\/www.helloskola.cz\/gymnazium\/wp-json\/wp\/v2\/pages\/4591\/revisions\/5570"}],"up":[{"embeddable":true,"href":"https:\/\/www.helloskola.cz\/gymnazium\/wp-json\/wp\/v2\/pages\/695"}],"wp:featuredmedia":[{"embeddable":true,"href":"https:\/\/www.helloskola.cz\/gymnazium\/wp-json\/wp\/v2\/media\/1779"}],"wp:attachment":[{"href":"https:\/\/www.helloskola.cz\/gymnazium\/wp-json\/wp\/v2\/media?parent=4591"}],"curies":[{"name":"wp","href":"https:\/\/api.w.org\/{rel}","templated":true}]}}