{"id":4577,"date":"2023-10-22T14:51:50","date_gmt":"2023-10-22T12:51:50","guid":{"rendered":"https:\/\/www.helloskola.cz\/gymnazium\/?page_id=4577"},"modified":"2023-10-22T15:03:03","modified_gmt":"2023-10-22T13:03:03","slug":"ucebni-plany-trid","status":"publish","type":"page","link":"https:\/\/www.helloskola.cz\/gymnazium\/o-skole\/dokumenty-skoly\/ucebni-plany-trid\/","title":{"rendered":"U\u010debn\u00ed pl\u00e1ny t\u0159\u00edd"},"content":{"rendered":"\n<p><a href=\"https:\/\/www.helloskola.cz\/gymnazium\/wp-content\/uploads\/sites\/3\/2023\/10\/Ucebni_plan_jaz-1-1.pdf\">Jazykov\u00e1 t\u0159\u00edda<\/a><\/p>\n\n\n\n<p><a href=\"https:\/\/www.helloskola.cz\/gymnazium\/wp-content\/uploads\/sites\/3\/2023\/10\/Ucebni_plan_MMIT-1-1.pdf\">T\u0159\u00edda Modern\u00edch m\u00e9di\u00ed a IT (MMIT)<\/a><\/p>\n\n\n\n<p><a href=\"https:\/\/www.helloskola.cz\/gymnazium\/wp-content\/uploads\/sites\/3\/2023\/10\/Ucebni_plan_vseob-1-1.pdf\">V\u0161eobecn\u00e1 t\u0159\u00edda<\/a><\/p>\n\n\n\n<figure class=\"wp-block-image size-large is-resized\"><img fetchpriority=\"high\" decoding=\"async\" src=\"https:\/\/www.helloskola.cz\/gymnazium\/wp-content\/uploads\/sites\/3\/2023\/10\/GYMNAZIUM-HELLO-1-1024x576.png\" alt=\"\" class=\"wp-image-4595\" style=\"width:836px;height:470px\" width=\"836\" height=\"470\" srcset=\"https:\/\/www.helloskola.cz\/gymnazium\/wp-content\/uploads\/sites\/3\/2023\/10\/GYMNAZIUM-HELLO-1-1024x576.png 1024w, https:\/\/www.helloskola.cz\/gymnazium\/wp-content\/uploads\/sites\/3\/2023\/10\/GYMNAZIUM-HELLO-1-300x169.png 300w, https:\/\/www.helloskola.cz\/gymnazium\/wp-content\/uploads\/sites\/3\/2023\/10\/GYMNAZIUM-HELLO-1-768x432.png 768w, https:\/\/www.helloskola.cz\/gymnazium\/wp-content\/uploads\/sites\/3\/2023\/10\/GYMNAZIUM-HELLO-1-1536x864.png 1536w, https:\/\/www.helloskola.cz\/gymnazium\/wp-content\/uploads\/sites\/3\/2023\/10\/GYMNAZIUM-HELLO-1.png 1920w\" sizes=\"(max-width: 836px) 100vw, 836px\" \/><\/figure>\n\n\n\n<figure class=\"wp-block-gallery has-nested-images columns-default is-cropped wp-block-gallery-1 is-layout-flex wp-block-gallery-is-layout-flex\">\n<figure class=\"wp-block-image size-large\"><img decoding=\"async\" width=\"1024\" height=\"683\" data-id=\"4585\" src=\"https:\/\/www.helloskola.cz\/gymnazium\/wp-content\/uploads\/sites\/3\/2023\/10\/82a565c0a4e3ab38629c0d313b73d854-1024x683.jpg\" alt=\"\" class=\"wp-image-4585\" srcset=\"https:\/\/www.helloskola.cz\/gymnazium\/wp-content\/uploads\/sites\/3\/2023\/10\/82a565c0a4e3ab38629c0d313b73d854-1024x683.jpg 1024w, https:\/\/www.helloskola.cz\/gymnazium\/wp-content\/uploads\/sites\/3\/2023\/10\/82a565c0a4e3ab38629c0d313b73d854-300x200.jpg 300w, https:\/\/www.helloskola.cz\/gymnazium\/wp-content\/uploads\/sites\/3\/2023\/10\/82a565c0a4e3ab38629c0d313b73d854-768x512.jpg 768w, https:\/\/www.helloskola.cz\/gymnazium\/wp-content\/uploads\/sites\/3\/2023\/10\/82a565c0a4e3ab38629c0d313b73d854-1536x1024.jpg 1536w, https:\/\/www.helloskola.cz\/gymnazium\/wp-content\/uploads\/sites\/3\/2023\/10\/82a565c0a4e3ab38629c0d313b73d854-2048x1365.jpg 2048w\" sizes=\"(max-width: 1024px) 100vw, 1024px\" \/><figcaption class=\"wp-element-caption\">Jazykov\u00e1 \u0161kola Hello, 11. ledna 2023, Ostrava.<\/figcaption><\/figure>\n\n\n\n<figure class=\"wp-block-image size-large\"><img decoding=\"async\" width=\"1024\" height=\"576\" data-id=\"4581\" src=\"https:\/\/www.helloskola.cz\/gymnazium\/wp-content\/uploads\/sites\/3\/2023\/10\/P1044603.MOV.16_58_51_19.Still001-1024x576.jpg\" alt=\"\" class=\"wp-image-4581\" srcset=\"https:\/\/www.helloskola.cz\/gymnazium\/wp-content\/uploads\/sites\/3\/2023\/10\/P1044603.MOV.16_58_51_19.Still001-1024x576.jpg 1024w, https:\/\/www.helloskola.cz\/gymnazium\/wp-content\/uploads\/sites\/3\/2023\/10\/P1044603.MOV.16_58_51_19.Still001-300x169.jpg 300w, https:\/\/www.helloskola.cz\/gymnazium\/wp-content\/uploads\/sites\/3\/2023\/10\/P1044603.MOV.16_58_51_19.Still001-768x432.jpg 768w, https:\/\/www.helloskola.cz\/gymnazium\/wp-content\/uploads\/sites\/3\/2023\/10\/P1044603.MOV.16_58_51_19.Still001-1536x864.jpg 1536w, https:\/\/www.helloskola.cz\/gymnazium\/wp-content\/uploads\/sites\/3\/2023\/10\/P1044603.MOV.16_58_51_19.Still001-2048x1152.jpg 2048w\" sizes=\"(max-width: 1024px) 100vw, 1024px\" \/><\/figure>\n\n\n\n<figure class=\"wp-block-image size-large\"><img loading=\"lazy\" decoding=\"async\" width=\"1024\" height=\"576\" data-id=\"4582\" src=\"https:\/\/www.helloskola.cz\/gymnazium\/wp-content\/uploads\/sites\/3\/2023\/10\/P1044714.MOV.17_10_51_34.Still001-1024x576.jpg\" alt=\"\" class=\"wp-image-4582\" srcset=\"https:\/\/www.helloskola.cz\/gymnazium\/wp-content\/uploads\/sites\/3\/2023\/10\/P1044714.MOV.17_10_51_34.Still001-1024x576.jpg 1024w, https:\/\/www.helloskola.cz\/gymnazium\/wp-content\/uploads\/sites\/3\/2023\/10\/P1044714.MOV.17_10_51_34.Still001-300x169.jpg 300w, https:\/\/www.helloskola.cz\/gymnazium\/wp-content\/uploads\/sites\/3\/2023\/10\/P1044714.MOV.17_10_51_34.Still001-768x432.jpg 768w, https:\/\/www.helloskola.cz\/gymnazium\/wp-content\/uploads\/sites\/3\/2023\/10\/P1044714.MOV.17_10_51_34.Still001-1536x864.jpg 1536w, https:\/\/www.helloskola.cz\/gymnazium\/wp-content\/uploads\/sites\/3\/2023\/10\/P1044714.MOV.17_10_51_34.Still001-2048x1152.jpg 2048w\" sizes=\"(max-width: 1024px) 100vw, 1024px\" \/><\/figure>\n\n\n\n<figure class=\"wp-block-image size-large\"><img loading=\"lazy\" decoding=\"async\" width=\"1024\" height=\"683\" data-id=\"4583\" src=\"https:\/\/www.helloskola.cz\/gymnazium\/wp-content\/uploads\/sites\/3\/2023\/10\/IMG_9377-1024x683.jpg\" alt=\"\" class=\"wp-image-4583\" srcset=\"https:\/\/www.helloskola.cz\/gymnazium\/wp-content\/uploads\/sites\/3\/2023\/10\/IMG_9377-1024x683.jpg 1024w, https:\/\/www.helloskola.cz\/gymnazium\/wp-content\/uploads\/sites\/3\/2023\/10\/IMG_9377-300x200.jpg 300w, https:\/\/www.helloskola.cz\/gymnazium\/wp-content\/uploads\/sites\/3\/2023\/10\/IMG_9377-768x512.jpg 768w, https:\/\/www.helloskola.cz\/gymnazium\/wp-content\/uploads\/sites\/3\/2023\/10\/IMG_9377-1536x1024.jpg 1536w, https:\/\/www.helloskola.cz\/gymnazium\/wp-content\/uploads\/sites\/3\/2023\/10\/IMG_9377-2048x1365.jpg 2048w\" sizes=\"(max-width: 1024px) 100vw, 1024px\" \/><\/figure>\n\n\n\n<figure class=\"wp-block-image size-large\"><img loading=\"lazy\" decoding=\"async\" width=\"1024\" height=\"768\" data-id=\"4584\" src=\"https:\/\/www.helloskola.cz\/gymnazium\/wp-content\/uploads\/sites\/3\/2023\/10\/20230626_114832-1024x768.jpg\" alt=\"\" class=\"wp-image-4584\" srcset=\"https:\/\/www.helloskola.cz\/gymnazium\/wp-content\/uploads\/sites\/3\/2023\/10\/20230626_114832-1024x768.jpg 1024w, https:\/\/www.helloskola.cz\/gymnazium\/wp-content\/uploads\/sites\/3\/2023\/10\/20230626_114832-300x225.jpg 300w, https:\/\/www.helloskola.cz\/gymnazium\/wp-content\/uploads\/sites\/3\/2023\/10\/20230626_114832-768x576.jpg 768w, https:\/\/www.helloskola.cz\/gymnazium\/wp-content\/uploads\/sites\/3\/2023\/10\/20230626_114832-1536x1152.jpg 1536w, https:\/\/www.helloskola.cz\/gymnazium\/wp-content\/uploads\/sites\/3\/2023\/10\/20230626_114832-2048x1536.jpg 2048w\" sizes=\"(max-width: 1024px) 100vw, 1024px\" \/><\/figure>\n\n\n\n<figure class=\"wp-block-image size-large\"><img loading=\"lazy\" decoding=\"async\" width=\"1024\" height=\"1024\" data-id=\"4580\" src=\"https:\/\/www.helloskola.cz\/gymnazium\/wp-content\/uploads\/sites\/3\/2023\/10\/340089707_740586384202453_3248167411974152640_n-1024x1024.jpg\" alt=\"\" class=\"wp-image-4580\" srcset=\"https:\/\/www.helloskola.cz\/gymnazium\/wp-content\/uploads\/sites\/3\/2023\/10\/340089707_740586384202453_3248167411974152640_n-1024x1024.jpg 1024w, https:\/\/www.helloskola.cz\/gymnazium\/wp-content\/uploads\/sites\/3\/2023\/10\/340089707_740586384202453_3248167411974152640_n-300x300.jpg 300w, https:\/\/www.helloskola.cz\/gymnazium\/wp-content\/uploads\/sites\/3\/2023\/10\/340089707_740586384202453_3248167411974152640_n-150x150.jpg 150w, https:\/\/www.helloskola.cz\/gymnazium\/wp-content\/uploads\/sites\/3\/2023\/10\/340089707_740586384202453_3248167411974152640_n-768x768.jpg 768w, https:\/\/www.helloskola.cz\/gymnazium\/wp-content\/uploads\/sites\/3\/2023\/10\/340089707_740586384202453_3248167411974152640_n.jpg 1440w\" sizes=\"(max-width: 1024px) 100vw, 1024px\" \/><\/figure>\n<\/figure>\n\n\n\n<p><strong>\u0160koln\u00ed vzd\u011bl\u00e1vac\u00ed program je ve\u0159ejn\u011b k&nbsp;dispozici na sekretari\u00e1t\u011b \u0161koly ka\u017ed\u00fd den od 7,00 do 13,00 hod v&nbsp;dob\u011b \u0161koln\u00ed v\u00fduky.<\/strong><\/p>\n","protected":false},"excerpt":{"rendered":"<p>Jazykov\u00e1 t\u0159\u00edda T\u0159\u00edda Modern\u00edch m\u00e9di\u00ed a IT (MMIT) V\u0161eobecn\u00e1 t\u0159\u00edda \u0160koln\u00ed vzd\u011bl\u00e1vac\u00ed program je ve\u0159ejn\u011b k&nbsp;dispozici na sekretari\u00e1t\u011b \u0161koly ka\u017ed\u00fd den od 7,00 do 13,00 hod v&nbsp;dob\u011b \u0161koln\u00ed v\u00fduky.<\/p>\n","protected":false},"author":3,"featured_media":1779,"parent":695,"menu_order":0,"comment_status":"closed","ping_status":"closed","template":"","meta":{"footnotes":""},"class_list":["post-4577","page","type-page","status-publish","has-post-thumbnail","hentry"],"yoast_head":"<!-- This site is optimized with the Yoast SEO plugin v24.8.1 - https:\/\/yoast.com\/wordpress\/plugins\/seo\/ -->\n<title>U\u010debn\u00ed pl\u00e1ny t\u0159\u00edd | Gymn\u00e1zium HELLO<\/title>\n<meta name=\"robots\" content=\"index, follow, max-snippet:-1, max-image-preview:large, max-video-preview:-1\" \/>\n<link rel=\"canonical\" href=\"https:\/\/www.helloskola.cz\/gymnazium\/o-skole\/dokumenty-skoly\/ucebni-plany-trid\/\" \/>\n<meta property=\"og:locale\" content=\"cs_CZ\" \/>\n<meta property=\"og:type\" content=\"article\" \/>\n<meta property=\"og:title\" content=\"U\u010debn\u00ed pl\u00e1ny t\u0159\u00edd | Gymn\u00e1zium HELLO\" \/>\n<meta property=\"og:description\" content=\"Jazykov\u00e1 t\u0159\u00edda T\u0159\u00edda Modern\u00edch m\u00e9di\u00ed a IT (MMIT) V\u0161eobecn\u00e1 t\u0159\u00edda \u0160koln\u00ed vzd\u011bl\u00e1vac\u00ed program je ve\u0159ejn\u011b k&nbsp;dispozici na sekretari\u00e1t\u011b \u0161koly ka\u017ed\u00fd den od 7,00 do 13,00 hod v&nbsp;dob\u011b \u0161koln\u00ed v\u00fduky.\" \/>\n<meta property=\"og:url\" content=\"https:\/\/www.helloskola.cz\/gymnazium\/o-skole\/dokumenty-skoly\/ucebni-plany-trid\/\" \/>\n<meta property=\"og:site_name\" content=\"Gymn\u00e1zium HELLO\" \/>\n<meta property=\"article:modified_time\" content=\"2023-10-22T13:03:03+00:00\" \/>\n<meta property=\"og:image\" content=\"https:\/\/www.helloskola.cz\/gymnazium\/wp-content\/uploads\/sites\/3\/2023\/10\/GYMNAZIUM-HELLO-1-1024x576.png\" \/>\n<meta name=\"twitter:card\" content=\"summary_large_image\" \/>\n<meta name=\"twitter:label1\" content=\"Odhadovan\u00e1 doba \u010dten\u00ed\" \/>\n\t<meta name=\"twitter:data1\" content=\"2 minuty\" \/>\n<script type=\"application\/ld+json\" class=\"yoast-schema-graph\">{\"@context\":\"https:\/\/schema.org\",\"@graph\":[{\"@type\":\"WebPage\",\"@id\":\"https:\/\/www.helloskola.cz\/gymnazium\/o-skole\/dokumenty-skoly\/ucebni-plany-trid\/\",\"url\":\"https:\/\/www.helloskola.cz\/gymnazium\/o-skole\/dokumenty-skoly\/ucebni-plany-trid\/\",\"name\":\"U\u010debn\u00ed pl\u00e1ny t\u0159\u00edd | Gymn\u00e1zium HELLO\",\"isPartOf\":{\"@id\":\"https:\/\/www.helloskola.cz\/gymnazium\/#website\"},\"primaryImageOfPage\":{\"@id\":\"https:\/\/www.helloskola.cz\/gymnazium\/o-skole\/dokumenty-skoly\/ucebni-plany-trid\/#primaryimage\"},\"image\":{\"@id\":\"https:\/\/www.helloskola.cz\/gymnazium\/o-skole\/dokumenty-skoly\/ucebni-plany-trid\/#primaryimage\"},\"thumbnailUrl\":\"https:\/\/www.helloskola.cz\/gymnazium\/wp-content\/uploads\/sites\/3\/2022\/05\/gympl-fallback.png\",\"datePublished\":\"2023-10-22T12:51:50+00:00\",\"dateModified\":\"2023-10-22T13:03:03+00:00\",\"breadcrumb\":{\"@id\":\"https:\/\/www.helloskola.cz\/gymnazium\/o-skole\/dokumenty-skoly\/ucebni-plany-trid\/#breadcrumb\"},\"inLanguage\":\"cs\",\"potentialAction\":[{\"@type\":\"ReadAction\",\"target\":[\"https:\/\/www.helloskola.cz\/gymnazium\/o-skole\/dokumenty-skoly\/ucebni-plany-trid\/\"]}]},{\"@type\":\"ImageObject\",\"inLanguage\":\"cs\",\"@id\":\"https:\/\/www.helloskola.cz\/gymnazium\/o-skole\/dokumenty-skoly\/ucebni-plany-trid\/#primaryimage\",\"url\":\"https:\/\/www.helloskola.cz\/gymnazium\/wp-content\/uploads\/sites\/3\/2022\/05\/gympl-fallback.png\",\"contentUrl\":\"https:\/\/www.helloskola.cz\/gymnazium\/wp-content\/uploads\/sites\/3\/2022\/05\/gympl-fallback.png\",\"width\":933,\"height\":700},{\"@type\":\"BreadcrumbList\",\"@id\":\"https:\/\/www.helloskola.cz\/gymnazium\/o-skole\/dokumenty-skoly\/ucebni-plany-trid\/#breadcrumb\",\"itemListElement\":[{\"@type\":\"ListItem\",\"position\":1,\"name\":\"\u00davod\",\"item\":\"https:\/\/www.helloskola.cz\/gymnazium\/\"},{\"@type\":\"ListItem\",\"position\":2,\"name\":\"O \u0161kole\",\"item\":\"https:\/\/www.helloskola.cz\/gymnazium\/o-skole\/\"},{\"@type\":\"ListItem\",\"position\":3,\"name\":\"Dokumenty \u0161koly\",\"item\":\"https:\/\/www.helloskola.cz\/gymnazium\/o-skole\/dokumenty-skoly\/\"},{\"@type\":\"ListItem\",\"position\":4,\"name\":\"U\u010debn\u00ed pl\u00e1ny t\u0159\u00edd\"}]},{\"@type\":\"WebSite\",\"@id\":\"https:\/\/www.helloskola.cz\/gymnazium\/#website\",\"url\":\"https:\/\/www.helloskola.cz\/gymnazium\/\",\"name\":\"Gymn\u00e1zium HELLO\",\"description\":\"St\u0159edn\u00ed \u0161kola s pos\u00edlenou v\u00fdukou ciz\u00edch jazyk\u016f\",\"publisher\":{\"@id\":\"https:\/\/www.helloskola.cz\/gymnazium\/#organization\"},\"potentialAction\":[{\"@type\":\"SearchAction\",\"target\":{\"@type\":\"EntryPoint\",\"urlTemplate\":\"https:\/\/www.helloskola.cz\/gymnazium\/?s={search_term_string}\"},\"query-input\":{\"@type\":\"PropertyValueSpecification\",\"valueRequired\":true,\"valueName\":\"search_term_string\"}}],\"inLanguage\":\"cs\"},{\"@type\":\"Organization\",\"@id\":\"https:\/\/www.helloskola.cz\/gymnazium\/#organization\",\"name\":\"Gymn\u00e1zium Hello\",\"url\":\"https:\/\/www.helloskola.cz\/gymnazium\/\",\"logo\":{\"@type\":\"ImageObject\",\"inLanguage\":\"cs\",\"@id\":\"https:\/\/www.helloskola.cz\/gymnazium\/#\/schema\/logo\/image\/\",\"url\":\"https:\/\/www.helloskola.cz\/gymnazium\/wp-content\/uploads\/sites\/3\/2022\/02\/hello_gy_cmyk-1.svg\",\"contentUrl\":\"https:\/\/www.helloskola.cz\/gymnazium\/wp-content\/uploads\/sites\/3\/2022\/02\/hello_gy_cmyk-1.svg\",\"width\":100,\"height\":100,\"caption\":\"Gymn\u00e1zium Hello\"},\"image\":{\"@id\":\"https:\/\/www.helloskola.cz\/gymnazium\/#\/schema\/logo\/image\/\"}}]}<\/script>\n<!-- \/ Yoast SEO plugin. -->","yoast_head_json":{"title":"U\u010debn\u00ed pl\u00e1ny t\u0159\u00edd | Gymn\u00e1zium HELLO","robots":{"index":"index","follow":"follow","max-snippet":"max-snippet:-1","max-image-preview":"max-image-preview:large","max-video-preview":"max-video-preview:-1"},"canonical":"https:\/\/www.helloskola.cz\/gymnazium\/o-skole\/dokumenty-skoly\/ucebni-plany-trid\/","og_locale":"cs_CZ","og_type":"article","og_title":"U\u010debn\u00ed pl\u00e1ny t\u0159\u00edd | Gymn\u00e1zium HELLO","og_description":"Jazykov\u00e1 t\u0159\u00edda T\u0159\u00edda Modern\u00edch m\u00e9di\u00ed a IT (MMIT) V\u0161eobecn\u00e1 t\u0159\u00edda \u0160koln\u00ed vzd\u011bl\u00e1vac\u00ed program je ve\u0159ejn\u011b k&nbsp;dispozici na sekretari\u00e1t\u011b \u0161koly ka\u017ed\u00fd den od 7,00 do 13,00 hod v&nbsp;dob\u011b \u0161koln\u00ed v\u00fduky.","og_url":"https:\/\/www.helloskola.cz\/gymnazium\/o-skole\/dokumenty-skoly\/ucebni-plany-trid\/","og_site_name":"Gymn\u00e1zium HELLO","article_modified_time":"2023-10-22T13:03:03+00:00","og_image":[{"url":"https:\/\/www.helloskola.cz\/gymnazium\/wp-content\/uploads\/sites\/3\/2023\/10\/GYMNAZIUM-HELLO-1-1024x576.png","type":"","width":"","height":""}],"twitter_card":"summary_large_image","twitter_misc":{"Odhadovan\u00e1 doba \u010dten\u00ed":"2 minuty"},"schema":{"@context":"https:\/\/schema.org","@graph":[{"@type":"WebPage","@id":"https:\/\/www.helloskola.cz\/gymnazium\/o-skole\/dokumenty-skoly\/ucebni-plany-trid\/","url":"https:\/\/www.helloskola.cz\/gymnazium\/o-skole\/dokumenty-skoly\/ucebni-plany-trid\/","name":"U\u010debn\u00ed pl\u00e1ny t\u0159\u00edd | Gymn\u00e1zium HELLO","isPartOf":{"@id":"https:\/\/www.helloskola.cz\/gymnazium\/#website"},"primaryImageOfPage":{"@id":"https:\/\/www.helloskola.cz\/gymnazium\/o-skole\/dokumenty-skoly\/ucebni-plany-trid\/#primaryimage"},"image":{"@id":"https:\/\/www.helloskola.cz\/gymnazium\/o-skole\/dokumenty-skoly\/ucebni-plany-trid\/#primaryimage"},"thumbnailUrl":"https:\/\/www.helloskola.cz\/gymnazium\/wp-content\/uploads\/sites\/3\/2022\/05\/gympl-fallback.png","datePublished":"2023-10-22T12:51:50+00:00","dateModified":"2023-10-22T13:03:03+00:00","breadcrumb":{"@id":"https:\/\/www.helloskola.cz\/gymnazium\/o-skole\/dokumenty-skoly\/ucebni-plany-trid\/#breadcrumb"},"inLanguage":"cs","potentialAction":[{"@type":"ReadAction","target":["https:\/\/www.helloskola.cz\/gymnazium\/o-skole\/dokumenty-skoly\/ucebni-plany-trid\/"]}]},{"@type":"ImageObject","inLanguage":"cs","@id":"https:\/\/www.helloskola.cz\/gymnazium\/o-skole\/dokumenty-skoly\/ucebni-plany-trid\/#primaryimage","url":"https:\/\/www.helloskola.cz\/gymnazium\/wp-content\/uploads\/sites\/3\/2022\/05\/gympl-fallback.png","contentUrl":"https:\/\/www.helloskola.cz\/gymnazium\/wp-content\/uploads\/sites\/3\/2022\/05\/gympl-fallback.png","width":933,"height":700},{"@type":"BreadcrumbList","@id":"https:\/\/www.helloskola.cz\/gymnazium\/o-skole\/dokumenty-skoly\/ucebni-plany-trid\/#breadcrumb","itemListElement":[{"@type":"ListItem","position":1,"name":"\u00davod","item":"https:\/\/www.helloskola.cz\/gymnazium\/"},{"@type":"ListItem","position":2,"name":"O \u0161kole","item":"https:\/\/www.helloskola.cz\/gymnazium\/o-skole\/"},{"@type":"ListItem","position":3,"name":"Dokumenty \u0161koly","item":"https:\/\/www.helloskola.cz\/gymnazium\/o-skole\/dokumenty-skoly\/"},{"@type":"ListItem","position":4,"name":"U\u010debn\u00ed pl\u00e1ny t\u0159\u00edd"}]},{"@type":"WebSite","@id":"https:\/\/www.helloskola.cz\/gymnazium\/#website","url":"https:\/\/www.helloskola.cz\/gymnazium\/","name":"Gymn\u00e1zium HELLO","description":"St\u0159edn\u00ed \u0161kola s pos\u00edlenou v\u00fdukou ciz\u00edch jazyk\u016f","publisher":{"@id":"https:\/\/www.helloskola.cz\/gymnazium\/#organization"},"potentialAction":[{"@type":"SearchAction","target":{"@type":"EntryPoint","urlTemplate":"https:\/\/www.helloskola.cz\/gymnazium\/?s={search_term_string}"},"query-input":{"@type":"PropertyValueSpecification","valueRequired":true,"valueName":"search_term_string"}}],"inLanguage":"cs"},{"@type":"Organization","@id":"https:\/\/www.helloskola.cz\/gymnazium\/#organization","name":"Gymn\u00e1zium Hello","url":"https:\/\/www.helloskola.cz\/gymnazium\/","logo":{"@type":"ImageObject","inLanguage":"cs","@id":"https:\/\/www.helloskola.cz\/gymnazium\/#\/schema\/logo\/image\/","url":"https:\/\/www.helloskola.cz\/gymnazium\/wp-content\/uploads\/sites\/3\/2022\/02\/hello_gy_cmyk-1.svg","contentUrl":"https:\/\/www.helloskola.cz\/gymnazium\/wp-content\/uploads\/sites\/3\/2022\/02\/hello_gy_cmyk-1.svg","width":100,"height":100,"caption":"Gymn\u00e1zium Hello"},"image":{"@id":"https:\/\/www.helloskola.cz\/gymnazium\/#\/schema\/logo\/image\/"}}]}},"_links":{"self":[{"href":"https:\/\/www.helloskola.cz\/gymnazium\/wp-json\/wp\/v2\/pages\/4577","targetHints":{"allow":["GET"]}}],"collection":[{"href":"https:\/\/www.helloskola.cz\/gymnazium\/wp-json\/wp\/v2\/pages"}],"about":[{"href":"https:\/\/www.helloskola.cz\/gymnazium\/wp-json\/wp\/v2\/types\/page"}],"author":[{"embeddable":true,"href":"https:\/\/www.helloskola.cz\/gymnazium\/wp-json\/wp\/v2\/users\/3"}],"replies":[{"embeddable":true,"href":"https:\/\/www.helloskola.cz\/gymnazium\/wp-json\/wp\/v2\/comments?post=4577"}],"version-history":[{"count":5,"href":"https:\/\/www.helloskola.cz\/gymnazium\/wp-json\/wp\/v2\/pages\/4577\/revisions"}],"predecessor-version":[{"id":4597,"href":"https:\/\/www.helloskola.cz\/gymnazium\/wp-json\/wp\/v2\/pages\/4577\/revisions\/4597"}],"up":[{"embeddable":true,"href":"https:\/\/www.helloskola.cz\/gymnazium\/wp-json\/wp\/v2\/pages\/695"}],"wp:featuredmedia":[{"embeddable":true,"href":"https:\/\/www.helloskola.cz\/gymnazium\/wp-json\/wp\/v2\/media\/1779"}],"wp:attachment":[{"href":"https:\/\/www.helloskola.cz\/gymnazium\/wp-json\/wp\/v2\/media?parent=4577"}],"curies":[{"name":"wp","href":"https:\/\/api.w.org\/{rel}","templated":true}]}}