{"id":4391,"date":"2023-08-25T14:45:08","date_gmt":"2023-08-25T12:45:08","guid":{"rendered":"https:\/\/www.helloskola.cz\/gymnazium\/?page_id=4391"},"modified":"2023-08-25T14:46:50","modified_gmt":"2023-08-25T12:46:50","slug":"gymnazium-hello-2022","status":"publish","type":"page","link":"https:\/\/www.helloskola.cz\/gymnazium\/projekty\/sablony-gymnazium-hello\/gymnazium-hello-2022\/","title":{"rendered":"Gymn\u00e1zium Hello 2022"},"content":{"rendered":"\n<p><strong>Gymn\u00e1zium Hello&nbsp;2022 &#8211; \u0161ablony OP&nbsp;JAK&nbsp;<\/strong><\/p>\n\n\n\n<p><strong>Registra\u010dn\u00ed \u010d\u00edslo:&nbsp;CZ.02.02.XX\/00\/22_003\/0002936<\/strong><\/p>\n\n\n\n<p><strong>Obdob\u00ed realizace: 1.10.2022 &#8211; 30.9.2024<\/strong><\/p>\n\n\n\n<p>Projekt\u00a0gymn\u00e1zia v r\u00e1mci Opera\u010dn\u00edho programu Jan Amos Komensk\u00fd byl zah\u00e1jen v \u0159\u00edjnu 2022. Zam\u011b\u0159uje se p\u0159edev\u0161\u00edm na\u00a0podporu student\u016f formou\u00a0inovativn\u00edho\u00a0vzd\u011bl\u00e1v\u00e1n\u00ed\u00a0a to vyu\u017eit\u00edm modern\u00edch a atraktivn\u00edch forem v\u00fduky\u00a0jak\u00a0ve \u0161kole, tak mimo \u0161kolu a\u00a0tak\u00e9\u00a0zapojen\u00edm odborn\u00edk\u016f\u00a0s c\u00edlem propojit teorii s prax\u00ed, vid\u011bt v\u011bci z jin\u00e9ho \u00fahlu a odn\u00e9st si ze \u0161koly z\u00e1\u017eitek, kter\u00fd p\u0159etrv\u00e1.\u00a0V pr\u016fb\u011bhu \u0161koln\u00edho roku se takto pojat\u00fdch program\u016f a aktivit \u00fa\u010dastnili s r\u016fznou intenzitou\u00a0v\u0161ichni studenti nap\u0159\u00ed\u010d ro\u010dn\u00edky.\u00a0\u00a0<\/p>\n\n\n\n<figure class=\"wp-block-image size-large\"><img fetchpriority=\"high\" decoding=\"async\" width=\"1024\" height=\"148\" src=\"https:\/\/www.helloskola.cz\/gymnazium\/wp-content\/uploads\/sites\/3\/2023\/08\/EUMSMT-Barevne-1024x148.png\" alt=\"\" class=\"wp-image-4395\" srcset=\"https:\/\/www.helloskola.cz\/gymnazium\/wp-content\/uploads\/sites\/3\/2023\/08\/EUMSMT-Barevne-1024x148.png 1024w, https:\/\/www.helloskola.cz\/gymnazium\/wp-content\/uploads\/sites\/3\/2023\/08\/EUMSMT-Barevne-300x43.png 300w, https:\/\/www.helloskola.cz\/gymnazium\/wp-content\/uploads\/sites\/3\/2023\/08\/EUMSMT-Barevne-768x111.png 768w, https:\/\/www.helloskola.cz\/gymnazium\/wp-content\/uploads\/sites\/3\/2023\/08\/EUMSMT-Barevne-1536x222.png 1536w, https:\/\/www.helloskola.cz\/gymnazium\/wp-content\/uploads\/sites\/3\/2023\/08\/EUMSMT-Barevne-2048x296.png 2048w\" sizes=\"(max-width: 1024px) 100vw, 1024px\" \/><\/figure>\n","protected":false},"excerpt":{"rendered":"<p>Gymn\u00e1zium Hello&nbsp;2022 &#8211; \u0161ablony OP&nbsp;JAK&nbsp; Registra\u010dn\u00ed \u010d\u00edslo:&nbsp;CZ.02.02.XX\/00\/22_003\/0002936 Obdob\u00ed realizace: 1.10.2022 &#8211; 30.9.2024 Projekt\u00a0gymn\u00e1zia v r\u00e1mci Opera\u010dn\u00edho programu Jan Amos Komensk\u00fd byl zah\u00e1jen v \u0159\u00edjnu 2022. Zam\u011b\u0159uje se p\u0159edev\u0161\u00edm na\u00a0podporu student\u016f formou\u00a0inovativn\u00edho\u00a0vzd\u011bl\u00e1v\u00e1n\u00ed\u00a0a to vyu\u017eit\u00edm modern\u00edch a atraktivn\u00edch forem v\u00fduky\u00a0jak\u00a0ve \u0161kole, tak mimo \u0161kolu a\u00a0tak\u00e9\u00a0zapojen\u00edm odborn\u00edk\u016f\u00a0s c\u00edlem propojit teorii s prax\u00ed, vid\u011bt v\u011bci z jin\u00e9ho \u00fahlu a [&hellip;]<\/p>\n","protected":false},"author":3,"featured_media":1779,"parent":1130,"menu_order":0,"comment_status":"closed","ping_status":"closed","template":"","meta":{"footnotes":""},"class_list":["post-4391","page","type-page","status-publish","has-post-thumbnail","hentry"],"yoast_head":"<!-- This site is optimized with the Yoast SEO plugin v24.8.1 - https:\/\/yoast.com\/wordpress\/plugins\/seo\/ -->\n<title>Gymn\u00e1zium Hello 2022 | Gymn\u00e1zium HELLO<\/title>\n<meta name=\"robots\" content=\"index, follow, max-snippet:-1, max-image-preview:large, max-video-preview:-1\" \/>\n<link rel=\"canonical\" href=\"https:\/\/www.helloskola.cz\/gymnazium\/projekty\/sablony-gymnazium-hello\/gymnazium-hello-2022\/\" \/>\n<meta property=\"og:locale\" content=\"cs_CZ\" \/>\n<meta property=\"og:type\" content=\"article\" \/>\n<meta property=\"og:title\" content=\"Gymn\u00e1zium Hello 2022 | Gymn\u00e1zium HELLO\" \/>\n<meta property=\"og:description\" content=\"Gymn\u00e1zium Hello&nbsp;2022 &#8211; \u0161ablony OP&nbsp;JAK&nbsp; Registra\u010dn\u00ed \u010d\u00edslo:&nbsp;CZ.02.02.XX\/00\/22_003\/0002936 Obdob\u00ed realizace: 1.10.2022 &#8211; 30.9.2024 Projekt\u00a0gymn\u00e1zia v r\u00e1mci Opera\u010dn\u00edho programu Jan Amos Komensk\u00fd byl zah\u00e1jen v \u0159\u00edjnu 2022. Zam\u011b\u0159uje se p\u0159edev\u0161\u00edm na\u00a0podporu student\u016f formou\u00a0inovativn\u00edho\u00a0vzd\u011bl\u00e1v\u00e1n\u00ed\u00a0a to vyu\u017eit\u00edm modern\u00edch a atraktivn\u00edch forem v\u00fduky\u00a0jak\u00a0ve \u0161kole, tak mimo \u0161kolu a\u00a0tak\u00e9\u00a0zapojen\u00edm odborn\u00edk\u016f\u00a0s c\u00edlem propojit teorii s prax\u00ed, vid\u011bt v\u011bci z jin\u00e9ho \u00fahlu a [&hellip;]\" \/>\n<meta property=\"og:url\" content=\"https:\/\/www.helloskola.cz\/gymnazium\/projekty\/sablony-gymnazium-hello\/gymnazium-hello-2022\/\" \/>\n<meta property=\"og:site_name\" content=\"Gymn\u00e1zium HELLO\" \/>\n<meta property=\"article:modified_time\" content=\"2023-08-25T12:46:50+00:00\" \/>\n<meta property=\"og:image\" content=\"https:\/\/www.helloskola.cz\/gymnazium\/wp-content\/uploads\/sites\/3\/2023\/08\/EUMSMT-Barevne-1024x148.png\" \/>\n<meta name=\"twitter:card\" content=\"summary_large_image\" \/>\n<meta name=\"twitter:label1\" content=\"Odhadovan\u00e1 doba \u010dten\u00ed\" \/>\n\t<meta name=\"twitter:data1\" content=\"1 minuta\" \/>\n<script type=\"application\/ld+json\" class=\"yoast-schema-graph\">{\"@context\":\"https:\/\/schema.org\",\"@graph\":[{\"@type\":\"WebPage\",\"@id\":\"https:\/\/www.helloskola.cz\/gymnazium\/projekty\/sablony-gymnazium-hello\/gymnazium-hello-2022\/\",\"url\":\"https:\/\/www.helloskola.cz\/gymnazium\/projekty\/sablony-gymnazium-hello\/gymnazium-hello-2022\/\",\"name\":\"Gymn\u00e1zium Hello 2022 | Gymn\u00e1zium HELLO\",\"isPartOf\":{\"@id\":\"https:\/\/www.helloskola.cz\/gymnazium\/#website\"},\"primaryImageOfPage\":{\"@id\":\"https:\/\/www.helloskola.cz\/gymnazium\/projekty\/sablony-gymnazium-hello\/gymnazium-hello-2022\/#primaryimage\"},\"image\":{\"@id\":\"https:\/\/www.helloskola.cz\/gymnazium\/projekty\/sablony-gymnazium-hello\/gymnazium-hello-2022\/#primaryimage\"},\"thumbnailUrl\":\"https:\/\/www.helloskola.cz\/gymnazium\/wp-content\/uploads\/sites\/3\/2022\/05\/gympl-fallback.png\",\"datePublished\":\"2023-08-25T12:45:08+00:00\",\"dateModified\":\"2023-08-25T12:46:50+00:00\",\"breadcrumb\":{\"@id\":\"https:\/\/www.helloskola.cz\/gymnazium\/projekty\/sablony-gymnazium-hello\/gymnazium-hello-2022\/#breadcrumb\"},\"inLanguage\":\"cs\",\"potentialAction\":[{\"@type\":\"ReadAction\",\"target\":[\"https:\/\/www.helloskola.cz\/gymnazium\/projekty\/sablony-gymnazium-hello\/gymnazium-hello-2022\/\"]}]},{\"@type\":\"ImageObject\",\"inLanguage\":\"cs\",\"@id\":\"https:\/\/www.helloskola.cz\/gymnazium\/projekty\/sablony-gymnazium-hello\/gymnazium-hello-2022\/#primaryimage\",\"url\":\"https:\/\/www.helloskola.cz\/gymnazium\/wp-content\/uploads\/sites\/3\/2022\/05\/gympl-fallback.png\",\"contentUrl\":\"https:\/\/www.helloskola.cz\/gymnazium\/wp-content\/uploads\/sites\/3\/2022\/05\/gympl-fallback.png\",\"width\":933,\"height\":700},{\"@type\":\"BreadcrumbList\",\"@id\":\"https:\/\/www.helloskola.cz\/gymnazium\/projekty\/sablony-gymnazium-hello\/gymnazium-hello-2022\/#breadcrumb\",\"itemListElement\":[{\"@type\":\"ListItem\",\"position\":1,\"name\":\"\u00davod\",\"item\":\"https:\/\/www.helloskola.cz\/gymnazium\/\"},{\"@type\":\"ListItem\",\"position\":2,\"name\":\"Projekty\",\"item\":\"https:\/\/www.helloskola.cz\/gymnazium\/projekty\/\"},{\"@type\":\"ListItem\",\"position\":3,\"name\":\"Projekty realizovan\u00e9 s podporou EU &#8211; \u0161ablony\",\"item\":\"https:\/\/www.helloskola.cz\/gymnazium\/projekty\/sablony-gymnazium-hello\/\"},{\"@type\":\"ListItem\",\"position\":4,\"name\":\"Gymn\u00e1zium Hello 2022\"}]},{\"@type\":\"WebSite\",\"@id\":\"https:\/\/www.helloskola.cz\/gymnazium\/#website\",\"url\":\"https:\/\/www.helloskola.cz\/gymnazium\/\",\"name\":\"Gymn\u00e1zium HELLO\",\"description\":\"St\u0159edn\u00ed \u0161kola s pos\u00edlenou v\u00fdukou ciz\u00edch jazyk\u016f\",\"publisher\":{\"@id\":\"https:\/\/www.helloskola.cz\/gymnazium\/#organization\"},\"potentialAction\":[{\"@type\":\"SearchAction\",\"target\":{\"@type\":\"EntryPoint\",\"urlTemplate\":\"https:\/\/www.helloskola.cz\/gymnazium\/?s={search_term_string}\"},\"query-input\":{\"@type\":\"PropertyValueSpecification\",\"valueRequired\":true,\"valueName\":\"search_term_string\"}}],\"inLanguage\":\"cs\"},{\"@type\":\"Organization\",\"@id\":\"https:\/\/www.helloskola.cz\/gymnazium\/#organization\",\"name\":\"Gymn\u00e1zium Hello\",\"url\":\"https:\/\/www.helloskola.cz\/gymnazium\/\",\"logo\":{\"@type\":\"ImageObject\",\"inLanguage\":\"cs\",\"@id\":\"https:\/\/www.helloskola.cz\/gymnazium\/#\/schema\/logo\/image\/\",\"url\":\"https:\/\/www.helloskola.cz\/gymnazium\/wp-content\/uploads\/sites\/3\/2022\/02\/hello_gy_cmyk-1.svg\",\"contentUrl\":\"https:\/\/www.helloskola.cz\/gymnazium\/wp-content\/uploads\/sites\/3\/2022\/02\/hello_gy_cmyk-1.svg\",\"width\":100,\"height\":100,\"caption\":\"Gymn\u00e1zium Hello\"},\"image\":{\"@id\":\"https:\/\/www.helloskola.cz\/gymnazium\/#\/schema\/logo\/image\/\"}}]}<\/script>\n<!-- \/ Yoast SEO plugin. -->","yoast_head_json":{"title":"Gymn\u00e1zium Hello 2022 | Gymn\u00e1zium HELLO","robots":{"index":"index","follow":"follow","max-snippet":"max-snippet:-1","max-image-preview":"max-image-preview:large","max-video-preview":"max-video-preview:-1"},"canonical":"https:\/\/www.helloskola.cz\/gymnazium\/projekty\/sablony-gymnazium-hello\/gymnazium-hello-2022\/","og_locale":"cs_CZ","og_type":"article","og_title":"Gymn\u00e1zium Hello 2022 | Gymn\u00e1zium HELLO","og_description":"Gymn\u00e1zium Hello&nbsp;2022 &#8211; \u0161ablony OP&nbsp;JAK&nbsp; Registra\u010dn\u00ed \u010d\u00edslo:&nbsp;CZ.02.02.XX\/00\/22_003\/0002936 Obdob\u00ed realizace: 1.10.2022 &#8211; 30.9.2024 Projekt\u00a0gymn\u00e1zia v r\u00e1mci Opera\u010dn\u00edho programu Jan Amos Komensk\u00fd byl zah\u00e1jen v \u0159\u00edjnu 2022. Zam\u011b\u0159uje se p\u0159edev\u0161\u00edm na\u00a0podporu student\u016f formou\u00a0inovativn\u00edho\u00a0vzd\u011bl\u00e1v\u00e1n\u00ed\u00a0a to vyu\u017eit\u00edm modern\u00edch a atraktivn\u00edch forem v\u00fduky\u00a0jak\u00a0ve \u0161kole, tak mimo \u0161kolu a\u00a0tak\u00e9\u00a0zapojen\u00edm odborn\u00edk\u016f\u00a0s c\u00edlem propojit teorii s prax\u00ed, vid\u011bt v\u011bci z jin\u00e9ho \u00fahlu a [&hellip;]","og_url":"https:\/\/www.helloskola.cz\/gymnazium\/projekty\/sablony-gymnazium-hello\/gymnazium-hello-2022\/","og_site_name":"Gymn\u00e1zium HELLO","article_modified_time":"2023-08-25T12:46:50+00:00","og_image":[{"url":"https:\/\/www.helloskola.cz\/gymnazium\/wp-content\/uploads\/sites\/3\/2023\/08\/EUMSMT-Barevne-1024x148.png","type":"","width":"","height":""}],"twitter_card":"summary_large_image","twitter_misc":{"Odhadovan\u00e1 doba \u010dten\u00ed":"1 minuta"},"schema":{"@context":"https:\/\/schema.org","@graph":[{"@type":"WebPage","@id":"https:\/\/www.helloskola.cz\/gymnazium\/projekty\/sablony-gymnazium-hello\/gymnazium-hello-2022\/","url":"https:\/\/www.helloskola.cz\/gymnazium\/projekty\/sablony-gymnazium-hello\/gymnazium-hello-2022\/","name":"Gymn\u00e1zium Hello 2022 | Gymn\u00e1zium HELLO","isPartOf":{"@id":"https:\/\/www.helloskola.cz\/gymnazium\/#website"},"primaryImageOfPage":{"@id":"https:\/\/www.helloskola.cz\/gymnazium\/projekty\/sablony-gymnazium-hello\/gymnazium-hello-2022\/#primaryimage"},"image":{"@id":"https:\/\/www.helloskola.cz\/gymnazium\/projekty\/sablony-gymnazium-hello\/gymnazium-hello-2022\/#primaryimage"},"thumbnailUrl":"https:\/\/www.helloskola.cz\/gymnazium\/wp-content\/uploads\/sites\/3\/2022\/05\/gympl-fallback.png","datePublished":"2023-08-25T12:45:08+00:00","dateModified":"2023-08-25T12:46:50+00:00","breadcrumb":{"@id":"https:\/\/www.helloskola.cz\/gymnazium\/projekty\/sablony-gymnazium-hello\/gymnazium-hello-2022\/#breadcrumb"},"inLanguage":"cs","potentialAction":[{"@type":"ReadAction","target":["https:\/\/www.helloskola.cz\/gymnazium\/projekty\/sablony-gymnazium-hello\/gymnazium-hello-2022\/"]}]},{"@type":"ImageObject","inLanguage":"cs","@id":"https:\/\/www.helloskola.cz\/gymnazium\/projekty\/sablony-gymnazium-hello\/gymnazium-hello-2022\/#primaryimage","url":"https:\/\/www.helloskola.cz\/gymnazium\/wp-content\/uploads\/sites\/3\/2022\/05\/gympl-fallback.png","contentUrl":"https:\/\/www.helloskola.cz\/gymnazium\/wp-content\/uploads\/sites\/3\/2022\/05\/gympl-fallback.png","width":933,"height":700},{"@type":"BreadcrumbList","@id":"https:\/\/www.helloskola.cz\/gymnazium\/projekty\/sablony-gymnazium-hello\/gymnazium-hello-2022\/#breadcrumb","itemListElement":[{"@type":"ListItem","position":1,"name":"\u00davod","item":"https:\/\/www.helloskola.cz\/gymnazium\/"},{"@type":"ListItem","position":2,"name":"Projekty","item":"https:\/\/www.helloskola.cz\/gymnazium\/projekty\/"},{"@type":"ListItem","position":3,"name":"Projekty realizovan\u00e9 s podporou EU &#8211; \u0161ablony","item":"https:\/\/www.helloskola.cz\/gymnazium\/projekty\/sablony-gymnazium-hello\/"},{"@type":"ListItem","position":4,"name":"Gymn\u00e1zium Hello 2022"}]},{"@type":"WebSite","@id":"https:\/\/www.helloskola.cz\/gymnazium\/#website","url":"https:\/\/www.helloskola.cz\/gymnazium\/","name":"Gymn\u00e1zium HELLO","description":"St\u0159edn\u00ed \u0161kola s pos\u00edlenou v\u00fdukou ciz\u00edch jazyk\u016f","publisher":{"@id":"https:\/\/www.helloskola.cz\/gymnazium\/#organization"},"potentialAction":[{"@type":"SearchAction","target":{"@type":"EntryPoint","urlTemplate":"https:\/\/www.helloskola.cz\/gymnazium\/?s={search_term_string}"},"query-input":{"@type":"PropertyValueSpecification","valueRequired":true,"valueName":"search_term_string"}}],"inLanguage":"cs"},{"@type":"Organization","@id":"https:\/\/www.helloskola.cz\/gymnazium\/#organization","name":"Gymn\u00e1zium Hello","url":"https:\/\/www.helloskola.cz\/gymnazium\/","logo":{"@type":"ImageObject","inLanguage":"cs","@id":"https:\/\/www.helloskola.cz\/gymnazium\/#\/schema\/logo\/image\/","url":"https:\/\/www.helloskola.cz\/gymnazium\/wp-content\/uploads\/sites\/3\/2022\/02\/hello_gy_cmyk-1.svg","contentUrl":"https:\/\/www.helloskola.cz\/gymnazium\/wp-content\/uploads\/sites\/3\/2022\/02\/hello_gy_cmyk-1.svg","width":100,"height":100,"caption":"Gymn\u00e1zium Hello"},"image":{"@id":"https:\/\/www.helloskola.cz\/gymnazium\/#\/schema\/logo\/image\/"}}]}},"_links":{"self":[{"href":"https:\/\/www.helloskola.cz\/gymnazium\/wp-json\/wp\/v2\/pages\/4391","targetHints":{"allow":["GET"]}}],"collection":[{"href":"https:\/\/www.helloskola.cz\/gymnazium\/wp-json\/wp\/v2\/pages"}],"about":[{"href":"https:\/\/www.helloskola.cz\/gymnazium\/wp-json\/wp\/v2\/types\/page"}],"author":[{"embeddable":true,"href":"https:\/\/www.helloskola.cz\/gymnazium\/wp-json\/wp\/v2\/users\/3"}],"replies":[{"embeddable":true,"href":"https:\/\/www.helloskola.cz\/gymnazium\/wp-json\/wp\/v2\/comments?post=4391"}],"version-history":[{"count":2,"href":"https:\/\/www.helloskola.cz\/gymnazium\/wp-json\/wp\/v2\/pages\/4391\/revisions"}],"predecessor-version":[{"id":4396,"href":"https:\/\/www.helloskola.cz\/gymnazium\/wp-json\/wp\/v2\/pages\/4391\/revisions\/4396"}],"up":[{"embeddable":true,"href":"https:\/\/www.helloskola.cz\/gymnazium\/wp-json\/wp\/v2\/pages\/1130"}],"wp:featuredmedia":[{"embeddable":true,"href":"https:\/\/www.helloskola.cz\/gymnazium\/wp-json\/wp\/v2\/media\/1779"}],"wp:attachment":[{"href":"https:\/\/www.helloskola.cz\/gymnazium\/wp-json\/wp\/v2\/media?parent=4391"}],"curies":[{"name":"wp","href":"https:\/\/api.w.org\/{rel}","templated":true}]}}