{"id":1707,"date":"2022-04-20T15:30:37","date_gmt":"2022-04-20T13:30:37","guid":{"rendered":"https:\/\/www.helloskola.cz\/gymnazium\/?page_id=1707"},"modified":"2023-10-03T09:44:45","modified_gmt":"2023-10-03T07:44:45","slug":"vseobecna-trida","status":"publish","type":"page","link":"https:\/\/www.helloskola.cz\/gymnazium\/prijimaci-zkousky\/co-u-nas-studovat\/vseobecna-trida\/","title":{"rendered":"V\u0161eobecn\u00e1 t\u0159\u00edda"},"content":{"rendered":"\n<h2 class=\"wp-block-heading\">3. V\u0161eobecn\u011b zam\u011b\u0159en\u00e1 t\u0159\u00edda<\/h2>\n\n\n\n<figure class=\"wp-block-image size-large\"><img fetchpriority=\"high\" decoding=\"async\" width=\"1024\" height=\"1024\" src=\"https:\/\/www.helloskola.cz\/gymnazium\/wp-content\/uploads\/sites\/3\/2022\/03\/3-min-1024x1024.png\" alt=\"\" class=\"wp-image-874\" srcset=\"https:\/\/www.helloskola.cz\/gymnazium\/wp-content\/uploads\/sites\/3\/2022\/03\/3-min-1024x1024.png 1024w, https:\/\/www.helloskola.cz\/gymnazium\/wp-content\/uploads\/sites\/3\/2022\/03\/3-min-300x300.png 300w, https:\/\/www.helloskola.cz\/gymnazium\/wp-content\/uploads\/sites\/3\/2022\/03\/3-min-150x150.png 150w, https:\/\/www.helloskola.cz\/gymnazium\/wp-content\/uploads\/sites\/3\/2022\/03\/3-min-768x768.png 768w, https:\/\/www.helloskola.cz\/gymnazium\/wp-content\/uploads\/sites\/3\/2022\/03\/3-min.png 1080w\" sizes=\"(max-width: 1024px) 100vw, 1024px\" \/><\/figure>\n\n\n\n<p>Modern\u00ed gymn\u00e1zium s&nbsp;klasickou nab\u00eddkou pro ty, kte\u0159\u00ed se je\u0161t\u011b nevyprofilovali. Pokud jste studijn\u00ed typ, ale jste z\u00e1rove\u0148 n\u00e1ro\u010dn\u00ed na kvalitn\u00ed v\u00fduku, kter\u00e1 respektuje \u017e\u00e1ky a&nbsp;rozv\u00edj\u00ed jejich komplexn\u00ed v\u011bdomosti a&nbsp;dovednosti, nab\u00edz\u00ed souvislosti, kritick\u00e9 my\u0161len\u00ed i&nbsp;\u010dten\u00ed s&nbsp;porozum\u011bn\u00edm, pak je pro v\u00e1s tato t\u0159\u00edda ide\u00e1ln\u00ed. V\u0161eobecn\u00e1 nab\u00eddka a&nbsp;postupn\u00e1 specializace vzhledem k&nbsp;zam\u011b\u0159en\u00ed na budouc\u00ed vysokou \u0161kolu.<\/p>\n\n\n\n<h2 class=\"wp-block-heading\"><a href=\"https:\/\/www.helloskola.cz\/gymnazium\/wp-content\/uploads\/sites\/3\/2023\/10\/Ucebni_plan_vseob-1.pdf\">U\u010cEBN\u00cd PL\u00c1N V\u0160EOBECN\u00c9 T\u0158\u00cdDY<\/a><\/h2>\n","protected":false},"excerpt":{"rendered":"<p>3. V\u0161eobecn\u011b zam\u011b\u0159en\u00e1 t\u0159\u00edda Modern\u00ed gymn\u00e1zium s&nbsp;klasickou nab\u00eddkou pro ty, kte\u0159\u00ed se je\u0161t\u011b nevyprofilovali. Pokud jste studijn\u00ed typ, ale jste z\u00e1rove\u0148 n\u00e1ro\u010dn\u00ed na kvalitn\u00ed v\u00fduku, kter\u00e1 respektuje \u017e\u00e1ky a&nbsp;rozv\u00edj\u00ed jejich komplexn\u00ed v\u011bdomosti a&nbsp;dovednosti, nab\u00edz\u00ed souvislosti, kritick\u00e9 my\u0161len\u00ed i&nbsp;\u010dten\u00ed s&nbsp;porozum\u011bn\u00edm, pak je pro v\u00e1s tato t\u0159\u00edda ide\u00e1ln\u00ed. V\u0161eobecn\u00e1 nab\u00eddka a&nbsp;postupn\u00e1 specializace vzhledem k&nbsp;zam\u011b\u0159en\u00ed na budouc\u00ed vysokou [&hellip;]<\/p>\n","protected":false},"author":3,"featured_media":1779,"parent":859,"menu_order":0,"comment_status":"closed","ping_status":"closed","template":"","meta":{"footnotes":""},"class_list":["post-1707","page","type-page","status-publish","has-post-thumbnail","hentry"],"yoast_head":"<!-- This site is optimized with the Yoast SEO plugin v24.8.1 - https:\/\/yoast.com\/wordpress\/plugins\/seo\/ -->\n<title>V\u0161eobecn\u00e1 t\u0159\u00edda | Gymn\u00e1zium HELLO<\/title>\n<meta name=\"robots\" content=\"index, follow, max-snippet:-1, max-image-preview:large, max-video-preview:-1\" \/>\n<link rel=\"canonical\" href=\"https:\/\/www.helloskola.cz\/gymnazium\/prijimaci-zkousky\/co-u-nas-studovat\/vseobecna-trida\/\" \/>\n<meta property=\"og:locale\" content=\"cs_CZ\" \/>\n<meta property=\"og:type\" content=\"article\" \/>\n<meta property=\"og:title\" content=\"V\u0161eobecn\u00e1 t\u0159\u00edda | Gymn\u00e1zium HELLO\" \/>\n<meta property=\"og:description\" content=\"3. V\u0161eobecn\u011b zam\u011b\u0159en\u00e1 t\u0159\u00edda Modern\u00ed gymn\u00e1zium s&nbsp;klasickou nab\u00eddkou pro ty, kte\u0159\u00ed se je\u0161t\u011b nevyprofilovali. Pokud jste studijn\u00ed typ, ale jste z\u00e1rove\u0148 n\u00e1ro\u010dn\u00ed na kvalitn\u00ed v\u00fduku, kter\u00e1 respektuje \u017e\u00e1ky a&nbsp;rozv\u00edj\u00ed jejich komplexn\u00ed v\u011bdomosti a&nbsp;dovednosti, nab\u00edz\u00ed souvislosti, kritick\u00e9 my\u0161len\u00ed i&nbsp;\u010dten\u00ed s&nbsp;porozum\u011bn\u00edm, pak je pro v\u00e1s tato t\u0159\u00edda ide\u00e1ln\u00ed. V\u0161eobecn\u00e1 nab\u00eddka a&nbsp;postupn\u00e1 specializace vzhledem k&nbsp;zam\u011b\u0159en\u00ed na budouc\u00ed vysokou [&hellip;]\" \/>\n<meta property=\"og:url\" content=\"https:\/\/www.helloskola.cz\/gymnazium\/prijimaci-zkousky\/co-u-nas-studovat\/vseobecna-trida\/\" \/>\n<meta property=\"og:site_name\" content=\"Gymn\u00e1zium HELLO\" \/>\n<meta property=\"article:modified_time\" content=\"2023-10-03T07:44:45+00:00\" \/>\n<meta property=\"og:image\" content=\"https:\/\/www.helloskola.cz\/gymnazium\/wp-content\/uploads\/sites\/3\/2022\/03\/3-min-1024x1024.png\" \/>\n<meta name=\"twitter:card\" content=\"summary_large_image\" \/>\n<meta name=\"twitter:label1\" content=\"Odhadovan\u00e1 doba \u010dten\u00ed\" \/>\n\t<meta name=\"twitter:data1\" content=\"1 minuta\" \/>\n<script type=\"application\/ld+json\" class=\"yoast-schema-graph\">{\"@context\":\"https:\/\/schema.org\",\"@graph\":[{\"@type\":\"WebPage\",\"@id\":\"https:\/\/www.helloskola.cz\/gymnazium\/prijimaci-zkousky\/co-u-nas-studovat\/vseobecna-trida\/\",\"url\":\"https:\/\/www.helloskola.cz\/gymnazium\/prijimaci-zkousky\/co-u-nas-studovat\/vseobecna-trida\/\",\"name\":\"V\u0161eobecn\u00e1 t\u0159\u00edda | Gymn\u00e1zium HELLO\",\"isPartOf\":{\"@id\":\"https:\/\/www.helloskola.cz\/gymnazium\/#website\"},\"primaryImageOfPage\":{\"@id\":\"https:\/\/www.helloskola.cz\/gymnazium\/prijimaci-zkousky\/co-u-nas-studovat\/vseobecna-trida\/#primaryimage\"},\"image\":{\"@id\":\"https:\/\/www.helloskola.cz\/gymnazium\/prijimaci-zkousky\/co-u-nas-studovat\/vseobecna-trida\/#primaryimage\"},\"thumbnailUrl\":\"https:\/\/www.helloskola.cz\/gymnazium\/wp-content\/uploads\/sites\/3\/2022\/05\/gympl-fallback.png\",\"datePublished\":\"2022-04-20T13:30:37+00:00\",\"dateModified\":\"2023-10-03T07:44:45+00:00\",\"breadcrumb\":{\"@id\":\"https:\/\/www.helloskola.cz\/gymnazium\/prijimaci-zkousky\/co-u-nas-studovat\/vseobecna-trida\/#breadcrumb\"},\"inLanguage\":\"cs\",\"potentialAction\":[{\"@type\":\"ReadAction\",\"target\":[\"https:\/\/www.helloskola.cz\/gymnazium\/prijimaci-zkousky\/co-u-nas-studovat\/vseobecna-trida\/\"]}]},{\"@type\":\"ImageObject\",\"inLanguage\":\"cs\",\"@id\":\"https:\/\/www.helloskola.cz\/gymnazium\/prijimaci-zkousky\/co-u-nas-studovat\/vseobecna-trida\/#primaryimage\",\"url\":\"https:\/\/www.helloskola.cz\/gymnazium\/wp-content\/uploads\/sites\/3\/2022\/05\/gympl-fallback.png\",\"contentUrl\":\"https:\/\/www.helloskola.cz\/gymnazium\/wp-content\/uploads\/sites\/3\/2022\/05\/gympl-fallback.png\",\"width\":933,\"height\":700},{\"@type\":\"BreadcrumbList\",\"@id\":\"https:\/\/www.helloskola.cz\/gymnazium\/prijimaci-zkousky\/co-u-nas-studovat\/vseobecna-trida\/#breadcrumb\",\"itemListElement\":[{\"@type\":\"ListItem\",\"position\":1,\"name\":\"\u00davod\",\"item\":\"https:\/\/www.helloskola.cz\/gymnazium\/\"},{\"@type\":\"ListItem\",\"position\":2,\"name\":\"P\u0159ij\u00edmac\u00ed zkou\u0161ky\",\"item\":\"https:\/\/www.helloskola.cz\/gymnazium\/prijimaci-zkousky\/\"},{\"@type\":\"ListItem\",\"position\":3,\"name\":\"CO u n\u00e1s studovat\",\"item\":\"https:\/\/www.helloskola.cz\/gymnazium\/prijimaci-zkousky\/co-u-nas-studovat\/\"},{\"@type\":\"ListItem\",\"position\":4,\"name\":\"V\u0161eobecn\u00e1 t\u0159\u00edda\"}]},{\"@type\":\"WebSite\",\"@id\":\"https:\/\/www.helloskola.cz\/gymnazium\/#website\",\"url\":\"https:\/\/www.helloskola.cz\/gymnazium\/\",\"name\":\"Gymn\u00e1zium HELLO\",\"description\":\"St\u0159edn\u00ed \u0161kola s pos\u00edlenou v\u00fdukou ciz\u00edch jazyk\u016f\",\"publisher\":{\"@id\":\"https:\/\/www.helloskola.cz\/gymnazium\/#organization\"},\"potentialAction\":[{\"@type\":\"SearchAction\",\"target\":{\"@type\":\"EntryPoint\",\"urlTemplate\":\"https:\/\/www.helloskola.cz\/gymnazium\/?s={search_term_string}\"},\"query-input\":{\"@type\":\"PropertyValueSpecification\",\"valueRequired\":true,\"valueName\":\"search_term_string\"}}],\"inLanguage\":\"cs\"},{\"@type\":\"Organization\",\"@id\":\"https:\/\/www.helloskola.cz\/gymnazium\/#organization\",\"name\":\"Gymn\u00e1zium Hello\",\"url\":\"https:\/\/www.helloskola.cz\/gymnazium\/\",\"logo\":{\"@type\":\"ImageObject\",\"inLanguage\":\"cs\",\"@id\":\"https:\/\/www.helloskola.cz\/gymnazium\/#\/schema\/logo\/image\/\",\"url\":\"https:\/\/www.helloskola.cz\/gymnazium\/wp-content\/uploads\/sites\/3\/2022\/02\/hello_gy_cmyk-1.svg\",\"contentUrl\":\"https:\/\/www.helloskola.cz\/gymnazium\/wp-content\/uploads\/sites\/3\/2022\/02\/hello_gy_cmyk-1.svg\",\"width\":100,\"height\":100,\"caption\":\"Gymn\u00e1zium Hello\"},\"image\":{\"@id\":\"https:\/\/www.helloskola.cz\/gymnazium\/#\/schema\/logo\/image\/\"}}]}<\/script>\n<!-- \/ Yoast SEO plugin. -->","yoast_head_json":{"title":"V\u0161eobecn\u00e1 t\u0159\u00edda | Gymn\u00e1zium HELLO","robots":{"index":"index","follow":"follow","max-snippet":"max-snippet:-1","max-image-preview":"max-image-preview:large","max-video-preview":"max-video-preview:-1"},"canonical":"https:\/\/www.helloskola.cz\/gymnazium\/prijimaci-zkousky\/co-u-nas-studovat\/vseobecna-trida\/","og_locale":"cs_CZ","og_type":"article","og_title":"V\u0161eobecn\u00e1 t\u0159\u00edda | Gymn\u00e1zium HELLO","og_description":"3. V\u0161eobecn\u011b zam\u011b\u0159en\u00e1 t\u0159\u00edda Modern\u00ed gymn\u00e1zium s&nbsp;klasickou nab\u00eddkou pro ty, kte\u0159\u00ed se je\u0161t\u011b nevyprofilovali. Pokud jste studijn\u00ed typ, ale jste z\u00e1rove\u0148 n\u00e1ro\u010dn\u00ed na kvalitn\u00ed v\u00fduku, kter\u00e1 respektuje \u017e\u00e1ky a&nbsp;rozv\u00edj\u00ed jejich komplexn\u00ed v\u011bdomosti a&nbsp;dovednosti, nab\u00edz\u00ed souvislosti, kritick\u00e9 my\u0161len\u00ed i&nbsp;\u010dten\u00ed s&nbsp;porozum\u011bn\u00edm, pak je pro v\u00e1s tato t\u0159\u00edda ide\u00e1ln\u00ed. V\u0161eobecn\u00e1 nab\u00eddka a&nbsp;postupn\u00e1 specializace vzhledem k&nbsp;zam\u011b\u0159en\u00ed na budouc\u00ed vysokou [&hellip;]","og_url":"https:\/\/www.helloskola.cz\/gymnazium\/prijimaci-zkousky\/co-u-nas-studovat\/vseobecna-trida\/","og_site_name":"Gymn\u00e1zium HELLO","article_modified_time":"2023-10-03T07:44:45+00:00","og_image":[{"url":"https:\/\/www.helloskola.cz\/gymnazium\/wp-content\/uploads\/sites\/3\/2022\/03\/3-min-1024x1024.png","type":"","width":"","height":""}],"twitter_card":"summary_large_image","twitter_misc":{"Odhadovan\u00e1 doba \u010dten\u00ed":"1 minuta"},"schema":{"@context":"https:\/\/schema.org","@graph":[{"@type":"WebPage","@id":"https:\/\/www.helloskola.cz\/gymnazium\/prijimaci-zkousky\/co-u-nas-studovat\/vseobecna-trida\/","url":"https:\/\/www.helloskola.cz\/gymnazium\/prijimaci-zkousky\/co-u-nas-studovat\/vseobecna-trida\/","name":"V\u0161eobecn\u00e1 t\u0159\u00edda | Gymn\u00e1zium HELLO","isPartOf":{"@id":"https:\/\/www.helloskola.cz\/gymnazium\/#website"},"primaryImageOfPage":{"@id":"https:\/\/www.helloskola.cz\/gymnazium\/prijimaci-zkousky\/co-u-nas-studovat\/vseobecna-trida\/#primaryimage"},"image":{"@id":"https:\/\/www.helloskola.cz\/gymnazium\/prijimaci-zkousky\/co-u-nas-studovat\/vseobecna-trida\/#primaryimage"},"thumbnailUrl":"https:\/\/www.helloskola.cz\/gymnazium\/wp-content\/uploads\/sites\/3\/2022\/05\/gympl-fallback.png","datePublished":"2022-04-20T13:30:37+00:00","dateModified":"2023-10-03T07:44:45+00:00","breadcrumb":{"@id":"https:\/\/www.helloskola.cz\/gymnazium\/prijimaci-zkousky\/co-u-nas-studovat\/vseobecna-trida\/#breadcrumb"},"inLanguage":"cs","potentialAction":[{"@type":"ReadAction","target":["https:\/\/www.helloskola.cz\/gymnazium\/prijimaci-zkousky\/co-u-nas-studovat\/vseobecna-trida\/"]}]},{"@type":"ImageObject","inLanguage":"cs","@id":"https:\/\/www.helloskola.cz\/gymnazium\/prijimaci-zkousky\/co-u-nas-studovat\/vseobecna-trida\/#primaryimage","url":"https:\/\/www.helloskola.cz\/gymnazium\/wp-content\/uploads\/sites\/3\/2022\/05\/gympl-fallback.png","contentUrl":"https:\/\/www.helloskola.cz\/gymnazium\/wp-content\/uploads\/sites\/3\/2022\/05\/gympl-fallback.png","width":933,"height":700},{"@type":"BreadcrumbList","@id":"https:\/\/www.helloskola.cz\/gymnazium\/prijimaci-zkousky\/co-u-nas-studovat\/vseobecna-trida\/#breadcrumb","itemListElement":[{"@type":"ListItem","position":1,"name":"\u00davod","item":"https:\/\/www.helloskola.cz\/gymnazium\/"},{"@type":"ListItem","position":2,"name":"P\u0159ij\u00edmac\u00ed zkou\u0161ky","item":"https:\/\/www.helloskola.cz\/gymnazium\/prijimaci-zkousky\/"},{"@type":"ListItem","position":3,"name":"CO u n\u00e1s studovat","item":"https:\/\/www.helloskola.cz\/gymnazium\/prijimaci-zkousky\/co-u-nas-studovat\/"},{"@type":"ListItem","position":4,"name":"V\u0161eobecn\u00e1 t\u0159\u00edda"}]},{"@type":"WebSite","@id":"https:\/\/www.helloskola.cz\/gymnazium\/#website","url":"https:\/\/www.helloskola.cz\/gymnazium\/","name":"Gymn\u00e1zium HELLO","description":"St\u0159edn\u00ed \u0161kola s pos\u00edlenou v\u00fdukou ciz\u00edch jazyk\u016f","publisher":{"@id":"https:\/\/www.helloskola.cz\/gymnazium\/#organization"},"potentialAction":[{"@type":"SearchAction","target":{"@type":"EntryPoint","urlTemplate":"https:\/\/www.helloskola.cz\/gymnazium\/?s={search_term_string}"},"query-input":{"@type":"PropertyValueSpecification","valueRequired":true,"valueName":"search_term_string"}}],"inLanguage":"cs"},{"@type":"Organization","@id":"https:\/\/www.helloskola.cz\/gymnazium\/#organization","name":"Gymn\u00e1zium Hello","url":"https:\/\/www.helloskola.cz\/gymnazium\/","logo":{"@type":"ImageObject","inLanguage":"cs","@id":"https:\/\/www.helloskola.cz\/gymnazium\/#\/schema\/logo\/image\/","url":"https:\/\/www.helloskola.cz\/gymnazium\/wp-content\/uploads\/sites\/3\/2022\/02\/hello_gy_cmyk-1.svg","contentUrl":"https:\/\/www.helloskola.cz\/gymnazium\/wp-content\/uploads\/sites\/3\/2022\/02\/hello_gy_cmyk-1.svg","width":100,"height":100,"caption":"Gymn\u00e1zium Hello"},"image":{"@id":"https:\/\/www.helloskola.cz\/gymnazium\/#\/schema\/logo\/image\/"}}]}},"_links":{"self":[{"href":"https:\/\/www.helloskola.cz\/gymnazium\/wp-json\/wp\/v2\/pages\/1707","targetHints":{"allow":["GET"]}}],"collection":[{"href":"https:\/\/www.helloskola.cz\/gymnazium\/wp-json\/wp\/v2\/pages"}],"about":[{"href":"https:\/\/www.helloskola.cz\/gymnazium\/wp-json\/wp\/v2\/types\/page"}],"author":[{"embeddable":true,"href":"https:\/\/www.helloskola.cz\/gymnazium\/wp-json\/wp\/v2\/users\/3"}],"replies":[{"embeddable":true,"href":"https:\/\/www.helloskola.cz\/gymnazium\/wp-json\/wp\/v2\/comments?post=1707"}],"version-history":[{"count":5,"href":"https:\/\/www.helloskola.cz\/gymnazium\/wp-json\/wp\/v2\/pages\/1707\/revisions"}],"predecessor-version":[{"id":4540,"href":"https:\/\/www.helloskola.cz\/gymnazium\/wp-json\/wp\/v2\/pages\/1707\/revisions\/4540"}],"up":[{"embeddable":true,"href":"https:\/\/www.helloskola.cz\/gymnazium\/wp-json\/wp\/v2\/pages\/859"}],"wp:featuredmedia":[{"embeddable":true,"href":"https:\/\/www.helloskola.cz\/gymnazium\/wp-json\/wp\/v2\/media\/1779"}],"wp:attachment":[{"href":"https:\/\/www.helloskola.cz\/gymnazium\/wp-json\/wp\/v2\/media?parent=1707"}],"curies":[{"name":"wp","href":"https:\/\/api.w.org\/{rel}","templated":true}]}}