{"id":1143,"date":"2022-03-13T04:50:30","date_gmt":"2022-03-13T03:50:30","guid":{"rendered":"https:\/\/www.helloskola.cz\/gymnazium\/?page_id=1143"},"modified":"2022-03-13T04:50:31","modified_gmt":"2022-03-13T03:50:31","slug":"vyuka-v-souvislostech","status":"publish","type":"page","link":"https:\/\/www.helloskola.cz\/gymnazium\/projekty\/vyuka-v-souvislostech\/","title":{"rendered":"V\u00fduka v souvislostech"},"content":{"rendered":"\n<figure class=\"wp-block-image size-full\"><img fetchpriority=\"high\" decoding=\"async\" width=\"567\" height=\"117\" src=\"https:\/\/www.helloskola.cz\/gymnazium\/wp-content\/uploads\/sites\/3\/2022\/03\/slogosbeneficaireserasmusright_en_0.jpeg\" alt=\"\" class=\"wp-image-1144\" srcset=\"https:\/\/www.helloskola.cz\/gymnazium\/wp-content\/uploads\/sites\/3\/2022\/03\/slogosbeneficaireserasmusright_en_0.jpeg 567w, https:\/\/www.helloskola.cz\/gymnazium\/wp-content\/uploads\/sites\/3\/2022\/03\/slogosbeneficaireserasmusright_en_0-300x62.jpeg 300w\" sizes=\"(max-width: 567px) 100vw, 567px\" \/><\/figure>\n\n\n\n<p>C\u00edlem projektu je z\u00edsk\u00e1n\u00ed informac\u00ed o\u00a0fungov\u00e1n\u00ed finsk\u00e9ho vzd\u011bl\u00e1vac\u00edho syst\u00e9mu, konkr\u00e9tn\u011b o\u00a0jeho prvc\u00edch jako je tzv. \u201ephenomen-based teaching\u201c, Students\u00b4 organized learning a\u00a0dal\u0161\u00edch form\u00e1ch projektov\u00e9 v\u00fduky. B\u011bhem mobility zam\u011bstnanci byly z\u00edsk\u00e1ny konkr\u00e9tn\u00ed znalosti a\u00a0dovednosti o\u00a0fungov\u00e1n\u00ed jednotliv\u00fdch vzd\u011bl\u00e1vac\u00edch metod a\u00a0forem, z\u00e1rove\u0148 se pedagogov\u00e9 sezn\u00e1mili s\u00a0t\u00edm, jak finsk\u00fd vzd\u011bl\u00e1vac\u00ed syst\u00e9m funguje z\u00a0hlediska \u0159\u00edzen\u00ed a\u00a0managementu na konkr\u00e9tn\u00edch \u0161kol\u00e1ch. N\u00e1sledn\u011b jsou z\u00edskan\u00e9 znalosti aplikov\u00e1ny a\u00a0p\u0159en\u00e1\u0161eny na \u00farove\u0148 na\u0161\u00ed \u0161koly, ostatn\u00edch pedagog\u016f a\u00a0\u017e\u00e1k\u016f.<\/p>\n\n\n\n<h3 class=\"wp-block-heading\">Erasmus+ 2019 &#8211; Prezentace<\/h3>\n\n\n\n<ul class=\"wp-block-list\"><li><a href=\"https:\/\/www.helloskola.cz\/gymnazium\/wp-content\/uploads\/sites\/3\/2022\/03\/Finske\u0301-s\u030ckolstvi\u0301_Micha\u0301lkova\u0301-2.pptx\">Prezentace \u010d.1<\/a><\/li><li><a href=\"https:\/\/www.helloskola.cz\/gymnazium\/wp-content\/uploads\/sites\/3\/2022\/03\/Finsko_za\u0301kladni\u0301-s\u030ckolstvi\u0301_Hlava\u0301c\u030ckova\u0301.pptx\">Prezentace \u010d.2<\/a><\/li><li><a href=\"https:\/\/www.helloskola.cz\/gymnazium\/wp-content\/uploads\/sites\/3\/2022\/03\/Finske\u0301-s\u030ckolstvi\u0301_prezentace_Jura\u0301nkova\u0301.pdf\" target=\"_blank\" rel=\"noreferrer noopener\">Prezentace \u010d.3<\/a><\/li><\/ul>\n\n\n\n<h3 class=\"wp-block-heading\">Erasmus+ 2019 &#8211; Projektov\u00e9 dny<\/h3>\n\n\n\n<ul class=\"wp-block-list\"><li><a href=\"https:\/\/www.helloskola.cz\/gymnazium\/wp-content\/uploads\/sites\/3\/2022\/03\/Den-zeme\u030c-gymna\u0301zium.zip\">Den zem\u011b gymn\u00e1zium<\/a><\/li><li><a href=\"https:\/\/www.helloskola.cz\/gymnazium\/wp-content\/uploads\/sites\/3\/2022\/03\/Den-zeme\u030c-2.-stupen\u030c.zip\">Den zem\u011b 2. stupe\u0148<\/a><\/li><li><a href=\"https:\/\/www.helloskola.cz\/gymnazium\/wp-content\/uploads\/sites\/3\/2022\/03\/Hello-revoluce.zip\">HELLO revoluce<\/a><\/li><\/ul>\n\n\n\n<h3 class=\"wp-block-heading\">Erasmus+ 2019 &#8211; Tematick\u00e9 pl\u00e1ny<\/h3>\n\n\n\n<ul class=\"wp-block-list\"><li><a href=\"https:\/\/www.helloskola.cz\/gymnazium\/wp-content\/uploads\/sites\/3\/2022\/03\/IS-Tematicky\u0301-pla\u0301n.docx\">Tematick\u00fd pl\u00e1n Integrated Science<\/a><\/li><li><a href=\"https:\/\/www.helloskola.cz\/gymnazium\/wp-content\/uploads\/sites\/3\/2022\/03\/Tematicky\u0301-pla\u0301n-Sve\u030ct-v-souvislostech.docx\">Tematick\u00fd pl\u00e1n Science<\/a><\/li><\/ul>\n","protected":false},"excerpt":{"rendered":"<p>C\u00edlem projektu je z\u00edsk\u00e1n\u00ed informac\u00ed o\u00a0fungov\u00e1n\u00ed finsk\u00e9ho vzd\u011bl\u00e1vac\u00edho syst\u00e9mu, konkr\u00e9tn\u011b o\u00a0jeho prvc\u00edch jako je tzv. \u201ephenomen-based teaching\u201c, Students\u00b4 organized learning a\u00a0dal\u0161\u00edch form\u00e1ch projektov\u00e9 v\u00fduky. B\u011bhem mobility zam\u011bstnanci byly z\u00edsk\u00e1ny konkr\u00e9tn\u00ed znalosti a\u00a0dovednosti o\u00a0fungov\u00e1n\u00ed jednotliv\u00fdch vzd\u011bl\u00e1vac\u00edch metod a\u00a0forem, z\u00e1rove\u0148 se pedagogov\u00e9 sezn\u00e1mili s\u00a0t\u00edm, jak finsk\u00fd vzd\u011bl\u00e1vac\u00ed syst\u00e9m funguje z\u00a0hlediska \u0159\u00edzen\u00ed a\u00a0managementu na konkr\u00e9tn\u00edch \u0161kol\u00e1ch. N\u00e1sledn\u011b jsou [&hellip;]<\/p>\n","protected":false},"author":1,"featured_media":1779,"parent":1117,"menu_order":0,"comment_status":"closed","ping_status":"closed","template":"","meta":{"footnotes":""},"class_list":["post-1143","page","type-page","status-publish","has-post-thumbnail","hentry"],"yoast_head":"<!-- This site is optimized with the Yoast SEO plugin v24.8.1 - https:\/\/yoast.com\/wordpress\/plugins\/seo\/ -->\n<title>V\u00fduka v souvislostech | Gymn\u00e1zium HELLO<\/title>\n<meta name=\"robots\" content=\"index, follow, max-snippet:-1, max-image-preview:large, max-video-preview:-1\" \/>\n<link rel=\"canonical\" href=\"https:\/\/www.helloskola.cz\/gymnazium\/projekty\/vyuka-v-souvislostech\/\" \/>\n<meta property=\"og:locale\" content=\"cs_CZ\" \/>\n<meta property=\"og:type\" content=\"article\" \/>\n<meta property=\"og:title\" content=\"V\u00fduka v souvislostech | Gymn\u00e1zium HELLO\" \/>\n<meta property=\"og:description\" content=\"C\u00edlem projektu je z\u00edsk\u00e1n\u00ed informac\u00ed o\u00a0fungov\u00e1n\u00ed finsk\u00e9ho vzd\u011bl\u00e1vac\u00edho syst\u00e9mu, konkr\u00e9tn\u011b o\u00a0jeho prvc\u00edch jako je tzv. \u201ephenomen-based teaching\u201c, Students\u00b4 organized learning a\u00a0dal\u0161\u00edch form\u00e1ch projektov\u00e9 v\u00fduky. B\u011bhem mobility zam\u011bstnanci byly z\u00edsk\u00e1ny konkr\u00e9tn\u00ed znalosti a\u00a0dovednosti o\u00a0fungov\u00e1n\u00ed jednotliv\u00fdch vzd\u011bl\u00e1vac\u00edch metod a\u00a0forem, z\u00e1rove\u0148 se pedagogov\u00e9 sezn\u00e1mili s\u00a0t\u00edm, jak finsk\u00fd vzd\u011bl\u00e1vac\u00ed syst\u00e9m funguje z\u00a0hlediska \u0159\u00edzen\u00ed a\u00a0managementu na konkr\u00e9tn\u00edch \u0161kol\u00e1ch. N\u00e1sledn\u011b jsou [&hellip;]\" \/>\n<meta property=\"og:url\" content=\"https:\/\/www.helloskola.cz\/gymnazium\/projekty\/vyuka-v-souvislostech\/\" \/>\n<meta property=\"og:site_name\" content=\"Gymn\u00e1zium HELLO\" \/>\n<meta property=\"article:modified_time\" content=\"2022-03-13T03:50:31+00:00\" \/>\n<meta property=\"og:image\" content=\"https:\/\/www.helloskola.cz\/gymnazium\/wp-content\/uploads\/sites\/3\/2022\/03\/slogosbeneficaireserasmusright_en_0.jpeg\" \/>\n<meta name=\"twitter:card\" content=\"summary_large_image\" \/>\n<meta name=\"twitter:label1\" content=\"Odhadovan\u00e1 doba \u010dten\u00ed\" \/>\n\t<meta name=\"twitter:data1\" content=\"1 minuta\" \/>\n<script type=\"application\/ld+json\" class=\"yoast-schema-graph\">{\"@context\":\"https:\/\/schema.org\",\"@graph\":[{\"@type\":\"WebPage\",\"@id\":\"https:\/\/www.helloskola.cz\/gymnazium\/projekty\/vyuka-v-souvislostech\/\",\"url\":\"https:\/\/www.helloskola.cz\/gymnazium\/projekty\/vyuka-v-souvislostech\/\",\"name\":\"V\u00fduka v souvislostech | Gymn\u00e1zium HELLO\",\"isPartOf\":{\"@id\":\"https:\/\/www.helloskola.cz\/gymnazium\/#website\"},\"primaryImageOfPage\":{\"@id\":\"https:\/\/www.helloskola.cz\/gymnazium\/projekty\/vyuka-v-souvislostech\/#primaryimage\"},\"image\":{\"@id\":\"https:\/\/www.helloskola.cz\/gymnazium\/projekty\/vyuka-v-souvislostech\/#primaryimage\"},\"thumbnailUrl\":\"https:\/\/www.helloskola.cz\/gymnazium\/wp-content\/uploads\/sites\/3\/2022\/05\/gympl-fallback.png\",\"datePublished\":\"2022-03-13T03:50:30+00:00\",\"dateModified\":\"2022-03-13T03:50:31+00:00\",\"breadcrumb\":{\"@id\":\"https:\/\/www.helloskola.cz\/gymnazium\/projekty\/vyuka-v-souvislostech\/#breadcrumb\"},\"inLanguage\":\"cs\",\"potentialAction\":[{\"@type\":\"ReadAction\",\"target\":[\"https:\/\/www.helloskola.cz\/gymnazium\/projekty\/vyuka-v-souvislostech\/\"]}]},{\"@type\":\"ImageObject\",\"inLanguage\":\"cs\",\"@id\":\"https:\/\/www.helloskola.cz\/gymnazium\/projekty\/vyuka-v-souvislostech\/#primaryimage\",\"url\":\"https:\/\/www.helloskola.cz\/gymnazium\/wp-content\/uploads\/sites\/3\/2022\/05\/gympl-fallback.png\",\"contentUrl\":\"https:\/\/www.helloskola.cz\/gymnazium\/wp-content\/uploads\/sites\/3\/2022\/05\/gympl-fallback.png\",\"width\":933,\"height\":700},{\"@type\":\"BreadcrumbList\",\"@id\":\"https:\/\/www.helloskola.cz\/gymnazium\/projekty\/vyuka-v-souvislostech\/#breadcrumb\",\"itemListElement\":[{\"@type\":\"ListItem\",\"position\":1,\"name\":\"\u00davod\",\"item\":\"https:\/\/www.helloskola.cz\/gymnazium\/\"},{\"@type\":\"ListItem\",\"position\":2,\"name\":\"Projekty\",\"item\":\"https:\/\/www.helloskola.cz\/gymnazium\/projekty\/\"},{\"@type\":\"ListItem\",\"position\":3,\"name\":\"V\u00fduka v souvislostech\"}]},{\"@type\":\"WebSite\",\"@id\":\"https:\/\/www.helloskola.cz\/gymnazium\/#website\",\"url\":\"https:\/\/www.helloskola.cz\/gymnazium\/\",\"name\":\"Gymn\u00e1zium HELLO\",\"description\":\"St\u0159edn\u00ed \u0161kola s pos\u00edlenou v\u00fdukou ciz\u00edch jazyk\u016f\",\"publisher\":{\"@id\":\"https:\/\/www.helloskola.cz\/gymnazium\/#organization\"},\"potentialAction\":[{\"@type\":\"SearchAction\",\"target\":{\"@type\":\"EntryPoint\",\"urlTemplate\":\"https:\/\/www.helloskola.cz\/gymnazium\/?s={search_term_string}\"},\"query-input\":{\"@type\":\"PropertyValueSpecification\",\"valueRequired\":true,\"valueName\":\"search_term_string\"}}],\"inLanguage\":\"cs\"},{\"@type\":\"Organization\",\"@id\":\"https:\/\/www.helloskola.cz\/gymnazium\/#organization\",\"name\":\"Gymn\u00e1zium Hello\",\"url\":\"https:\/\/www.helloskola.cz\/gymnazium\/\",\"logo\":{\"@type\":\"ImageObject\",\"inLanguage\":\"cs\",\"@id\":\"https:\/\/www.helloskola.cz\/gymnazium\/#\/schema\/logo\/image\/\",\"url\":\"https:\/\/www.helloskola.cz\/gymnazium\/wp-content\/uploads\/sites\/3\/2022\/02\/hello_gy_cmyk-1.svg\",\"contentUrl\":\"https:\/\/www.helloskola.cz\/gymnazium\/wp-content\/uploads\/sites\/3\/2022\/02\/hello_gy_cmyk-1.svg\",\"width\":100,\"height\":100,\"caption\":\"Gymn\u00e1zium Hello\"},\"image\":{\"@id\":\"https:\/\/www.helloskola.cz\/gymnazium\/#\/schema\/logo\/image\/\"}}]}<\/script>\n<!-- \/ Yoast SEO plugin. -->","yoast_head_json":{"title":"V\u00fduka v souvislostech | Gymn\u00e1zium HELLO","robots":{"index":"index","follow":"follow","max-snippet":"max-snippet:-1","max-image-preview":"max-image-preview:large","max-video-preview":"max-video-preview:-1"},"canonical":"https:\/\/www.helloskola.cz\/gymnazium\/projekty\/vyuka-v-souvislostech\/","og_locale":"cs_CZ","og_type":"article","og_title":"V\u00fduka v souvislostech | Gymn\u00e1zium HELLO","og_description":"C\u00edlem projektu je z\u00edsk\u00e1n\u00ed informac\u00ed o\u00a0fungov\u00e1n\u00ed finsk\u00e9ho vzd\u011bl\u00e1vac\u00edho syst\u00e9mu, konkr\u00e9tn\u011b o\u00a0jeho prvc\u00edch jako je tzv. \u201ephenomen-based teaching\u201c, Students\u00b4 organized learning a\u00a0dal\u0161\u00edch form\u00e1ch projektov\u00e9 v\u00fduky. B\u011bhem mobility zam\u011bstnanci byly z\u00edsk\u00e1ny konkr\u00e9tn\u00ed znalosti a\u00a0dovednosti o\u00a0fungov\u00e1n\u00ed jednotliv\u00fdch vzd\u011bl\u00e1vac\u00edch metod a\u00a0forem, z\u00e1rove\u0148 se pedagogov\u00e9 sezn\u00e1mili s\u00a0t\u00edm, jak finsk\u00fd vzd\u011bl\u00e1vac\u00ed syst\u00e9m funguje z\u00a0hlediska \u0159\u00edzen\u00ed a\u00a0managementu na konkr\u00e9tn\u00edch \u0161kol\u00e1ch. N\u00e1sledn\u011b jsou [&hellip;]","og_url":"https:\/\/www.helloskola.cz\/gymnazium\/projekty\/vyuka-v-souvislostech\/","og_site_name":"Gymn\u00e1zium HELLO","article_modified_time":"2022-03-13T03:50:31+00:00","og_image":[{"url":"https:\/\/www.helloskola.cz\/gymnazium\/wp-content\/uploads\/sites\/3\/2022\/03\/slogosbeneficaireserasmusright_en_0.jpeg","type":"","width":"","height":""}],"twitter_card":"summary_large_image","twitter_misc":{"Odhadovan\u00e1 doba \u010dten\u00ed":"1 minuta"},"schema":{"@context":"https:\/\/schema.org","@graph":[{"@type":"WebPage","@id":"https:\/\/www.helloskola.cz\/gymnazium\/projekty\/vyuka-v-souvislostech\/","url":"https:\/\/www.helloskola.cz\/gymnazium\/projekty\/vyuka-v-souvislostech\/","name":"V\u00fduka v souvislostech | Gymn\u00e1zium HELLO","isPartOf":{"@id":"https:\/\/www.helloskola.cz\/gymnazium\/#website"},"primaryImageOfPage":{"@id":"https:\/\/www.helloskola.cz\/gymnazium\/projekty\/vyuka-v-souvislostech\/#primaryimage"},"image":{"@id":"https:\/\/www.helloskola.cz\/gymnazium\/projekty\/vyuka-v-souvislostech\/#primaryimage"},"thumbnailUrl":"https:\/\/www.helloskola.cz\/gymnazium\/wp-content\/uploads\/sites\/3\/2022\/05\/gympl-fallback.png","datePublished":"2022-03-13T03:50:30+00:00","dateModified":"2022-03-13T03:50:31+00:00","breadcrumb":{"@id":"https:\/\/www.helloskola.cz\/gymnazium\/projekty\/vyuka-v-souvislostech\/#breadcrumb"},"inLanguage":"cs","potentialAction":[{"@type":"ReadAction","target":["https:\/\/www.helloskola.cz\/gymnazium\/projekty\/vyuka-v-souvislostech\/"]}]},{"@type":"ImageObject","inLanguage":"cs","@id":"https:\/\/www.helloskola.cz\/gymnazium\/projekty\/vyuka-v-souvislostech\/#primaryimage","url":"https:\/\/www.helloskola.cz\/gymnazium\/wp-content\/uploads\/sites\/3\/2022\/05\/gympl-fallback.png","contentUrl":"https:\/\/www.helloskola.cz\/gymnazium\/wp-content\/uploads\/sites\/3\/2022\/05\/gympl-fallback.png","width":933,"height":700},{"@type":"BreadcrumbList","@id":"https:\/\/www.helloskola.cz\/gymnazium\/projekty\/vyuka-v-souvislostech\/#breadcrumb","itemListElement":[{"@type":"ListItem","position":1,"name":"\u00davod","item":"https:\/\/www.helloskola.cz\/gymnazium\/"},{"@type":"ListItem","position":2,"name":"Projekty","item":"https:\/\/www.helloskola.cz\/gymnazium\/projekty\/"},{"@type":"ListItem","position":3,"name":"V\u00fduka v souvislostech"}]},{"@type":"WebSite","@id":"https:\/\/www.helloskola.cz\/gymnazium\/#website","url":"https:\/\/www.helloskola.cz\/gymnazium\/","name":"Gymn\u00e1zium HELLO","description":"St\u0159edn\u00ed \u0161kola s pos\u00edlenou v\u00fdukou ciz\u00edch jazyk\u016f","publisher":{"@id":"https:\/\/www.helloskola.cz\/gymnazium\/#organization"},"potentialAction":[{"@type":"SearchAction","target":{"@type":"EntryPoint","urlTemplate":"https:\/\/www.helloskola.cz\/gymnazium\/?s={search_term_string}"},"query-input":{"@type":"PropertyValueSpecification","valueRequired":true,"valueName":"search_term_string"}}],"inLanguage":"cs"},{"@type":"Organization","@id":"https:\/\/www.helloskola.cz\/gymnazium\/#organization","name":"Gymn\u00e1zium Hello","url":"https:\/\/www.helloskola.cz\/gymnazium\/","logo":{"@type":"ImageObject","inLanguage":"cs","@id":"https:\/\/www.helloskola.cz\/gymnazium\/#\/schema\/logo\/image\/","url":"https:\/\/www.helloskola.cz\/gymnazium\/wp-content\/uploads\/sites\/3\/2022\/02\/hello_gy_cmyk-1.svg","contentUrl":"https:\/\/www.helloskola.cz\/gymnazium\/wp-content\/uploads\/sites\/3\/2022\/02\/hello_gy_cmyk-1.svg","width":100,"height":100,"caption":"Gymn\u00e1zium Hello"},"image":{"@id":"https:\/\/www.helloskola.cz\/gymnazium\/#\/schema\/logo\/image\/"}}]}},"_links":{"self":[{"href":"https:\/\/www.helloskola.cz\/gymnazium\/wp-json\/wp\/v2\/pages\/1143","targetHints":{"allow":["GET"]}}],"collection":[{"href":"https:\/\/www.helloskola.cz\/gymnazium\/wp-json\/wp\/v2\/pages"}],"about":[{"href":"https:\/\/www.helloskola.cz\/gymnazium\/wp-json\/wp\/v2\/types\/page"}],"author":[{"embeddable":true,"href":"https:\/\/www.helloskola.cz\/gymnazium\/wp-json\/wp\/v2\/users\/1"}],"replies":[{"embeddable":true,"href":"https:\/\/www.helloskola.cz\/gymnazium\/wp-json\/wp\/v2\/comments?post=1143"}],"version-history":[{"count":1,"href":"https:\/\/www.helloskola.cz\/gymnazium\/wp-json\/wp\/v2\/pages\/1143\/revisions"}],"predecessor-version":[{"id":1155,"href":"https:\/\/www.helloskola.cz\/gymnazium\/wp-json\/wp\/v2\/pages\/1143\/revisions\/1155"}],"up":[{"embeddable":true,"href":"https:\/\/www.helloskola.cz\/gymnazium\/wp-json\/wp\/v2\/pages\/1117"}],"wp:featuredmedia":[{"embeddable":true,"href":"https:\/\/www.helloskola.cz\/gymnazium\/wp-json\/wp\/v2\/media\/1779"}],"wp:attachment":[{"href":"https:\/\/www.helloskola.cz\/gymnazium\/wp-json\/wp\/v2\/media?parent=1143"}],"curies":[{"name":"wp","href":"https:\/\/api.w.org\/{rel}","templated":true}]}}