{"id":1046,"date":"2022-03-12T20:14:30","date_gmt":"2022-03-12T19:14:30","guid":{"rendered":"https:\/\/www.helloskola.cz\/gymnazium\/?page_id=1046"},"modified":"2025-10-10T12:12:50","modified_gmt":"2025-10-10T10:12:50","slug":"informace-vychovneho-poradce","status":"publish","type":"page","link":"https:\/\/www.helloskola.cz\/gymnazium\/pro-studenty\/informace-vychovneho-poradce\/","title":{"rendered":"PODPORA PRO STUDENTY HELLO"},"content":{"rendered":"\n<h3 class=\"wp-block-heading\">Pedagogicko-psychologick\u00e1 poradna<\/h3>\n\n\n\n<figure class=\"wp-block-table\"><table class=\"has-fixed-layout\"><thead><tr><th><strong>Kontakt<\/strong><\/th><th><strong>Speci\u00e1ln\u00ed pedagog<\/strong><\/th><th><strong>Psycholog<\/strong><\/th><\/tr><\/thead><tbody><tr><td>17. listopadu 1123\/70<br>708 00 Ostrava &#8211; Poruba<br>Tel. 1: 553 810 750,<br>Tel. 2: 553 810 751<br>E-mail:<br>posta-poruba@ppp-ostrava.cz<\/td><td><strong><em>Mgr. Petra Robenkov\u00e1<\/em><\/strong><br>\u00a0<br>E-mail: <br>robenkova@helloskola.cz<\/td><td><strong><em>PhDr. Ing. <\/em>Jana Lehnerov\u00e1<\/strong><br><br>E-mail:<br>lehnerova@helloskola.cz<br>\u00faterky a p\u00e1tky dle p\u0159edchoz\u00ed domluvy (EduPage, osobn\u011b o p\u0159est\u00e1vce \u010di e-mail).<br>Modr\u00e9 patro (kr\u010dek)<\/td><\/tr><\/tbody><\/table><\/figure>\n\n\n\n<p><a href=\"http:\/\/www.kampomaturite.cz\/kampomaturite\/status-studenta-2017-do-kdy-jste-studenty-po-ma\" target=\"_blank\" rel=\"noreferrer noopener\">Status studenta<\/a><\/p>\n\n\n\n<p><a href=\"https:\/\/www.kampomaturite.cz\/kampomaturite\/kdy-vysoke-skoly-poradaji-dny-otevrenych-dveri\" target=\"_blank\" rel=\"noreferrer noopener\">Dny otev\u0159en\u00fdch dve\u0159\u00ed na vysok\u00fdch \u0161kol\u00e1ch<\/a><\/p>\n\n\n\n<h2 class=\"wp-block-heading\">\u0160koln\u00ed poradensk\u00e9 pracovi\u0161t\u011b<\/h2>\n\n\n\n<p><br>\u0160koln\u00ed poradensk\u00e9 pracovi\u0161t\u011b (\u0160PP) poskytuje odborn\u00e9 slu\u017eby ve smyslu vyhl\u00e1\u0161ky \u010d. 197\/2016 Sb.,<br>kterou se m\u011bn\u00ed vyhl\u00e1\u0161ka \u010d. 72\/2005 Sb., o poskytov\u00e1n\u00ed poradensk\u00fdch slu\u017eeb ve \u0161kol\u00e1ch a \u0161kolsk\u00fdch<br>za\u0159\u00edzen\u00edch ve zn\u011bn\u00ed pozd\u011bj\u0161\u00edch p\u0159edpis\u016f. \u0160PP je pod\u0159\u00edzeno \u0159editelce \u0161koly. S ve\u0161ker\u00fdmi informacemi<br>poskytnut\u00fdmi v r\u00e1mci \u0160PP je nakl\u00e1d\u00e1no v souladu se z\u00e1konem \u010d. 101\/2000 Sb., o ochran\u011b osobn\u00edch<br>\u00fadaj\u016f, ve zn\u011bn\u00ed pozd\u011bj\u0161\u00edch p\u0159edpis\u016f.<br><\/p>\n\n\n\n<p>\u0160PP zaji\u0161\u0165uje koordinaci a poskytov\u00e1n\u00ed preventivn\u00edch, poradensk\u00fdch a diagnostick\u00fdch slu\u017eeb p\u0159\u00edmo<br>ve \u0161kole. Pe\u010duje o \u017e\u00e1ky se speci\u00e1ln\u00edmi vzd\u011bl\u00e1vac\u00edmi pot\u0159ebami, v\u00fdchovn\u00fdmi probl\u00e9my \u010di \u017e\u00e1ky<br>nadan\u00fdmi. Podporuje komunikaci mezi \u0161kolou a z\u00e1konn\u00fdmi z\u00e1stupci, poskytuje bezplatn\u00e9<br>poradenstv\u00ed \u017e\u00e1k\u016fm, student\u016fm, jejich z\u00e1konn\u00fdm z\u00e1stupc\u016fm a pedagogick\u00fdm pracovn\u00edk\u016fm.<br>Podm\u00ednkou poskytnut\u00ed poradensk\u00e9 slu\u017eby je p\u00edsemn\u00fd souhlas zletil\u00e9ho \u017e\u00e1ka nebo z\u00e1konn\u00e9ho<br>z\u00e1stupce nezletil\u00e9ho \u017e\u00e1ka.<br><\/p>\n\n\n\n<p><strong>\u010clenov\u00e9 \u0160PP:<\/strong><br><strong>* V\u00fdchovn\u00fd poradce \u2013 Mgr. Daniela El\u0161\u00edkov\u00e1<\/strong> &#8211; vedouc\u00ed PPP a koordin\u00e1torka asistent\u016f<\/p>\n\n\n\n<p>* Psycholo\u017eka &#8211; PhDr. Ing. Jana Lehnerov\u00e1<br>* Metodik prevence \u2013 Mgr. Michaela Kusiakov\u00e1<br>* Koordin\u00e1tor nad\u00e1n\u00ed \u2013 Ing. Hana Hlav\u00e1\u010dkov\u00e1<br>* Speci\u00e1ln\u00ed pedagog, pedagog \u2013 Mgr. Petra Robenkov\u00e1<br>* Kari\u00e9rov\u00fd poradce \u2013 PhDr. Ing. Jana Lehnerov\u00e1<br><br><\/p>\n\n\n\n<p><strong>Konzulta\u010dn\u00ed hodiny:<\/strong><\/p>\n\n\n\n<p><strong>Psycholo\u017eka:<\/strong><\/p>\n\n\n\n<p>\u00daTERKY a P\u00c1TKY 8:00 &#8211; 14:00 (po domluv\u011b)<br><\/p>\n\n\n\n<p><strong>V\u00fdchovn\u00fd poradce:<\/strong><\/p>\n\n\n\n<p>POND\u011aL\u00cd\u00a0\u00a0\u00a0\u00a0\u00a0\u00a0\u00a0\u00a0 8:50 &#8211; 9:50 <\/p>\n\n\n\n<p>ST\u0158EDA\u00a0\u00a0\u00a0\u00a0\u00a0\u00a0\u00a0\u00a0\u00a0\u00a0\u00a012:20 &#8211; 13:20<\/p>\n\n\n\n<p>P\u00c1TEK\u00a0\u00a0\u00a0\u00a0\u00a0\u00a0\u00a0\u00a0\u00a0\u00a0\u00a0\u00a0 14:00 &#8211; 16:00 (dle p\u0159edchoz\u00ed domluvy)<\/p>\n\n\n\n<p>Mimo uveden\u00e9 \u010dasy se lze rovn\u011b\u017e domluvit p\u0159es EduPage \u010di:<br>V jin\u00e9m \u010dase po p\u0159edchoz\u00ed domluv\u011b na <em><strong>elsikova@helloskola.cz.<\/strong><\/em><\/p>\n\n\n\n<p><\/p>\n\n\n\n<p><strong>Metodik prevence:<\/strong><\/p>\n\n\n\n<p>POND\u011aL\u00cd\u00a0\u00a0\u00a0\u00a0\u00a0\u00a0\u00a0\u00a0 12:45 \u2013 13:30<\/p>\n\n\n\n<p>\u010cTVRTEK\u00a0\u00a0\u00a0\u00a0\u00a0\u00a0\u00a0\u00a0 8:55 \u2013 9:40<br>V jin\u00e9m \u010dase po p\u0159edchoz\u00ed domluv\u011b na <strong><em>kusiakova@helloskola.cz.<\/em><\/strong><\/p>\n\n\n\n<figure class=\"wp-block-image size-full is-resized\"><img fetchpriority=\"high\" decoding=\"async\" width=\"992\" height=\"691\" src=\"https:\/\/www.helloskola.cz\/gymnazium\/wp-content\/uploads\/sites\/3\/2023\/03\/Plhakova.png\" alt=\"\" class=\"wp-image-4224\" style=\"width:367px;height:256px\" srcset=\"https:\/\/www.helloskola.cz\/gymnazium\/wp-content\/uploads\/sites\/3\/2023\/03\/Plhakova.png 992w, https:\/\/www.helloskola.cz\/gymnazium\/wp-content\/uploads\/sites\/3\/2023\/03\/Plhakova-300x209.png 300w, https:\/\/www.helloskola.cz\/gymnazium\/wp-content\/uploads\/sites\/3\/2023\/03\/Plhakova-768x535.png 768w\" sizes=\"(max-width: 992px) 100vw, 992px\" \/><figcaption class=\"wp-element-caption\">P\u0159e\u010dt\u011bte si rozhovor s NA\u0160\u00cd B\u00ddVALOU <a href=\"https:\/\/www.helloskola.cz\/gymnazium\/wp-content\/uploads\/sites\/3\/2023\/03\/20-23.pdf\">kari\u00e9rovou poradkyn\u00ed So\u0148ou Plh\u00e1kovou<\/a><\/figcaption><\/figure>\n\n\n\n<p><br><strong>U\u017eite\u010dn\u00e9 odkazy:<\/strong><br><a href=\"http:\/\/www.ppp-ostrava.cz\/\">Pedagogicko-psychologick\u00e1 poradna Ostrava-Z\u00e1b\u0159eh<\/a><br><a href=\"http:\/\/www.pppopava.cz\/\">Pedagogicko-psychologick\u00e1 poradna Opava<\/a><br><a href=\"http:\/\/www.svp-ostrava.cz\/\">St\u0159edisko v\u00fdchovn\u00e9 p\u00e9\u010de Ostrava<\/a><br><a href=\"http:\/\/www.deaf-ostrava.cz\/\">SPC pro vady sluchu<\/a><br><a href=\"http:\/\/www.zskptvajdy.cz\/spc\/\">SPC pro vady \u0159e\u010di a poruchy autistick\u00e9ho spektra<\/a><br><a href=\"http:\/\/www.ruzovka.eu\/\">SPC pro d\u011bti, \u017e\u00e1ky a studenty s t\u011blesn\u00fdm posti\u017een\u00edm Fr\u00fddek-M\u00edstek<\/a><br><a href=\"http:\/\/www.uradprace.cz\">\u00da\u0159ad pr\u00e1ce Ostrava<\/a><br><\/p>\n\n\n\n<p><strong>V Ostrav\u011b 1. 9. 2025<\/strong><\/p>\n\n\n\n<p><strong>Mgr. Gabriela Jur\u00e1nkov\u00e1<\/strong><\/p>\n\n\n\n<p class=\"has-text-align-right\"><\/p>\n","protected":false},"excerpt":{"rendered":"<p>Pedagogicko-psychologick\u00e1 poradna Kontakt Speci\u00e1ln\u00ed pedagog Psycholog 17. listopadu 1123\/70708 00 Ostrava &#8211; PorubaTel. 1: 553 810 750,Tel. 2: 553 810 751E-mail:posta-poruba@ppp-ostrava.cz Mgr. Petra Robenkov\u00e1\u00a0E-mail: robenkova@helloskola.cz PhDr. Ing. Jana Lehnerov\u00e1 E-mail:lehnerova@helloskola.cz\u00faterky a p\u00e1tky dle p\u0159edchoz\u00ed domluvy (EduPage, osobn\u011b o p\u0159est\u00e1vce \u010di e-mail).Modr\u00e9 patro (kr\u010dek) Status studenta Dny otev\u0159en\u00fdch dve\u0159\u00ed na vysok\u00fdch \u0161kol\u00e1ch \u0160koln\u00ed poradensk\u00e9 pracovi\u0161t\u011b \u0160koln\u00ed [&hellip;]<\/p>\n","protected":false},"author":1,"featured_media":1779,"parent":970,"menu_order":0,"comment_status":"closed","ping_status":"closed","template":"","meta":{"footnotes":""},"class_list":["post-1046","page","type-page","status-publish","has-post-thumbnail","hentry"],"yoast_head":"<!-- This site is optimized with the Yoast SEO plugin v24.8.1 - https:\/\/yoast.com\/wordpress\/plugins\/seo\/ -->\n<title>PODPORA PRO STUDENTY HELLO | Gymn\u00e1zium HELLO<\/title>\n<meta name=\"robots\" content=\"index, follow, max-snippet:-1, max-image-preview:large, max-video-preview:-1\" \/>\n<link rel=\"canonical\" href=\"https:\/\/www.helloskola.cz\/gymnazium\/pro-studenty\/informace-vychovneho-poradce\/\" \/>\n<meta property=\"og:locale\" content=\"cs_CZ\" \/>\n<meta property=\"og:type\" content=\"article\" \/>\n<meta property=\"og:title\" content=\"PODPORA PRO STUDENTY HELLO | Gymn\u00e1zium HELLO\" \/>\n<meta property=\"og:description\" content=\"Pedagogicko-psychologick\u00e1 poradna Kontakt Speci\u00e1ln\u00ed pedagog Psycholog 17. listopadu 1123\/70708 00 Ostrava &#8211; PorubaTel. 1: 553 810 750,Tel. 2: 553 810 751E-mail:posta-poruba@ppp-ostrava.cz Mgr. Petra Robenkov\u00e1\u00a0E-mail: robenkova@helloskola.cz PhDr. Ing. Jana Lehnerov\u00e1 E-mail:lehnerova@helloskola.cz\u00faterky a p\u00e1tky dle p\u0159edchoz\u00ed domluvy (EduPage, osobn\u011b o p\u0159est\u00e1vce \u010di e-mail).Modr\u00e9 patro (kr\u010dek) Status studenta Dny otev\u0159en\u00fdch dve\u0159\u00ed na vysok\u00fdch \u0161kol\u00e1ch \u0160koln\u00ed poradensk\u00e9 pracovi\u0161t\u011b \u0160koln\u00ed [&hellip;]\" \/>\n<meta property=\"og:url\" content=\"https:\/\/www.helloskola.cz\/gymnazium\/pro-studenty\/informace-vychovneho-poradce\/\" \/>\n<meta property=\"og:site_name\" content=\"Gymn\u00e1zium HELLO\" \/>\n<meta property=\"article:modified_time\" content=\"2025-10-10T10:12:50+00:00\" \/>\n<meta property=\"og:image\" content=\"https:\/\/www.helloskola.cz\/gymnazium\/wp-content\/uploads\/sites\/3\/2023\/03\/Plhakova.png\" \/>\n\t<meta property=\"og:image:width\" content=\"992\" \/>\n\t<meta property=\"og:image:height\" content=\"691\" \/>\n\t<meta property=\"og:image:type\" content=\"image\/png\" \/>\n<meta name=\"twitter:card\" content=\"summary_large_image\" \/>\n<meta name=\"twitter:label1\" content=\"Odhadovan\u00e1 doba \u010dten\u00ed\" \/>\n\t<meta name=\"twitter:data1\" content=\"3 minuty\" \/>\n<script type=\"application\/ld+json\" class=\"yoast-schema-graph\">{\"@context\":\"https:\/\/schema.org\",\"@graph\":[{\"@type\":\"WebPage\",\"@id\":\"https:\/\/www.helloskola.cz\/gymnazium\/pro-studenty\/informace-vychovneho-poradce\/\",\"url\":\"https:\/\/www.helloskola.cz\/gymnazium\/pro-studenty\/informace-vychovneho-poradce\/\",\"name\":\"PODPORA PRO STUDENTY HELLO | Gymn\u00e1zium HELLO\",\"isPartOf\":{\"@id\":\"https:\/\/www.helloskola.cz\/gymnazium\/#website\"},\"primaryImageOfPage\":{\"@id\":\"https:\/\/www.helloskola.cz\/gymnazium\/pro-studenty\/informace-vychovneho-poradce\/#primaryimage\"},\"image\":{\"@id\":\"https:\/\/www.helloskola.cz\/gymnazium\/pro-studenty\/informace-vychovneho-poradce\/#primaryimage\"},\"thumbnailUrl\":\"https:\/\/www.helloskola.cz\/gymnazium\/wp-content\/uploads\/sites\/3\/2022\/05\/gympl-fallback.png\",\"datePublished\":\"2022-03-12T19:14:30+00:00\",\"dateModified\":\"2025-10-10T10:12:50+00:00\",\"breadcrumb\":{\"@id\":\"https:\/\/www.helloskola.cz\/gymnazium\/pro-studenty\/informace-vychovneho-poradce\/#breadcrumb\"},\"inLanguage\":\"cs\",\"potentialAction\":[{\"@type\":\"ReadAction\",\"target\":[\"https:\/\/www.helloskola.cz\/gymnazium\/pro-studenty\/informace-vychovneho-poradce\/\"]}]},{\"@type\":\"ImageObject\",\"inLanguage\":\"cs\",\"@id\":\"https:\/\/www.helloskola.cz\/gymnazium\/pro-studenty\/informace-vychovneho-poradce\/#primaryimage\",\"url\":\"https:\/\/www.helloskola.cz\/gymnazium\/wp-content\/uploads\/sites\/3\/2022\/05\/gympl-fallback.png\",\"contentUrl\":\"https:\/\/www.helloskola.cz\/gymnazium\/wp-content\/uploads\/sites\/3\/2022\/05\/gympl-fallback.png\",\"width\":933,\"height\":700},{\"@type\":\"BreadcrumbList\",\"@id\":\"https:\/\/www.helloskola.cz\/gymnazium\/pro-studenty\/informace-vychovneho-poradce\/#breadcrumb\",\"itemListElement\":[{\"@type\":\"ListItem\",\"position\":1,\"name\":\"\u00davod\",\"item\":\"https:\/\/www.helloskola.cz\/gymnazium\/\"},{\"@type\":\"ListItem\",\"position\":2,\"name\":\"Pro studenty\",\"item\":\"https:\/\/www.helloskola.cz\/gymnazium\/pro-studenty\/\"},{\"@type\":\"ListItem\",\"position\":3,\"name\":\"PODPORA PRO STUDENTY HELLO\"}]},{\"@type\":\"WebSite\",\"@id\":\"https:\/\/www.helloskola.cz\/gymnazium\/#website\",\"url\":\"https:\/\/www.helloskola.cz\/gymnazium\/\",\"name\":\"Gymn\u00e1zium HELLO\",\"description\":\"St\u0159edn\u00ed \u0161kola s pos\u00edlenou v\u00fdukou ciz\u00edch jazyk\u016f\",\"publisher\":{\"@id\":\"https:\/\/www.helloskola.cz\/gymnazium\/#organization\"},\"potentialAction\":[{\"@type\":\"SearchAction\",\"target\":{\"@type\":\"EntryPoint\",\"urlTemplate\":\"https:\/\/www.helloskola.cz\/gymnazium\/?s={search_term_string}\"},\"query-input\":{\"@type\":\"PropertyValueSpecification\",\"valueRequired\":true,\"valueName\":\"search_term_string\"}}],\"inLanguage\":\"cs\"},{\"@type\":\"Organization\",\"@id\":\"https:\/\/www.helloskola.cz\/gymnazium\/#organization\",\"name\":\"Gymn\u00e1zium Hello\",\"url\":\"https:\/\/www.helloskola.cz\/gymnazium\/\",\"logo\":{\"@type\":\"ImageObject\",\"inLanguage\":\"cs\",\"@id\":\"https:\/\/www.helloskola.cz\/gymnazium\/#\/schema\/logo\/image\/\",\"url\":\"https:\/\/www.helloskola.cz\/gymnazium\/wp-content\/uploads\/sites\/3\/2022\/02\/hello_gy_cmyk-1.svg\",\"contentUrl\":\"https:\/\/www.helloskola.cz\/gymnazium\/wp-content\/uploads\/sites\/3\/2022\/02\/hello_gy_cmyk-1.svg\",\"width\":100,\"height\":100,\"caption\":\"Gymn\u00e1zium Hello\"},\"image\":{\"@id\":\"https:\/\/www.helloskola.cz\/gymnazium\/#\/schema\/logo\/image\/\"}}]}<\/script>\n<!-- \/ Yoast SEO plugin. -->","yoast_head_json":{"title":"PODPORA PRO STUDENTY HELLO | Gymn\u00e1zium HELLO","robots":{"index":"index","follow":"follow","max-snippet":"max-snippet:-1","max-image-preview":"max-image-preview:large","max-video-preview":"max-video-preview:-1"},"canonical":"https:\/\/www.helloskola.cz\/gymnazium\/pro-studenty\/informace-vychovneho-poradce\/","og_locale":"cs_CZ","og_type":"article","og_title":"PODPORA PRO STUDENTY HELLO | Gymn\u00e1zium HELLO","og_description":"Pedagogicko-psychologick\u00e1 poradna Kontakt Speci\u00e1ln\u00ed pedagog Psycholog 17. listopadu 1123\/70708 00 Ostrava &#8211; PorubaTel. 1: 553 810 750,Tel. 2: 553 810 751E-mail:posta-poruba@ppp-ostrava.cz Mgr. Petra Robenkov\u00e1\u00a0E-mail: robenkova@helloskola.cz PhDr. Ing. Jana Lehnerov\u00e1 E-mail:lehnerova@helloskola.cz\u00faterky a p\u00e1tky dle p\u0159edchoz\u00ed domluvy (EduPage, osobn\u011b o p\u0159est\u00e1vce \u010di e-mail).Modr\u00e9 patro (kr\u010dek) Status studenta Dny otev\u0159en\u00fdch dve\u0159\u00ed na vysok\u00fdch \u0161kol\u00e1ch \u0160koln\u00ed poradensk\u00e9 pracovi\u0161t\u011b \u0160koln\u00ed [&hellip;]","og_url":"https:\/\/www.helloskola.cz\/gymnazium\/pro-studenty\/informace-vychovneho-poradce\/","og_site_name":"Gymn\u00e1zium HELLO","article_modified_time":"2025-10-10T10:12:50+00:00","og_image":[{"width":992,"height":691,"url":"https:\/\/www.helloskola.cz\/gymnazium\/wp-content\/uploads\/sites\/3\/2023\/03\/Plhakova.png","type":"image\/png"}],"twitter_card":"summary_large_image","twitter_misc":{"Odhadovan\u00e1 doba \u010dten\u00ed":"3 minuty"},"schema":{"@context":"https:\/\/schema.org","@graph":[{"@type":"WebPage","@id":"https:\/\/www.helloskola.cz\/gymnazium\/pro-studenty\/informace-vychovneho-poradce\/","url":"https:\/\/www.helloskola.cz\/gymnazium\/pro-studenty\/informace-vychovneho-poradce\/","name":"PODPORA PRO STUDENTY HELLO | Gymn\u00e1zium HELLO","isPartOf":{"@id":"https:\/\/www.helloskola.cz\/gymnazium\/#website"},"primaryImageOfPage":{"@id":"https:\/\/www.helloskola.cz\/gymnazium\/pro-studenty\/informace-vychovneho-poradce\/#primaryimage"},"image":{"@id":"https:\/\/www.helloskola.cz\/gymnazium\/pro-studenty\/informace-vychovneho-poradce\/#primaryimage"},"thumbnailUrl":"https:\/\/www.helloskola.cz\/gymnazium\/wp-content\/uploads\/sites\/3\/2022\/05\/gympl-fallback.png","datePublished":"2022-03-12T19:14:30+00:00","dateModified":"2025-10-10T10:12:50+00:00","breadcrumb":{"@id":"https:\/\/www.helloskola.cz\/gymnazium\/pro-studenty\/informace-vychovneho-poradce\/#breadcrumb"},"inLanguage":"cs","potentialAction":[{"@type":"ReadAction","target":["https:\/\/www.helloskola.cz\/gymnazium\/pro-studenty\/informace-vychovneho-poradce\/"]}]},{"@type":"ImageObject","inLanguage":"cs","@id":"https:\/\/www.helloskola.cz\/gymnazium\/pro-studenty\/informace-vychovneho-poradce\/#primaryimage","url":"https:\/\/www.helloskola.cz\/gymnazium\/wp-content\/uploads\/sites\/3\/2022\/05\/gympl-fallback.png","contentUrl":"https:\/\/www.helloskola.cz\/gymnazium\/wp-content\/uploads\/sites\/3\/2022\/05\/gympl-fallback.png","width":933,"height":700},{"@type":"BreadcrumbList","@id":"https:\/\/www.helloskola.cz\/gymnazium\/pro-studenty\/informace-vychovneho-poradce\/#breadcrumb","itemListElement":[{"@type":"ListItem","position":1,"name":"\u00davod","item":"https:\/\/www.helloskola.cz\/gymnazium\/"},{"@type":"ListItem","position":2,"name":"Pro studenty","item":"https:\/\/www.helloskola.cz\/gymnazium\/pro-studenty\/"},{"@type":"ListItem","position":3,"name":"PODPORA PRO STUDENTY HELLO"}]},{"@type":"WebSite","@id":"https:\/\/www.helloskola.cz\/gymnazium\/#website","url":"https:\/\/www.helloskola.cz\/gymnazium\/","name":"Gymn\u00e1zium HELLO","description":"St\u0159edn\u00ed \u0161kola s pos\u00edlenou v\u00fdukou ciz\u00edch jazyk\u016f","publisher":{"@id":"https:\/\/www.helloskola.cz\/gymnazium\/#organization"},"potentialAction":[{"@type":"SearchAction","target":{"@type":"EntryPoint","urlTemplate":"https:\/\/www.helloskola.cz\/gymnazium\/?s={search_term_string}"},"query-input":{"@type":"PropertyValueSpecification","valueRequired":true,"valueName":"search_term_string"}}],"inLanguage":"cs"},{"@type":"Organization","@id":"https:\/\/www.helloskola.cz\/gymnazium\/#organization","name":"Gymn\u00e1zium Hello","url":"https:\/\/www.helloskola.cz\/gymnazium\/","logo":{"@type":"ImageObject","inLanguage":"cs","@id":"https:\/\/www.helloskola.cz\/gymnazium\/#\/schema\/logo\/image\/","url":"https:\/\/www.helloskola.cz\/gymnazium\/wp-content\/uploads\/sites\/3\/2022\/02\/hello_gy_cmyk-1.svg","contentUrl":"https:\/\/www.helloskola.cz\/gymnazium\/wp-content\/uploads\/sites\/3\/2022\/02\/hello_gy_cmyk-1.svg","width":100,"height":100,"caption":"Gymn\u00e1zium Hello"},"image":{"@id":"https:\/\/www.helloskola.cz\/gymnazium\/#\/schema\/logo\/image\/"}}]}},"_links":{"self":[{"href":"https:\/\/www.helloskola.cz\/gymnazium\/wp-json\/wp\/v2\/pages\/1046","targetHints":{"allow":["GET"]}}],"collection":[{"href":"https:\/\/www.helloskola.cz\/gymnazium\/wp-json\/wp\/v2\/pages"}],"about":[{"href":"https:\/\/www.helloskola.cz\/gymnazium\/wp-json\/wp\/v2\/types\/page"}],"author":[{"embeddable":true,"href":"https:\/\/www.helloskola.cz\/gymnazium\/wp-json\/wp\/v2\/users\/1"}],"replies":[{"embeddable":true,"href":"https:\/\/www.helloskola.cz\/gymnazium\/wp-json\/wp\/v2\/comments?post=1046"}],"version-history":[{"count":21,"href":"https:\/\/www.helloskola.cz\/gymnazium\/wp-json\/wp\/v2\/pages\/1046\/revisions"}],"predecessor-version":[{"id":5552,"href":"https:\/\/www.helloskola.cz\/gymnazium\/wp-json\/wp\/v2\/pages\/1046\/revisions\/5552"}],"up":[{"embeddable":true,"href":"https:\/\/www.helloskola.cz\/gymnazium\/wp-json\/wp\/v2\/pages\/970"}],"wp:featuredmedia":[{"embeddable":true,"href":"https:\/\/www.helloskola.cz\/gymnazium\/wp-json\/wp\/v2\/media\/1779"}],"wp:attachment":[{"href":"https:\/\/www.helloskola.cz\/gymnazium\/wp-json\/wp\/v2\/media?parent=1046"}],"curies":[{"name":"wp","href":"https:\/\/api.w.org\/{rel}","templated":true}]}}