{"id":1035,"date":"2022-03-12T20:06:15","date_gmt":"2022-03-12T19:06:15","guid":{"rendered":"https:\/\/www.helloskola.cz\/gymnazium\/?page_id=1035"},"modified":"2026-01-11T21:30:48","modified_gmt":"2026-01-11T20:30:48","slug":"humanitarni-predmety","status":"publish","type":"page","link":"https:\/\/www.helloskola.cz\/gymnazium\/pro-studenty\/predmety-a-informace\/humanitarni-predmety\/","title":{"rendered":"Humanitn\u00ed p\u0159edm\u011bty"},"content":{"rendered":"\n<h2 class=\"wp-block-heading\">U\u010ditel\u00e9 humanitn\u00edch p\u0159edm\u011bt\u016f<\/h2>\n\n\n\n<p>Mgr. Gabriela Jur\u00e1nkov\u00e1 &#8211; vedouc\u00ed PK humanitn\u00ed<\/p>\n\n\n\n<p>Mgr. Kl\u00e1ra Kantorov\u00e1, Mgr. Jana Pavli\u0161t\u00edkov\u00e1, Mgr. Tereza Nedava\u0161kov\u00e1, Mgr. Daniel Honka, Mgr. Zora Jel\u00ednkov\u00e1, Mgr. Tereza Palov\u00e1, Mgr. Michaela Zemanov\u00e1, Bc. Tereza Wolgemuth Drnovsk\u00e1.<\/p>\n\n\n\n<div style=\"height:20px\" aria-hidden=\"true\" class=\"wp-block-spacer\"><\/div>\n\n\n\n<figure class=\"wp-block-gallery has-nested-images columns-default is-cropped wp-block-gallery-1 is-layout-flex wp-block-gallery-is-layout-flex\">\n<figure class=\"wp-block-image size-large\"><a href=\"https:\/\/www.helloskola.cz\/gymnazium\/wp-content\/uploads\/sites\/3\/2022\/10\/IMG_20220914_12112311276-scaled.jpg\"><img fetchpriority=\"high\" decoding=\"async\" width=\"1004\" height=\"1024\" data-id=\"3840\" src=\"https:\/\/www.helloskola.cz\/gymnazium\/wp-content\/uploads\/sites\/3\/2022\/10\/IMG_20220914_12112311276-1004x1024.jpg\" alt=\"\" class=\"wp-image-3840\" srcset=\"https:\/\/www.helloskola.cz\/gymnazium\/wp-content\/uploads\/sites\/3\/2022\/10\/IMG_20220914_12112311276-1004x1024.jpg 1004w, https:\/\/www.helloskola.cz\/gymnazium\/wp-content\/uploads\/sites\/3\/2022\/10\/IMG_20220914_12112311276-294x300.jpg 294w, https:\/\/www.helloskola.cz\/gymnazium\/wp-content\/uploads\/sites\/3\/2022\/10\/IMG_20220914_12112311276-768x783.jpg 768w, https:\/\/www.helloskola.cz\/gymnazium\/wp-content\/uploads\/sites\/3\/2022\/10\/IMG_20220914_12112311276-1506x1536.jpg 1506w, https:\/\/www.helloskola.cz\/gymnazium\/wp-content\/uploads\/sites\/3\/2022\/10\/IMG_20220914_12112311276-2008x2048.jpg 2008w\" sizes=\"(max-width: 1004px) 100vw, 1004px\" \/><\/a><\/figure>\n\n\n\n<figure class=\"wp-block-image size-large\"><a href=\"https:\/\/www.helloskola.cz\/gymnazium\/wp-content\/uploads\/sites\/3\/2022\/03\/humanitni\u0301.jpeg\"><img decoding=\"async\" width=\"600\" height=\"337\" data-id=\"1039\" src=\"https:\/\/www.helloskola.cz\/gymnazium\/wp-content\/uploads\/sites\/3\/2022\/03\/humanitni\u0301.jpeg\" alt=\"\" class=\"wp-image-1039\" srcset=\"https:\/\/www.helloskola.cz\/gymnazium\/wp-content\/uploads\/sites\/3\/2022\/03\/humanitni\u0301.jpeg 600w, https:\/\/www.helloskola.cz\/gymnazium\/wp-content\/uploads\/sites\/3\/2022\/03\/humanitni\u0301-300x169.jpeg 300w\" sizes=\"(max-width: 600px) 100vw, 600px\" \/><\/a><\/figure>\n\n\n\n<figure class=\"wp-block-image size-full\"><a href=\"https:\/\/www.helloskola.cz\/gymnazium\/wp-content\/uploads\/sites\/3\/2022\/08\/20191110_094905.jpg\"><img decoding=\"async\" width=\"500\" height=\"281\" data-id=\"3579\" src=\"https:\/\/www.helloskola.cz\/gymnazium\/wp-content\/uploads\/sites\/3\/2022\/08\/20191110_094905.jpg\" alt=\"\" class=\"wp-image-3579\" srcset=\"https:\/\/www.helloskola.cz\/gymnazium\/wp-content\/uploads\/sites\/3\/2022\/08\/20191110_094905.jpg 500w, https:\/\/www.helloskola.cz\/gymnazium\/wp-content\/uploads\/sites\/3\/2022\/08\/20191110_094905-300x169.jpg 300w\" sizes=\"(max-width: 500px) 100vw, 500px\" \/><\/a><\/figure>\n\n\n\n<figure class=\"wp-block-image size-large\"><a href=\"https:\/\/www.helloskola.cz\/gymnazium\/wp-content\/uploads\/sites\/3\/2022\/03\/humanitni\u03014.jpeg\"><img loading=\"lazy\" decoding=\"async\" width=\"600\" height=\"337\" data-id=\"1038\" src=\"https:\/\/www.helloskola.cz\/gymnazium\/wp-content\/uploads\/sites\/3\/2022\/03\/humanitni\u03014.jpeg\" alt=\"\" class=\"wp-image-1038\" srcset=\"https:\/\/www.helloskola.cz\/gymnazium\/wp-content\/uploads\/sites\/3\/2022\/03\/humanitni\u03014.jpeg 600w, https:\/\/www.helloskola.cz\/gymnazium\/wp-content\/uploads\/sites\/3\/2022\/03\/humanitni\u03014-300x169.jpeg 300w\" sizes=\"(max-width: 600px) 100vw, 600px\" \/><\/a><\/figure>\n\n\n\n<figure class=\"wp-block-image size-large\"><a href=\"https:\/\/www.helloskola.cz\/gymnazium\/wp-content\/uploads\/sites\/3\/2022\/03\/humanitni5.jpeg\"><img loading=\"lazy\" decoding=\"async\" width=\"600\" height=\"337\" data-id=\"1037\" src=\"https:\/\/www.helloskola.cz\/gymnazium\/wp-content\/uploads\/sites\/3\/2022\/03\/humanitni5.jpeg\" alt=\"\" class=\"wp-image-1037\" srcset=\"https:\/\/www.helloskola.cz\/gymnazium\/wp-content\/uploads\/sites\/3\/2022\/03\/humanitni5.jpeg 600w, https:\/\/www.helloskola.cz\/gymnazium\/wp-content\/uploads\/sites\/3\/2022\/03\/humanitni5-300x169.jpeg 300w\" sizes=\"(max-width: 600px) 100vw, 600px\" \/><\/a><\/figure>\n\n\n\n<figure class=\"wp-block-image size-large\"><a href=\"https:\/\/www.helloskola.cz\/gymnazium\/wp-content\/uploads\/sites\/3\/2022\/03\/humanitni6.jpeg\"><img loading=\"lazy\" decoding=\"async\" width=\"551\" height=\"335\" data-id=\"1040\" src=\"https:\/\/www.helloskola.cz\/gymnazium\/wp-content\/uploads\/sites\/3\/2022\/03\/humanitni6.jpeg\" alt=\"\" class=\"wp-image-1040\" srcset=\"https:\/\/www.helloskola.cz\/gymnazium\/wp-content\/uploads\/sites\/3\/2022\/03\/humanitni6.jpeg 551w, https:\/\/www.helloskola.cz\/gymnazium\/wp-content\/uploads\/sites\/3\/2022\/03\/humanitni6-300x182.jpeg 300w\" sizes=\"(max-width: 551px) 100vw, 551px\" \/><\/a><\/figure>\n<\/figure>\n\n\n\n<h3 class=\"wp-block-heading\">Sv\u011bt v&nbsp;souvislostech<\/h3>\n\n\n\n<p>Je nov\u00fd p\u0159edm\u011bt pro maturanty, kter\u00fd spojuje dosavadn\u00ed humanitn\u00ed znalosti a&nbsp;d\u00e1v\u00e1 je do aktu\u00e1ln\u00edho kontextu. Jedn\u00edm z v\u00fdstup\u016f je i organizace ka\u017edoro\u010dn\u00ed konference Budoucnost jsme my!<\/p>\n\n\n\n<h3 class=\"wp-block-heading\">Semin\u00e1\u0159e<\/h3>\n\n\n\n<p>Humanitn\u00ed semin\u00e1\u0159e na Hello umo\u017e\u0148uj\u00ed student\u016fm t\u0159et\u00edch a\u00a0\u010dtvrt\u00fdch ro\u010dn\u00edk\u016f prohloubit si obory, kter\u00e9 je zaj\u00edmaj\u00ed, \u010di kter\u00e9 pot\u0159ebuj\u00ed pro \u00fasp\u011b\u0161n\u00fd vstup na vysokou \u0161kolu. Sociologick\u00fd semin\u00e1\u0159, OSVZ semin\u00e1\u0159, Medi\u00e1ln\u00ed semin\u00e1\u0159, Psychologick\u00fd semin\u00e1\u0159, Kreativn\u00ed psan\u00ed, Psan\u00ed v\u0161emi deseti, D\u011bjepisn\u00fd semin\u00e1\u0159 aj.<\/p>\n\n\n\n<h2 class=\"wp-block-heading\">Osobnostn\u00ed rozvoj<\/h2>\n\n\n\n<p>Ned\u00edlnou sou\u010d\u00e1st\u00ed vzd\u011bl\u00e1v\u00e1n\u00ed na Hello je i pr\u00e1ce s osobnost\u00ed studenta. Psychologie v prvn\u00edm ro\u010dn\u00edku, osobnostn\u00ed rozvoj jako dvouhodinovka ka\u017ed\u00fd t\u00fdden s psychology ve \u010dtvrt\u00e9m ro\u010dn\u00edku a po celou dobu studia i pravideln\u00e9 Hodiny osobnostn\u00edho rozvoje v r\u00e1mci t\u0159\u00eddy.<\/p>\n\n\n\n<h3 class=\"wp-block-heading\">Modern\u00ed didaktika<\/h3>\n\n\n\n<p>Nejnov\u011bj\u0161\u00ed metody modern\u00ed didaktiky vyu\u017e\u00edvaj\u00ed pedagogov\u00e9 na Hello ve sv\u00fdch hodin\u00e1ch. \u010cist\u011b front\u00e1ln\u00ed &#8222;kazatelsk\u00e9&#8220; v\u00fduky se u&nbsp;n\u00e1s nemus\u00edte ob\u00e1vat. Rozv\u00edj\u00edme t\u00fdmovou spolupr\u00e1ci, prezenta\u010dn\u00ed dovednosti, u\u010d\u00edme dovednosti, kter\u00e9 studenti vyu\u017eij\u00ed v&nbsp;dal\u0161\u00edm studijn\u00edm i&nbsp;profesn\u00ed \u017eivot\u011b. Rozv\u00edj\u00edme soft skills<\/p>\n\n\n\n<h3 class=\"wp-block-heading\">\u010cten\u00e1\u0159sk\u00e1 gramotnost<\/h3>\n\n\n\n<p>V Hello klademe velk\u00fd d\u016fraz na pr\u00e1ci s&nbsp;textem a&nbsp;\u010dten\u00ed s&nbsp;porozum\u011bn\u00edm. Metodou close-reading rozv\u00edj\u00edme dovednosti, kter\u00e9 studenti vyu\u017eij\u00ed cel\u00fd \u017eivot a v\u0161ude. \u017d\u00e1kovsk\u00e1 knihovna je pln\u00e1 zaj\u00edmav\u00fdch publikac\u00ed nejen klasick\u00e9, ale i&nbsp;modern\u00ed a&nbsp;sekund\u00e1rn\u00ed literatury. A&nbsp;taky literatury faktu.<\/p>\n\n\n\n<h2 class=\"wp-block-heading\">KULTURA A MY<\/h2>\n\n\n\n<p>Pravideln\u011b nav\u0161t\u011bvujeme divadeln\u00ed p\u0159edstaven\u00ed, v r\u00e1mci Liter\u00e1rn\u00edho autobusu objevujeme kr\u00e1sy \u010ceska.<\/p>\n\n\n\n<p>M\u00e1ch\u016fv kraj, Ha\u0161kova Lipnice, Berounka Oty Pavla &#8211; t\u0159i pravideln\u00e9 \u010dervnov\u00e9 v\u00fdjezdy<\/p>\n\n\n\n<figure class=\"wp-block-gallery has-nested-images columns-default is-cropped wp-block-gallery-2 is-layout-flex wp-block-gallery-is-layout-flex\">\n<figure class=\"wp-block-image size-large\"><img loading=\"lazy\" decoding=\"async\" width=\"805\" height=\"820\" data-id=\"5690\" src=\"https:\/\/www.helloskola.cz\/gymnazium\/wp-content\/uploads\/sites\/3\/2026\/01\/Divadlo.jpg\" alt=\"\" class=\"wp-image-5690\" srcset=\"https:\/\/www.helloskola.cz\/gymnazium\/wp-content\/uploads\/sites\/3\/2026\/01\/Divadlo.jpg 805w, https:\/\/www.helloskola.cz\/gymnazium\/wp-content\/uploads\/sites\/3\/2026\/01\/Divadlo-295x300.jpg 295w, https:\/\/www.helloskola.cz\/gymnazium\/wp-content\/uploads\/sites\/3\/2026\/01\/Divadlo-768x782.jpg 768w\" sizes=\"(max-width: 805px) 100vw, 805px\" \/><\/figure>\n<\/figure>\n\n\n\n<p><strong>Odkazy na u\u017eite\u010dn\u00e9 kontakty<\/strong><\/p>\n\n\n\n<p><a href=\"http:\/\/www.novamaturita.cz\/cesky-jazyk-a-literatura-1404033218.html\" target=\"_blank\" rel=\"noreferrer noopener\">http:\/\/www.novamaturita.cz\/cesky-jazyk-a-literatura-1404033218.html<\/a><\/p>\n\n\n\n<p><a href=\"http:\/\/prirucka.ujc.cas.cz\/\" target=\"_blank\" rel=\"noreferrer noopener\">http:\/\/prirucka.ujc.cas.cz\/<\/a><\/p>\n\n\n\n<p><a href=\"http:\/\/programy.sms.cz\/divadla\/ostrava\" target=\"_blank\" rel=\"noreferrer noopener\">http:\/\/programy.sms.cz\/divadla\/ostrava<\/a><\/p>\n\n\n\n<p><a href=\"http:\/\/www.moderni-dejiny.cz\/\" target=\"_blank\" rel=\"noreferrer noopener\">http:\/\/www.moderni-dejiny.cz\/<\/a><\/p>\n","protected":false},"excerpt":{"rendered":"<p>U\u010ditel\u00e9 humanitn\u00edch p\u0159edm\u011bt\u016f Mgr. Gabriela Jur\u00e1nkov\u00e1 &#8211; vedouc\u00ed PK humanitn\u00ed Mgr. Kl\u00e1ra Kantorov\u00e1, Mgr. Jana Pavli\u0161t\u00edkov\u00e1, Mgr. Tereza Nedava\u0161kov\u00e1, Mgr. Daniel Honka, Mgr. Zora Jel\u00ednkov\u00e1, Mgr. Tereza Palov\u00e1, Mgr. Michaela Zemanov\u00e1, Bc. Tereza Wolgemuth Drnovsk\u00e1. Sv\u011bt v&nbsp;souvislostech Je nov\u00fd p\u0159edm\u011bt pro maturanty, kter\u00fd spojuje dosavadn\u00ed humanitn\u00ed znalosti a&nbsp;d\u00e1v\u00e1 je do aktu\u00e1ln\u00edho kontextu. Jedn\u00edm z v\u00fdstup\u016f [&hellip;]<\/p>\n","protected":false},"author":1,"featured_media":1779,"parent":987,"menu_order":0,"comment_status":"closed","ping_status":"closed","template":"","meta":{"footnotes":""},"class_list":["post-1035","page","type-page","status-publish","has-post-thumbnail","hentry"],"yoast_head":"<!-- This site is optimized with the Yoast SEO plugin v24.8.1 - https:\/\/yoast.com\/wordpress\/plugins\/seo\/ -->\n<title>Humanitn\u00ed p\u0159edm\u011bty | Gymn\u00e1zium HELLO<\/title>\n<meta name=\"robots\" content=\"index, follow, max-snippet:-1, max-image-preview:large, max-video-preview:-1\" \/>\n<link rel=\"canonical\" href=\"https:\/\/www.helloskola.cz\/gymnazium\/pro-studenty\/predmety-a-informace\/humanitarni-predmety\/\" \/>\n<meta property=\"og:locale\" content=\"cs_CZ\" \/>\n<meta property=\"og:type\" content=\"article\" \/>\n<meta property=\"og:title\" content=\"Humanitn\u00ed p\u0159edm\u011bty | Gymn\u00e1zium HELLO\" \/>\n<meta property=\"og:description\" content=\"U\u010ditel\u00e9 humanitn\u00edch p\u0159edm\u011bt\u016f Mgr. Gabriela Jur\u00e1nkov\u00e1 &#8211; vedouc\u00ed PK humanitn\u00ed Mgr. Kl\u00e1ra Kantorov\u00e1, Mgr. Jana Pavli\u0161t\u00edkov\u00e1, Mgr. Tereza Nedava\u0161kov\u00e1, Mgr. Daniel Honka, Mgr. Zora Jel\u00ednkov\u00e1, Mgr. Tereza Palov\u00e1, Mgr. Michaela Zemanov\u00e1, Bc. Tereza Wolgemuth Drnovsk\u00e1. Sv\u011bt v&nbsp;souvislostech Je nov\u00fd p\u0159edm\u011bt pro maturanty, kter\u00fd spojuje dosavadn\u00ed humanitn\u00ed znalosti a&nbsp;d\u00e1v\u00e1 je do aktu\u00e1ln\u00edho kontextu. Jedn\u00edm z v\u00fdstup\u016f [&hellip;]\" \/>\n<meta property=\"og:url\" content=\"https:\/\/www.helloskola.cz\/gymnazium\/pro-studenty\/predmety-a-informace\/humanitarni-predmety\/\" \/>\n<meta property=\"og:site_name\" content=\"Gymn\u00e1zium HELLO\" \/>\n<meta property=\"article:modified_time\" content=\"2026-01-11T20:30:48+00:00\" \/>\n<meta property=\"og:image\" content=\"https:\/\/www.helloskola.cz\/gymnazium\/wp-content\/uploads\/sites\/3\/2022\/10\/IMG_20220914_12112311276-scaled.jpg\" \/>\n\t<meta property=\"og:image:width\" content=\"2510\" \/>\n\t<meta property=\"og:image:height\" content=\"2560\" \/>\n\t<meta property=\"og:image:type\" content=\"image\/jpeg\" \/>\n<meta name=\"twitter:card\" content=\"summary_large_image\" \/>\n<meta name=\"twitter:label1\" content=\"Odhadovan\u00e1 doba \u010dten\u00ed\" \/>\n\t<meta name=\"twitter:data1\" content=\"4 minuty\" \/>\n<script type=\"application\/ld+json\" class=\"yoast-schema-graph\">{\"@context\":\"https:\/\/schema.org\",\"@graph\":[{\"@type\":\"WebPage\",\"@id\":\"https:\/\/www.helloskola.cz\/gymnazium\/pro-studenty\/predmety-a-informace\/humanitarni-predmety\/\",\"url\":\"https:\/\/www.helloskola.cz\/gymnazium\/pro-studenty\/predmety-a-informace\/humanitarni-predmety\/\",\"name\":\"Humanitn\u00ed p\u0159edm\u011bty | Gymn\u00e1zium HELLO\",\"isPartOf\":{\"@id\":\"https:\/\/www.helloskola.cz\/gymnazium\/#website\"},\"primaryImageOfPage\":{\"@id\":\"https:\/\/www.helloskola.cz\/gymnazium\/pro-studenty\/predmety-a-informace\/humanitarni-predmety\/#primaryimage\"},\"image\":{\"@id\":\"https:\/\/www.helloskola.cz\/gymnazium\/pro-studenty\/predmety-a-informace\/humanitarni-predmety\/#primaryimage\"},\"thumbnailUrl\":\"https:\/\/www.helloskola.cz\/gymnazium\/wp-content\/uploads\/sites\/3\/2022\/05\/gympl-fallback.png\",\"datePublished\":\"2022-03-12T19:06:15+00:00\",\"dateModified\":\"2026-01-11T20:30:48+00:00\",\"breadcrumb\":{\"@id\":\"https:\/\/www.helloskola.cz\/gymnazium\/pro-studenty\/predmety-a-informace\/humanitarni-predmety\/#breadcrumb\"},\"inLanguage\":\"cs\",\"potentialAction\":[{\"@type\":\"ReadAction\",\"target\":[\"https:\/\/www.helloskola.cz\/gymnazium\/pro-studenty\/predmety-a-informace\/humanitarni-predmety\/\"]}]},{\"@type\":\"ImageObject\",\"inLanguage\":\"cs\",\"@id\":\"https:\/\/www.helloskola.cz\/gymnazium\/pro-studenty\/predmety-a-informace\/humanitarni-predmety\/#primaryimage\",\"url\":\"https:\/\/www.helloskola.cz\/gymnazium\/wp-content\/uploads\/sites\/3\/2022\/05\/gympl-fallback.png\",\"contentUrl\":\"https:\/\/www.helloskola.cz\/gymnazium\/wp-content\/uploads\/sites\/3\/2022\/05\/gympl-fallback.png\",\"width\":933,\"height\":700},{\"@type\":\"BreadcrumbList\",\"@id\":\"https:\/\/www.helloskola.cz\/gymnazium\/pro-studenty\/predmety-a-informace\/humanitarni-predmety\/#breadcrumb\",\"itemListElement\":[{\"@type\":\"ListItem\",\"position\":1,\"name\":\"\u00davod\",\"item\":\"https:\/\/www.helloskola.cz\/gymnazium\/\"},{\"@type\":\"ListItem\",\"position\":2,\"name\":\"Pro studenty\",\"item\":\"https:\/\/www.helloskola.cz\/gymnazium\/pro-studenty\/\"},{\"@type\":\"ListItem\",\"position\":3,\"name\":\"P\u0159edm\u011bty a informace\",\"item\":\"https:\/\/www.helloskola.cz\/gymnazium\/pro-studenty\/predmety-a-informace\/\"},{\"@type\":\"ListItem\",\"position\":4,\"name\":\"Humanitn\u00ed p\u0159edm\u011bty\"}]},{\"@type\":\"WebSite\",\"@id\":\"https:\/\/www.helloskola.cz\/gymnazium\/#website\",\"url\":\"https:\/\/www.helloskola.cz\/gymnazium\/\",\"name\":\"Gymn\u00e1zium HELLO\",\"description\":\"St\u0159edn\u00ed \u0161kola s pos\u00edlenou v\u00fdukou ciz\u00edch jazyk\u016f\",\"publisher\":{\"@id\":\"https:\/\/www.helloskola.cz\/gymnazium\/#organization\"},\"potentialAction\":[{\"@type\":\"SearchAction\",\"target\":{\"@type\":\"EntryPoint\",\"urlTemplate\":\"https:\/\/www.helloskola.cz\/gymnazium\/?s={search_term_string}\"},\"query-input\":{\"@type\":\"PropertyValueSpecification\",\"valueRequired\":true,\"valueName\":\"search_term_string\"}}],\"inLanguage\":\"cs\"},{\"@type\":\"Organization\",\"@id\":\"https:\/\/www.helloskola.cz\/gymnazium\/#organization\",\"name\":\"Gymn\u00e1zium Hello\",\"url\":\"https:\/\/www.helloskola.cz\/gymnazium\/\",\"logo\":{\"@type\":\"ImageObject\",\"inLanguage\":\"cs\",\"@id\":\"https:\/\/www.helloskola.cz\/gymnazium\/#\/schema\/logo\/image\/\",\"url\":\"https:\/\/www.helloskola.cz\/gymnazium\/wp-content\/uploads\/sites\/3\/2022\/02\/hello_gy_cmyk-1.svg\",\"contentUrl\":\"https:\/\/www.helloskola.cz\/gymnazium\/wp-content\/uploads\/sites\/3\/2022\/02\/hello_gy_cmyk-1.svg\",\"width\":100,\"height\":100,\"caption\":\"Gymn\u00e1zium Hello\"},\"image\":{\"@id\":\"https:\/\/www.helloskola.cz\/gymnazium\/#\/schema\/logo\/image\/\"}}]}<\/script>\n<!-- \/ Yoast SEO plugin. -->","yoast_head_json":{"title":"Humanitn\u00ed p\u0159edm\u011bty | Gymn\u00e1zium HELLO","robots":{"index":"index","follow":"follow","max-snippet":"max-snippet:-1","max-image-preview":"max-image-preview:large","max-video-preview":"max-video-preview:-1"},"canonical":"https:\/\/www.helloskola.cz\/gymnazium\/pro-studenty\/predmety-a-informace\/humanitarni-predmety\/","og_locale":"cs_CZ","og_type":"article","og_title":"Humanitn\u00ed p\u0159edm\u011bty | Gymn\u00e1zium HELLO","og_description":"U\u010ditel\u00e9 humanitn\u00edch p\u0159edm\u011bt\u016f Mgr. Gabriela Jur\u00e1nkov\u00e1 &#8211; vedouc\u00ed PK humanitn\u00ed Mgr. Kl\u00e1ra Kantorov\u00e1, Mgr. Jana Pavli\u0161t\u00edkov\u00e1, Mgr. Tereza Nedava\u0161kov\u00e1, Mgr. Daniel Honka, Mgr. Zora Jel\u00ednkov\u00e1, Mgr. Tereza Palov\u00e1, Mgr. Michaela Zemanov\u00e1, Bc. Tereza Wolgemuth Drnovsk\u00e1. Sv\u011bt v&nbsp;souvislostech Je nov\u00fd p\u0159edm\u011bt pro maturanty, kter\u00fd spojuje dosavadn\u00ed humanitn\u00ed znalosti a&nbsp;d\u00e1v\u00e1 je do aktu\u00e1ln\u00edho kontextu. Jedn\u00edm z v\u00fdstup\u016f [&hellip;]","og_url":"https:\/\/www.helloskola.cz\/gymnazium\/pro-studenty\/predmety-a-informace\/humanitarni-predmety\/","og_site_name":"Gymn\u00e1zium HELLO","article_modified_time":"2026-01-11T20:30:48+00:00","og_image":[{"width":2510,"height":2560,"url":"https:\/\/www.helloskola.cz\/gymnazium\/wp-content\/uploads\/sites\/3\/2022\/10\/IMG_20220914_12112311276-scaled.jpg","type":"image\/jpeg"}],"twitter_card":"summary_large_image","twitter_misc":{"Odhadovan\u00e1 doba \u010dten\u00ed":"4 minuty"},"schema":{"@context":"https:\/\/schema.org","@graph":[{"@type":"WebPage","@id":"https:\/\/www.helloskola.cz\/gymnazium\/pro-studenty\/predmety-a-informace\/humanitarni-predmety\/","url":"https:\/\/www.helloskola.cz\/gymnazium\/pro-studenty\/predmety-a-informace\/humanitarni-predmety\/","name":"Humanitn\u00ed p\u0159edm\u011bty | Gymn\u00e1zium HELLO","isPartOf":{"@id":"https:\/\/www.helloskola.cz\/gymnazium\/#website"},"primaryImageOfPage":{"@id":"https:\/\/www.helloskola.cz\/gymnazium\/pro-studenty\/predmety-a-informace\/humanitarni-predmety\/#primaryimage"},"image":{"@id":"https:\/\/www.helloskola.cz\/gymnazium\/pro-studenty\/predmety-a-informace\/humanitarni-predmety\/#primaryimage"},"thumbnailUrl":"https:\/\/www.helloskola.cz\/gymnazium\/wp-content\/uploads\/sites\/3\/2022\/05\/gympl-fallback.png","datePublished":"2022-03-12T19:06:15+00:00","dateModified":"2026-01-11T20:30:48+00:00","breadcrumb":{"@id":"https:\/\/www.helloskola.cz\/gymnazium\/pro-studenty\/predmety-a-informace\/humanitarni-predmety\/#breadcrumb"},"inLanguage":"cs","potentialAction":[{"@type":"ReadAction","target":["https:\/\/www.helloskola.cz\/gymnazium\/pro-studenty\/predmety-a-informace\/humanitarni-predmety\/"]}]},{"@type":"ImageObject","inLanguage":"cs","@id":"https:\/\/www.helloskola.cz\/gymnazium\/pro-studenty\/predmety-a-informace\/humanitarni-predmety\/#primaryimage","url":"https:\/\/www.helloskola.cz\/gymnazium\/wp-content\/uploads\/sites\/3\/2022\/05\/gympl-fallback.png","contentUrl":"https:\/\/www.helloskola.cz\/gymnazium\/wp-content\/uploads\/sites\/3\/2022\/05\/gympl-fallback.png","width":933,"height":700},{"@type":"BreadcrumbList","@id":"https:\/\/www.helloskola.cz\/gymnazium\/pro-studenty\/predmety-a-informace\/humanitarni-predmety\/#breadcrumb","itemListElement":[{"@type":"ListItem","position":1,"name":"\u00davod","item":"https:\/\/www.helloskola.cz\/gymnazium\/"},{"@type":"ListItem","position":2,"name":"Pro studenty","item":"https:\/\/www.helloskola.cz\/gymnazium\/pro-studenty\/"},{"@type":"ListItem","position":3,"name":"P\u0159edm\u011bty a informace","item":"https:\/\/www.helloskola.cz\/gymnazium\/pro-studenty\/predmety-a-informace\/"},{"@type":"ListItem","position":4,"name":"Humanitn\u00ed p\u0159edm\u011bty"}]},{"@type":"WebSite","@id":"https:\/\/www.helloskola.cz\/gymnazium\/#website","url":"https:\/\/www.helloskola.cz\/gymnazium\/","name":"Gymn\u00e1zium HELLO","description":"St\u0159edn\u00ed \u0161kola s pos\u00edlenou v\u00fdukou ciz\u00edch jazyk\u016f","publisher":{"@id":"https:\/\/www.helloskola.cz\/gymnazium\/#organization"},"potentialAction":[{"@type":"SearchAction","target":{"@type":"EntryPoint","urlTemplate":"https:\/\/www.helloskola.cz\/gymnazium\/?s={search_term_string}"},"query-input":{"@type":"PropertyValueSpecification","valueRequired":true,"valueName":"search_term_string"}}],"inLanguage":"cs"},{"@type":"Organization","@id":"https:\/\/www.helloskola.cz\/gymnazium\/#organization","name":"Gymn\u00e1zium Hello","url":"https:\/\/www.helloskola.cz\/gymnazium\/","logo":{"@type":"ImageObject","inLanguage":"cs","@id":"https:\/\/www.helloskola.cz\/gymnazium\/#\/schema\/logo\/image\/","url":"https:\/\/www.helloskola.cz\/gymnazium\/wp-content\/uploads\/sites\/3\/2022\/02\/hello_gy_cmyk-1.svg","contentUrl":"https:\/\/www.helloskola.cz\/gymnazium\/wp-content\/uploads\/sites\/3\/2022\/02\/hello_gy_cmyk-1.svg","width":100,"height":100,"caption":"Gymn\u00e1zium Hello"},"image":{"@id":"https:\/\/www.helloskola.cz\/gymnazium\/#\/schema\/logo\/image\/"}}]}},"_links":{"self":[{"href":"https:\/\/www.helloskola.cz\/gymnazium\/wp-json\/wp\/v2\/pages\/1035","targetHints":{"allow":["GET"]}}],"collection":[{"href":"https:\/\/www.helloskola.cz\/gymnazium\/wp-json\/wp\/v2\/pages"}],"about":[{"href":"https:\/\/www.helloskola.cz\/gymnazium\/wp-json\/wp\/v2\/types\/page"}],"author":[{"embeddable":true,"href":"https:\/\/www.helloskola.cz\/gymnazium\/wp-json\/wp\/v2\/users\/1"}],"replies":[{"embeddable":true,"href":"https:\/\/www.helloskola.cz\/gymnazium\/wp-json\/wp\/v2\/comments?post=1035"}],"version-history":[{"count":12,"href":"https:\/\/www.helloskola.cz\/gymnazium\/wp-json\/wp\/v2\/pages\/1035\/revisions"}],"predecessor-version":[{"id":5691,"href":"https:\/\/www.helloskola.cz\/gymnazium\/wp-json\/wp\/v2\/pages\/1035\/revisions\/5691"}],"up":[{"embeddable":true,"href":"https:\/\/www.helloskola.cz\/gymnazium\/wp-json\/wp\/v2\/pages\/987"}],"wp:featuredmedia":[{"embeddable":true,"href":"https:\/\/www.helloskola.cz\/gymnazium\/wp-json\/wp\/v2\/media\/1779"}],"wp:attachment":[{"href":"https:\/\/www.helloskola.cz\/gymnazium\/wp-json\/wp\/v2\/media?parent=1035"}],"curies":[{"name":"wp","href":"https:\/\/api.w.org\/{rel}","templated":true}]}}